{"id":51149,"date":"2021-03-19T08:30:31","date_gmt":"2021-03-19T12:30:31","guid":{"rendered":"https:\/\/www.ixiasoft.com\/ixiasoft-ccms\/presentation-de-dita-ccms\/"},"modified":"2023-09-29T12:02:25","modified_gmt":"2023-09-29T16:02:25","slug":"presentation-de-dita-ccms","status":"publish","type":"page","link":"https:\/\/www.ixiasoft.com\/fr\/produits-et-services\/presentation-de-dita-ccms\/","title":{"rendered":"Pr\u00e9sentation de DITA CCMS"},"content":{"rendered":"\n<div class=\"wp-block-cover alignfull is-light is-position-center-center is-style-hero-no-image\"><span aria-hidden=\"true\" class=\"wp-block-cover__background has-theme-white-background-color has-background-dim-100 has-background-dim\"><\/span><div class=\"wp-block-cover__inner-container is-layout-flow wp-block-cover-is-layout-flow\">\n<p class=\"has-text-align-center is-style-subheading has-theme-secondary-dark-color has-text-color\"><span class=\"is-style-all-caps\">Produits et services<\/span><\/p>\n\n\n\n<h1 class=\"wp-block-heading has-text-align-center is-style-heading-style-primary has-theme-dark-color has-text-color\">Pr\u00e9sentation du CCMS<\/h1>\n\n\n\n<p class=\"has-text-align-center is-style-mb-0 has-theme-dark-color has-text-color has-medium-font-size\"><span class=\"is-style-font-weight-light\">Cr\u00e9ez du contenu personnalis\u00e9 et distribuez-le \u00e0 vos clients o\u00f9 et quand ils le souhaitent avec DITA CCMS.<\/span><\/p>\n<\/div><\/div>\n\n\n\n<div class=\"wp-block-cover alignfull is-light\" style=\"min-height:515px;aspect-ratio:unset;\"><span aria-hidden=\"true\" class=\"wp-block-cover__background has-background-dim-0 has-background-dim\"><\/span><img loading=\"lazy\" decoding=\"async\" width=\"2560\" height=\"1706\" class=\"wp-block-cover__image-background wp-image-59941\" alt=\"\" src=\"https:\/\/www.ixiasoft.com\/wp-content\/uploads\/2023\/03\/2023-OverviewPhotoNewMiniDashboard-scaled.jpg\" style=\"object-position:0% 0%\" data-object-fit=\"cover\" data-object-position=\"0% 0%\" srcset=\"https:\/\/www.ixiasoft.com\/wp-content\/uploads\/2023\/03\/2023-OverviewPhotoNewMiniDashboard-scaled.jpg 2560w, https:\/\/www.ixiasoft.com\/wp-content\/uploads\/2023\/03\/2023-OverviewPhotoNewMiniDashboard-300x200.jpg 300w, https:\/\/www.ixiasoft.com\/wp-content\/uploads\/2023\/03\/2023-OverviewPhotoNewMiniDashboard-1024x682.jpg 1024w, https:\/\/www.ixiasoft.com\/wp-content\/uploads\/2023\/03\/2023-OverviewPhotoNewMiniDashboard-768x512.jpg 768w, https:\/\/www.ixiasoft.com\/wp-content\/uploads\/2023\/03\/2023-OverviewPhotoNewMiniDashboard-1536x1023.jpg 1536w, https:\/\/www.ixiasoft.com\/wp-content\/uploads\/2023\/03\/2023-OverviewPhotoNewMiniDashboard-2048x1365.jpg 2048w, https:\/\/www.ixiasoft.com\/wp-content\/uploads\/2023\/03\/2023-OverviewPhotoNewMiniDashboard-500x333.jpg 500w, https:\/\/www.ixiasoft.com\/wp-content\/uploads\/2023\/03\/2023-OverviewPhotoNewMiniDashboard-1200x800.jpg 1200w\" sizes=\"auto, (max-width: 2560px) 100vw, 2560px\" \/><div class=\"wp-block-cover__inner-container is-layout-flow wp-block-cover-is-layout-flow\">\n<div class=\"wp-block-columns alignwide is-style-mobile-stack-sm is-layout-flex wp-container-core-columns-is-layout-9d6595d7 wp-block-columns-is-layout-flex\">\n<div class=\"wp-block-column is-layout-flow wp-block-column-is-layout-flow\"><\/div>\n\n\n\n<div class=\"wp-block-column is-layout-flow wp-block-column-is-layout-flow\">\n<div class=\"wp-block-group is-style-fade-in has-theme-dark-color has-theme-white-background-color has-text-color has-background\"><div class=\"wp-block-group__inner-container is-layout-flow wp-block-group-is-layout-flow\">\n<p class=\"has-intro-font-size\"><span class=\"is-style-font-weight-light\">IXIA CCMS est une solution de gestion de contenu par composants, con\u00e7ue pour rationaliser votre processus de communication technique. V\u00e9ritable syst\u00e8me professionnel bas\u00e9 sur la norme DITA, notre solution DITA CCMS peut \u00eatre adapt\u00e9e pour r\u00e9pondre \u00e0 vos besoins. Nous proposons des options de d\u00e9ploiement SaaS d\u00e9di\u00e9 et de d\u00e9ploiement sur site.<\/span><\/p>\n<\/div><\/div>\n<\/div>\n<\/div>\n<\/div><\/div>\n\n\n\n<div class=\"wp-block-group alignfull has-theme-white-background-color has-background\"><div class=\"wp-block-group__inner-container is-layout-flow wp-block-group-is-layout-flow\">\n<p class=\"has-text-align-center has-body-larger-font-size\">Nous avons d\u00e9velopp\u00e9 les fonctionnalit\u00e9s d\u2019IXIA CCMS en pensant \u00e0 vous.<\/p>\n\n\n\n<h2 class=\"wp-block-heading has-text-align-center is-style-heading-style-1\">Quel est votre r\u00f4le&nbsp;?<\/h2>\n\n\n\n<div class=\"wp-block-columns is-layout-flex wp-container-core-columns-is-layout-9d6595d7 wp-block-columns-is-layout-flex\">\n<div class=\"wp-block-column is-vertically-aligned-top is-layout-flow wp-block-column-is-layout-flow\">\n<div class=\"wp-block-cgb-icon-button aligncenter undefined is-style-icon-lg has-lochinvar-color\"><a class=\"icon-button\" href=\"\/fr\/product-services\/ccms-roles\/technical-writer-oxygen-xml-editor\/\" target=\"_self\" rel=\"noopener noreferrer\"><i class=\"fa fas\"><span class=\"sr-only\">Author<\/span>\uf040<\/i>Author<\/a><\/div>\n\n\n\n<p class=\"has-text-align-center\"><a href=\"https:\/\/www.ixiasoft.com\/product-services\/ixiasoft-ccms\/dita-ccms-overview\/ccms-role\/technical-writer-oxygen-xml-editor\/\"><\/a><a href=\"https:\/\/www.ixiasoft.com\/fr\/product-services\/ccms-roles\/redaction\/\" data-type=\"dita-ccms-overview\" data-id=\"4956\" class=\"rank-math-link\">Author with the power of a DITA CCMS.<\/a><\/p>\n\n\n\n<p class=\"has-text-align-center\">Fonctionnalit\u00e9s avanc\u00e9es de r\u00e9daction \u2013 Contenu de qualit\u00e9 \u2013 Outils professionnels \u2013 Documents Agile \u2013 Cr\u00e9ation DITA<\/p>\n<\/div>\n\n\n\n<div class=\"wp-block-column is-vertically-aligned-top is-layout-flow wp-block-column-is-layout-flow\">\n<div class=\"wp-block-cgb-icon-button aligncenter undefined is-style-icon-lg has-purple-color\"><a class=\"icon-button\" href=\"\/fr\/product-services\/ccms-roles\/contributor\/\" target=\"_self\" rel=\"noopener noreferrer\"><i class=\"fa fas\"><span class=\"sr-only\">Contributor<\/span>\uf15c<\/i>Contributor<\/a><\/div>\n\n\n\n<p class=\"has-text-align-center\"><a href=\"\/?p=16420\"><\/a><a href=\"https:\/\/www.ixiasoft.com\/product-services\/ixiasoft-ccms\/dita-ccms-overview\/ccms-role\/contributor\/\"><\/a><a href=\"https:\/\/www.ixiasoft.com\/fr\/product-services\/ccms-roles\/contributeur\/\" data-type=\"dita-ccms-overview\" data-id=\"4967\" class=\"rank-math-link\">Create content with ease.<\/a><\/p>\n\n\n\n<p class=\"has-text-align-center\">Simple \u00e0 utiliser par les utilisateurs n&rsquo;ayant pas d&rsquo;exp\u00e9rience de DITA \u2013 Cr\u00e9er du contenu dans un \u00e9diteur de type Word \u2013 Guides utilisateurs utiles \u2013 Cr\u00e9er des mod\u00e8les personnalis\u00e9s<\/p>\n<\/div>\n\n\n\n<div class=\"wp-block-column is-vertically-aligned-top is-layout-flow wp-block-column-is-layout-flow\">\n<div class=\"wp-block-cgb-icon-button aligncenter undefined is-style-icon-lg has-theme-secondary-light-color\"><a class=\"icon-button\" href=\"\/fr\/product-services\/ccms-roles\/reviewer\/\" target=\"_self\" rel=\"noopener noreferrer\"><i class=\"fa fas\"><span class=\"sr-only\">Reviewer<\/span>\uf06e<\/i>REVIEWER<\/a><\/div>\n\n\n\n<p class=\"has-text-align-center\"><a href=\"\/?p=16420\"><\/a><a href=\"\/?p=44253\"><\/a><a href=\"https:\/\/www.ixiasoft.com\/product-services\/ixiasoft-ccms\/dita-ccms-overview\/ccms-role\/reviewer\/\"><\/a><a href=\"https:\/\/www.ixiasoft.com\/fr\/product-services\/ccms-roles\/reviseur\/\" data-type=\"dita-ccms-overview\" data-id=\"4968\" class=\"rank-math-link\">Give your content the love it deserves.<\/a><\/p>\n\n\n\n<p class=\"has-text-align-center\">IU intuitive \u2013 Acc\u00e9l\u00e8re la r\u00e9vision du contenu \u2013 Int\u00e9gr\u00e9 au processus de documentation \u2013 Accessible sur n&rsquo;importe quel appareil<\/p>\n<\/div>\n\n\n\n<div class=\"wp-block-column is-vertically-aligned-top is-layout-flow wp-block-column-is-layout-flow\">\n<div class=\"wp-block-cgb-icon-button aligncenter undefined is-style-icon-lg has-picton-blue-color\"><a class=\"icon-button\" href=\"\/fr\/product-services\/ccms-roles\/information-architect\/\" target=\"_self\" rel=\"noopener noreferrer\"><i class=\"fa fas\"><span class=\"sr-only\">Information Architect<\/span>\uf0e8<\/i>INFORMATION ARCHITECT<\/a><\/div>\n\n\n\n<p class=\"has-text-align-center\"><a href=\"https:\/\/www.ixiasoft.com\/product-services\/ixiasoft-ccms\/dita-ccms-overview\/ccms-role\/information-architect\/\"><\/a><a href=\"https:\/\/www.ixiasoft.com\/fr\/product-services\/ccms-roles\/architecte-de-linformation\/\" data-type=\"dita-ccms-overview\" data-id=\"4989\" class=\"rank-math-link\">Improve documentation processes and results<\/a><\/p>\n\n\n\n<p class=\"has-text-align-center\">Contenu de qualit\u00e9 &#8211; Mod\u00e9lisation de projet &#8211; Processus flexibles &#8211; Gestion dynamique des versions<\/p>\n<\/div>\n<\/div>\n\n\n\n<div class=\"wp-block-columns are-vertically-aligned-top is-style-default is-layout-flex wp-container-core-columns-is-layout-9d6595d7 wp-block-columns-is-layout-flex\">\n<div class=\"wp-block-column is-vertically-aligned-top is-layout-flow wp-block-column-is-layout-flow\">\n<div class=\"wp-block-cgb-icon-button aligncenter undefined is-style-icon-lg has-eucalyptus-color\"><a class=\"icon-button\" href=\"\/fr\/product-services\/ccms-roles\/localization-strategy-ccms\/\" target=\"_self\" rel=\"noopener noreferrer\"><i class=\"fa far\"><span class=\"sr-only\">Localization Manager<\/span>\uf1ab<\/i>Localization Manager<\/a><\/div>\n\n\n\n<p class=\"has-text-align-center\"><a href=\"\/?p=16420\"><\/a><a href=\"https:\/\/www.ixiasoft.com\/product-services\/ixiasoft-ccms\/dita-ccms-overview\/ccms-role\/localization-strategy-ccms\/\"><\/a><a href=\"https:\/\/www.ixiasoft.com\/fr\/product-services\/ccms-roles\/responsable-de-localisation\/\" data-type=\"dita-ccms-overview\" data-id=\"4990\" class=\"rank-math-link\">Control localization costs.<\/a><\/p>\n\n\n\n<p class=\"has-text-align-center\">Traduction \u00e9conomique &#8211; Localisation simple &#8211; Publication simultan\u00e9e de documents<\/p>\n<\/div>\n\n\n\n<div class=\"wp-block-column is-vertically-aligned-top is-layout-flow wp-block-column-is-layout-flow\">\n<div class=\"wp-block-cgb-icon-button aligncenter undefined is-style-icon-lg has-regal-blue-color\"><a class=\"icon-button\" href=\"\/fr\/product-services\/ccms-roles\/dynamic-publishing-software-product-manager\/\" target=\"_self\" rel=\"noopener noreferrer\"><i class=\"fa fas\"><span class=\"sr-only\">Product Manager<\/span>\uf0b1<\/i>Product Manager<\/a><\/div>\n\n\n\n<p class=\"has-text-align-center\"><a href=\"\/?p=16420\"><\/a><a href=\"\/?p=44253\"><\/a><a href=\"https:\/\/www.ixiasoft.com\/product-services\/ixiasoft-ccms\/dita-ccms-overview\/ccms-role\/dynamic-publishing-software-product-manager\/\"><\/a><a href=\"https:\/\/www.ixiasoft.com\/fr\/product-services\/ccms-roles\/chef-de-produit\/\" data-type=\"dita-ccms-overview\" data-id=\"4991\" class=\"rank-math-link\">Deliver dynamic content.<\/a><\/p>\n\n\n\n<p class=\"has-text-align-center\">Publication dynamique \u2013 Documentation efficace \u2013 PDF personnalisables<\/p>\n<\/div>\n\n\n\n<div class=\"wp-block-column is-vertically-aligned-top is-layout-flow wp-block-column-is-layout-flow\">\n<div class=\"wp-block-cgb-icon-button aligncenter undefined is-style-icon-lg has-trinidad-color\"><a class=\"icon-button\" href=\"\/fr\/product-services\/ccms-roles\/system-administrator\/\" target=\"_self\" rel=\"noopener noreferrer\"><i class=\"fa fas\"><span class=\"sr-only\">System Administrator<\/span>\uf085<\/i>System Administrator<\/a><\/div>\n\n\n\n<p class=\"has-text-align-center\"><a href=\"\/?p=16420\"><\/a><a href=\"\/?p=44253\"><\/a><a href=\"\/?p=44256\"><\/a><a href=\"https:\/\/www.ixiasoft.com\/product-services\/ixiasoft-ccms\/dita-ccms-overview\/ccms-role\/system-administrator\/\"><\/a><a href=\"https:\/\/www.ixiasoft.com\/fr\/product-services\/ccms-roles\/administrateur-systeme\/\" data-type=\"dita-ccms-overview\" data-id=\"4992\" class=\"rank-math-link\">Increase workplace efficiency.<\/a><\/p>\n\n\n\n<p class=\"has-text-align-center\">Droits d&rsquo;acc\u00e8s \u2013 Syst\u00e8me DITA CCMS professionnel et robuste \u2013 API REST &#8211; Configurable et \u00e9volutif<\/p>\n<\/div>\n<\/div>\n\n\n\n<p><\/p>\n<\/div><\/div>\n\n\n\n<div class=\"wp-block-group alignfull has-theme-light-background-color has-background\"><div class=\"wp-block-group__inner-container is-layout-flow wp-block-group-is-layout-flow\">\n<h2 class=\"wp-block-heading has-text-align-center is-style-heading-style-1\">Avantages<\/h2>\n\n\n\n<p class=\"has-text-align-center is-style-default mb-5 has-para-lead-font-size\">IXIA CCMS is a&nbsp;<u><a href=\"https:\/\/www.ixiasoft.com\/why-ixiasoft\/world-leading-ccms\/positioning\/\"><\/a><a class=\"rank-math-link\" href=\"https:\/\/www.ixiasoft.com\/fr\/pourquoi-ixiasoft\/positionnement\/\" data-type=\"page\" data-id=\"4882\">world-leading<\/a><\/u>&nbsp;XML documentation solution for you and your customers.<\/p>\n\n\n\n<div class=\"wp-block-columns is-layout-flex wp-container-core-columns-is-layout-9d6595d7 wp-block-columns-is-layout-flex\">\n<div class=\"wp-block-column is-layout-flow wp-block-column-is-layout-flow\">\n<h3 class=\"wp-block-heading has-text-align-center has-body-larger-font-size\">R\u00e9pondre aux attentes des clients<\/h3>\n\n\n\n<p class=\"has-text-align-center\">Distribuez du contenu personnalis\u00e9 et de qualit\u00e9 \u00e0 vos clients dans n&rsquo;importe quelle langue et sur n\u2019importe quel appareil avec DITA CCMS.  Gr\u00e2ce \u00e0 la fonctionnalit\u00e9 de gestion des versions d\u2019IXIA CCMS, votre organisation prend en charge plusieurs plannings de publication et le d\u00e9veloppement de contenu en parall\u00e8le.<\/p>\n<\/div>\n\n\n\n<div class=\"wp-block-column is-layout-flow wp-block-column-is-layout-flow\">\n<h3 class=\"wp-block-heading has-text-align-center has-body-larger-font-size\">Mise sur le march\u00e9 plus rapide<\/h3>\n\n\n\n<p class=\"has-text-align-center\">Increase your organization\u2019s competitive edge by simplifying the management of multiple product releases. You\u2019ll eliminate setbacks and accelerate your time-to-market. Join a community of leaders with IXIA CCMS.<\/p>\n<\/div>\n\n\n\n<div class=\"wp-block-column is-layout-flow wp-block-column-is-layout-flow\">\n<h3 class=\"wp-block-heading has-text-align-center has-body-larger-font-size\">Collaboration transversale<\/h3>\n\n\n\n<p class=\"has-text-align-center\">IXIA CCMS facilite le travail en \u00e9quipe. L\u2019utilisation d\u2019une m\u00eame plateforme par l\u2019ensemble des membres de l\u2019\u00e9quipe&nbsp;\u2013 r\u00e9dacteurs, r\u00e9viseurs, experts m\u00e9tier et responsables de localisation&nbsp;\u2013 facilite la collaboration et l&rsquo;\u00e9laboration du contenu technique.<\/p>\n<\/div>\n\n\n\n<div class=\"wp-block-column is-layout-flow wp-block-column-is-layout-flow\">\n<h3 class=\"wp-block-heading has-text-align-center has-body-larger-font-size\">\u00c9volutivit\u00e9 illimit\u00e9e<\/h3>\n\n\n\n<p class=\"has-text-align-center\">&nbsp;Votre entreprise peut compter sur la souplesse \u00e0 long terme de notre solution de documentation XML, quelle que soit l&rsquo;\u00e9volution de vos besoins en documentation. Nous somme fi\u00e8re de travailler sur le terrain avec des leaders de l\u2019industrie, dont la majorit\u00e9 d\u00e9passe 1&nbsp;milliard de dollars de chiffre d&rsquo;affaires annuel.<\/p>\n<\/div>\n<\/div>\n\n\n\n<hr class=\"wp-block-separator has-css-opacity is-style-wide\"\/>\n\n\n\n<div class=\"wp-block-columns is-style-align-stretch is-layout-flex wp-container-core-columns-is-layout-9d6595d7 wp-block-columns-is-layout-flex\">\n<div class=\"wp-block-column is-layout-flow wp-block-column-is-layout-flow\">\n<div class=\"wp-block-cgb-card undefined card wp-block-group is-style-p-0 has-theme-white-background-color has-background\">\n<div class=\"wp-block-cgb-card-body undefined card-body\">\n<h2 class=\"wp-block-heading has-text-align-center card-title has-theme-dark-color has-text-color has-body-larger-font-size\">Prix<\/h2>\n\n\n\n<p class=\"has-text-align-center card-text\">Que vous ayez 5 ou 5&nbsp;000&nbsp;utilisateurs, nous avons la solution qu\u2019il vous faut&nbsp;!<\/p>\n<\/div>\n\n\n\n\n<div class=\"wp-block-buttons card-footer is-layout-flex wp-block-buttons-is-layout-flex\">\n<div class=\"wp-block-button aligncenter\"><a class=\"wp-block-button__link has-theme-white-color has-theme-secondary-background-color has-text-color has-background no-border-radius wp-element-button\" href=\"https:\/\/www.ixiasoft.com\/fr\/produits-et-services\/tarifs\/\">EN SAVOIR PLUS<\/a><\/div>\n<\/div>\n\n<\/div>\n<\/div>\n\n\n\n<div class=\"wp-block-column is-layout-flow wp-block-column-is-layout-flow\">\n<div class=\"wp-block-cgb-card undefined card wp-block-group is-style-p-0 has-theme-white-background-color has-background\">\n<div class=\"wp-block-cgb-card-body undefined card-body\">\n<h2 class=\"wp-block-heading has-text-align-center card-title has-theme-dark-color has-text-color has-body-larger-font-size\">Nouveaut\u00e9s<\/h2>\n\n\n\n<p class=\"has-text-align-center card-text\">Restez \u00e0 l&rsquo;\u00e9coute&nbsp;! Consultez nos derni\u00e8res actualit\u00e9s.<\/p>\n<\/div>\n\n\n\n\n<div class=\"wp-block-buttons card-footer is-layout-flex wp-block-buttons-is-layout-flex\">\n<div class=\"wp-block-button aligncenter\"><a class=\"wp-block-button__link has-theme-white-color has-theme-secondary-background-color has-text-color has-background no-border-radius wp-element-button\" href=\"https:\/\/www.ixiasoft.com\/fr\/apprentissage-et-support\/documentation-guide\/\">EXPLORER<\/a><\/div>\n<\/div>\n\n<\/div>\n<\/div>\n\n\n\n<div class=\"wp-block-column is-layout-flow wp-block-column-is-layout-flow\">\n<div class=\"wp-block-cgb-card undefined card wp-block-group is-style-p-0 has-theme-white-background-color has-background\">\n<div class=\"wp-block-cgb-card-body undefined card-body\">\n<h2 class=\"wp-block-heading has-text-align-center card-title has-theme-dark-color has-text-color has-body-larger-font-size\">Modules compl\u00e9mentaires<\/h2>\n\n\n\n<p class=\"has-text-align-center card-text\">Personnalisez votre CCMS avec nos modules compl\u00e9mentaires exclusifs.<\/p>\n<\/div>\n\n\n\n\n<div class=\"wp-block-buttons card-footer is-layout-flex wp-block-buttons-is-layout-flex\">\n<div class=\"wp-block-button aligncenter\"><a class=\"wp-block-button__link has-theme-white-color has-theme-secondary-background-color has-text-color has-background no-border-radius wp-element-button\" href=\"https:\/\/www.ixiasoft.com\/fr\/produits-et-services\/modules-complementaires-dita-ccms\/\"><span class=\"is-style-all-caps\">D\u00e9couvrir<\/span><\/a><\/div>\n<\/div>\n\n<\/div>\n<\/div>\n<\/div>\n\n\n\n<p><\/p>\n<\/div><\/div>\n\n\n\n<div class=\"wp-block-group alignfull py-0 is-style-cta-group has-theme-white-color has-theme-primary-light-background-color has-text-color has-background\"><div class=\"wp-block-group__inner-container is-layout-flow wp-block-group-is-layout-flow\">\n<div class=\"wp-block-columns are-vertically-aligned-center is-style-mb-0 is-layout-flex wp-container-core-columns-is-layout-9d6595d7 wp-block-columns-is-layout-flex\">\n<div class=\"wp-block-column is-vertically-aligned-center is-layout-flow wp-block-column-is-layout-flow\" style=\"flex-basis:66.66%\">\n<p class=\"has-text-align-left mb-0\">Looking for something else? <br>Visit our Add-ons page to learn more about IXIA CCMS.<\/p>\n<\/div>\n\n\n\n<div class=\"wp-block-column is-vertically-aligned-center is-layout-flow wp-block-column-is-layout-flow\" style=\"flex-basis:33.33%\">\n<div class=\"wp-block-buttons is-horizontal is-content-justification-right is-layout-flex wp-container-core-buttons-is-layout-ae2fe186 wp-block-buttons-is-layout-flex\">\n<div class=\"wp-block-button is-style-outline is-style-outline--1\"><a class=\"wp-block-button__link has-theme-white-color has-theme-primary-light-background-color has-text-color has-background wp-element-button\" href=\"https:\/\/www.ixiasoft.com\/fr\/produits-et-services\/modules-complementaires-dita-ccms\/\">MODULES COMPL\u00c9MENTAIRES<\/a><\/div>\n<\/div>\n<\/div>\n<\/div>\n<\/div><\/div>\n","protected":false},"excerpt":{"rendered":"<p>Nous avons d\u00e9velopp\u00e9 les fonctionnalit\u00e9s d\u2019IXIA CCMS en pensant \u00e0 vous. Quel est votre r\u00f4le&nbsp;? Author with the power of&#8230;<\/p>\n","protected":false},"author":26,"featured_media":0,"parent":53300,"menu_order":0,"comment_status":"closed","ping_status":"closed","template":"","meta":{"footnotes":""},"class_list":["post-51149","page","type-page","status-publish","hentry"],"mb":[],"featured_image_urls":{"full":"","thumbnail":"","medium":"","medium_large":"","large":"","1536x1536":"","2048x2048":"","ultp_layout_landscape_large":"","ultp_layout_landscape":"","ultp_layout_portrait":"","ultp_layout_square":""},"post_excerpt_stackable":"<p>Produits et services Pr\u00e9sentation du CCMS Cr\u00e9ez du contenu personnalis\u00e9 et distribuez-le \u00e0 vos clients o\u00f9 et quand ils le souhaitent avec DITA CCMS. IXIA CCMS est une solution de gestion de contenu par composants, con\u00e7ue pour rationaliser votre processus de communication technique. V\u00e9ritable syst\u00e8me professionnel bas\u00e9 sur la norme DITA, notre solution DITA CCMS peut \u00eatre adapt\u00e9e pour r\u00e9pondre \u00e0 vos besoins. Nous proposons des options de d\u00e9ploiement SaaS d\u00e9di\u00e9 et de d\u00e9ploiement sur site. Nous avons d\u00e9velopp\u00e9 les fonctionnalit\u00e9s d\u2019IXIA CCMS en pensant \u00e0 vous. Quel est votre r\u00f4le&nbsp;? Author\uf040Author Author with the power of a DITA CCMS.\u2026<\/p>\n","category_list":"","author_info":{"name":"MadCap IT","url":"https:\/\/www.ixiasoft.com\/fr\/author\/madcap_it\/"},"comments_num":"0 commentaire","featured_image_urls_v2":{"full":"","thumbnail":"","medium":"","medium_large":"","large":"","1536x1536":"","2048x2048":"","ultp_layout_landscape_large":"","ultp_layout_landscape":"","ultp_layout_portrait":"","ultp_layout_square":""},"post_excerpt_stackable_v2":"<p>Produits et services Pr\u00e9sentation du CCMS Cr\u00e9ez du contenu personnalis\u00e9 et distribuez-le \u00e0 vos clients o\u00f9 et quand ils le souhaitent avec DITA CCMS. IXIA CCMS est une solution de gestion de contenu par composants, con\u00e7ue pour rationaliser votre processus de communication technique. V\u00e9ritable syst\u00e8me professionnel bas\u00e9 sur la norme DITA, notre solution DITA CCMS peut \u00eatre adapt\u00e9e pour r\u00e9pondre \u00e0 vos besoins. Nous proposons des options de d\u00e9ploiement SaaS d\u00e9di\u00e9 et de d\u00e9ploiement sur site. Nous avons d\u00e9velopp\u00e9 les fonctionnalit\u00e9s d\u2019IXIA CCMS en pensant \u00e0 vous. Quel est votre r\u00f4le&nbsp;? Author\uf040Author Author with the power of a DITA CCMS.\u2026<\/p>\n","category_list_v2":"","author_info_v2":{"name":"MadCap IT","url":"https:\/\/www.ixiasoft.com\/fr\/author\/madcap_it\/"},"comments_num_v2":"0 commentaire","mfb_rest_fields":["title","featured_image_urls","post_excerpt_stackable","category_list","author_info","comments_num","featured_image_urls_v2","post_excerpt_stackable_v2","category_list_v2","author_info_v2","comments_num_v2"],"_links":{"self":[{"href":"https:\/\/www.ixiasoft.com\/fr\/wp-json\/wp\/v2\/pages\/51149","targetHints":{"allow":["GET"]}}],"collection":[{"href":"https:\/\/www.ixiasoft.com\/fr\/wp-json\/wp\/v2\/pages"}],"about":[{"href":"https:\/\/www.ixiasoft.com\/fr\/wp-json\/wp\/v2\/types\/page"}],"author":[{"embeddable":true,"href":"https:\/\/www.ixiasoft.com\/fr\/wp-json\/wp\/v2\/users\/26"}],"replies":[{"embeddable":true,"href":"https:\/\/www.ixiasoft.com\/fr\/wp-json\/wp\/v2\/comments?post=51149"}],"version-history":[{"count":70,"href":"https:\/\/www.ixiasoft.com\/fr\/wp-json\/wp\/v2\/pages\/51149\/revisions"}],"predecessor-version":[{"id":60846,"href":"https:\/\/www.ixiasoft.com\/fr\/wp-json\/wp\/v2\/pages\/51149\/revisions\/60846"}],"up":[{"embeddable":true,"href":"https:\/\/www.ixiasoft.com\/fr\/wp-json\/wp\/v2\/pages\/53300"}],"wp:attachment":[{"href":"https:\/\/www.ixiasoft.com\/fr\/wp-json\/wp\/v2\/media?parent=51149"}],"curies":[{"name":"wp","href":"https:\/\/api.w.org\/{rel}","templated":true}]}}