{"id":51151,"date":"2021-03-19T08:30:33","date_gmt":"2021-03-19T12:30:33","guid":{"rendered":"https:\/\/www.ixiasoft.com\/ixiasoft-ccms\/modules-complementaires-dita-ccms\/"},"modified":"2023-09-29T13:14:34","modified_gmt":"2023-09-29T17:14:34","slug":"modules-complementaires-dita-ccms","status":"publish","type":"page","link":"https:\/\/www.ixiasoft.com\/fr\/produits-et-services\/modules-complementaires-dita-ccms\/","title":{"rendered":"Modules compl\u00e9mentaires DITA CCMS"},"content":{"rendered":"\n<div class=\"wp-block-cover alignfull is-light\"><span aria-hidden=\"true\" class=\"wp-block-cover__background has-background-dim-0 has-background-dim\"><\/span><img loading=\"lazy\" decoding=\"async\" width=\"2048\" height=\"640\" class=\"wp-block-cover__image-background wp-image-1033\" alt=\"\" src=\"https:\/\/www.ixiasoft.com\/wp-content\/uploads\/2020\/11\/add-ons5-1.jpg\" data-object-fit=\"cover\" srcset=\"https:\/\/www.ixiasoft.com\/wp-content\/uploads\/2020\/11\/add-ons5-1.jpg 2048w, https:\/\/www.ixiasoft.com\/wp-content\/uploads\/2020\/11\/add-ons5-1-300x94.jpg 300w, https:\/\/www.ixiasoft.com\/wp-content\/uploads\/2020\/11\/add-ons5-1-1024x320.jpg 1024w, https:\/\/www.ixiasoft.com\/wp-content\/uploads\/2020\/11\/add-ons5-1-768x240.jpg 768w, https:\/\/www.ixiasoft.com\/wp-content\/uploads\/2020\/11\/add-ons5-1-1536x480.jpg 1536w\" sizes=\"auto, (max-width: 2048px) 100vw, 2048px\" \/><div class=\"wp-block-cover__inner-container is-layout-flow wp-block-cover-is-layout-flow\">\n<p class=\"has-text-align-center is-style-subheading has-theme-secondary-dark-color has-text-color\"><span class=\"is-style-all-caps\">Produits et services<\/span><\/p>\n\n\n\n<h1 class=\"wp-block-heading has-text-align-center is-style-heading-style-primary has-theme-black-color has-text-color\">Modules compl\u00e9mentaires<\/h1>\n\n\n\n<p class=\"has-text-align-center is-style-default has-theme-black-color has-text-color has-medium-font-size\"><span class=\"is-style-font-weight-light\">Am\u00e9liorez IXIA CCMS avec les modules compl\u00e9mentaires disponibles dans notre point de vente unique DITA CCMS. Faites votre choix parmi de nombreuses options, notamment l&rsquo;option de gestion dynamique de version, et packs de localisation.<\/span><\/p>\n<\/div><\/div>\n\n\n\n<div class=\"wp-block-group alignfull has-theme-white-background-color has-background\"><div class=\"wp-block-group__inner-container is-layout-flow wp-block-group-is-layout-flow\">\n<p class=\"has-text-align-center\">Enhance your CCMS with top-notch add-ons. Our DITA CCMS add-ons are developed in-house or with our <a href=\"https:\/\/www.ixiasoft.com\/why-ixiasoft\/world-leading-ccms\/our-partners\/\"><\/a><a class=\"rank-math-link\" href=\"https:\/\/www.ixiasoft.com\/fr\/pourquoi-ixiasoft\/nos-partenaires\/\" data-type=\"page\" data-id=\"4840\">partner network<\/a> to offer more ways to streamline your technical communication process. Whether you\u2019re an <a href=\"https:\/\/www.ixiasoft.com\/products-services\/ixiasoft-ccms\/dita-ccms-overview\/\"><\/a><a class=\"rank-math-link\" href=\"https:\/\/www.ixiasoft.com\/fr\/produits-et-services\/presentation-de-dita-ccms\/\" data-type=\"page\" data-id=\"767\">information architect, system administrator, or subject matter expert<\/a>, our DITA CCMS add-ons help your team excel. Our end goal is simple: improve your customer experience. Whether you opt for a dedicated SaaS or on-premise solution, customize your CCMS with document translation services and more with IXIA CCMS.<\/p>\n<\/div><\/div>\n\n\n\n<div class=\"wp-block-group alignfull has-theme-light-background-color has-background\"><div class=\"wp-block-group__inner-container is-layout-flow wp-block-group-is-layout-flow\">\n<h2 class=\"wp-block-heading has-text-align-center is-style-heading-style-1\">MODULES COMPL\u00c9MENTAIRES POUR IXIA CCMS<\/h2>\n\n\n\n<div class=\"wp-block-columns is-style-mobile-stack-sm is-style-align-stretch is-layout-flex wp-container-core-columns-is-layout-9d6595d7 wp-block-columns-is-layout-flex\">\n<div class=\"wp-block-column is-layout-flow wp-block-column-is-layout-flow\">\n<div class=\"wp-block-cgb-card undefined card wp-block-group is-style-p-0 has-theme-white-background-color has-background\">\n<div class=\"wp-block-cgb-card-body undefined card-body\"><div class=\"wp-block-image card-image\">\n<figure class=\"aligncenter size-large\"><img loading=\"lazy\" decoding=\"async\" width=\"1024\" height=\"331\" src=\"https:\/\/www.ixiasoft.com\/wp-content\/uploads\/2023\/09\/Add-ons-DRM-1024x331.png\" alt=\"\" class=\"wp-image-60670\" srcset=\"https:\/\/www.ixiasoft.com\/wp-content\/uploads\/2023\/09\/Add-ons-DRM-1024x331.png 1024w, https:\/\/www.ixiasoft.com\/wp-content\/uploads\/2023\/09\/Add-ons-DRM-300x97.png 300w, https:\/\/www.ixiasoft.com\/wp-content\/uploads\/2023\/09\/Add-ons-DRM-768x248.png 768w, https:\/\/www.ixiasoft.com\/wp-content\/uploads\/2023\/09\/Add-ons-DRM.png 1033w\" sizes=\"auto, (max-width: 1024px) 100vw, 1024px\" \/><\/figure>\n<\/div>\n\n\n<h2 class=\"wp-block-heading has-text-align-center card-title has-theme-dark-color has-text-color has-body-larger-font-size\">Gestion dynamique des versions<\/h2>\n\n\n\n<p class=\"has-text-align-center card-text\">Vous g\u00e9rez plusieurs lignes de produits&nbsp;? Vous avez besoin de fonctionnalit\u00e9s de cr\u00e9ation de branches dynamiques&nbsp;? Ce module compl\u00e9mentaire est fait pour vous.<\/p>\n<\/div>\n\n\n\n\n<div class=\"wp-block-buttons card-footer is-content-justification-left is-layout-flex wp-container-core-buttons-is-layout-fdcfc74e wp-block-buttons-is-layout-flex\">\n<div class=\"wp-block-button\"><a class=\"wp-block-button__link has-theme-white-color has-theme-secondary-background-color has-text-color has-background no-border-radius wp-element-button\" href=\"\/fr\/products-services\/dita-ccms-addons\/dynamic-release-management-gestion-dynamique-des-versions\/\">Plus<\/a><\/div>\n<\/div>\n\n<\/div>\n<\/div>\n\n\n\n<div class=\"wp-block-column is-layout-flow wp-block-column-is-layout-flow\">\n<div class=\"wp-block-cgb-card undefined card wp-block-group is-style-p-0 has-theme-white-background-color has-background\">\n<div class=\"wp-block-cgb-card-body undefined card-body\"><div class=\"wp-block-image card-image\">\n<figure class=\"aligncenter size-large\"><img loading=\"lazy\" decoding=\"async\" width=\"1024\" height=\"331\" src=\"https:\/\/www.ixiasoft.com\/wp-content\/uploads\/2023\/09\/Add-ons-Localization-1024x331.png\" alt=\"\" class=\"wp-image-60673\" srcset=\"https:\/\/www.ixiasoft.com\/wp-content\/uploads\/2023\/09\/Add-ons-Localization-1024x331.png 1024w, https:\/\/www.ixiasoft.com\/wp-content\/uploads\/2023\/09\/Add-ons-Localization-300x97.png 300w, https:\/\/www.ixiasoft.com\/wp-content\/uploads\/2023\/09\/Add-ons-Localization-768x248.png 768w, https:\/\/www.ixiasoft.com\/wp-content\/uploads\/2023\/09\/Add-ons-Localization.png 1033w\" sizes=\"auto, (max-width: 1024px) 100vw, 1024px\" \/><\/figure>\n<\/div>\n\n\n<h2 class=\"wp-block-heading has-text-align-center card-title has-theme-dark-color has-text-color has-body-larger-font-size\">Packs de localisation<\/h2>\n\n\n\n<p class=\"has-text-align-center card-text\">Notre processus de gestion de la localisation est flexible. Choisissez 5, 15 ou un nombre illimit\u00e9 de langues pour vos besoins en traduction.<\/p>\n<\/div>\n\n\n\n\n<div class=\"wp-block-buttons card-footer is-layout-flex wp-block-buttons-is-layout-flex\">\n<div class=\"wp-block-button\"><a class=\"wp-block-button__link has-theme-white-color has-picton-blue-background-color has-text-color has-background no-border-radius wp-element-button\" href=\"\/fr\/products-services\/dita-ccms-addons\/localisation\/\">Plus<\/a><\/div>\n<\/div>\n\n<\/div>\n<\/div>\n\n\n\n<div class=\"wp-block-column is-layout-flow wp-block-column-is-layout-flow\">\n<div class=\"wp-block-cgb-card undefined card wp-block-group is-style-p-0 has-theme-white-background-color has-background\">\n<div class=\"wp-block-cgb-card-body undefined card-body\"><div class=\"wp-block-image card-image\">\n<figure class=\"aligncenter size-large\"><img loading=\"lazy\" decoding=\"async\" width=\"1024\" height=\"331\" src=\"https:\/\/www.ixiasoft.com\/wp-content\/uploads\/2023\/09\/Add-ons-staging-1024x331.png\" alt=\"\" class=\"wp-image-60679\" srcset=\"https:\/\/www.ixiasoft.com\/wp-content\/uploads\/2023\/09\/Add-ons-staging-1024x331.png 1024w, https:\/\/www.ixiasoft.com\/wp-content\/uploads\/2023\/09\/Add-ons-staging-300x97.png 300w, https:\/\/www.ixiasoft.com\/wp-content\/uploads\/2023\/09\/Add-ons-staging-768x248.png 768w, https:\/\/www.ixiasoft.com\/wp-content\/uploads\/2023\/09\/Add-ons-staging.png 1033w\" sizes=\"auto, (max-width: 1024px) 100vw, 1024px\" \/><\/figure>\n<\/div>\n\n\n<h2 class=\"wp-block-heading has-text-align-center card-title has-theme-dark-color has-text-color has-body-larger-font-size\">Environnement de pr\u00e9production <\/h2>\n\n\n\n<p class=\"has-text-align-center card-text\">Un serveur suppl\u00e9mentaire pour le test, le QA ou la pr\u00e9production.<\/p>\n<\/div>\n\n\n\n\n<div class=\"wp-block-buttons card-footer is-layout-flex wp-block-buttons-is-layout-flex\">\n<div class=\"wp-block-button\"><a class=\"wp-block-button__link has-theme-white-color has-lochinvar-background-color has-text-color has-background no-border-radius wp-element-button\" href=\"\/fr\/products-services\/dita-ccms-addons\/environnement-de-preproduction\/\">Plus<\/a><\/div>\n<\/div>\n\n<\/div>\n<\/div>\n<\/div>\n\n\n\n<div class=\"wp-block-columns is-style-mobile-stack-sm is-style-align-stretch is-layout-flex wp-container-core-columns-is-layout-9d6595d7 wp-block-columns-is-layout-flex\">\n<div class=\"wp-block-column is-layout-flow wp-block-column-is-layout-flow\">\n<div class=\"wp-block-cgb-card undefined card wp-block-group is-style-p-0 has-theme-white-background-color has-background\">\n<div class=\"wp-block-cgb-card-body undefined card-body\"><div class=\"wp-block-image card-image\">\n<figure class=\"aligncenter size-large\"><img loading=\"lazy\" decoding=\"async\" width=\"1024\" height=\"331\" src=\"https:\/\/www.ixiasoft.com\/wp-content\/uploads\/2023\/09\/WebHelpAdd-on2-1024x331.jpg\" alt=\"\" class=\"wp-image-60688\" srcset=\"https:\/\/www.ixiasoft.com\/wp-content\/uploads\/2023\/09\/WebHelpAdd-on2-1024x331.jpg 1024w, https:\/\/www.ixiasoft.com\/wp-content\/uploads\/2023\/09\/WebHelpAdd-on2-300x97.jpg 300w, https:\/\/www.ixiasoft.com\/wp-content\/uploads\/2023\/09\/WebHelpAdd-on2-768x248.jpg 768w, https:\/\/www.ixiasoft.com\/wp-content\/uploads\/2023\/09\/WebHelpAdd-on2.jpg 1033w\" sizes=\"auto, (max-width: 1024px) 100vw, 1024px\" \/><\/figure>\n<\/div>\n\n\n<h2 class=\"wp-block-heading has-text-align-center card-title has-theme-dark-color has-text-color has-body-larger-font-size\">oXygen WebHelp pour IXIA CCMS<\/h2>\n\n\n\n<p class=\"has-text-align-center card-text\">Transformez le contenu&nbsp;DITA en aide en ligne organis\u00e9e gr\u00e2ce au module compl\u00e9mentaire oXygen WebHelp pour IXIA CCMS.<\/p>\n<\/div>\n\n\n\n\n<div class=\"wp-block-buttons card-footer is-layout-flex wp-block-buttons-is-layout-flex\">\n<div class=\"wp-block-button\"><a class=\"wp-block-button__link has-theme-white-color has-regal-blue-background-color has-text-color has-background no-border-radius wp-element-button\" href=\"\/fr\/products-services\/dita-ccms-addons\/oxygen-webhelp-pour-ixiasoft-ccms\/\">Plus<\/a><\/div>\n<\/div>\n\n<\/div>\n<\/div>\n\n\n\n<div class=\"wp-block-column is-layout-flow wp-block-column-is-layout-flow\">\n<div class=\"wp-block-cgb-card undefined card wp-block-group is-style-p-0 has-theme-white-background-color has-background\">\n<div class=\"wp-block-cgb-card-body undefined card-body\"><div class=\"wp-block-image card-image\">\n<figure class=\"aligncenter size-large\"><img loading=\"lazy\" decoding=\"async\" width=\"1024\" height=\"331\" src=\"https:\/\/www.ixiasoft.com\/wp-content\/uploads\/2023\/09\/Add-ons-Miramo2-1024x331.jpg\" alt=\"\" class=\"wp-image-60685\" srcset=\"https:\/\/www.ixiasoft.com\/wp-content\/uploads\/2023\/09\/Add-ons-Miramo2-1024x331.jpg 1024w, https:\/\/www.ixiasoft.com\/wp-content\/uploads\/2023\/09\/Add-ons-Miramo2-300x97.jpg 300w, https:\/\/www.ixiasoft.com\/wp-content\/uploads\/2023\/09\/Add-ons-Miramo2-768x248.jpg 768w, https:\/\/www.ixiasoft.com\/wp-content\/uploads\/2023\/09\/Add-ons-Miramo2.jpg 1033w\" sizes=\"auto, (max-width: 1024px) 100vw, 1024px\" \/><\/figure>\n<\/div>\n\n\n<h2 class=\"wp-block-heading has-text-align-center card-title has-theme-dark-color has-text-color has-body-larger-font-size\">Miramo pour IXIA CCMS<\/h2>\n\n\n\n<p class=\"has-text-align-center card-text\">Our Miramo add-on provides an easy-to-use template designer to quickly and easily create PDFs from DITA content.&nbsp;<\/p>\n<\/div>\n\n\n\n\n<div class=\"wp-block-buttons card-footer is-layout-flex wp-block-buttons-is-layout-flex\">\n<div class=\"wp-block-button\"><a class=\"wp-block-button__link has-theme-white-color has-silver-background-color has-text-color has-background no-border-radius wp-element-button\" href=\"\/fr\/products-services\/dita-ccms-addons\/miramo-pour-ixiasoft-ccms\/\">Plus<\/a><\/div>\n<\/div>\n\n<\/div>\n<\/div>\n\n\n\n<div class=\"wp-block-column is-layout-flow wp-block-column-is-layout-flow\">\n<div class=\"wp-block-cgb-card undefined card wp-block-group is-style-p-0 has-theme-white-background-color has-background\">\n<div class=\"wp-block-cgb-card-body undefined card-body\"><div class=\"wp-block-image card-image\">\n<figure class=\"aligncenter size-large\"><img loading=\"lazy\" decoding=\"async\" width=\"1024\" height=\"331\" src=\"https:\/\/www.ixiasoft.com\/wp-content\/uploads\/2023\/09\/Add-ons-Congree2-1024x331.jpg\" alt=\"\" class=\"wp-image-60682\" srcset=\"https:\/\/www.ixiasoft.com\/wp-content\/uploads\/2023\/09\/Add-ons-Congree2-1024x331.jpg 1024w, https:\/\/www.ixiasoft.com\/wp-content\/uploads\/2023\/09\/Add-ons-Congree2-300x97.jpg 300w, https:\/\/www.ixiasoft.com\/wp-content\/uploads\/2023\/09\/Add-ons-Congree2-768x248.jpg 768w, https:\/\/www.ixiasoft.com\/wp-content\/uploads\/2023\/09\/Add-ons-Congree2.jpg 1033w\" sizes=\"auto, (max-width: 1024px) 100vw, 1024px\" \/><\/figure>\n<\/div>\n\n\n<h2 class=\"wp-block-heading has-text-align-center card-title has-theme-dark-color has-text-color has-body-larger-font-size\">Congree pour IXIA CCMS<\/h2>\n\n\n\n<p class=\"has-text-align-center card-text\">Our Congree add-on enables technical writers and contributors to check their content for compliance and company style rules.<\/p>\n<\/div>\n\n\n\n\n<div class=\"wp-block-buttons card-footer is-layout-flex wp-block-buttons-is-layout-flex\">\n<div class=\"wp-block-button\"><a class=\"wp-block-button__link has-theme-white-color has-caramel-background-color has-text-color has-background no-border-radius wp-element-button\" href=\"\/fr\/products-services\/dita-ccms-addons\/congree-pour-ixiasoft-ccms\/\">Plus<\/a><\/div>\n<\/div>\n\n<\/div>\n<\/div>\n<\/div>\n<\/div><\/div>\n\n\n\n<div class=\"wp-block-group alignfull has-theme-white-background-color has-background\"><div class=\"wp-block-group__inner-container is-layout-flow wp-block-group-is-layout-flow\">\n<p class=\"has-text-align-center is-style-mb-0 has-body-larger-font-size\">D\u00e9couvrez nos packs flexibles de tarification pour les d\u00e9ploiements SaaS d\u00e9di\u00e9 et sur site.<\/p>\n\n\n\n<div class=\"wp-block-buttons is-horizontal is-content-justification-center is-layout-flex wp-container-core-buttons-is-layout-499968f5 wp-block-buttons-is-layout-flex\">\n<div class=\"wp-block-button is-style-fill\"><a class=\"wp-block-button__link has-theme-white-color has-theme-secondary-background-color has-text-color has-background wp-element-button\" href=\"\/fr\/produits-et-services\/tarifs\/\">En savoir plus<\/a><\/div>\n<\/div>\n<\/div><\/div>\n","protected":false},"excerpt":{"rendered":"<p>Enhance your CCMS with top-notch add-ons. Our DITA CCMS add-ons are developed in-house or with our partner network to offer&#8230;<\/p>\n","protected":false},"author":26,"featured_media":0,"parent":53300,"menu_order":0,"comment_status":"closed","ping_status":"closed","template":"","meta":{"footnotes":""},"class_list":["post-51151","page","type-page","status-publish","hentry"],"mb":[],"featured_image_urls":{"full":"","thumbnail":"","medium":"","medium_large":"","large":"","1536x1536":"","2048x2048":"","ultp_layout_landscape_large":"","ultp_layout_landscape":"","ultp_layout_portrait":"","ultp_layout_square":""},"post_excerpt_stackable":"<p>Produits et services Modules compl\u00e9mentaires Am\u00e9liorez IXIA CCMS avec les modules compl\u00e9mentaires disponibles dans notre point de vente unique DITA CCMS. Faites votre choix parmi de nombreuses options, notamment l&rsquo;option de gestion dynamique de version, et packs de localisation. Enhance your CCMS with top-notch add-ons. Our DITA CCMS add-ons are developed in-house or with our partner network to offer more ways to streamline your technical communication process. Whether you\u2019re an information architect, system administrator, or subject matter expert, our DITA CCMS add-ons help your team excel. Our end goal is simple: improve your customer experience. Whether you opt for a\u2026<\/p>\n","category_list":"","author_info":{"name":"MadCap IT","url":"https:\/\/www.ixiasoft.com\/fr\/author\/madcap_it\/"},"comments_num":"0 commentaire","featured_image_urls_v2":{"full":"","thumbnail":"","medium":"","medium_large":"","large":"","1536x1536":"","2048x2048":"","ultp_layout_landscape_large":"","ultp_layout_landscape":"","ultp_layout_portrait":"","ultp_layout_square":""},"post_excerpt_stackable_v2":"<p>Produits et services Modules compl\u00e9mentaires Am\u00e9liorez IXIA CCMS avec les modules compl\u00e9mentaires disponibles dans notre point de vente unique DITA CCMS. Faites votre choix parmi de nombreuses options, notamment l&rsquo;option de gestion dynamique de version, et packs de localisation. Enhance your CCMS with top-notch add-ons. Our DITA CCMS add-ons are developed in-house or with our partner network to offer more ways to streamline your technical communication process. Whether you\u2019re an information architect, system administrator, or subject matter expert, our DITA CCMS add-ons help your team excel. Our end goal is simple: improve your customer experience. Whether you opt for a\u2026<\/p>\n","category_list_v2":"","author_info_v2":{"name":"MadCap IT","url":"https:\/\/www.ixiasoft.com\/fr\/author\/madcap_it\/"},"comments_num_v2":"0 commentaire","mfb_rest_fields":["title","featured_image_urls","post_excerpt_stackable","category_list","author_info","comments_num","featured_image_urls_v2","post_excerpt_stackable_v2","category_list_v2","author_info_v2","comments_num_v2"],"_links":{"self":[{"href":"https:\/\/www.ixiasoft.com\/fr\/wp-json\/wp\/v2\/pages\/51151","targetHints":{"allow":["GET"]}}],"collection":[{"href":"https:\/\/www.ixiasoft.com\/fr\/wp-json\/wp\/v2\/pages"}],"about":[{"href":"https:\/\/www.ixiasoft.com\/fr\/wp-json\/wp\/v2\/types\/page"}],"author":[{"embeddable":true,"href":"https:\/\/www.ixiasoft.com\/fr\/wp-json\/wp\/v2\/users\/26"}],"replies":[{"embeddable":true,"href":"https:\/\/www.ixiasoft.com\/fr\/wp-json\/wp\/v2\/comments?post=51151"}],"version-history":[{"count":55,"href":"https:\/\/www.ixiasoft.com\/fr\/wp-json\/wp\/v2\/pages\/51151\/revisions"}],"predecessor-version":[{"id":60872,"href":"https:\/\/www.ixiasoft.com\/fr\/wp-json\/wp\/v2\/pages\/51151\/revisions\/60872"}],"up":[{"embeddable":true,"href":"https:\/\/www.ixiasoft.com\/fr\/wp-json\/wp\/v2\/pages\/53300"}],"wp:attachment":[{"href":"https:\/\/www.ixiasoft.com\/fr\/wp-json\/wp\/v2\/media?parent=51151"}],"curies":[{"name":"wp","href":"https:\/\/api.w.org\/{rel}","templated":true}]}}