{"id":51155,"date":"2021-03-19T08:30:38","date_gmt":"2021-03-19T12:30:38","guid":{"rendered":"https:\/\/www.ixiasoft.com\/base-de-donnees-xml-evolutive-textml-server\/"},"modified":"2023-09-27T13:28:34","modified_gmt":"2023-09-27T17:28:34","slug":"base-de-donnees-xml-evolutive-textml-server","status":"publish","type":"page","link":"https:\/\/www.ixiasoft.com\/fr\/produits-et-services\/base-de-donnees-xml-evolutive-textml-server\/","title":{"rendered":"Base de donn\u00e9es XML \u00e9volutive &#8211; TextML Server"},"content":{"rendered":"\n<div class=\"wp-block-cover alignfull has-background-dim-20 has-background-dim\"><img loading=\"lazy\" decoding=\"async\" width=\"2048\" height=\"640\" class=\"wp-block-cover__image-background wp-image-1080\" alt=\"\" src=\"https:\/\/www.ixiasoft.com\/wp-content\/uploads\/2020\/11\/TextML.jpg\" data-object-fit=\"cover\" srcset=\"https:\/\/www.ixiasoft.com\/wp-content\/uploads\/2020\/11\/TextML.jpg 2048w, https:\/\/www.ixiasoft.com\/wp-content\/uploads\/2020\/11\/TextML-300x94.jpg 300w, https:\/\/www.ixiasoft.com\/wp-content\/uploads\/2020\/11\/TextML-1024x320.jpg 1024w, https:\/\/www.ixiasoft.com\/wp-content\/uploads\/2020\/11\/TextML-768x240.jpg 768w, https:\/\/www.ixiasoft.com\/wp-content\/uploads\/2020\/11\/TextML-1536x480.jpg 1536w\" sizes=\"auto, (max-width: 2048px) 100vw, 2048px\" \/><div class=\"wp-block-cover__inner-container is-layout-flow wp-block-cover-is-layout-flow\">\n\n<p class=\"has-text-align-center is-style-subheading has-theme-secondary-dark-color has-text-color\"><span class=\"is-style-all-caps\">Produits et services<\/span><\/p>\n\n\n<h1 class=\"has-text-align-center is-style-heading-style-primary wp-block-heading\">TEXTML&nbsp;Server<\/h1>\n\n\n<p class=\"has-text-align-center is-style-default has-medium-font-size\"><span class=\"is-style-font-weight-light\">TEXTML&nbsp;Server int\u00e8gre \u00e0 ses offres de solutions un r\u00e9pertoire&nbsp;XML natif et un puissant moteur de recherche.<\/span><\/p>\n\n<\/div><\/div>\n\n\n\n<div class=\"wp-block-group alignfull has-theme-white-background-color has-background\"><div class=\"wp-block-group__inner-container is-layout-flow wp-block-group-is-layout-flow\">\n<p>Con\u00e7ue pour les d\u00e9veloppeurs d&rsquo;applications de gestion de contenu, la solution TEXTML&nbsp;Server propose une base de donn\u00e9es&nbsp;XML native et un puissant moteur de recherche.<\/p>\n\n\n\n<p>Que ce soit pour cr\u00e9er une application pour votre propre organisation ou pour la vendre \u00e0 vos clients, TEXTML&nbsp;Server est pens\u00e9 pour s&rsquo;int\u00e9grer dans toutes les applications strat\u00e9giques. C\u2019est la base de donn\u00e9es&nbsp;XML \u00e9volutive incontournable.<\/p>\n\n\n\n<p>La solution TEXTML&nbsp;Server est int\u00e9gr\u00e9e dans de nombreuses applications orient\u00e9es document, notamment&nbsp;:<\/p>\n\n\n\n<ul class=\"wp-block-list\">\n<li>Gestion des ressources num\u00e9riques (DAM)<\/li>\n\n\n\n<li>Gestion des connaissances<\/li>\n\n\n\n<li>Archivage du contenu \u00e9ditorial<\/li>\n<\/ul>\n\n\n\n<p>Nous nous engageons \u00e0 fournir une base de donn\u00e9es\u00a0XML \u00e9volutive, afin que nos partenaires puissent cr\u00e9er leurs solutions en toute agilit\u00e9 et simplicit\u00e9. Notre objectif est de d\u00e9velopper des relations durables avec nos partenaires et nos clients.\u00a0Nous nous assurons qu\u2019ils ont toute notre attention\u00a0: cette strat\u00e9gie a contribu\u00e9 \u00e0 la r\u00e9ussite de TEXTML\u00a0Server depuis\u00a01998.<\/p>\n<\/div><\/div>\n\n\n\n<h2 class=\"wp-block-heading has-text-align-center is-style-heading-style-1\">Avantages<\/h2>\n\n\n\n<div class=\"wp-block-columns is-style-default is-layout-flex wp-container-core-columns-is-layout-9d6595d7 wp-block-columns-is-layout-flex\">\n<div class=\"wp-block-column is-layout-flow wp-block-column-is-layout-flow\">\n<div class=\"wp-block-cgb-icon-button aligncenter undefined is-style-icon-md has-theme-secondary-dark-color  is-style-icon-fill\"><div class=\"icon-button link-disabled\"><i class=\"fa fas\"><span class=\"sr-only\">Arrow up Icon<\/span>\uf062<\/i><\/div><\/div>\n\n\n\n<p class=\"has-text-align-center has-theme-dark-color has-text-color has-body-lead-font-size\"><strong>Fiabilit\u00e9 et \u00e9volutivit\u00e9 de qualit\u00e9 professionnelle<\/strong><\/p>\n<\/div>\n\n\n\n<div class=\"wp-block-column is-layout-flow wp-block-column-is-layout-flow\">\n<div class=\"wp-block-cgb-icon-button aligncenter undefined is-style-icon-md has-lochinvar-color  is-style-icon-fill\"><div class=\"icon-button link-disabled\"><i class=\"fa fas\"><span class=\"sr-only\">Flash Icon<\/span>\uf0e7<\/i><\/div><\/div>\n\n\n\n<p class=\"has-text-align-center has-theme-dark-color has-text-color has-body-lead-font-size\"><strong>Cycle de d\u00e9veloppement acc\u00e9l\u00e9r\u00e9<\/strong><\/p>\n<\/div>\n\n\n\n<div class=\"wp-block-column is-layout-flow wp-block-column-is-layout-flow\">\n<div class=\"wp-block-cgb-icon-button aligncenter undefined is-style-icon-md has-grenadier-color  is-style-icon-fill\"><div class=\"icon-button link-disabled\"><i class=\"fa fas\"><span class=\"sr-only\">Book Icon<\/span>\uf02d<\/i><\/div><\/div>\n\n\n\n<p class=\"has-text-align-center has-theme-dark-color has-text-color has-body-lead-font-size\"><strong>Un r\u00e9pertoire centralis\u00e9 pour une r\u00e9cup\u00e9ration fiable des informations<\/strong><\/p>\n<\/div>\n<\/div>\n\n\n\n<div class=\"wp-block-group alignfull has-theme-light-background-color has-background\"><div class=\"wp-block-group__inner-container is-layout-flow wp-block-group-is-layout-flow\">\n<h2 class=\"wp-block-heading has-text-align-center is-style-heading-style-1\">T\u00e9moignage<\/h2>\n\n\n<style>.carousel-inner { height:220px }.carousel-inner .carousel-item { height:220px }.carousel-inner figure img{ max-height:220px }@media (max-width: 1199px) {.carousel-inner { height:220px }.carousel-inner .carousel-item { height:220px }}@media (max-width: 767px) {.carousel-inner { height:300px }.carousel-inner .carousel-item { height:300px }}@media (max-width: 575px) {.carousel-inner { height:330px }.carousel-inner .carousel-item { height:330px }}<\/style><div id=\"carousel_textml-server\" class=\" carousel slide wp-carousel-block  wp-block-cgb-carousel\" data-ride=\"carousel\" data-interval=\"5000\" data-pause=\"hover\" role=\"complementary\" aria-labelledby=\"textml-server_title\" aria-describedby=\"textml-server_desc\">\n\t\t\t<h2 id=\"textml-server_title\" class=\"sr-only\">TEXTML Server &#8211; Carousel Display<\/h2>\n\t\t\t<p id=\"textml-server_desc\" class=\"sr-only\">This is the TEXTML Server &#8211; Carousel Display. The author has not provided a description.<\/p>\n\t<div class=\"carousel-inner \"><div class=\"carousel-item active static-caption\" role=\"tabpanel\" id=\"tabpanel-textml-server-0\" aria-labelledby=\"tab-textml-server-0\"><div class=\"auto-carousel-caption\">\n<blockquote class=\"wp-block-quote has-text-align-center is-style-large is-layout-flow wp-block-quote-is-layout-flow\"><p><em>\u00ab&nbsp;Nous avons choisi TEXTML Server principalement pour sa qualit\u00e9 et son efficacit\u00e9 globales. Nous souhaitions \u00e9galement d\u00e9velopper une solution bas\u00e9e sur les normes, qui soit facile \u00e0 int\u00e9grer et p\u00e9renne.  La base de donn\u00e9es XML native d&rsquo;IXIASOFT a d\u00e9montr\u00e9 les meilleures performances et fiabilit\u00e9 du march\u00e9 aujourd&rsquo;hui.&nbsp;\u00bb<\/em><\/p><cite><em>Isidro Encinas &#8211; Directeur chez ProtecMedia&nbsp;&#8211;&nbsp;http:\/\/www.protecmedia.com\/<\/em><\/cite><\/blockquote>\n<\/div><\/div><\/div><\/div><\/div><\/div>\n\n\n\n<div class=\"wp-block-group alignfull has-theme-white-background-color has-background\"><div class=\"wp-block-group__inner-container is-layout-flow wp-block-group-is-layout-flow\">\n<div class=\"wp-block-columns is-layout-flex wp-container-core-columns-is-layout-9d6595d7 wp-block-columns-is-layout-flex\">\n<div class=\"wp-block-column is-layout-flow wp-block-column-is-layout-flow\">\n<h2 class=\"wp-block-heading has-text-align-left is-style-heading-style-2\"><span style=\"color: #818181;\" class=\"ugb-highlight\">Prise en charge XML native<\/span><\/h2>\n\n\n\n<p>TEXTML&nbsp;Server tire ses performances de son approche exclusive de la gestion de documents.  Contrairement \u00e0 la majorit\u00e9 des bases de donn\u00e9es&nbsp;XML qui d\u00e9composent les fichiers et les stockent dans une base de donn\u00e9es relationnelle ou orient\u00e9e objet, notre base de donn\u00e9es&nbsp;XML \u00e9volutive ne modifie en rien le fichier&nbsp;XML d&rsquo;origine. Les documents sont stock\u00e9s dans leur format natif, sans modification. Lorsqu&rsquo;un document est ins\u00e9r\u00e9 dans le r\u00e9pertoire&nbsp;XML de TEXTML&nbsp;Server, il est analys\u00e9 et des index sont cr\u00e9\u00e9s en fonction de la structure du document. Les utilisateurs n&rsquo;ont donc pas besoin d&rsquo;associer des&nbsp;DTD ou des sch\u00e9mas sp\u00e9cifiques lorsqu&rsquo;ils stockent des documents dans TEXTML&nbsp;Server. Ils peuvent ainsi stocker de multiples structures de document dans un seul et m\u00eame environnement. TEXTML&nbsp;Server prend int\u00e9gralement en charge les normes&nbsp;XML comme XPath, Namespaces et les DTD\/sch\u00e9mas.<\/p>\n<\/div>\n\n\n\n<div class=\"wp-block-column is-layout-flow wp-block-column-is-layout-flow\">\n<h2 class=\"wp-block-heading has-text-align-left is-style-heading-style-2\"><span style=\"color: #818181;\" class=\"ugb-highlight\">Recherche puissante et rapide<\/span><\/h2>\n\n\n\n<p>Tr\u00e8s performant, le langage de requ\u00eate&nbsp;XML de TEXTML&nbsp;Server permet aux utilisateurs de trouver exactement le contenu qu&rsquo;ils recherchent, m\u00eame lorsqu&rsquo;ils sont face \u00e0 des millions de documents ayant des structures diff\u00e9rentes. Notre base de donn\u00e9es&nbsp;XML fournit une fonction de recherche puissante en temps r\u00e9el, avec des temps de r\u00e9ponse courts et des r\u00e9sultats de recherche pertinents, surlignant les termes recherch\u00e9s et qui peuvent toujours \u00eatre tri\u00e9s avec des crit\u00e8res suppl\u00e9mentaires. Les op\u00e9rateurs de recherche comprennent les op\u00e9rateurs bool\u00e9ens, la proximit\u00e9, la fr\u00e9quence, la priorit\u00e9, les caract\u00e8res g\u00e9n\u00e9riques et les troncatures complexes.<\/p>\n<\/div>\n<\/div>\n\n\n\n<div class=\"wp-block-columns is-layout-flex wp-container-core-columns-is-layout-9d6595d7 wp-block-columns-is-layout-flex\">\n<div class=\"wp-block-column is-layout-flow wp-block-column-is-layout-flow\">\n<h2 class=\"wp-block-heading has-text-align-left is-style-heading-style-2\"><span style=\"color: #818181;\" class=\"ugb-highlight\">Performances et fiabilit\u00e9<\/span><\/h2>\n\n\n\n<p>TEXTML&nbsp;Server permet aux organisations de maintenir des performances, une disponibilit\u00e9 et une \u00e9volutivit\u00e9 optimales \u00e0 mesure que la demande augmente. En fait, cette solution est capable de stocker et d\u2019interroger plusieurs&nbsp;millions de documents XML, mais aussi de g\u00e9rer un nombre illimit\u00e9 d&rsquo;utilisateurs dans une seule et m\u00eame base de donn\u00e9es. Elle inclut \u00e9galement d&rsquo;autres fonctionnalit\u00e9s professionnelles notamment&nbsp;: la compatibilit\u00e9 multi-plateforme (Windows et Linux), l&rsquo;\u00e9quilibrage de la charge, la prise en charge des clusters, le c\u0153ur transactionnel, la r\u00e9cup\u00e9ration automatique et sauvegarde en temps r\u00e9el, la r\u00e9plication et la recherche syndiqu\u00e9e.<\/p>\n<\/div>\n\n\n\n<div class=\"wp-block-column is-layout-flow wp-block-column-is-layout-flow\">\n<h2 class=\"wp-block-heading has-text-align-left is-style-heading-style-2\"><span style=\"color: #818181;\" class=\"ugb-highlight\">Index flexibles<\/span><\/h2>\n\n\n\n<p>Gr\u00e2ce \u00e0 cette approche de l&rsquo;indexation, les concepteurs d&rsquo;applications ont la possibilit\u00e9 de d\u00e9cider des \u00e9l\u00e9ments et\/ou attributs \u00e0 indexer ou non, et du type d&rsquo;index (par exemple&nbsp;: texte int\u00e9gral, cha\u00eene, nombre, intervalle de temps ou de dates) \u00e0 cr\u00e9er en fonction du contenu.  Cette approche garantit une agilit\u00e9 m\u00e9tier accrue, une n\u00e9cessit\u00e9 lorsque vous devez traiter du contenu structur\u00e9 diff\u00e9remment. Pour en savoir plus sur l\u2019\u00ab&nbsp;indexation conceptuelle&nbsp;\u00bb, consultez le livre blanc sur TEXTML&nbsp;Server.<\/p>\n<\/div>\n<\/div>\n\n\n\n<div class=\"wp-block-columns is-layout-flex wp-container-core-columns-is-layout-9d6595d7 wp-block-columns-is-layout-flex\">\n<div class=\"wp-block-column is-layout-flow wp-block-column-is-layout-flow\">\n<h2 class=\"wp-block-heading has-text-align-left is-style-heading-style-2\"><span style=\"color: #818181;\" class=\"ugb-highlight\">Indexation dynamique<\/span><\/h2>\n\n\n\n<p>Les nouveaux documents sont imm\u00e9diatement disponibles \u00e0 la recherche d\u00e8s qu&rsquo;ils sont ins\u00e9r\u00e9s dans la base documentaire. En effet, TEXTML&nbsp;Server met \u00e0 jour instantan\u00e9ment les index appropri\u00e9s \u00e0 mesure que des documents sont ajout\u00e9s, modifi\u00e9s ou supprim\u00e9s. Les informations sont donc accessibles en temps r\u00e9el.<\/p>\n<\/div>\n\n\n\n<div class=\"wp-block-column is-layout-flow wp-block-column-is-layout-flow\">\n<h2 class=\"wp-block-heading has-text-align-left is-style-heading-style-2\"><span style=\"color: #818181;\" class=\"ugb-highlight\">Prise en charge de multiples formats de fichiers<\/span><\/h2>\n\n\n\n<p>Tous les fichiers binaires (images, vid\u00e9os et PDF, par exemple) peuvent \u00eatre stock\u00e9s dans le r\u00e9pertoire. TEXTML&nbsp;Server exploite \u00e9galement la plateforme de m\u00e9tadonn\u00e9es XMP d&rsquo;Adobe, laquelle permet \u00e0 TEXTML&nbsp;Server de lire et d\u2019indexer les m\u00e9tadonn\u00e9es&nbsp;XML.<\/p>\n<\/div>\n<\/div>\n\n\n\n<div class=\"wp-block-columns is-layout-flex wp-container-core-columns-is-layout-9d6595d7 wp-block-columns-is-layout-flex\">\n<div class=\"wp-block-column is-layout-flow wp-block-column-is-layout-flow\">\n<h2 class=\"wp-block-heading has-text-align-left is-style-heading-style-2\"><span style=\"color: #818181;\" class=\"ugb-highlight\">Jeu complet d&rsquo;API<\/span><\/h2>\n\n\n\n<p>Les interfaces API unifi\u00e9es prennent enti\u00e8rement en charge toutes les fonctions de TEXTML&nbsp;Server. Ses API incluent COM, JAVA et .NET.<\/p>\n<\/div>\n\n\n\n<div class=\"wp-block-column is-layout-flow wp-block-column-is-layout-flow\">\n<h2 class=\"wp-block-heading has-text-align-left is-style-heading-style-2\"><span style=\"color: #818181;\" class=\"ugb-highlight\">Prise en charge des normes<\/span><\/h2>\n\n\n\n<p>Toutes les normes importantes du W3C, notamment XML, XPath, Namespaces, DTD\/sch\u00e9ma et Unicode, sont prises en charge.<\/p>\n<\/div>\n<\/div>\n\n\n\n<div class=\"wp-block-columns is-layout-flex wp-container-core-columns-is-layout-9d6595d7 wp-block-columns-is-layout-flex\">\n<div class=\"wp-block-column is-layout-flow wp-block-column-is-layout-flow\">\n<h2 class=\"wp-block-heading has-text-align-left is-style-heading-style-2\"><span style=\"color: #818181;\" class=\"ugb-highlight\">Fonctions de gestion documentaire<\/span><\/h2>\n\n\n\n<p>Outre la prise en charge des fonctionnalit\u00e9s purement li\u00e9es aux bases de donn\u00e9es, notre base de donn\u00e9es&nbsp;XML \u00e9volutive fournit des fonctions de gestion documentaire en permettant notamment aux utilisateurs de verrouiller\/d\u00e9verrouiller des documents afin de contr\u00f4ler l\u2019acc\u00e8s des utilisateurs et les versions des documents.<\/p>\n<\/div>\n\n\n\n<div class=\"wp-block-column is-layout-flow wp-block-column-is-layout-flow\">\n<h2 class=\"wp-block-heading has-text-align-left is-style-heading-style-2\"><span style=\"color: #818181;\" class=\"ugb-highlight\">S\u00e9curit\u00e9 des documents<\/span><\/h2>\n\n\n\n<p>Diff\u00e9rents r\u00f4les de s\u00e9curit\u00e9 limitant l&rsquo;acc\u00e8s au serveur peuvent \u00eatre attribu\u00e9s \u00e0 des collections, documents ou encore \u00e0 des documents sp\u00e9cifiques. Les utilisateurs ne voient que les r\u00e9sultats de recherche correspondant \u00e0 leur profil.<\/p>\n<\/div>\n<\/div>\n\n\n\n<div class=\"wp-block-columns is-layout-flex wp-container-core-columns-is-layout-9d6595d7 wp-block-columns-is-layout-flex\">\n<div class=\"wp-block-column is-layout-flow wp-block-column-is-layout-flow\">\n<h2 class=\"wp-block-heading has-text-align-left is-style-heading-style-2\"><span style=\"color: #818181;\" class=\"ugb-highlight\">R\u00e9plication<\/span><\/h2>\n\n\n\n<p>Le sch\u00e9ma de r\u00e9plication de TEXTML&nbsp;Server permet de publier le contenu \u00e0 partir d&rsquo;un serveur principal vers un ou plusieurs abonn\u00e9s. La fonction de r\u00e9plication autorise la r\u00e9partition des charges de recherche et prend en charge des serveurs dispers\u00e9s g\u00e9ographiquement.<\/p>\n<\/div>\n\n\n\n<div class=\"wp-block-column is-layout-flow wp-block-column-is-layout-flow\">\n<h2 class=\"wp-block-heading has-text-align-left is-style-heading-style-2\"><span style=\"color: #818181;\" class=\"ugb-highlight\">Recherche syndiqu\u00e9e<\/span><\/h2>\n\n\n\n<p>Pour les d\u00e9ploiements volumineux impliquant plusieurs bases de donn\u00e9es TEXTML&nbsp;Server, la fonction de m\u00e9taservices permet aux utilisateurs d&rsquo;interroger plusieurs bases documentaires et\/ou plusieurs serveurs et d&rsquo;obtenir un seul r\u00e9sultat de recherche.<\/p>\n<\/div>\n<\/div>\n<\/div><\/div>\n\n\n\n<div class=\"wp-block-group alignfull has-theme-light-background-color has-background\"><div class=\"wp-block-group__inner-container is-layout-flow wp-block-group-is-layout-flow\">\n<h2 class=\"wp-block-heading has-text-align-center is-style-heading-style-1\">LES AUTRES FONCTIONS SONT&nbsp;:<\/h2>\n\n\n\n<p><\/p>\n\n\n\n<div class=\"wp-block-columns is-style-card-deck is-layout-flex wp-container-core-columns-is-layout-9d6595d7 wp-block-columns-is-layout-flex\">\n<div class=\"wp-block-column is-layout-flow wp-block-column-is-layout-flow\">\n<div class=\"wp-block-cgb-icon-carousel undefined wrapper\"><ul class=\"circle-container nav-tabs\" role=\"tablist\"><li class=\"nav-item\"><a class=\"nav-link active\" id=\"stockagetransactionnel-tab\" data-toggle=\"tab\" href=\"#stockagetransactionnel\" role=\"tab\" aria-controls=\"stockagetransactionnel\" aria-selected=\"true\"><i class=\"fa fas\"><span class=\"sr-only\">Stockage transactionnel<\/span>\uf07e<\/i><\/a><\/li><li class=\"nav-item\"><a class=\"nav-link\" id=\"conformeacid-tab\" data-toggle=\"tab\" href=\"#conformeacid\" role=\"tab\" aria-controls=\"conformeacid\" aria-selected=\"false\"><i class=\"fa fas\"><span class=\"sr-only\">Conforme ACID<\/span>\uf067<\/i><\/a><\/li><li class=\"nav-item\"><a class=\"nav-link\" id=\"priseenchargetotaledexpath-tab\" data-toggle=\"tab\" href=\"#priseenchargetotaledexpath\" role=\"tab\" aria-controls=\"priseenchargetotaledexpath\" aria-selected=\"false\"><i class=\"fa far\"><span class=\"sr-only\">Prise en charge totale de XPath\u00a02.<\/span>\uf111<\/i><\/a><\/li><li class=\"nav-item\"><a class=\"nav-link\" id=\"groupementdesrsultatsderecherche-tab\" data-toggle=\"tab\" href=\"#groupementdesrsultatsderecherche\" role=\"tab\" aria-controls=\"groupementdesrsultatsderecherche\" aria-selected=\"false\"><i class=\"fa fas\"><span class=\"sr-only\">Groupement des r\u00e9sultats de recherche<\/span>\uf002<\/i><\/a><\/li><li class=\"nav-item\"><a class=\"nav-link\" id=\"sauvegardeentempsrel-tab\" data-toggle=\"tab\" href=\"#sauvegardeentempsrel\" role=\"tab\" aria-controls=\"sauvegardeentempsrel\" aria-selected=\"false\"><i class=\"fa fas\"><span class=\"sr-only\">Sauvegarde en temps r\u00e9el<\/span>\uf3e5<\/i><\/a><\/li><li class=\"nav-item\"><a class=\"nav-link\" id=\"recherchederadicalettriparpertinence-tab\" data-toggle=\"tab\" href=\"#recherchederadicalettriparpertinence\" role=\"tab\" aria-controls=\"recherchederadicalettriparpertinence\" aria-selected=\"false\"><i class=\"fa fas\"><span class=\"sr-only\">Recherche de radical et tri par pertinence<\/span>\uf0ca<\/i><\/a><\/li><li class=\"nav-item\"><a class=\"nav-link\" id=\"indexsynchrones-tab\" data-toggle=\"tab\" href=\"#indexsynchrones\" role=\"tab\" aria-controls=\"indexsynchrones\" aria-selected=\"false\"><i class=\"fa fas\"><span class=\"sr-only\">Index synchrones<\/span>\uf2f9<\/i><\/a><\/li><li class=\"nav-item\"><a class=\"nav-link\" id=\"priseenchargedelauthentificationunique-tab\" data-toggle=\"tab\" href=\"#priseenchargedelauthentificationunique\" role=\"tab\" aria-controls=\"priseenchargedelauthentificationunique\" aria-selected=\"false\"><i class=\"fa fas\"><span class=\"sr-only\">Prise en charge de l&rsquo;authentification unique<\/span>\uf007<\/i><\/a><\/li><\/ul><p class=\"tab-pane fade active show has-lead-font-size has-text-align-center\" id=\"stockagetransactionnel\" role=\"tabpanel\" aria-labelledby=\"stockagetransactionnel-tab\">Stockage transactionnel<\/p><p class=\"tab-pane fade has-lead-font-size has-text-align-center\" id=\"conformeacid\" role=\"tabpanel\" aria-labelledby=\"conformeacid-tab\">Conforme ACID<\/p><p class=\"tab-pane fade has-lead-font-size has-text-align-center\" id=\"priseenchargetotaledexpath\" role=\"tabpanel\" aria-labelledby=\"priseenchargetotaledexpath-tab\">Prise en charge totale de XPath\u00a02.<\/p><p class=\"tab-pane fade has-lead-font-size has-text-align-center\" id=\"groupementdesrsultatsderecherche\" role=\"tabpanel\" aria-labelledby=\"groupementdesrsultatsderecherche-tab\">Groupement des r\u00e9sultats de recherche<\/p><p class=\"tab-pane fade has-lead-font-size has-text-align-center\" id=\"sauvegardeentempsrel\" role=\"tabpanel\" aria-labelledby=\"sauvegardeentempsrel-tab\">Sauvegarde en temps r\u00e9el<\/p><p class=\"tab-pane fade has-lead-font-size has-text-align-center\" id=\"recherchederadicalettriparpertinence\" role=\"tabpanel\" aria-labelledby=\"recherchederadicalettriparpertinence-tab\">Recherche de radical et tri par pertinence<\/p><p class=\"tab-pane fade has-lead-font-size has-text-align-center\" id=\"indexsynchrones\" role=\"tabpanel\" aria-labelledby=\"indexsynchrones-tab\">Index synchrones<\/p><p class=\"tab-pane fade has-lead-font-size has-text-align-center\" id=\"priseenchargedelauthentificationunique\" role=\"tabpanel\" aria-labelledby=\"priseenchargedelauthentificationunique-tab\">Prise en charge de l&rsquo;authentification unique\/Kerberos<\/p><\/div>\n<\/div>\n<\/div>\n<\/div><\/div>\n","protected":false},"excerpt":{"rendered":"<p>Con\u00e7ue pour les d\u00e9veloppeurs d&rsquo;applications de gestion de contenu, la solution TEXTML&nbsp;Server propose une base de donn\u00e9es&nbsp;XML native et un&#8230;<\/p>\n","protected":false},"author":26,"featured_media":0,"parent":53300,"menu_order":0,"comment_status":"closed","ping_status":"closed","template":"","meta":{"footnotes":""},"class_list":["post-51155","page","type-page","status-publish","hentry"],"mb":[],"featured_image_urls":{"full":"","thumbnail":"","medium":"","medium_large":"","large":"","1536x1536":"","2048x2048":"","ultp_layout_landscape_large":"","ultp_layout_landscape":"","ultp_layout_portrait":"","ultp_layout_square":""},"post_excerpt_stackable":"<p>Produits et services TEXTML&nbsp;Server TEXTML&nbsp;Server int\u00e8gre \u00e0 ses offres de solutions un r\u00e9pertoire&nbsp;XML natif et un puissant moteur de recherche. Con\u00e7ue pour les d\u00e9veloppeurs d&rsquo;applications de gestion de contenu, la solution TEXTML&nbsp;Server propose une base de donn\u00e9es&nbsp;XML native et un puissant moteur de recherche. Que ce soit pour cr\u00e9er une application pour votre propre organisation ou pour la vendre \u00e0 vos clients, TEXTML&nbsp;Server est pens\u00e9 pour s&rsquo;int\u00e9grer dans toutes les applications strat\u00e9giques. C\u2019est la base de donn\u00e9es&nbsp;XML \u00e9volutive incontournable. La solution TEXTML&nbsp;Server est int\u00e9gr\u00e9e dans de nombreuses applications orient\u00e9es document, notamment&nbsp;: Gestion des ressources num\u00e9riques (DAM) Gestion des connaissances Archivage\u2026<\/p>\n","category_list":"","author_info":{"name":"MadCap IT","url":"https:\/\/www.ixiasoft.com\/fr\/author\/madcap_it\/"},"comments_num":"0 commentaire","featured_image_urls_v2":{"full":"","thumbnail":"","medium":"","medium_large":"","large":"","1536x1536":"","2048x2048":"","ultp_layout_landscape_large":"","ultp_layout_landscape":"","ultp_layout_portrait":"","ultp_layout_square":""},"post_excerpt_stackable_v2":"<p>Produits et services TEXTML&nbsp;Server TEXTML&nbsp;Server int\u00e8gre \u00e0 ses offres de solutions un r\u00e9pertoire&nbsp;XML natif et un puissant moteur de recherche. Con\u00e7ue pour les d\u00e9veloppeurs d&rsquo;applications de gestion de contenu, la solution TEXTML&nbsp;Server propose une base de donn\u00e9es&nbsp;XML native et un puissant moteur de recherche. Que ce soit pour cr\u00e9er une application pour votre propre organisation ou pour la vendre \u00e0 vos clients, TEXTML&nbsp;Server est pens\u00e9 pour s&rsquo;int\u00e9grer dans toutes les applications strat\u00e9giques. C\u2019est la base de donn\u00e9es&nbsp;XML \u00e9volutive incontournable. La solution TEXTML&nbsp;Server est int\u00e9gr\u00e9e dans de nombreuses applications orient\u00e9es document, notamment&nbsp;: Gestion des ressources num\u00e9riques (DAM) Gestion des connaissances Archivage\u2026<\/p>\n","category_list_v2":"","author_info_v2":{"name":"MadCap IT","url":"https:\/\/www.ixiasoft.com\/fr\/author\/madcap_it\/"},"comments_num_v2":"0 commentaire","mfb_rest_fields":["title","featured_image_urls","post_excerpt_stackable","category_list","author_info","comments_num","featured_image_urls_v2","post_excerpt_stackable_v2","category_list_v2","author_info_v2","comments_num_v2"],"_links":{"self":[{"href":"https:\/\/www.ixiasoft.com\/fr\/wp-json\/wp\/v2\/pages\/51155","targetHints":{"allow":["GET"]}}],"collection":[{"href":"https:\/\/www.ixiasoft.com\/fr\/wp-json\/wp\/v2\/pages"}],"about":[{"href":"https:\/\/www.ixiasoft.com\/fr\/wp-json\/wp\/v2\/types\/page"}],"author":[{"embeddable":true,"href":"https:\/\/www.ixiasoft.com\/fr\/wp-json\/wp\/v2\/users\/26"}],"replies":[{"embeddable":true,"href":"https:\/\/www.ixiasoft.com\/fr\/wp-json\/wp\/v2\/comments?post=51155"}],"version-history":[{"count":28,"href":"https:\/\/www.ixiasoft.com\/fr\/wp-json\/wp\/v2\/pages\/51155\/revisions"}],"predecessor-version":[{"id":60706,"href":"https:\/\/www.ixiasoft.com\/fr\/wp-json\/wp\/v2\/pages\/51155\/revisions\/60706"}],"up":[{"embeddable":true,"href":"https:\/\/www.ixiasoft.com\/fr\/wp-json\/wp\/v2\/pages\/53300"}],"wp:attachment":[{"href":"https:\/\/www.ixiasoft.com\/fr\/wp-json\/wp\/v2\/media?parent=51155"}],"curies":[{"name":"wp","href":"https:\/\/api.w.org\/{rel}","templated":true}]}}