{"id":51159,"date":"2021-03-19T08:30:42","date_gmt":"2021-03-19T12:30:42","guid":{"rendered":"https:\/\/www.ixiasoft.com\/services\/gestion-de-contenu-par-composant\/"},"modified":"2023-09-27T15:53:30","modified_gmt":"2023-09-27T19:53:30","slug":"gestion-de-contenu-par-composant","status":"publish","type":"page","link":"https:\/\/www.ixiasoft.com\/fr\/produits-et-services\/gestion-de-contenu-par-composant\/","title":{"rendered":"Gestion de contenu par composant"},"content":{"rendered":"\n<div class=\"wp-block-cover alignfull is-light\"><span aria-hidden=\"true\" class=\"wp-block-cover__background has-background-dim-0 has-background-dim\"><\/span><img loading=\"lazy\" decoding=\"async\" width=\"2048\" height=\"640\" class=\"wp-block-cover__image-background wp-image-1106\" alt=\"\" src=\"https:\/\/www.ixiasoft.com\/wp-content\/uploads\/2020\/11\/WhatweOffer2.jpg\" data-object-fit=\"cover\" srcset=\"https:\/\/www.ixiasoft.com\/wp-content\/uploads\/2020\/11\/WhatweOffer2.jpg 2048w, https:\/\/www.ixiasoft.com\/wp-content\/uploads\/2020\/11\/WhatweOffer2-300x94.jpg 300w, https:\/\/www.ixiasoft.com\/wp-content\/uploads\/2020\/11\/WhatweOffer2-1024x320.jpg 1024w, https:\/\/www.ixiasoft.com\/wp-content\/uploads\/2020\/11\/WhatweOffer2-768x240.jpg 768w, https:\/\/www.ixiasoft.com\/wp-content\/uploads\/2020\/11\/WhatweOffer2-1536x480.jpg 1536w\" sizes=\"auto, (max-width: 2048px) 100vw, 2048px\" \/><div class=\"wp-block-cover__inner-container is-layout-flow wp-block-cover-is-layout-flow\">\n<p class=\"has-text-align-center is-style-subheading has-theme-secondary-dark-color has-text-color\"><span class=\"is-style-all-caps\">Produits et services<\/span><\/p>\n\n\n\n<h1 class=\"wp-block-heading has-text-align-center is-style-heading-style-primary has-theme-black-color has-text-color\">Ce que nous proposons<\/h1>\n\n\n\n<p class=\"has-text-align-center has-theme-black-color has-text-color has-medium-font-size\"><span class=\"is-style-font-weight-light\">Nous proposons bien plus qu\u2019un produit. Notre \u00e9quipe d\u2019experts se tient \u00e0 votre disposition pour d\u00e9ployer votre CCMS.  Trouvez la solution de gestion de contenu par composant id\u00e9ale pour votre entreprise aujourd\u2019hui.<\/span><\/p>\n\n\n\n<p class=\"has-text-align-center has-large-font-size\"><\/p>\n<\/div><\/div>\n\n\n\n<div class=\"wp-block-group alignfull has-theme-light-background-color has-background\"><div class=\"wp-block-group__inner-container is-layout-flow wp-block-group-is-layout-flow\">\n<h2 class=\"wp-block-heading has-text-align-center is-style-heading-style-1\">NOS SERVICES PROFESSIONNELS<\/h2>\n\n\n\n<div class=\"wp-block-columns is-style-mobile-stack-sm is-style-align-stretch is-layout-flex wp-container-core-columns-is-layout-9d6595d7 wp-block-columns-is-layout-flex\">\n<div class=\"wp-block-column is-layout-flow wp-block-column-is-layout-flow\">\n<div class=\"wp-block-group is-style-default has-theme-white-background-color has-background\"><div class=\"wp-block-group__inner-container is-layout-flow wp-block-group-is-layout-flow\">\n<h2 class=\"wp-block-heading has-text-align-center is-style-default has-theme-secondary-color has-text-color has-para-lead-font-size\"><span class=\"is-style-font-weight-light\">Mod\u00e9lisation de contenu<\/span><\/h2>\n\n\n\n<div class=\"wp-block-cgb-icon-button aligncenter undefined is-style-icon-md has-theme-secondary-color  is-style-icon-no-fill\"><div class=\"icon-button link-disabled\"><i class=\"fa far\"><span class=\"sr-only\">Checkmark<\/span>\uf14a<\/i><\/div><\/div>\n\n\n\n<ul class=\"is-style-service-list-centered wp-block-list\">\n<li>Strat\u00e9gies de r\u00e9utilisation<\/li>\n\n\n\n<li>D\u00e9finition et\/ou validation de mod\u00e8les d\u2019information<\/li>\n\n\n\n<li>D\u00e9veloppement de sp\u00e9cialisations et de contraintes<\/li>\n\n\n\n<li>Meilleures pratiques DITA et de gestion de contenu par composant<\/li>\n\n\n\n<li>Conception et optimisation des cl\u00e9s<\/li>\n\n\n\n<li>Aide \u00e0 la cr\u00e9ation de guides de style DITA<\/li>\n\n\n\n<li>Personnalisation du code de v\u00e9rification d\u2019erreurs Schematron<\/li>\n\n\n\n<li>Cr\u00e9ation d&rsquo;architectures de contenu adapt\u00e9es au public vis\u00e9<\/li>\n\n\n\n<li>Aide \u00e0 l\u2019utilisation des m\u00e9tadonn\u00e9es et \u00e0 la cr\u00e9ation de subjectscheme<\/li>\n<\/ul>\n<\/div><\/div>\n\n\n\n<p><\/p>\n<\/div>\n\n\n\n<div class=\"wp-block-column is-layout-flow wp-block-column-is-layout-flow\">\n<div class=\"wp-block-group is-style-default has-theme-white-background-color has-background\"><div class=\"wp-block-group__inner-container is-layout-flow wp-block-group-is-layout-flow\">\n<h2 class=\"wp-block-heading has-text-align-center is-style-default has-trinidad-color has-text-color has-para-lead-font-size\"><span class=\"is-style-font-weight-light\">Migration de contenu<\/span><\/h2>\n\n\n\n<div class=\"wp-block-cgb-icon-button aligncenter undefined is-style-icon-md has-grenadier-color  is-style-icon-no-fill\"><div class=\"icon-button link-disabled\"><i class=\"fa fas\"><span class=\"sr-only\">Forward<\/span>\uf04e<\/i><\/div><\/div>\n\n\n\n<ul class=\"is-style-service-list-centered wp-block-list\">\n<li>Contenu h\u00e9rit\u00e9<\/li>\n\n\n\n<li>Contenu traduit<\/li>\n\n\n\n<li>Provenant d&rsquo;autres solutions de gestion de contenu par composant<\/li>\n\n\n\n<li>Conversion de contenu vers DITA<\/li>\n\n\n\n<li>Ciblage des jeux de publication optimum \u00e0 migrer<\/li>\n\n\n\n<li>Solutions de migration de contenus sp\u00e9cifique au format<\/li>\n\n\n\n<li>Assistance pour le transfert d\u2019images<\/li>\n\n\n\n<li>Automatisation des transferts pour les gros volumes de contenu<\/li>\n<\/ul>\n<\/div><\/div>\n\n\n\n<p><\/p>\n<\/div>\n\n\n\n<div class=\"wp-block-column is-layout-flow wp-block-column-is-layout-flow\">\n<div class=\"wp-block-group is-style-default has-theme-white-background-color has-background\"><div class=\"wp-block-group__inner-container is-layout-flow wp-block-group-is-layout-flow\">\n<h2 class=\"wp-block-heading has-text-align-center is-style-default has-eucalyptus-color has-text-color has-para-lead-font-size\"><span class=\"is-style-font-weight-light\">Configuration et personnalisation<\/span><\/h2>\n\n\n\n<div class=\"wp-block-cgb-icon-button aligncenter undefined is-style-icon-md has-eucalyptus-color  is-style-icon-no-fill\"><div class=\"icon-button link-disabled\"><i class=\"fa fas\"><span class=\"sr-only\">asterisk<\/span>\uf069<\/i><\/div><\/div>\n\n\n\n<ul class=\"is-style-service-list-centered wp-block-list\">\n<li>Configuration des processus m\u00e9tiers, notamment des processus de localisation et de la conception pour votre gestion dynamique des versions (DRM)<\/li>\n\n\n\n<li>D\u00e9veloppement de fonctionnalit\u00e9s personnalis\u00e9es<\/li>\n\n\n\n<li>Int\u00e9gration dans les applications existantes<\/li>\n<\/ul>\n<\/div><\/div>\n\n\n\n<p><\/p>\n<\/div>\n<\/div>\n\n\n\n<div class=\"wp-block-columns is-style-mobile-stack-sm is-style-align-stretch is-layout-flex wp-container-core-columns-is-layout-9d6595d7 wp-block-columns-is-layout-flex\">\n<div class=\"wp-block-column is-layout-flow wp-block-column-is-layout-flow\">\n<div class=\"wp-block-group is-style-default has-theme-white-background-color has-background\"><div class=\"wp-block-group__inner-container is-layout-flow wp-block-group-is-layout-flow\">\n<h2 class=\"wp-block-heading has-text-align-center is-style-default has-lochinvar-color has-text-color has-para-lead-font-size\"><span class=\"is-style-font-weight-light\">Publication<\/span><\/h2>\n\n\n\n<div class=\"wp-block-cgb-icon-button aligncenter undefined is-style-icon-md has-lochinvar-color  is-style-icon-no-fill\"><div class=\"icon-button link-disabled\"><i class=\"fa fas\"><span class=\"sr-only\">Book<\/span>\uf02d<\/i><\/div><\/div>\n\n\n\n<ul class=\"is-style-service-list-centered wp-block-list\">\n<li>Int\u00e9gration de plugins DITA Open Toolkit tels que <a href=\"https:\/\/www.ixiasoft.com\/ixiasoft-ccms\/dita-ccms-add-ons\/oxygen-webhelp-for-ixiasoft-ccms\/\" data-type=\"dita-ccms-add-ons\" data-id=\"4977\"><\/a><a href=\"https:\/\/www.ixiasoft.com\/fr\/products-services\/dita-ccms-addons\/oxygen-webhelp-pour-ixiasoft-ccms\/\" class=\"rank-math-link\">oXygen WebHelp<\/a> et <a href=\"https:\/\/www.ixiasoft.com\/ixiasoft-ccms\/dita-ccms-add-ons\/miramo-for-ixiasoft-ccms\/\" data-type=\"dita-ccms-add-ons\" data-id=\"4978\"><\/a><a href=\"https:\/\/www.ixiasoft.com\/fr\/products-services\/dita-ccms-addons\/miramo-pour-ixiasoft-ccms\/\" class=\"rank-math-link\">Miramo<\/a><\/li>\n\n\n\n<li>Outils de publication dynamique web, comme Fluid Topics, DITAweb et Zoomin<\/li>\n\n\n\n<li>Plugins personnalis\u00e9s pour le DITA Open Toolkit <\/li>\n\n\n\n<li>D\u00e9veloppement XSL<\/li>\n\n\n\n<li>Int\u00e9gration dans les applications existantes<\/li>\n<\/ul>\n<\/div><\/div>\n\n\n\n<p><\/p>\n<\/div>\n\n\n\n<div class=\"wp-block-column is-layout-flow wp-block-column-is-layout-flow\">\n<div class=\"wp-block-group has-theme-white-background-color has-background\"><div class=\"wp-block-group__inner-container is-layout-flow wp-block-group-is-layout-flow\">\n<h2 class=\"wp-block-heading has-text-align-center is-style-default has-theme-secondary-color has-text-color has-para-lead-font-size\"><span class=\"is-style-font-weight-light\">Formation \u00e0 la solution<\/span><\/h2>\n\n\n\n<div class=\"wp-block-cgb-icon-button aligncenter undefined is-style-icon-md has-theme-secondary-color  is-style-icon-no-fill\"><div class=\"icon-button link-disabled\"><i class=\"fa fas\"><span class=\"sr-only\">User<\/span>\uf21d<\/i><\/div><\/div>\n\n\n\n<ul class=\"is-style-service-list-centered wp-block-list\">\n<li>Formation compl\u00e8te \u00e0 DITA<\/li>\n\n\n\n<li>Ateliers approfondis pour administrateurs et utilisateurs<\/li>\n\n\n\n<li>Transfert de contenu efficace pour les experts m\u00e9tier<\/li>\n\n\n\n<li>Formation \u00e0 DITA Open Toolkit<\/li>\n\n\n\n<li>Formation \u00e0 l&rsquo;administration du syst\u00e8me pour les installations locales<\/li>\n\n\n\n<li>Aide \u00e0 l\u2019int\u00e9gration Agile de vos processus de documentation de gestion de contenu par composant<\/li>\n\n\n\n<li>Aide \u00e0 l\u2019\u00e9laboration d&rsquo;une strat\u00e9gie de contenu exhaustive<\/li>\n<\/ul>\n<\/div><\/div>\n\n\n\n<p><\/p>\n<\/div>\n\n\n\n<div class=\"wp-block-column is-layout-flow wp-block-column-is-layout-flow\">\n<div class=\"wp-block-group has-theme-white-background-color has-background\"><div class=\"wp-block-group__inner-container is-layout-flow wp-block-group-is-layout-flow\">\n<h2 class=\"wp-block-heading has-text-align-center is-style-default has-picton-blue-color has-text-color has-para-lead-font-size\"><span class=\"is-style-font-weight-light\">Assistance en continu<\/span><\/h2>\n\n\n\n<div class=\"wp-block-cgb-icon-button aligncenter undefined is-style-icon-md has-picton-blue-color  is-style-icon-no-fill\"><div class=\"icon-button link-disabled\"><i class=\"fa fas\"><span class=\"sr-only\">question<\/span>\uf059<\/i><\/div><\/div>\n\n\n\n<ul class=\"is-style-service-list-centered wp-block-list\">\n<li>Assistance pour les mises \u00e0 jour<\/li>\n\n\n\n<li>Planification et int\u00e9gration des nouvelles \u00e9quipes<\/li>\n\n\n\n<li>Consultance autour de DITA<\/li>\n\n\n\n<li>RSI\/ROI r\u00e9ussi et collecte de m\u00e9triques strat\u00e9giques<\/li>\n<\/ul>\n<\/div><\/div>\n\n\n\n<p><\/p>\n<\/div>\n<\/div>\n<\/div><\/div>\n\n\n\n<div class=\"wp-block-group alignfull has-theme-white-background-color has-background\"><div class=\"wp-block-group__inner-container is-layout-flow wp-block-group-is-layout-flow\">\n<h2 class=\"wp-block-heading has-text-align-center is-style-heading-style-1\">Ce qu\u2019ils en disent<\/h2>\n\n\n<style>.carousel-inner { height:400px }.carousel-inner .carousel-item { height:400px }.carousel-inner figure img{ max-height:400px }<\/style><div id=\"carousel_sap\" class=\" carousel slide wp-carousel-block  wp-block-cgb-carousel\" data-ride=\"carousel\" data-interval=\"5000\" data-pause=\"hover\" role=\"complementary\" aria-labelledby=\"sap_title\" aria-describedby=\"sap_desc\">\n\t\t\t<h2 id=\"sap_title\" class=\"sr-only\">SAP &#8211; Carousel Display<\/h2>\n\t\t\t<p id=\"sap_desc\" class=\"sr-only\">This is the SAP &#8211; Carousel Display. The author has not provided a description.<\/p>\n\t<div class=\"carousel-inner \"><div class=\"carousel-item active\" role=\"tabpanel\" id=\"tabpanel-sap-0\" aria-labelledby=\"tab-sap-0\"><div class=\"auto-carousel-caption\">\n<div class=\"wp-block-group testimonial-group\"><div class=\"wp-block-group__inner-container is-layout-flow wp-block-group-is-layout-flow\">\n<div class=\"wp-block-image is-style-default\"><figure class=\"aligncenter size-large\"><img loading=\"lazy\" decoding=\"async\" width=\"300\" height=\"130\" src=\"https:\/\/www.ixiasoft.com\/wp-content\/uploads\/2017\/09\/Testimonial-Anna-Hartman.png\" alt=\"\" class=\"wp-image-2732\"\/><\/figure><\/div>\n\n\n\n<blockquote class=\"wp-block-quote has-text-align-center is-style-large is-layout-flow wp-block-quote-is-layout-flow\"><p>\u00ab&nbsp;IXIASOFT fait preuve d\u2019honn\u00eatet\u00e9, de dynamisme et de r\u00e9activit\u00e9. Sa vision \u00e0 long terme de son syst\u00e8me&nbsp;CMS est claire et l\u2019entreprise sait \u00e9couter ses clients pour int\u00e9grer de nouvelles fonctionnalit\u00e9s et maintenir sa solution \u00e0 la pointe.&nbsp;\u00bb<\/p><cite><em>Anna Hartman &#8211; Responsable des solutions de publication technique chez SAP<\/em><\/cite><\/blockquote>\n<\/div><\/div>\n<\/div><\/div><\/div><\/div><\/div><\/div>\n\n\n\n<div class=\"wp-block-group alignfull py-0 is-style-cta-group has-theme-white-color has-theme-primary-light-background-color has-text-color has-background\"><div class=\"wp-block-group__inner-container is-layout-flow wp-block-group-is-layout-flow\">\n<div class=\"wp-block-columns are-vertically-aligned-center is-style-mb-0 is-layout-flex wp-container-core-columns-is-layout-9d6595d7 wp-block-columns-is-layout-flex\">\n<div class=\"wp-block-column is-vertically-aligned-center is-layout-flow wp-block-column-is-layout-flow\" style=\"flex-basis:66.66%\">\n<p class=\"has-text-align-left mb-0\">Vous souhaitez mettre en place un CCMS&nbsp;? D\u00e9couvrez nos offres tarifaires et une vari\u00e9t\u00e9 d&rsquo;extensions professionnelles DITA CCMS.<\/p>\n<\/div>\n\n\n\n<div class=\"wp-block-column is-vertically-aligned-center is-layout-flow wp-block-column-is-layout-flow\" style=\"flex-basis:33.33%\">\n<div class=\"wp-block-buttons is-horizontal is-content-justification-right is-layout-flex wp-container-core-buttons-is-layout-ae2fe186 wp-block-buttons-is-layout-flex\">\n<div class=\"wp-block-button is-style-outline is-style-outline--1\"><a class=\"wp-block-button__link has-theme-white-color has-theme-primary-light-background-color has-text-color has-background wp-element-button\" href=\"https:\/\/www.ixiasoft.com\/fr\/produits-et-services\/tarifs\/\"><span class=\"is-style-all-caps\">Prix<\/span><\/a><\/div>\n<\/div>\n<\/div>\n<\/div>\n<\/div><\/div>\n","protected":false},"excerpt":{"rendered":"<p>NOS SERVICES PROFESSIONNELS Mod\u00e9lisation de contenu Migration de contenu Configuration et personnalisation Publication Formation \u00e0 la solution Assistance en continu&#8230;<\/p>\n","protected":false},"author":26,"featured_media":0,"parent":53300,"menu_order":0,"comment_status":"closed","ping_status":"closed","template":"","meta":{"footnotes":""},"class_list":["post-51159","page","type-page","status-publish","hentry"],"mb":[],"featured_image_urls":{"full":"","thumbnail":"","medium":"","medium_large":"","large":"","1536x1536":"","2048x2048":"","ultp_layout_landscape_large":"","ultp_layout_landscape":"","ultp_layout_portrait":"","ultp_layout_square":""},"post_excerpt_stackable":"<p>Produits et services Ce que nous proposons Nous proposons bien plus qu\u2019un produit. Notre \u00e9quipe d\u2019experts se tient \u00e0 votre disposition pour d\u00e9ployer votre CCMS. Trouvez la solution de gestion de contenu par composant id\u00e9ale pour votre entreprise aujourd\u2019hui. NOS SERVICES PROFESSIONNELS Mod\u00e9lisation de contenu Checkmark\uf14a Strat\u00e9gies de r\u00e9utilisation D\u00e9finition et\/ou validation de mod\u00e8les d\u2019information D\u00e9veloppement de sp\u00e9cialisations et de contraintes Meilleures pratiques DITA et de gestion de contenu par composant Conception et optimisation des cl\u00e9s Aide \u00e0 la cr\u00e9ation de guides de style DITA Personnalisation du code de v\u00e9rification d\u2019erreurs Schematron Cr\u00e9ation d&rsquo;architectures de contenu adapt\u00e9es au public vis\u00e9\u2026<\/p>\n","category_list":"","author_info":{"name":"MadCap IT","url":"https:\/\/www.ixiasoft.com\/fr\/author\/madcap_it\/"},"comments_num":"0 commentaire","featured_image_urls_v2":{"full":"","thumbnail":"","medium":"","medium_large":"","large":"","1536x1536":"","2048x2048":"","ultp_layout_landscape_large":"","ultp_layout_landscape":"","ultp_layout_portrait":"","ultp_layout_square":""},"post_excerpt_stackable_v2":"<p>Produits et services Ce que nous proposons Nous proposons bien plus qu\u2019un produit. Notre \u00e9quipe d\u2019experts se tient \u00e0 votre disposition pour d\u00e9ployer votre CCMS. Trouvez la solution de gestion de contenu par composant id\u00e9ale pour votre entreprise aujourd\u2019hui. NOS SERVICES PROFESSIONNELS Mod\u00e9lisation de contenu Checkmark\uf14a Strat\u00e9gies de r\u00e9utilisation D\u00e9finition et\/ou validation de mod\u00e8les d\u2019information D\u00e9veloppement de sp\u00e9cialisations et de contraintes Meilleures pratiques DITA et de gestion de contenu par composant Conception et optimisation des cl\u00e9s Aide \u00e0 la cr\u00e9ation de guides de style DITA Personnalisation du code de v\u00e9rification d\u2019erreurs Schematron Cr\u00e9ation d&rsquo;architectures de contenu adapt\u00e9es au public vis\u00e9\u2026<\/p>\n","category_list_v2":"","author_info_v2":{"name":"MadCap IT","url":"https:\/\/www.ixiasoft.com\/fr\/author\/madcap_it\/"},"comments_num_v2":"0 commentaire","mfb_rest_fields":["title","featured_image_urls","post_excerpt_stackable","category_list","author_info","comments_num","featured_image_urls_v2","post_excerpt_stackable_v2","category_list_v2","author_info_v2","comments_num_v2"],"_links":{"self":[{"href":"https:\/\/www.ixiasoft.com\/fr\/wp-json\/wp\/v2\/pages\/51159","targetHints":{"allow":["GET"]}}],"collection":[{"href":"https:\/\/www.ixiasoft.com\/fr\/wp-json\/wp\/v2\/pages"}],"about":[{"href":"https:\/\/www.ixiasoft.com\/fr\/wp-json\/wp\/v2\/types\/page"}],"author":[{"embeddable":true,"href":"https:\/\/www.ixiasoft.com\/fr\/wp-json\/wp\/v2\/users\/26"}],"replies":[{"embeddable":true,"href":"https:\/\/www.ixiasoft.com\/fr\/wp-json\/wp\/v2\/comments?post=51159"}],"version-history":[{"count":20,"href":"https:\/\/www.ixiasoft.com\/fr\/wp-json\/wp\/v2\/pages\/51159\/revisions"}],"predecessor-version":[{"id":60718,"href":"https:\/\/www.ixiasoft.com\/fr\/wp-json\/wp\/v2\/pages\/51159\/revisions\/60718"}],"up":[{"embeddable":true,"href":"https:\/\/www.ixiasoft.com\/fr\/wp-json\/wp\/v2\/pages\/53300"}],"wp:attachment":[{"href":"https:\/\/www.ixiasoft.com\/fr\/wp-json\/wp\/v2\/media?parent=51159"}],"curies":[{"name":"wp","href":"https:\/\/api.w.org\/{rel}","templated":true}]}}