{"id":51161,"date":"2021-03-19T08:30:45","date_gmt":"2021-03-19T12:30:45","guid":{"rendered":"https:\/\/www.ixiasoft.com\/services\/notre-expertise-dita\/"},"modified":"2023-09-28T14:42:34","modified_gmt":"2023-09-28T18:42:34","slug":"notre-expertise-dita","status":"publish","type":"page","link":"https:\/\/www.ixiasoft.com\/fr\/produits-et-services\/notre-expertise-dita\/","title":{"rendered":"Notre expertise DITA"},"content":{"rendered":"\n<div class=\"wp-block-cover alignfull is-light is-style-default\"><span aria-hidden=\"true\" class=\"wp-block-cover__background has-background-dim-0 has-background-dim\"><\/span><img loading=\"lazy\" decoding=\"async\" width=\"2048\" height=\"570\" class=\"wp-block-cover__image-background wp-image-1136\" alt=\"\" src=\"https:\/\/www.ixiasoft.com\/wp-content\/uploads\/2020\/11\/OurExpertise-header-2.jpg\" style=\"object-position:50% 37%\" data-object-fit=\"cover\" data-object-position=\"50% 37%\" srcset=\"https:\/\/www.ixiasoft.com\/wp-content\/uploads\/2020\/11\/OurExpertise-header-2.jpg 2048w, https:\/\/www.ixiasoft.com\/wp-content\/uploads\/2020\/11\/OurExpertise-header-2-300x83.jpg 300w, https:\/\/www.ixiasoft.com\/wp-content\/uploads\/2020\/11\/OurExpertise-header-2-1024x285.jpg 1024w, https:\/\/www.ixiasoft.com\/wp-content\/uploads\/2020\/11\/OurExpertise-header-2-768x214.jpg 768w, https:\/\/www.ixiasoft.com\/wp-content\/uploads\/2020\/11\/OurExpertise-header-2-1536x428.jpg 1536w\" sizes=\"auto, (max-width: 2048px) 100vw, 2048px\" \/><div class=\"wp-block-cover__inner-container is-layout-flow wp-block-cover-is-layout-flow\">\n<p class=\"has-text-align-center is-style-subheading has-theme-secondary-dark-color has-text-color\"><span class=\"is-style-all-caps\">Produits et services<\/span><\/p>\n\n\n\n<h1 class=\"wp-block-heading has-text-align-center is-style-heading-style-primary has-theme-black-color has-text-color\">Notre expertise<\/h1>\n\n\n\n<p class=\"has-text-align-center has-theme-black-color has-text-color has-medium-font-size\"><span class=\"is-style-font-weight-light\">Des experts DITA de renomm\u00e9e internationale \u00e0 votre disposition et heureux de vous aider.<\/span><\/p>\n<\/div><\/div>\n\n\n\n<div class=\"wp-block-group alignfull has-theme-light-background-color has-background\"><div class=\"wp-block-group__inner-container is-layout-flow wp-block-group-is-layout-flow\"><style>.carousel-inner { height:400px }.carousel-inner .carousel-item { height:400px }.carousel-inner figure img{ max-height:400px }@media (max-width: 767px) {.carousel-inner { height:450px }.carousel-inner .carousel-item { height:450px }}@media (max-width: 575px) {.carousel-inner { height:500px }.carousel-inner .carousel-item { height:500px }}<\/style><div id=\"carousel_hpe\" class=\" carousel slide wp-carousel-block  wp-block-cgb-carousel\" data-ride=\"carousel\" data-interval=\"5000\" data-pause=\"hover\" role=\"complementary\" aria-labelledby=\"hpe_title\" aria-describedby=\"hpe_desc\">\n\t\t\t<h2 id=\"hpe_title\" class=\"sr-only\">HPE &#8211; Carousel Display<\/h2>\n\t\t\t<p id=\"hpe_desc\" class=\"sr-only\">This is the HPE &#8211; Carousel Display. The author has not provided a description.<\/p>\n\t<div class=\"carousel-inner \"><div class=\"carousel-item active\" role=\"tabpanel\" id=\"tabpanel-hpe-0\" aria-labelledby=\"tab-hpe-0\"><div class=\"auto-carousel-caption\">\n<div class=\"wp-block-image\"><figure class=\"aligncenter size-large\"><img loading=\"lazy\" decoding=\"async\" width=\"300\" height=\"130\" src=\"https:\/\/www.ixiasoft.com\/wp-content\/uploads\/2020\/11\/Testimonial-AlanTroup2.png\" alt=\"\" class=\"wp-image-1143\"\/><\/figure><\/div>\n\n\n\n<blockquote class=\"wp-block-quote has-text-align-center is-style-large is-layout-flow wp-block-quote-is-layout-flow\"><p>\u00ab&nbsp;Les \u00e9quipes d&rsquo;IXIASOFT sont patientes, elles ont suppos\u00e9 que j&rsquo;avais effectivement rencontr\u00e9 un probl\u00e8me (ce dont doutaient les \u00e9quipes de support technique d&rsquo;autres soci\u00e9t\u00e9s), et elles ont pers\u00e9v\u00e9r\u00e9 jusqu&rsquo;\u00e0 ce que l&rsquo;origine du probl\u00e8me soit identifi\u00e9e. IXIASOFT a rapidement trouv\u00e9 une solution au probl\u00e8me, une solution qui a fonctionn\u00e9 du premier coup. Que peut-on demander de plus&nbsp;?&nbsp;\u00bb<\/p><cite>Alan Troup &#8211; R\u00e9dacteur technique &amp; Administrateur CMS chez HPE Nimble Storage&nbsp;&#8211;&nbsp;https:\/\/www.hpe.com\/ca\/fr\/storage\/nimble.html<br><\/cite><\/blockquote>\n<\/div><\/div><\/div><\/div>\n\n\n<hr class=\"wp-block-separator has-css-opacity is-style-wide\"\/>\n\n\n\n<p>Nous poss\u00e9dons une \u00e9quipe tr\u00e8s comp\u00e9tente &nbsp;<a href=\"https:\/\/www.ixiasoft.com\/a-propos-de-nous\/a-propos-de-nous\/?lang=fr\" data-type=\"page\" data-id=\"1333\"><\/a><a class=\"rank-math-link\" href=\"https:\/\/www.ixiasoft.com\/fr\/a-propos-de-nous\/ixiasoft-en-bref\/\" data-type=\"page\" data-id=\"51188\">d&rsquo;experts DITA<\/a>, de sp\u00e9cialistes IT, de chefs de projet exp\u00e9riment\u00e9s et de d\u00e9veloppeurs multi-stack.  Notre expertise en gestion de contenu fait de nous un interlocuteur comp\u00e9tent pour vous aider, du d\u00e9but \u00e0 la fin.<\/p>\n\n\n\n<p>Nous avons aid\u00e9 des multinationales comme SAP, BlackBerry et Komatsu \u00e0 r\u00e9duire leurs co\u00fbts et \u00e0 rationaliser leur processus de cr\u00e9ation de contenu.  Nous avons \u00e9galement mis en relation des r\u00e9dacteurs, des \u00e9diteurs et des experts m\u00e9tier talentueux \u00e0 travers le monde pour constituer des \u00e9quipes performantes de cr\u00e9ation de contenu.<\/p>\n\n\n\n<hr class=\"wp-block-separator has-css-opacity is-style-wide\"\/>\n\n\n\n<div class=\"wp-block-cgb-tabs is-style-default-navigation\"><nav class=\"nav nav-tabs flex-column flex-sm-row justify-content-center\" role=\"tablist\"><\/nav><div class=\"tab-content\" id=\"nav-tabContent-e0ec836f-58a5-49e1-81d0-45ac3185ca16\">\n<div class=\"wp-block-cgb-tab tab-pane fade show active\" id=\"nav-993e0060-534b-4a55-b8e0-6637f899807a\" role=\"tabpanel\" aria-labelledby=\"nav-993e0060-534b-4a55-b8e0-6637f899807a-tab\"><a class=\"text-sm-center nav-item tab-link has-theme-teal-1-color \" data-toggle=\"tab\" role=\"tab\" aria-selected=\"false\" id=\"nav-993e0060-534b-4a55-b8e0-6637f899807a-tab\" href=\"#nav-993e0060-534b-4a55-b8e0-6637f899807a\" aria-controls=\"nav-993e0060-534b-4a55-b8e0-6637f899807a\"><span>DITA<\/span><\/a>\n<p>Nos sp\u00e9cialistes DITA passent \u00e9norm\u00e9ment de temps et d&rsquo;\u00e9nergie \u00e0 fa\u00e7onner <a href=\"https:\/\/www.ixiasoft.com\/learning-support\/product-documentation\/documentation-guide\/?lang=fr\" data-type=\"page\" data-id=\"45051\"><\/a><a class=\"rank-math-link\" href=\"https:\/\/www.ixiasoft.com\/fr\/apprentissage-et-support\/documentation-guide\/\" data-type=\"page\" data-id=\"52668\"><span style=\"color: #fff;\" class=\"stk-highlight\">l&rsquo;avenir de DITA<\/span><\/a>.  IXIASOFT encourage la participation de ses employ\u00e9s \u00e0 des conf\u00e9rences internationales pour diffuser les bonnes pratiques et les processus DITA.<\/p>\n\n\n\n<p>Nos sp\u00e9cialistes contribuent \u00e0 des publications acad\u00e9miques sur les communications techniques, m\u00e8nent des recherches sur l\u2019utilisation de DITA \u00e0 travers le monde, et analysent les meilleurs cas et strat\u00e9gies de d\u00e9ploiement de DITA.<\/p>\n<\/div>\n\n\n\n<div class=\"wp-block-cgb-tab tab-pane fade\" id=\"nav-403480e7-2921-44bc-883e-4482dc7ae5bb\" role=\"tabpanel\" aria-labelledby=\"nav-403480e7-2921-44bc-883e-4482dc7ae5bb-tab\"><a class=\"text-sm-center nav-item tab-link has-theme-teal-1-color \" data-toggle=\"tab\" role=\"tab\" aria-selected=\"false\" id=\"nav-403480e7-2921-44bc-883e-4482dc7ae5bb-tab\" href=\"#nav-403480e7-2921-44bc-883e-4482dc7ae5bb\" aria-controls=\"nav-403480e7-2921-44bc-883e-4482dc7ae5bb\"><span>IT<\/span><\/a>\n<p>Notre \u00e9quipe&nbsp;IT poss\u00e8de les connaissances techniques et l\u2019exp\u00e9rience n\u00e9cessaire pour vous aider \u00e0 cr\u00e9er une infrastructure efficace et fiable de cr\u00e9ation de contenu dans votre entreprise.<\/p>\n\n\n\n<p>Dans les logiciels de gestion de contenu, la r\u00e9activit\u00e9 est la cl\u00e9.  Notre \u00e9quipe&nbsp;IT travaille inlassablement pour que les cr\u00e9ateurs de contenu puissent travailler dans un environnement efficace et fiable.<\/p>\n<\/div>\n\n\n\n<div class=\"wp-block-cgb-tab tab-pane fade\" id=\"nav-8f197874-c9c5-4f8e-977e-d5b35839769e\" role=\"tabpanel\" aria-labelledby=\"nav-8f197874-c9c5-4f8e-977e-d5b35839769e-tab\"><a class=\"text-sm-center nav-item tab-link has-theme-teal-1-color \" data-toggle=\"tab\" role=\"tab\" aria-selected=\"false\" id=\"nav-8f197874-c9c5-4f8e-977e-d5b35839769e-tab\" href=\"#nav-8f197874-c9c5-4f8e-977e-d5b35839769e\" aria-controls=\"nav-8f197874-c9c5-4f8e-977e-d5b35839769e\"><span>D\u00c9VELOPPEMENT<\/span><\/a>\n<p>Notre syst\u00e8me peut \u00eatre personnalis\u00e9 en fonction des outils existants ou des processus d\u00e9j\u00e0 en place.  Voici quelques exemples de d\u00e9veloppements personnalis\u00e9s&nbsp;:&nbsp;<\/p>\n\n\n\n<ul class=\"wp-block-list\">\n<li>D\u00e9veloppement de feuilles de style personnalis\u00e9es, notamment pour cr\u00e9er des PDF professionnels int\u00e9grant l\u2019image de marque et la charte graphique de votre entreprise<\/li>\n\n\n\n<li>Personnalisation de plugins DITA-OT pour une meilleure int\u00e9gration de la cha\u00eene de publication<\/li>\n\n\n\n<li>Int\u00e9gration dans d&rsquo;autres outils tiers, comme des connexions automatis\u00e9es \u00e0 des syst\u00e8mes de suivi de bugs<\/li>\n<\/ul>\n<\/div>\n\n\n\n<div class=\"wp-block-cgb-tab tab-pane fade\" id=\"nav-e99736e3-e7c5-4ff9-8ddd-4f9b546a53c3\" role=\"tabpanel\" aria-labelledby=\"nav-e99736e3-e7c5-4ff9-8ddd-4f9b546a53c3-tab\"><a class=\"text-sm-center nav-item tab-link has-theme-teal-1-color \" data-toggle=\"tab\" role=\"tab\" aria-selected=\"false\" id=\"nav-e99736e3-e7c5-4ff9-8ddd-4f9b546a53c3-tab\" href=\"#nav-e99736e3-e7c5-4ff9-8ddd-4f9b546a53c3\" aria-controls=\"nav-e99736e3-e7c5-4ff9-8ddd-4f9b546a53c3\"><span>GESTION DE PROJET<\/span><\/a>\n<p>Nos sp\u00e9cialistes fournissent des recommandations et des conseils aux experts m\u00e9tier, optimisent CCMS DITA pour le suivi des projets ainsi, et travaillent avec JIRA et d&rsquo;autres outils tiers.  De plus, nous vous accompagnons dans l\u2019optimisation des processus de localisation et d\u2019int\u00e9gration.<\/p>\n<\/div>\n<\/div><\/div>\n\n\n\n<hr class=\"wp-block-separator has-css-opacity is-style-wide\"\/>\n\n\n\n<div class=\"wp-block-buttons is-horizontal is-content-justification-center is-layout-flex wp-container-core-buttons-is-layout-499968f5 wp-block-buttons-is-layout-flex\">\n<div class=\"wp-block-button is-style-fill\"><a class=\"wp-block-button__link has-theme-white-color has-theme-secondary-background-color has-text-color has-background wp-element-button\" href=\"https:\/\/www.ixiasoft.com\/fr\/produits-et-services\/tarifs\/\">Voir notre page de tarifs<\/a><\/div>\n<\/div>\n\n\n\n<p><\/p>\n<\/div><\/div>\n\n\n\n<div class=\"wp-block-cover alignfull\" style=\"min-height:336px;aspect-ratio:unset;\"><img loading=\"lazy\" decoding=\"async\" width=\"2048\" height=\"450\" class=\"wp-block-cover__image-background wp-image-1148\" alt=\"\" src=\"https:\/\/www.ixiasoft.com\/wp-content\/uploads\/2020\/11\/OurExpertise2.jpg\" data-object-fit=\"cover\" srcset=\"https:\/\/www.ixiasoft.com\/wp-content\/uploads\/2020\/11\/OurExpertise2.jpg 2048w, https:\/\/www.ixiasoft.com\/wp-content\/uploads\/2020\/11\/OurExpertise2-300x66.jpg 300w, https:\/\/www.ixiasoft.com\/wp-content\/uploads\/2020\/11\/OurExpertise2-1024x225.jpg 1024w, https:\/\/www.ixiasoft.com\/wp-content\/uploads\/2020\/11\/OurExpertise2-768x169.jpg 768w, https:\/\/www.ixiasoft.com\/wp-content\/uploads\/2020\/11\/OurExpertise2-1536x338.jpg 1536w\" sizes=\"auto, (max-width: 2048px) 100vw, 2048px\" \/><div class=\"wp-block-cover__inner-container is-layout-flow wp-block-cover-is-layout-flow\">\n\n<p class=\"has-text-align-center has-large-font-size\"><\/p>\n\n<\/div><\/div>\n","protected":false},"excerpt":{"rendered":"<p>Nous poss\u00e9dons une \u00e9quipe tr\u00e8s comp\u00e9tente &nbsp;d&rsquo;experts DITA, de sp\u00e9cialistes IT, de chefs de projet exp\u00e9riment\u00e9s et de d\u00e9veloppeurs multi-stack&#8230;.<\/p>\n","protected":false},"author":26,"featured_media":0,"parent":53300,"menu_order":0,"comment_status":"closed","ping_status":"closed","template":"","meta":{"footnotes":""},"class_list":["post-51161","page","type-page","status-publish","hentry"],"mb":[],"featured_image_urls":{"full":"","thumbnail":"","medium":"","medium_large":"","large":"","1536x1536":"","2048x2048":"","ultp_layout_landscape_large":"","ultp_layout_landscape":"","ultp_layout_portrait":"","ultp_layout_square":""},"post_excerpt_stackable":"<p>Produits et services Notre expertise Des experts DITA de renomm\u00e9e internationale \u00e0 votre disposition et heureux de vous aider. HPE &#8211; Carousel Display This is the HPE &#8211; Carousel Display. The author has not provided a description. \u00ab&nbsp;Les \u00e9quipes d&rsquo;IXIASOFT sont patientes, elles ont suppos\u00e9 que j&rsquo;avais effectivement rencontr\u00e9 un probl\u00e8me (ce dont doutaient les \u00e9quipes de support technique d&rsquo;autres soci\u00e9t\u00e9s), et elles ont pers\u00e9v\u00e9r\u00e9 jusqu&rsquo;\u00e0 ce que l&rsquo;origine du probl\u00e8me soit identifi\u00e9e. IXIASOFT a rapidement trouv\u00e9 une solution au probl\u00e8me, une solution qui a fonctionn\u00e9 du premier coup. Que peut-on demander de plus&nbsp;?&nbsp;\u00bbAlan Troup &#8211; R\u00e9dacteur technique &amp; Administrateur\u2026<\/p>\n","category_list":"","author_info":{"name":"MadCap IT","url":"https:\/\/www.ixiasoft.com\/fr\/author\/madcap_it\/"},"comments_num":"0 commentaire","featured_image_urls_v2":{"full":"","thumbnail":"","medium":"","medium_large":"","large":"","1536x1536":"","2048x2048":"","ultp_layout_landscape_large":"","ultp_layout_landscape":"","ultp_layout_portrait":"","ultp_layout_square":""},"post_excerpt_stackable_v2":"<p>Produits et services Notre expertise Des experts DITA de renomm\u00e9e internationale \u00e0 votre disposition et heureux de vous aider. HPE &#8211; Carousel Display This is the HPE &#8211; Carousel Display. The author has not provided a description. \u00ab&nbsp;Les \u00e9quipes d&rsquo;IXIASOFT sont patientes, elles ont suppos\u00e9 que j&rsquo;avais effectivement rencontr\u00e9 un probl\u00e8me (ce dont doutaient les \u00e9quipes de support technique d&rsquo;autres soci\u00e9t\u00e9s), et elles ont pers\u00e9v\u00e9r\u00e9 jusqu&rsquo;\u00e0 ce que l&rsquo;origine du probl\u00e8me soit identifi\u00e9e. IXIASOFT a rapidement trouv\u00e9 une solution au probl\u00e8me, une solution qui a fonctionn\u00e9 du premier coup. Que peut-on demander de plus&nbsp;?&nbsp;\u00bbAlan Troup &#8211; R\u00e9dacteur technique &amp; Administrateur\u2026<\/p>\n","category_list_v2":"","author_info_v2":{"name":"MadCap IT","url":"https:\/\/www.ixiasoft.com\/fr\/author\/madcap_it\/"},"comments_num_v2":"0 commentaire","mfb_rest_fields":["title","featured_image_urls","post_excerpt_stackable","category_list","author_info","comments_num","featured_image_urls_v2","post_excerpt_stackable_v2","category_list_v2","author_info_v2","comments_num_v2"],"_links":{"self":[{"href":"https:\/\/www.ixiasoft.com\/fr\/wp-json\/wp\/v2\/pages\/51161","targetHints":{"allow":["GET"]}}],"collection":[{"href":"https:\/\/www.ixiasoft.com\/fr\/wp-json\/wp\/v2\/pages"}],"about":[{"href":"https:\/\/www.ixiasoft.com\/fr\/wp-json\/wp\/v2\/types\/page"}],"author":[{"embeddable":true,"href":"https:\/\/www.ixiasoft.com\/fr\/wp-json\/wp\/v2\/users\/26"}],"replies":[{"embeddable":true,"href":"https:\/\/www.ixiasoft.com\/fr\/wp-json\/wp\/v2\/comments?post=51161"}],"version-history":[{"count":23,"href":"https:\/\/www.ixiasoft.com\/fr\/wp-json\/wp\/v2\/pages\/51161\/revisions"}],"predecessor-version":[{"id":60745,"href":"https:\/\/www.ixiasoft.com\/fr\/wp-json\/wp\/v2\/pages\/51161\/revisions\/60745"}],"up":[{"embeddable":true,"href":"https:\/\/www.ixiasoft.com\/fr\/wp-json\/wp\/v2\/pages\/53300"}],"wp:attachment":[{"href":"https:\/\/www.ixiasoft.com\/fr\/wp-json\/wp\/v2\/media?parent=51161"}],"curies":[{"name":"wp","href":"https:\/\/api.w.org\/{rel}","templated":true}]}}