{"id":51164,"date":"2021-03-19T08:30:48","date_gmt":"2021-03-19T12:30:48","guid":{"rendered":"https:\/\/www.ixiasoft.com\/services\/temoignages-dutilisateurs-des-cms\/"},"modified":"2023-09-28T15:25:03","modified_gmt":"2023-09-28T19:25:03","slug":"temoignages-dutilisateurs-de-ccms","status":"publish","type":"page","link":"https:\/\/www.ixiasoft.com\/fr\/pourquoi-ixiasoft\/temoignages-dutilisateurs-de-ccms\/","title":{"rendered":"T\u00e9moignages d&rsquo;utilisateurs de CCMS"},"content":{"rendered":"\n<div class=\"wp-block-cover alignfull is-light has-theme-white-background-color\"><span aria-hidden=\"true\" class=\"wp-block-cover__background has-theme-white-background-color has-background-dim-0 has-background-dim\"><\/span><img loading=\"lazy\" decoding=\"async\" width=\"2048\" height=\"640\" class=\"wp-block-cover__image-background wp-image-4411\" alt=\"\" src=\"https:\/\/www.ixiasoft.com\/wp-content\/uploads\/2019\/07\/ReviewsHeader2.jpg\" data-object-fit=\"cover\" srcset=\"https:\/\/www.ixiasoft.com\/wp-content\/uploads\/2019\/07\/ReviewsHeader2.jpg 2048w, https:\/\/www.ixiasoft.com\/wp-content\/uploads\/2019\/07\/ReviewsHeader2-300x94.jpg 300w, https:\/\/www.ixiasoft.com\/wp-content\/uploads\/2019\/07\/ReviewsHeader2-1024x320.jpg 1024w, https:\/\/www.ixiasoft.com\/wp-content\/uploads\/2019\/07\/ReviewsHeader2-768x240.jpg 768w, https:\/\/www.ixiasoft.com\/wp-content\/uploads\/2019\/07\/ReviewsHeader2-1536x480.jpg 1536w\" sizes=\"auto, (max-width: 2048px) 100vw, 2048px\" \/><div class=\"wp-block-cover__inner-container is-layout-flow wp-block-cover-is-layout-flow\">\n<p class=\"has-text-align-center is-style-subheading has-theme-secondary-dark-color has-text-color\"><span class=\"is-style-all-caps\">POURQUOI IXIA CCMS ?<\/span><\/p>\n\n\n\n<h1 class=\"wp-block-heading has-text-align-center is-style-heading-style-primary has-theme-white-color has-text-color\">T\u00e9moignages d&rsquo;utilisateurs de CCMS<\/h1>\n\n\n\n<p class=\"has-text-align-center mb-0 has-theme-white-color has-text-color has-medium-font-size\"><span class=\"is-style-font-weight-light\">Que pense la communaut\u00e9 comm tech d&rsquo;IXIA CCMS ?<\/span><\/p>\n<\/div><\/div>\n\n\n\n<div class=\"wp-block-group alignfull has-theme-light-background-color has-background\"><div class=\"wp-block-group__inner-container is-layout-flow wp-block-group-is-layout-flow\">\n<p class=\"has-text-align-center mb-4\">D\u00e9couvrez ce que nos clients, partenaires et amis disent de nous.<\/p>\n\n\n<div class=\"wp-block-cgb-testimonial-posts row\"><div class=\"card-column col-lg-4 col-md-6\">\n                                <div class=\"wp-block-cgb-card card h-100\">\n                                    \n\t\t\t\t\t\t\t\t\t<div class=\"card-body \"> <figure class=\"text-center\">\n\t\t\t\t  <img decoding=\"async\" src=\"https:\/\/www.ixiasoft.com\/wp-content\/uploads\/2023\/07\/Jouni-Lehtela2.jpg\"\n\t\t\t\t\tsrcset=\"\"\n\t\t\t\t\tsizes=\"(max-width: 50em) 100vw, 100%\" class=\"img-fluid\" alt=\"Jouni Lehtel\u00e4\" loading=\"lazy\"><\/figure><p class=\"testimonial-excerpt-title text-center has-lochinvar-color\">Jouni Lehtel\u00e4,<\/p><p class=\"testimonial-excerpt-title text-center has-lochinvar-color\">Senior Technical Documentation Specialist at Metso<\/p><blockquote class=\"wp-block-quote testimonial-landing-blockquote is-style-default blockquote-has-lochinvar-color\"><p>With IXIASOFT CCMS, the time it took to create our manuals was reduced considerably. Our technical writers no longer had to work with 10 different manuals and workflows and this represented an efficiency gain of 30% for our most popular product.<\/p>\n<\/blockquote><\/div><\/div><\/div><div class=\"card-column col-lg-4 col-md-6\">\n                                <div class=\"wp-block-cgb-card card h-100\">\n                                    \n\t\t\t\t\t\t\t\t\t<div class=\"card-body \"> <figure class=\"text-center\">\n\t\t\t\t  <img decoding=\"async\" src=\"https:\/\/www.ixiasoft.com\/wp-content\/uploads\/2019\/06\/JoAnn-Hackos.png\"\n\t\t\t\t\tsrcset=\"\"\n\t\t\t\t\tsizes=\"(max-width: 50em) 100vw, 100%\" class=\"img-fluid\" alt=\"JoAnn Hackos - CIDM\" loading=\"lazy\"><\/figure><p class=\"testimonial-excerpt-title text-center has-theme-secondary-color\">JoAnn Hackos<\/p><p class=\"testimonial-excerpt-title text-center has-theme-secondary-color\">Fondatrice et ancienne directrice du CIDM<\/p><blockquote class=\"wp-block-quote testimonial-landing-blockquote is-style-default blockquote-has-theme-secondary-color\"><p>Depuis le tout d\u00e9but, les \u00e9quipes d&rsquo;IXIASOFT sont au c\u0153ur de la r\u00e9volution DITA dans le monde du d\u00e9veloppement de l&rsquo;information. Elles ont soutenu le d\u00e9veloppement du standard DITA et ont veill\u00e9 \u00e0 ce que les utilisateurs impliqu\u00e9s dans la gestion de contenu disposent des outils n\u00e9cessaires \u00e0 leur r\u00e9ussite financi\u00e8re et organisationnelle. J\u2019ai toujours eu beaucoup de plaisir \u00e0 travailler avec l&rsquo;\u00e9quipe d&rsquo;IXIASOFT.<\/p>\n<\/blockquote><\/div><\/div><\/div><div class=\"card-column col-lg-4 col-md-6\">\n                                <div class=\"wp-block-cgb-card card h-100\">\n                                    \n\t\t\t\t\t\t\t\t\t<div class=\"card-body \"> <figure class=\"text-center\">\n\t\t\t\t  <img decoding=\"async\" src=\"https:\/\/www.ixiasoft.com\/wp-content\/uploads\/2019\/07\/SAP.png\"\n\t\t\t\t\tsrcset=\"\"\n\t\t\t\t\tsizes=\"(max-width: 50em) 100vw, 100%\" class=\"img-fluid\" alt=\"Anna Hartman\" loading=\"lazy\"><\/figure><p class=\"testimonial-excerpt-title text-center has-purple-color\">Manager at SAP<\/p><blockquote class=\"wp-block-quote testimonial-landing-blockquote is-style-default blockquote-has-purple-color\"><p>Avant, nous aurions envoy\u00e9 les fichiers Frame aux prestataires de localisation qui auraient g\u00e9r\u00e9 l\u2019ensemble du processus\u00a0: traitement, traduction et g\u00e9n\u00e9ration de la sortie. Aujourd\u2019hui, avec IXIASOFT, tout le processus est r\u00e9int\u00e9gr\u00e9 dans nos processus rationalis\u00e9s, en dehors de la traduction elle-m\u00eame. Maintenant, avec une r\u00e9utilisation de contenu digne de ce nom, nous sommes s\u00fbrs que seul le nouveau contenu est envoy\u00e9 en traduction.<\/p>\n<\/blockquote><\/div><\/div><\/div><div class=\"card-column col-lg-4 col-md-6\">\n                                <div class=\"wp-block-cgb-card card h-100\">\n                                    \n\t\t\t\t\t\t\t\t\t<div class=\"card-body \"> <figure class=\"text-center\">\n\t\t\t\t  <img decoding=\"async\" src=\"https:\/\/www.ixiasoft.com\/wp-content\/uploads\/2019\/06\/TiffanyLaine\u0301.png\"\n\t\t\t\t\tsrcset=\"\"\n\t\t\t\t\tsizes=\"(max-width: 50em) 100vw, 100%\" class=\"img-fluid\" alt=\"Tiffany Lain\u00e9 - Lyra\" loading=\"lazy\"><\/figure><p class=\"testimonial-excerpt-title text-center has-picton-blue-color\">Tiffany Lain\u00e9 <\/p><p class=\"testimonial-excerpt-title text-center has-picton-blue-color\">Product Owner at Lyra<\/p><blockquote class=\"wp-block-quote testimonial-landing-blockquote is-style-default blockquote-has-picton-blue-color\"><p>En \u00e9tablissant un style de cr\u00e9ation simple et structur\u00e9, et en organisant le texte et les m\u00e9tadonn\u00e9es, IXIASOFT CCMS simplifie la mise en \u0153uvre du minimalisme et permet de r\u00e9duire les d\u00e9lais de production. Ce syst\u00e8me est particuli\u00e8rement bien adapt\u00e9 \u00e0 notre mode actuel de cr\u00e9ation et d\u2019utilisation du contenu.<\/p>\n<\/blockquote><\/div><\/div><\/div><div class=\"card-column col-lg-4 col-md-6\">\n                                <div class=\"wp-block-cgb-card card h-100\">\n                                    \n\t\t\t\t\t\t\t\t\t<div class=\"card-body \"> <figure class=\"text-center\">\n\t\t\t\t  <img decoding=\"async\" src=\"https:\/\/www.ixiasoft.com\/wp-content\/uploads\/2019\/06\/RaymonBissonnette.png\"\n\t\t\t\t\tsrcset=\"\"\n\t\t\t\t\tsizes=\"(max-width: 50em) 100vw, 100%\" class=\"img-fluid\" alt=\"Raymon Bissonnette\" loading=\"lazy\"><\/figure><p class=\"testimonial-excerpt-title text-center has-lightning-yellow-color\">Raymond Bissonnette<\/p><p class=\"testimonial-excerpt-title text-center has-lightning-yellow-color\">Senior Training Advisor at \u00c9nergir<\/p><blockquote class=\"wp-block-quote testimonial-landing-blockquote is-style-default blockquote-has-lightning-yellow-color\"><p>Adopter le format XML et un CCMS dot\u00e9 d&rsquo;une architecture et de processus solides est l&rsquo;une des meilleures d\u00e9cisions que vous puissiez prendre pour assurer la p\u00e9rennit\u00e9 de votre organisation. Avec l&rsquo;architecture DITA, la r\u00e9daction structur\u00e9e et la solution IXIASOFT CCMS, nous pouvons accomplir de grandes choses.<\/p>\n<\/blockquote><\/div><\/div><\/div><div class=\"card-column col-lg-4 col-md-6\">\n                                <div class=\"wp-block-cgb-card card h-100\">\n                                    \n\t\t\t\t\t\t\t\t\t<div class=\"card-body \"> <figure class=\"text-center\">\n\t\t\t\t  <img decoding=\"async\" src=\"https:\/\/www.ixiasoft.com\/wp-content\/uploads\/2020\/10\/Testimonial-Anna-Hartman.png\"\n\t\t\t\t\tsrcset=\"\"\n\t\t\t\t\tsizes=\"(max-width: 50em) 100vw, 100%\" class=\"img-fluid\" alt=\"Anna Hartman\" loading=\"lazy\"><\/figure><p class=\"testimonial-excerpt-title text-center has-purple-color\">Anna Hartman<\/p><p class=\"testimonial-excerpt-title text-center has-purple-color\">Technical Publications Solutions Manager at SAP<\/p><blockquote class=\"wp-block-quote testimonial-landing-blockquote is-style-default blockquote-has-purple-color\"><p>IXIASOFT fait preuve d\u2019honn\u00eatet\u00e9, de dynamisme et de r\u00e9activit\u00e9. Sa vision \u00e0 long terme de son syst\u00e8me\u00a0CMS est claire et l\u2019entreprise sait \u00e9couter ses clients pour int\u00e9grer de nouvelles fonctionnalit\u00e9s et maintenir sa solution \u00e0 la pointe.<\/p>\n<\/blockquote><\/div><\/div><\/div><div class=\"card-column col-lg-4 col-md-6\">\n                                <div class=\"wp-block-cgb-card card h-100\">\n                                    \n\t\t\t\t\t\t\t\t\t<div class=\"card-body \"> <figure class=\"text-center\">\n\t\t\t\t  <img decoding=\"async\" src=\"https:\/\/www.ixiasoft.com\/wp-content\/uploads\/2019\/07\/Omron.png\"\n\t\t\t\t\tsrcset=\"\"\n\t\t\t\t\tsizes=\"(max-width: 50em) 100vw, 100%\" class=\"img-fluid\" alt=\"Omron\" loading=\"lazy\"><\/figure><p class=\"testimonial-excerpt-title text-center has-eucalyptus-color\">Masaki Hori<\/p><p class=\"testimonial-excerpt-title text-center has-eucalyptus-color\">Strategic Planner at Omron<\/p><blockquote class=\"wp-block-quote testimonial-landing-blockquote is-style-default blockquote-has-eucalyptus-color\"><p>La cr\u00e9ation et la gestion de contenu DITA ont repr\u00e9sent\u00e9 un grand d\u00e9fi pour nous. L&rsquo;utilisation de CCMS \u00e9tant inexistante au Japon, la d\u00e9cision d&rsquo;adopter un CCMS a \u00e9t\u00e9 courageuse. D&rsquo;autant plus que notre langue de gestion, le japonais, pr\u00e9sente une structure diff\u00e9rente de celle des langues occidentales. Mais, gr\u00e2ce au soutien de l&rsquo;\u00e9quipe IXIASOFT Japon, nous avons pu mettre en \u0153uvre notre processus de documentation sans aucun incident, et r\u00e9duire consid\u00e9rablement les co\u00fbts de traduction. Arigato IXIASOFT\u00a0!<\/p>\n<\/blockquote><\/div><\/div><\/div><div class=\"card-column col-lg-4 col-md-6\">\n                                <div class=\"wp-block-cgb-card card h-100\">\n                                    \n\t\t\t\t\t\t\t\t\t<div class=\"card-body \"> <figure class=\"text-center\">\n\t\t\t\t  <img decoding=\"async\" src=\"https:\/\/www.ixiasoft.com\/wp-content\/uploads\/2020\/11\/Testimonial-AlanTroup2.png\"\n\t\t\t\t\tsrcset=\"\"\n\t\t\t\t\tsizes=\"(max-width: 50em) 100vw, 100%\" class=\"img-fluid\" alt=\"Alan Troup - CCMS Administrator at Hewlett Packard Enterprise\" loading=\"lazy\"><\/figure><p class=\"testimonial-excerpt-title text-center has-theme-secondary-color\">Alan Troup<\/p><p class=\"testimonial-excerpt-title text-center has-theme-secondary-color\">Technical Writer and CMS Administrator at HPE Nimble Storage<\/p><blockquote class=\"wp-block-quote testimonial-landing-blockquote is-style-default blockquote-has-theme-secondary-color\"><p>Les \u00e9quipes d&rsquo;IXIASOFT sont patientes, elles ont suppos\u00e9 que j&rsquo;avais effectivement rencontr\u00e9 un probl\u00e8me (ce dont doutaient les \u00e9quipes de support technique d&rsquo;autres soci\u00e9t\u00e9s), et elles ont pers\u00e9v\u00e9r\u00e9 jusqu&rsquo;\u00e0 ce que l&rsquo;origine du probl\u00e8me soit identifi\u00e9e. IXIASOFT a rapidement trouv\u00e9 une solution au probl\u00e8me, une solution qui a fonctionn\u00e9 du premier coup. Que peut-on demander de plus\u00a0?<\/p>\n<\/blockquote><\/div><\/div><\/div><div class=\"card-column col-lg-4 col-md-6\">\n                                <div class=\"wp-block-cgb-card card h-100\">\n                                    \n\t\t\t\t\t\t\t\t\t<div class=\"card-body \"> <figure class=\"text-center\">\n\t\t\t\t  <img decoding=\"async\" src=\"https:\/\/www.ixiasoft.com\/wp-content\/uploads\/2019\/07\/Intel.png\"\n\t\t\t\t\tsrcset=\"\"\n\t\t\t\t\tsizes=\"(max-width: 50em) 100vw, 100%\" class=\"img-fluid\" alt=\"Architecte de l\u2019information at Intel\" loading=\"lazy\"><\/figure><p class=\"testimonial-excerpt-title text-center has-lochinvar-color\">Architecte de l\u2019information at Intel<\/p><blockquote class=\"wp-block-quote testimonial-landing-blockquote is-style-default blockquote-has-lochinvar-color\"><p>J&rsquo;appr\u00e9cie vraiment les \u00e9quipes d\u2019IXIASOFT. C\u2019est un bon groupe de personnes passionn\u00e9es par leur travail et qui r\u00e9fl\u00e9chissent intelligemment sur ce qu&rsquo;elles sont en train d&rsquo;\u00e9laborer.  Nous sommes sur la m\u00eame longueur d&rsquo;onde\u00a0!<\/p>\n<\/blockquote><\/div><\/div><\/div><\/div><\/div><\/div>\n","protected":false},"excerpt":{"rendered":"<p>D\u00e9couvrez ce que nos clients, partenaires et amis disent de nous.<\/p>\n","protected":false},"author":26,"featured_media":0,"parent":53517,"menu_order":0,"comment_status":"closed","ping_status":"closed","template":"","meta":{"footnotes":""},"class_list":["post-51164","page","type-page","status-publish","hentry"],"mb":[],"featured_image_urls":{"full":"","thumbnail":"","medium":"","medium_large":"","large":"","1536x1536":"","2048x2048":"","ultp_layout_landscape_large":"","ultp_layout_landscape":"","ultp_layout_portrait":"","ultp_layout_square":""},"post_excerpt_stackable":"<p>POURQUOI IXIA CCMS ? T\u00e9moignages d&rsquo;utilisateurs de CCMS Que pense la communaut\u00e9 comm tech d&rsquo;IXIA CCMS ? D\u00e9couvrez ce que nos clients, partenaires et amis disent de nous. Jouni Lehtel\u00e4,Senior Technical Documentation Specialist at MetsoWith IXIASOFT CCMS, the time it took to create our manuals was reduced considerably. Our technical writers no longer had to work with 10 different manuals and workflows and this represented an efficiency gain of 30% for our most popular product. JoAnn HackosFondatrice et ancienne directrice du CIDMDepuis le tout d\u00e9but, les \u00e9quipes d&rsquo;IXIASOFT sont au c\u0153ur de la r\u00e9volution DITA dans le monde du d\u00e9veloppement\u2026<\/p>\n","category_list":"","author_info":{"name":"MadCap IT","url":"https:\/\/www.ixiasoft.com\/fr\/author\/madcap_it\/"},"comments_num":"0 commentaire","featured_image_urls_v2":{"full":"","thumbnail":"","medium":"","medium_large":"","large":"","1536x1536":"","2048x2048":"","ultp_layout_landscape_large":"","ultp_layout_landscape":"","ultp_layout_portrait":"","ultp_layout_square":""},"post_excerpt_stackable_v2":"<p>POURQUOI IXIA CCMS ? T\u00e9moignages d&rsquo;utilisateurs de CCMS Que pense la communaut\u00e9 comm tech d&rsquo;IXIA CCMS ? D\u00e9couvrez ce que nos clients, partenaires et amis disent de nous. Jouni Lehtel\u00e4,Senior Technical Documentation Specialist at MetsoWith IXIASOFT CCMS, the time it took to create our manuals was reduced considerably. Our technical writers no longer had to work with 10 different manuals and workflows and this represented an efficiency gain of 30% for our most popular product. JoAnn HackosFondatrice et ancienne directrice du CIDMDepuis le tout d\u00e9but, les \u00e9quipes d&rsquo;IXIASOFT sont au c\u0153ur de la r\u00e9volution DITA dans le monde du d\u00e9veloppement\u2026<\/p>\n","category_list_v2":"","author_info_v2":{"name":"MadCap IT","url":"https:\/\/www.ixiasoft.com\/fr\/author\/madcap_it\/"},"comments_num_v2":"0 commentaire","mfb_rest_fields":["title","featured_image_urls","post_excerpt_stackable","category_list","author_info","comments_num","featured_image_urls_v2","post_excerpt_stackable_v2","category_list_v2","author_info_v2","comments_num_v2"],"_links":{"self":[{"href":"https:\/\/www.ixiasoft.com\/fr\/wp-json\/wp\/v2\/pages\/51164","targetHints":{"allow":["GET"]}}],"collection":[{"href":"https:\/\/www.ixiasoft.com\/fr\/wp-json\/wp\/v2\/pages"}],"about":[{"href":"https:\/\/www.ixiasoft.com\/fr\/wp-json\/wp\/v2\/types\/page"}],"author":[{"embeddable":true,"href":"https:\/\/www.ixiasoft.com\/fr\/wp-json\/wp\/v2\/users\/26"}],"replies":[{"embeddable":true,"href":"https:\/\/www.ixiasoft.com\/fr\/wp-json\/wp\/v2\/comments?post=51164"}],"version-history":[{"count":8,"href":"https:\/\/www.ixiasoft.com\/fr\/wp-json\/wp\/v2\/pages\/51164\/revisions"}],"predecessor-version":[{"id":60771,"href":"https:\/\/www.ixiasoft.com\/fr\/wp-json\/wp\/v2\/pages\/51164\/revisions\/60771"}],"up":[{"embeddable":true,"href":"https:\/\/www.ixiasoft.com\/fr\/wp-json\/wp\/v2\/pages\/53517"}],"wp:attachment":[{"href":"https:\/\/www.ixiasoft.com\/fr\/wp-json\/wp\/v2\/media?parent=51164"}],"curies":[{"name":"wp","href":"https:\/\/api.w.org\/{rel}","templated":true}]}}