{"id":51170,"date":"2021-03-19T08:30:57","date_gmt":"2021-03-19T12:30:57","guid":{"rendered":"https:\/\/www.ixiasoft.com\/nos-clients\/cas-clients\/"},"modified":"2023-09-29T14:21:42","modified_gmt":"2023-09-29T18:21:42","slug":"ccms-cas-clients","status":"publish","type":"page","link":"https:\/\/www.ixiasoft.com\/fr\/pourquoi-ixiasoft\/ccms-cas-clients\/","title":{"rendered":"Cas clients"},"content":{"rendered":"\n<div class=\"wp-block-cover alignfull\"><span aria-hidden=\"true\" class=\"wp-block-cover__background has-background-dim-0 has-background-dim\"><\/span><img loading=\"lazy\" decoding=\"async\" width=\"2048\" height=\"640\" class=\"wp-block-cover__image-background wp-image-1166\" alt=\"\" src=\"https:\/\/www.ixiasoft.com\/wp-content\/uploads\/2020\/11\/SuccessStories-1.jpg\" data-object-fit=\"cover\" srcset=\"https:\/\/www.ixiasoft.com\/wp-content\/uploads\/2020\/11\/SuccessStories-1.jpg 2048w, https:\/\/www.ixiasoft.com\/wp-content\/uploads\/2020\/11\/SuccessStories-1-300x94.jpg 300w, https:\/\/www.ixiasoft.com\/wp-content\/uploads\/2020\/11\/SuccessStories-1-1024x320.jpg 1024w, https:\/\/www.ixiasoft.com\/wp-content\/uploads\/2020\/11\/SuccessStories-1-768x240.jpg 768w, https:\/\/www.ixiasoft.com\/wp-content\/uploads\/2020\/11\/SuccessStories-1-1536x480.jpg 1536w\" sizes=\"auto, (max-width: 2048px) 100vw, 2048px\" \/><div class=\"wp-block-cover__inner-container is-layout-flow wp-block-cover-is-layout-flow\">\n<p class=\"has-text-align-center is-style-subheading has-theme-white-color has-text-color\"><span class=\"is-style-all-caps\">POURQUOI IXIA CCMS ?<\/span><\/p>\n\n\n\n<h1 class=\"wp-block-heading has-text-align-center is-style-heading-style-primary has-theme-white-color has-text-color\">R\u00e9ussites et Cas clients<\/h1>\n\n\n\n<p class=\"has-text-align-center has-theme-white-color has-text-color has-medium-font-size\"><span class=\"is-style-font-weight-light\">D\u00e9couvrez comment les organisations d\u00e9veloppent leurs activit\u00e9s et rationalisent les processus de contenu avec IXIA CCMS.<\/span><\/p>\n<\/div><\/div>\n\n\n\n<div class=\"wp-block-group alignfull has-theme-light-background-color has-background\"><div class=\"wp-block-group__inner-container is-layout-flow wp-block-group-is-layout-flow\">\n<h2 class=\"wp-block-heading has-text-align-center is-style-heading-style-1\">\u00c9TUDES DE CAS CCMS UNIQUES<\/h2>\n\n\n<div class=\"wp-block-cgb-case-studies row\"><div class=\"card-column col-md-4 col-sm-6\">\n                                <div class=\"wp-block-cgb-card card h-100\">\n                                    <figure class=\"card-img-top text-center\">\n                                        <img decoding=\"async\" class=\"img-fluid\" src=\"https:\/\/www.ixiasoft.com\/wp-content\/uploads\/2023\/03\/Avalara_360x100-1.jpg\"\n                                            srcset=\"https:\/\/www.ixiasoft.com\/wp-content\/uploads\/2023\/03\/Avalara_360x100-1.jpg 360w, https:\/\/www.ixiasoft.com\/wp-content\/uploads\/2023\/03\/Avalara_360x100-1-300x83.jpg 300w\"\n                                            sizes=\"(max-width: 50em) 100vw, 100%\" class=\"\" alt=\"Avalara CCMS case study\">\n                                    <\/figure>\n                                    <div class=\"card-body text-center\">\n                                        \n                                        <h3 class=\"card-title  sr-only\">Avalara CCMS case study<\/h3><p>Learn about how Avalara, a leading tax compliance services company, leveraged IXIA CCMS to unify their internal and external content on a single platform.<\/p>\n<\/div><div class=\"wp-block-buttons card-footer\">\n                                    <div class=\"wp-block-button aligncenter\"><a class=\"wp-block-button__link has-theme-white-color has-theme-secondary-background-color has-text-color has-background no-border-radius\" href=\"https:\/\/www.ixiasoft.com\/fr\/why-ixiasoft\/ccms-success-story\/case-study-avalara\/\" title=\"View: Avalara CCMS case study\">Explore Now<\/a><\/div>\n                                    <\/div><\/div><\/div><div class=\"card-column col-md-4 col-sm-6\">\n                                <div class=\"wp-block-cgb-card card h-100\">\n                                    <figure class=\"card-img-top text-center\">\n                                        <img decoding=\"async\" class=\"img-fluid\" src=\"https:\/\/www.ixiasoft.com\/wp-content\/uploads\/2020\/11\/Metso_360x100.jpg\"\n                                            srcset=\"https:\/\/www.ixiasoft.com\/wp-content\/uploads\/2020\/11\/Metso_360x100.jpg 360w, https:\/\/www.ixiasoft.com\/wp-content\/uploads\/2020\/11\/Metso_360x100-300x83.jpg 300w\"\n                                            sizes=\"(max-width: 50em) 100vw, 100%\" class=\"\" alt=\"logo Metso\">\n                                    <\/figure>\n                                    <div class=\"card-body text-center\">\n                                        \n                                        <h3 class=\"card-title  sr-only\">Metso:Outotec<\/h3><p>Lisez cette \u00e9tude de cas pour d\u00e9couvrir comment Metso, un leader mondial de la technologie mini\u00e8re est pass\u00e9 de Microsoft Word \u00e0 IXIA CCMS pour rationaliser son processus de documentation.<\/p>\n<\/div><div class=\"wp-block-buttons card-footer\">\n                                    <div class=\"wp-block-button aligncenter\"><a class=\"wp-block-button__link has-theme-white-color has-theme-secondary-background-color has-text-color has-background no-border-radius\" href=\"https:\/\/www.ixiasoft.com\/fr\/why-ixiasoft\/ccms-success-story\/metso-etude-de-cas-client\/\" title=\"View: Metso:Outotec\">En savoir plus<\/a><\/div>\n                                    <\/div><\/div><\/div><div class=\"card-column col-md-4 col-sm-6\">\n                                <div class=\"wp-block-cgb-card card h-100\">\n                                    <figure class=\"card-img-top text-center\">\n                                        <img decoding=\"async\" class=\"img-fluid\" src=\"https:\/\/www.ixiasoft.com\/wp-content\/uploads\/2020\/11\/Energir_360x100.jpg\"\n                                            srcset=\"https:\/\/www.ixiasoft.com\/wp-content\/uploads\/2020\/11\/Energir_360x100.jpg 360w, https:\/\/www.ixiasoft.com\/wp-content\/uploads\/2020\/11\/Energir_360x100-300x83.jpg 300w\"\n                                            sizes=\"(max-width: 50em) 100vw, 100%\" class=\"\" alt=\"\u00c9nergir\">\n                                    <\/figure>\n                                    <div class=\"card-body text-center\">\n                                        \n                                        <h3 class=\"card-title  sr-only\">\u00c9nergir<\/h3><p>D\u00e9couvrez comment la soci\u00e9t\u00e9 de distribution de gaz Energir a modifi\u00e9 sa marque en un peu moins d&rsquo;une journ\u00e9e, et est pass\u00e9e de Microsoft Word \u00e0 IXIASOFT CCMS pour g\u00e9rer les documents de formation.<\/p>\n<\/div><div class=\"wp-block-buttons card-footer\">\n                                    <div class=\"wp-block-button aligncenter\"><a class=\"wp-block-button__link has-theme-white-color has-theme-secondary-background-color has-text-color has-background no-border-radius\" href=\"https:\/\/www.ixiasoft.com\/fr\/why-ixiasoft\/ccms-success-story\/energir\/\" title=\"View: \u00c9nergir\">Lire toute l\u2019histoire<\/a><\/div>\n                                    <\/div><\/div><\/div><div class=\"card-column col-md-4 col-sm-6\">\n                                <div class=\"wp-block-cgb-card card h-100\">\n                                    <figure class=\"card-img-top text-center\">\n                                        <img decoding=\"async\" class=\"img-fluid\" src=\"https:\/\/www.ixiasoft.com\/wp-content\/uploads\/2017\/09\/amd_360x100.jpg\"\n                                            srcset=\"https:\/\/www.ixiasoft.com\/wp-content\/uploads\/2017\/09\/amd_360x100.jpg 360w, https:\/\/www.ixiasoft.com\/wp-content\/uploads\/2017\/09\/amd_360x100-300x83.jpg 300w\"\n                                            sizes=\"(max-width: 50em) 100vw, 100%\" class=\"\" alt=\"AMD\">\n                                    <\/figure>\n                                    <div class=\"card-body text-center\">\n                                        \n                                        <h3 class=\"card-title  sr-only\">AMD<\/h3><p>L&rsquo;\u00e9quipe de documentation technique d\u2019AMD revient sur sa transformation apr\u00e8s l&rsquo;adoption du syst\u00e8me de gestion de contenu d\u2019IXIASOFT.<\/p>\n<\/div><div class=\"wp-block-buttons card-footer\">\n                                    <div class=\"wp-block-button aligncenter\"><a class=\"wp-block-button__link has-theme-white-color has-theme-secondary-background-color has-text-color has-background no-border-radius\" href=\"https:\/\/www.ixiasoft.com\/fr\/why-ixiasoft\/ccms-success-story\/amd\/\" title=\"View: AMD\">Plus d\u2019info<\/a><\/div>\n                                    <\/div><\/div><\/div><div class=\"card-column col-md-4 col-sm-6\">\n                                <div class=\"wp-block-cgb-card card h-100\">\n                                    <figure class=\"card-img-top text-center\">\n                                        <img decoding=\"async\" class=\"img-fluid\" src=\"https:\/\/www.ixiasoft.com\/wp-content\/uploads\/2017\/09\/Intel_360x100.jpg\"\n                                            srcset=\"https:\/\/www.ixiasoft.com\/wp-content\/uploads\/2017\/09\/Intel_360x100.jpg 360w, https:\/\/www.ixiasoft.com\/wp-content\/uploads\/2017\/09\/Intel_360x100-300x83.jpg 300w\"\n                                            sizes=\"(max-width: 50em) 100vw, 100%\" class=\"\" alt=\"Intel FPGA\">\n                                    <\/figure>\n                                    <div class=\"card-body text-center\">\n                                        \n                                        <h3 class=\"card-title  sr-only\">Intel FPGA<\/h3><p>D\u00e9couvrez comment une soci\u00e9t\u00e9 de plusieurs milliards de dollars a gagn\u00e9 en performance apr\u00e8s avoir remplac\u00e9 les outils de publication traditionnels par IXIASOFT CCMS.<\/p>\n<\/div><div class=\"wp-block-buttons card-footer\">\n                                    <div class=\"wp-block-button aligncenter\"><a class=\"wp-block-button__link has-theme-white-color has-theme-secondary-background-color has-text-color has-background no-border-radius\" href=\"https:\/\/www.ixiasoft.com\/fr\/why-ixiasoft\/ccms-success-story\/intel-fpga\/\" title=\"View: Intel FPGA\">Lire toute l\u2019histoire<\/a><\/div>\n                                    <\/div><\/div><\/div><div class=\"card-column col-md-4 col-sm-6\">\n                                <div class=\"wp-block-cgb-card card h-100\">\n                                    <figure class=\"card-img-top text-center\">\n                                        <img decoding=\"async\" class=\"img-fluid\" src=\"https:\/\/www.ixiasoft.com\/wp-content\/uploads\/2017\/09\/lyra_360x100.jpg\"\n                                            srcset=\"https:\/\/www.ixiasoft.com\/wp-content\/uploads\/2017\/09\/lyra_360x100.jpg 360w, https:\/\/www.ixiasoft.com\/wp-content\/uploads\/2017\/09\/lyra_360x100-300x83.jpg 300w\"\n                                            sizes=\"(max-width: 50em) 100vw, 100%\" class=\"\" alt=\"Lyra Network\">\n                                    <\/figure>\n                                    <div class=\"card-body text-center\">\n                                        \n                                        <h3 class=\"card-title  sr-only\">Lyra Network<\/h3><p>Lisez la suite pour savoir comment les processus de documentation pr\u00e9cis et rapides d\u2019IXIASOFT ont contribu\u00e9 au d\u00e9veloppement de Lyra, localement et \u00e0 l\u2019international.<\/p>\n<\/div><div class=\"wp-block-buttons card-footer\">\n                                    <div class=\"wp-block-button aligncenter\"><a class=\"wp-block-button__link has-theme-white-color has-theme-secondary-background-color has-text-color has-background no-border-radius\" href=\"https:\/\/www.ixiasoft.com\/fr\/why-ixiasoft\/ccms-success-story\/lyra-network\/\" title=\"View: Lyra Network\">D\u00e9couvrir maintenant<\/a><\/div>\n                                    <\/div><\/div><\/div><div class=\"card-column col-md-4 col-sm-6\">\n                                <div class=\"wp-block-cgb-card card h-100\">\n                                    <figure class=\"card-img-top text-center\">\n                                        <img decoding=\"async\" class=\"img-fluid\" src=\"https:\/\/www.ixiasoft.com\/wp-content\/uploads\/2020\/11\/sybase2_360x100.jpg\"\n                                            srcset=\"https:\/\/www.ixiasoft.com\/wp-content\/uploads\/2020\/11\/sybase2_360x100.jpg 360w, https:\/\/www.ixiasoft.com\/wp-content\/uploads\/2020\/11\/sybase2_360x100-300x83.jpg 300w\"\n                                            sizes=\"(max-width: 50em) 100vw, 100%\" class=\"\" alt=\"Sybase\">\n                                    <\/figure>\n                                    <div class=\"card-body text-center\">\n                                        \n                                        <h3 class=\"card-title  sr-only\">Sybase<\/h3><p>Avec l\u2019aide d\u2019IXIASOFT, l&rsquo;\u00e9quipe de documentation de Sybase a optimis\u00e9 ses performances, r\u00e9duit ses co\u00fbts de localisation et gagn\u00e9 en efficacit\u00e9.<\/p>\n<\/div><div class=\"wp-block-buttons card-footer\">\n                                    <div class=\"wp-block-button aligncenter\"><a class=\"wp-block-button__link has-theme-white-color has-theme-secondary-background-color has-text-color has-background no-border-radius\" href=\"https:\/\/www.ixiasoft.com\/fr\/why-ixiasoft\/ccms-success-story\/sybase\/\" title=\"View: Sybase\">En savoir plus<\/a><\/div>\n                                    <\/div><\/div><\/div><div class=\"card-column col-md-4 col-sm-6\">\n                                <div class=\"wp-block-cgb-card card h-100\">\n                                    <figure class=\"card-img-top text-center\">\n                                        <img decoding=\"async\" class=\"img-fluid\" src=\"https:\/\/www.ixiasoft.com\/wp-content\/uploads\/2022\/12\/ADI_360x100.jpg\"\n                                            srcset=\"https:\/\/www.ixiasoft.com\/wp-content\/uploads\/2022\/12\/ADI_360x100.jpg 360w, https:\/\/www.ixiasoft.com\/wp-content\/uploads\/2022\/12\/ADI_360x100-300x83.jpg 300w\"\n                                            sizes=\"(max-width: 50em) 100vw, 100%\" class=\"\" alt=\"Analog Devices\">\n                                    <\/figure>\n                                    <div class=\"card-body text-center\">\n                                        \n                                        <h3 class=\"card-title  sr-only\">Analog Devices<\/h3><p>Learn about how Analog Devices was able to centralize their documentation across departments.<\/p>\n<\/div><div class=\"wp-block-buttons card-footer\">\n                                    <div class=\"wp-block-button aligncenter\"><a class=\"wp-block-button__link has-theme-white-color has-theme-secondary-background-color has-text-color has-background no-border-radius\" href=\"https:\/\/www.ixiasoft.com\/fr\/why-ixiasoft\/ccms-success-story\/analog-devices\/\" title=\"View: Analog Devices\">Download Case Study<\/a><\/div>\n                                    <\/div><\/div><\/div><\/div>\n\n\n<h2 class=\"wp-block-heading has-text-align-center is-style-heading-style-1\">CE SONT NOS CLIENTS QUI EN PARLENT LE MIEUX&#8230;<\/h2>\n\n\n\n<figure class=\"wp-block-embed is-type-video is-provider-youtube wp-block-embed-youtube wp-embed-aspect-16-9 wp-has-aspect-ratio\"><div class=\"wp-block-embed__wrapper\">\n<iframe loading=\"lazy\" title=\"Testimonial from David Yin, PACCAR\" width=\"500\" height=\"281\" src=\"https:\/\/www.youtube.com\/embed\/tSIi2mrlFQE?feature=oembed\" frameborder=\"0\" allow=\"accelerometer; autoplay; clipboard-write; encrypted-media; gyroscope; picture-in-picture; web-share\" referrerpolicy=\"strict-origin-when-cross-origin\" allowfullscreen><\/iframe>\n<\/div><\/figure>\n<\/div><\/div>\n\n\n\n<div class=\"wp-block-group alignfull py-0 is-style-cta-group has-theme-white-color has-theme-primary-light-background-color has-text-color has-background\"><div class=\"wp-block-group__inner-container is-layout-flow wp-block-group-is-layout-flow\">\n<div class=\"wp-block-columns are-vertically-aligned-center is-style-mb-0 is-layout-flex wp-container-core-columns-is-layout-9d6595d7 wp-block-columns-is-layout-flex\">\n<div class=\"wp-block-column is-vertically-aligned-center is-layout-flow wp-block-column-is-layout-flow\" style=\"flex-basis:66.66%\">\n<p class=\"has-text-align-left mb-0\">Pour savoir ce que nos clients pensent d&rsquo;IXIA CCMS, consultez notre page de t\u00e9moignages.<\/p>\n<\/div>\n\n\n\n<div class=\"wp-block-column is-vertically-aligned-center is-layout-flow wp-block-column-is-layout-flow\" style=\"flex-basis:33.33%\">\n<div class=\"wp-block-buttons is-horizontal is-content-justification-right is-layout-flex wp-container-core-buttons-is-layout-ae2fe186 wp-block-buttons-is-layout-flex\">\n<div class=\"wp-block-button is-style-outline is-style-outline--1\"><a class=\"wp-block-button__link has-theme-white-color has-theme-primary-light-background-color has-text-color has-background wp-element-button\" href=\"\/fr\/pourquoi-ixiasoft\/temoignages-dutilisateurs-de-ccms\/\"><span class=\"is-style-all-caps\">t\u00e9moignages<\/span><\/a><\/div>\n<\/div>\n<\/div>\n<\/div>\n<\/div><\/div>\n","protected":false},"excerpt":{"rendered":"<p>\u00c9TUDES DE CAS CCMS UNIQUES CE SONT NOS CLIENTS QUI EN PARLENT LE MIEUX&#8230; Pour savoir ce que nos clients&#8230;<\/p>\n","protected":false},"author":26,"featured_media":0,"parent":53517,"menu_order":0,"comment_status":"closed","ping_status":"closed","template":"","meta":{"footnotes":""},"class_list":["post-51170","page","type-page","status-publish","hentry"],"mb":[],"featured_image_urls":{"full":"","thumbnail":"","medium":"","medium_large":"","large":"","1536x1536":"","2048x2048":"","ultp_layout_landscape_large":"","ultp_layout_landscape":"","ultp_layout_portrait":"","ultp_layout_square":""},"post_excerpt_stackable":"<p>POURQUOI IXIA CCMS ? R\u00e9ussites et Cas clients D\u00e9couvrez comment les organisations d\u00e9veloppent leurs activit\u00e9s et rationalisent les processus de contenu avec IXIA CCMS. \u00c9TUDES DE CAS CCMS UNIQUES Avalara CCMS case studyLearn about how Avalara, a leading tax compliance services company, leveraged IXIA CCMS to unify their internal and external content on a single platform. Explore Now Metso:OutotecLisez cette \u00e9tude de cas pour d\u00e9couvrir comment Metso, un leader mondial de la technologie mini\u00e8re est pass\u00e9 de Microsoft Word \u00e0 IXIA CCMS pour rationaliser son processus de documentation. En savoir plus \u00c9nergirD\u00e9couvrez comment la soci\u00e9t\u00e9 de distribution de gaz Energir\u2026<\/p>\n","category_list":"","author_info":{"name":"MadCap IT","url":"https:\/\/www.ixiasoft.com\/fr\/author\/madcap_it\/"},"comments_num":"0 commentaire","featured_image_urls_v2":{"full":"","thumbnail":"","medium":"","medium_large":"","large":"","1536x1536":"","2048x2048":"","ultp_layout_landscape_large":"","ultp_layout_landscape":"","ultp_layout_portrait":"","ultp_layout_square":""},"post_excerpt_stackable_v2":"<p>POURQUOI IXIA CCMS ? R\u00e9ussites et Cas clients D\u00e9couvrez comment les organisations d\u00e9veloppent leurs activit\u00e9s et rationalisent les processus de contenu avec IXIA CCMS. \u00c9TUDES DE CAS CCMS UNIQUES Avalara CCMS case studyLearn about how Avalara, a leading tax compliance services company, leveraged IXIA CCMS to unify their internal and external content on a single platform. Explore Now Metso:OutotecLisez cette \u00e9tude de cas pour d\u00e9couvrir comment Metso, un leader mondial de la technologie mini\u00e8re est pass\u00e9 de Microsoft Word \u00e0 IXIA CCMS pour rationaliser son processus de documentation. En savoir plus \u00c9nergirD\u00e9couvrez comment la soci\u00e9t\u00e9 de distribution de gaz Energir\u2026<\/p>\n","category_list_v2":"","author_info_v2":{"name":"MadCap IT","url":"https:\/\/www.ixiasoft.com\/fr\/author\/madcap_it\/"},"comments_num_v2":"0 commentaire","mfb_rest_fields":["title","featured_image_urls","post_excerpt_stackable","category_list","author_info","comments_num","featured_image_urls_v2","post_excerpt_stackable_v2","category_list_v2","author_info_v2","comments_num_v2"],"_links":{"self":[{"href":"https:\/\/www.ixiasoft.com\/fr\/wp-json\/wp\/v2\/pages\/51170","targetHints":{"allow":["GET"]}}],"collection":[{"href":"https:\/\/www.ixiasoft.com\/fr\/wp-json\/wp\/v2\/pages"}],"about":[{"href":"https:\/\/www.ixiasoft.com\/fr\/wp-json\/wp\/v2\/types\/page"}],"author":[{"embeddable":true,"href":"https:\/\/www.ixiasoft.com\/fr\/wp-json\/wp\/v2\/users\/26"}],"replies":[{"embeddable":true,"href":"https:\/\/www.ixiasoft.com\/fr\/wp-json\/wp\/v2\/comments?post=51170"}],"version-history":[{"count":15,"href":"https:\/\/www.ixiasoft.com\/fr\/wp-json\/wp\/v2\/pages\/51170\/revisions"}],"predecessor-version":[{"id":60891,"href":"https:\/\/www.ixiasoft.com\/fr\/wp-json\/wp\/v2\/pages\/51170\/revisions\/60891"}],"up":[{"embeddable":true,"href":"https:\/\/www.ixiasoft.com\/fr\/wp-json\/wp\/v2\/pages\/53517"}],"wp:attachment":[{"href":"https:\/\/www.ixiasoft.com\/fr\/wp-json\/wp\/v2\/media?parent=51170"}],"curies":[{"name":"wp","href":"https:\/\/api.w.org\/{rel}","templated":true}]}}