{"id":51180,"date":"2021-03-19T08:31:13","date_gmt":"2021-03-19T12:31:13","guid":{"rendered":"https:\/\/www.ixiasoft.com\/norme-dita\/comite-dita-doasis\/"},"modified":"2023-12-01T08:05:53","modified_gmt":"2023-12-01T13:05:53","slug":"comite-dita-doasis","status":"publish","type":"page","link":"https:\/\/www.ixiasoft.com\/fr\/pourquoi-ixiasoft\/comite-dita-doasis\/","title":{"rendered":"Comit\u00e9 DITA d\u2019OASIS"},"content":{"rendered":"\n<div class=\"wp-block-cover alignfull is-light is-style-hero-no-image\"><span aria-hidden=\"true\" class=\"wp-block-cover__background has-theme-white-background-color has-background-dim-0 has-background-dim\"><\/span><img decoding=\"async\" class=\"wp-block-cover__image-background\" alt=\"\" src=\"http:\/\/ixiasoft2.local\/wp-content\/uploads\/2020\/11\/WhatIsDITA-2-2.jpg\" data-object-fit=\"cover\"\/><div class=\"wp-block-cover__inner-container is-layout-flow wp-block-cover-is-layout-flow\">\n<p class=\"has-text-align-center is-style-subheading has-theme-secondary-dark-color has-text-color\"><span class=\"is-style-all-caps\">POURQUOI IXIA CCMS&nbsp;?<\/span><\/p>\n\n\n\n<h1 class=\"wp-block-heading has-text-align-center is-style-heading-style-primary has-theme-dark-color has-text-color\">Comit\u00e9 DITA d\u2019OASIS<\/h1>\n\n\n\n<p class=\"has-text-align-center mb-0 has-theme-dark-color has-text-color has-medium-font-size\"><span class=\"is-style-font-weight-light\">DITA n\u2019est pas seulement un aspect d\u2019un travail.  C\u2019est un style de vie.  En tant que membres, partenaires et amis des comit\u00e9s DITA d\u2019OASIS, IXIASOFT soutient le standard DITA depuis des ann\u00e9es.  Notre engagement dans DITA est profond\u00e9ment ancr\u00e9. Nous partageons en permanence notre passion et nos connaissances avec la communaut\u00e9, et nous trouvons des id\u00e9es nouvelles pour faire \u00e9voluer notre solution.<\/span><\/p>\n<\/div><\/div>\n\n\n\n<div class=\"wp-block-group alignfull has-theme-light-background-color has-background\"><div class=\"wp-block-group__inner-container is-layout-flow wp-block-group-is-layout-flow\">\n<h2 class=\"wp-block-heading has-text-align-center is-style-heading-style-1\">POURQUOI IXIASOFT INVESTIT DANS L&rsquo;AVENIR DE DITA<\/h2>\n\n\n\n<p>De part son statut de membre du comit\u00e9 DITA d&rsquo;OASIS, IXIASOFT est \u00e0 la pointe des connaissances sur DITA. Nous participons de mani\u00e8re active et passionn\u00e9e aux discussions actuelles sur le d\u00e9veloppement futur de DITA et sur les moyens de diffusion des bonnes pratiques DITA.<\/p>\n\n\n\n<p>Nous sommes fiers de servir nos&nbsp;clients et nous faisons en sorte de relayer&nbsp;leurs&nbsp;id\u00e9es et recommandations aupr\u00e8s des comit\u00e9s&nbsp;DITA.&nbsp;Nous recherchons en permanence des moyens de faire \u00e9voluer et d&rsquo;am\u00e9liorer&nbsp;<a href=\"https:\/\/www.ixiasoft.com\/learning-support\/product-documentation\/documentation\/?lang=fr\" data-type=\"page\" data-id=\"45051\"><\/a><a href=\"https:\/\/www.ixiasoft.com\/fr\/apprentissage-et-support\/documentation-guide\/\" data-type=\"page\" data-id=\"52668\" class=\"rank-math-link\">DITA<\/a>, tant pour nos clients que pour le reste de la communaut\u00e9.<\/p>\n<\/div><\/div>\n\n\n\n<div class=\"wp-block-group alignfull has-theme-medium-light-background-color has-background\"><div class=\"wp-block-group__inner-container is-layout-flow wp-block-group-is-layout-flow\">\n<h2 class=\"wp-block-heading has-text-align-center is-style-heading-style-1\">COMIT\u00c9 TECHNIQUE<\/h2>\n\n\n\n<p>Le &nbsp;<a href=\"https:\/\/www.oasis-open.org\/committees\/tc_home.php?wg_abbrev=dita\" target=\"_blank\" rel=\"noreferrer noopener\"><\/a><a class=\"rank-math-link\" href=\"https:\/\/www.oasis-open.org\/committees\/tc_home.php?wg_abbrev=dita\" target=\"_blank\" rel=\"noopener\">Comit\u00e9 technique DITA d\u2019OASIS<\/a>&nbsp; r\u00e9unit un groupe dynamique d\u2019experts. C\u2019est l&rsquo;\u00e9l\u00e9ment moteur qui sous-tend le d\u00e9veloppement et la gestion de la sp\u00e9cification&nbsp;DITA. \u00c9ric Sirois de l&rsquo;\u00e9quipe IXIA CCMS a le privil\u00e8ge d&rsquo;agir en tant que membre votant&nbsp;au comit\u00e9 technique DITA. Ce comit\u00e9 ne compte que 16&nbsp;membres votants actifs, dont les fondateurs d\u2019IBM et des clients actuels d\u2019IXIASOFT.  IXIASOFT est fier de faire partie de ce comit\u00e9.<\/p>\n\n\n<div class=\"wp-block-cgb-team row is-style-w-75\"><div class=\"card-column col-sm-6\"><div class=\"card h-100\">\n\t\t\t\t\t\t\t<figure class=\"card-img-top\">\n\t\t\t\t\t\t\t\t<img decoding=\"async\" src=\"https:\/\/www.ixiasoft.com\/wp-content\/uploads\/2020\/11\/eric-sirois-1024x961.jpg\"\n\t\t\t\t\t\t\t\t\tsrcset=\"https:\/\/www.ixiasoft.com\/wp-content\/uploads\/2020\/11\/eric-sirois-1024x961.jpg 1024w, https:\/\/www.ixiasoft.com\/wp-content\/uploads\/2020\/11\/eric-sirois-300x281.jpg 300w, https:\/\/www.ixiasoft.com\/wp-content\/uploads\/2020\/11\/eric-sirois-768x720.jpg 768w, https:\/\/www.ixiasoft.com\/wp-content\/uploads\/2020\/11\/eric-sirois-1536x1441.jpg 1536w, https:\/\/www.ixiasoft.com\/wp-content\/uploads\/2020\/11\/eric-sirois.jpg 1972w\"\n\t\t\t\t\t\t\t\t\tsizes=\"(max-width: 50em) 100vw, 100%\" class=\"\" alt=\"Picture of Eric Sirois\">\n\t\t\t\t\t\t\t<\/figure>\n\t\t\t\t\t\t\t<div class=\"card-body\">\n\t\t\t\t\t\t\t\t\n\t\t\t\t\t\t\t\t<h3 class=\"card-title text-center short-underline\">\u00c9ric Sirois<\/h3><a href=\"https:\/\/www.linkedin.com\/in\/eric-sirois-3482754\/\" class=\"linkedin-href text-center\" target=\"_blank\" rel=\"noopener\"><i class=\"fab fa-linkedin\"><span class=\"sr-only\">Linkedin Icon<\/span><\/i><\/a>\n<p>\u00c9ric est d\u00e9veloppeur logiciel et concepteur d\u2019outils\u00a0DITA chez MadCap Software. C\u2019est \u00e9galement notre grand sp\u00e9cialiste DITA dans notre \u00e9quipe MadCap IXIA CCMS.\u00a0Il apporte sa vaste exp\u00e9rience pratique du d\u00e9veloppement d\u2019outils\u00a0XML au comit\u00e9 technique DITA dont il est membre.<\/p>\n<\/div>\n\t\t\t\t\t\t\t\n\t\t\t\t\t\t\t\n\t\t\t\t\t\t<\/div><\/div><div class=\"card-column col-sm-6\"><div class=\"card h-100\">\n\t\t\t\t\t\t\t<figure class=\"card-img-top\">\n\t\t\t\t\t\t\t\t<img decoding=\"async\" src=\"https:\/\/www.ixiasoft.com\/wp-content\/uploads\/2020\/11\/leigh-white-1024x967.jpg\"\n\t\t\t\t\t\t\t\t\tsrcset=\"https:\/\/www.ixiasoft.com\/wp-content\/uploads\/2020\/11\/leigh-white-1024x967.jpg 1024w, https:\/\/www.ixiasoft.com\/wp-content\/uploads\/2020\/11\/leigh-white-300x283.jpg 300w, https:\/\/www.ixiasoft.com\/wp-content\/uploads\/2020\/11\/leigh-white-768x725.jpg 768w, https:\/\/www.ixiasoft.com\/wp-content\/uploads\/2020\/11\/leigh-white-1536x1451.jpg 1536w, https:\/\/www.ixiasoft.com\/wp-content\/uploads\/2020\/11\/leigh-white-2048x1934.jpg 2048w\"\n\t\t\t\t\t\t\t\t\tsizes=\"(max-width: 50em) 100vw, 100%\" class=\"\" alt=\"Picture of Leigh W. White\">\n\t\t\t\t\t\t\t<\/figure>\n\t\t\t\t\t\t\t<div class=\"card-body\">\n\t\t\t\t\t\t\t\t\n\t\t\t\t\t\t\t\t<h3 class=\"card-title text-center short-underline\">Leigh W. White<\/h3><a href=\"https:\/\/www.linkedin.com\/in\/leighwwhite\/\" class=\"linkedin-href text-center\" target=\"_blank\" rel=\"noopener\"><i class=\"fab fa-linkedin\"><span class=\"sr-only\">Linkedin Icon<\/span><\/i><\/a>\n<p>Leigh est PO et a \u00e9t\u00e9 sp\u00e9cialiste DITA, architecte de l\u2019information\u00a0et formatrice chez MadCap Software IXIA CCMS. Elle a \u00e9galement \u00e9crit\u00a0un\u00a0livre incontournable pour les utilisateurs de XSL\u00a0:\u00a0\u00a0<a href=\"http:\/\/xmlpress.net\/publications\/dita\/dita-for-print\/\" target=\"_blank\" rel=\"noopener\">DITA for Print<\/a>.<\/p>\n<\/div>\n\t\t\t\t\t\t\t\n\t\t\t\t\t\t\t\n\t\t\t\t\t\t<\/div><\/div><\/div><\/div><\/div>\n\n\n\n<div class=\"wp-block-group alignfull has-theme-light-background-color has-background\"><div class=\"wp-block-group__inner-container is-layout-flow wp-block-group-is-layout-flow\">\n<h2 class=\"wp-block-heading has-text-align-center is-style-heading-style-1\">COMIT\u00c9 DITA D\u2019OASIS&nbsp;: MEMBRES ORDINAIRES<\/h2>\n\n\n\n<p class=\"has-text-align-center\">Certains de nos dirigeants principaux sont membres ordinaires du comit\u00e9 DITA d\u2019OASIS et y partagent leur vision et leurs connaissances de l\u2019industrie.<\/p>\n\n\n<div class=\"wp-block-cgb-team row is-style-w-75 aligncenter\"><div class=\"card-column col-sm-6\"><div class=\"card h-100\">\n\t\t\t\t\t\t\t<figure class=\"card-img-top\">\n\t\t\t\t\t\t\t\t<img decoding=\"async\" src=\"https:\/\/www.ixiasoft.com\/wp-content\/uploads\/2020\/11\/IMG_9346-jf-V2.jpg\"\n\t\t\t\t\t\t\t\t\tsrcset=\"https:\/\/www.ixiasoft.com\/wp-content\/uploads\/2020\/11\/IMG_9346-jf-V2.jpg 1000w, https:\/\/www.ixiasoft.com\/wp-content\/uploads\/2020\/11\/IMG_9346-jf-V2-300x300.jpg 300w, https:\/\/www.ixiasoft.com\/wp-content\/uploads\/2020\/11\/IMG_9346-jf-V2-150x150.jpg 150w, https:\/\/www.ixiasoft.com\/wp-content\/uploads\/2020\/11\/IMG_9346-jf-V2-768x768.jpg 768w\"\n\t\t\t\t\t\t\t\t\tsizes=\"(max-width: 50em) 100vw, 100%\" class=\"\" alt=\"Picture of Jean-Fran\u00e7ois Ameye\">\n\t\t\t\t\t\t\t<\/figure>\n\t\t\t\t\t\t\t<div class=\"card-body\">\n\t\t\t\t\t\t\t\t\n\t\t\t\t\t\t\t\t<h3 class=\"card-title text-center\">Jean-Fran\u00e7ois Ameye<\/h3><p class=\"card-text job-title text-center\">Chef du Produit<\/p><a href=\"https:\/\/www.linkedin.com\/in\/jfameye\/\" class=\"linkedin-href text-center\" target=\"_blank\" rel=\"noopener\"><i class=\"fab fa-linkedin\"><span class=\"sr-only\">Linkedin Icon<\/span><\/i><\/a>\n<p>Jean-Fran\u00e7ois a d\u00e9but\u00e9 en tant qu\u2019architecte de solution chez IXIASOFT, maintenant MadCap Software, et est avec la compagnie depuis&nbsp;1998. S\u2019il y a quelqu\u2019un qui sait tout ce qu\u2019il y a \u00e0 savoir sur nos produits, c\u2019est Jean-Fran\u00e7ois. S\u2019int\u00e9ressant tout particuli\u00e8rement \u00e0 la promotion et \u00e0 la vente mondiales de DITA CCMS, il s&rsquo;assure que tous nos clients mettent en \u0153uvre et utilisent ce syst\u00e8me dans les meilleures conditions.<\/p>\n<\/div>\n\t\t\t\t\t\t\t\n\t\t\t\t\t\t\t\n\t\t\t\t\t\t<\/div><\/div><\/div><\/div><\/div>\n","protected":false},"excerpt":{"rendered":"<p>POURQUOI IXIASOFT INVESTIT DANS L&rsquo;AVENIR DE DITA De part son statut de membre du comit\u00e9 DITA d&rsquo;OASIS, IXIASOFT est \u00e0&#8230;<\/p>\n","protected":false},"author":26,"featured_media":0,"parent":53517,"menu_order":0,"comment_status":"closed","ping_status":"closed","template":"","meta":{"footnotes":""},"class_list":["post-51180","page","type-page","status-publish","hentry"],"mb":[],"featured_image_urls":{"full":"","thumbnail":"","medium":"","medium_large":"","large":"","1536x1536":"","2048x2048":"","ultp_layout_landscape_large":"","ultp_layout_landscape":"","ultp_layout_portrait":"","ultp_layout_square":""},"post_excerpt_stackable":"<p>POURQUOI IXIA CCMS&nbsp;? Comit\u00e9 DITA d\u2019OASIS DITA n\u2019est pas seulement un aspect d\u2019un travail. C\u2019est un style de vie. En tant que membres, partenaires et amis des comit\u00e9s DITA d\u2019OASIS, IXIASOFT soutient le standard DITA depuis des ann\u00e9es. Notre engagement dans DITA est profond\u00e9ment ancr\u00e9. Nous partageons en permanence notre passion et nos connaissances avec la communaut\u00e9, et nous trouvons des id\u00e9es nouvelles pour faire \u00e9voluer notre solution. POURQUOI IXIASOFT INVESTIT DANS L&rsquo;AVENIR DE DITA De part son statut de membre du comit\u00e9 DITA d&rsquo;OASIS, IXIASOFT est \u00e0 la pointe des connaissances sur DITA. Nous participons de mani\u00e8re active et\u2026<\/p>\n","category_list":"","author_info":{"name":"MadCap IT","url":"https:\/\/www.ixiasoft.com\/fr\/author\/madcap_it\/"},"comments_num":"0 commentaire","featured_image_urls_v2":{"full":"","thumbnail":"","medium":"","medium_large":"","large":"","1536x1536":"","2048x2048":"","ultp_layout_landscape_large":"","ultp_layout_landscape":"","ultp_layout_portrait":"","ultp_layout_square":""},"post_excerpt_stackable_v2":"<p>POURQUOI IXIA CCMS&nbsp;? Comit\u00e9 DITA d\u2019OASIS DITA n\u2019est pas seulement un aspect d\u2019un travail. C\u2019est un style de vie. En tant que membres, partenaires et amis des comit\u00e9s DITA d\u2019OASIS, IXIASOFT soutient le standard DITA depuis des ann\u00e9es. Notre engagement dans DITA est profond\u00e9ment ancr\u00e9. Nous partageons en permanence notre passion et nos connaissances avec la communaut\u00e9, et nous trouvons des id\u00e9es nouvelles pour faire \u00e9voluer notre solution. POURQUOI IXIASOFT INVESTIT DANS L&rsquo;AVENIR DE DITA De part son statut de membre du comit\u00e9 DITA d&rsquo;OASIS, IXIASOFT est \u00e0 la pointe des connaissances sur DITA. Nous participons de mani\u00e8re active et\u2026<\/p>\n","category_list_v2":"","author_info_v2":{"name":"MadCap IT","url":"https:\/\/www.ixiasoft.com\/fr\/author\/madcap_it\/"},"comments_num_v2":"0 commentaire","mfb_rest_fields":["title","featured_image_urls","post_excerpt_stackable","category_list","author_info","comments_num","featured_image_urls_v2","post_excerpt_stackable_v2","category_list_v2","author_info_v2","comments_num_v2"],"_links":{"self":[{"href":"https:\/\/www.ixiasoft.com\/fr\/wp-json\/wp\/v2\/pages\/51180","targetHints":{"allow":["GET"]}}],"collection":[{"href":"https:\/\/www.ixiasoft.com\/fr\/wp-json\/wp\/v2\/pages"}],"about":[{"href":"https:\/\/www.ixiasoft.com\/fr\/wp-json\/wp\/v2\/types\/page"}],"author":[{"embeddable":true,"href":"https:\/\/www.ixiasoft.com\/fr\/wp-json\/wp\/v2\/users\/26"}],"replies":[{"embeddable":true,"href":"https:\/\/www.ixiasoft.com\/fr\/wp-json\/wp\/v2\/comments?post=51180"}],"version-history":[{"count":11,"href":"https:\/\/www.ixiasoft.com\/fr\/wp-json\/wp\/v2\/pages\/51180\/revisions"}],"predecessor-version":[{"id":61006,"href":"https:\/\/www.ixiasoft.com\/fr\/wp-json\/wp\/v2\/pages\/51180\/revisions\/61006"}],"up":[{"embeddable":true,"href":"https:\/\/www.ixiasoft.com\/fr\/wp-json\/wp\/v2\/pages\/53517"}],"wp:attachment":[{"href":"https:\/\/www.ixiasoft.com\/fr\/wp-json\/wp\/v2\/media?parent=51180"}],"curies":[{"name":"wp","href":"https:\/\/api.w.org\/{rel}","templated":true}]}}