{"id":51182,"date":"2021-03-19T08:31:18","date_gmt":"2021-03-19T12:31:18","guid":{"rendered":"https:\/\/www.ixiasoft.com\/norme-dita\/ixiasoft-et-dita\/"},"modified":"2023-09-29T08:16:33","modified_gmt":"2023-09-29T12:16:33","slug":"ixiasoft-et-dita","status":"publish","type":"page","link":"https:\/\/www.ixiasoft.com\/fr\/pourquoi-ixiasoft\/ixiasoft-et-dita\/","title":{"rendered":"IXIA CCMS et DITA"},"content":{"rendered":"\n<div class=\"wp-block-cover alignfull has-background-dim\"><span aria-hidden=\"true\" class=\"wp-block-cover__background has-background-dim-100 has-background-dim\"><\/span><img loading=\"lazy\" decoding=\"async\" width=\"2048\" height=\"641\" class=\"wp-block-cover__image-background wp-image-2605\" alt=\"\" src=\"https:\/\/www.ixiasoft.com\/wp-content\/uploads\/2017\/09\/Ixia-Dita2.jpg\" data-object-fit=\"cover\" srcset=\"https:\/\/www.ixiasoft.com\/wp-content\/uploads\/2017\/09\/Ixia-Dita2.jpg 2048w, https:\/\/www.ixiasoft.com\/wp-content\/uploads\/2017\/09\/Ixia-Dita2-300x94.jpg 300w, https:\/\/www.ixiasoft.com\/wp-content\/uploads\/2017\/09\/Ixia-Dita2-1024x321.jpg 1024w, https:\/\/www.ixiasoft.com\/wp-content\/uploads\/2017\/09\/Ixia-Dita2-768x240.jpg 768w, https:\/\/www.ixiasoft.com\/wp-content\/uploads\/2017\/09\/Ixia-Dita2-1536x481.jpg 1536w\" sizes=\"auto, (max-width: 2048px) 100vw, 2048px\" \/><div class=\"wp-block-cover__inner-container is-layout-flow wp-block-cover-is-layout-flow\">\n<p class=\"has-text-align-center is-style-subheading has-theme-secondary-color has-text-color\">POURQUOI IXIA CCMS&nbsp;?<\/p>\n\n\n\n<h1 class=\"wp-block-heading has-text-align-center is-style-heading-style-primary\">IXIA CCMS et DITA<\/h1>\n\n\n\n<p class=\"has-text-align-center has-medium-font-size\"><span class=\"is-style-font-weight-light\">Le pass\u00e9, le pr\u00e9sent et l\u2019avenir d\u2019IXIA CCMS.<\/span><\/p>\n<\/div><\/div>\n\n\n\n<div class=\"wp-block-group alignfull has-theme-white-background-color has-background\"><div class=\"wp-block-group__inner-container is-layout-flow wp-block-group-is-layout-flow\">\n<h2 class=\"wp-block-heading has-text-align-center is-style-heading-style-1\">IXIASOFT ET DITA, UNE LONGUE HISTOIRE<\/h2>\n\n\n\n<p>Notre histoire commence avec TEXTML&nbsp;Server.  Avant DITA, IXIASOFT \u00e9tait d\u00e9j\u00e0 un acteur majeur sur le march\u00e9 de la documentation XML, fournissant des logiciels TEXTML&nbsp;Server aux \u00e9diteurs de journaux et de p\u00e9riodiques.<\/p>\n\n\n\n<p>&nbsp;Lorsque TEXTML&nbsp;Server a commenc\u00e9 \u00e0 s\u2019imposer, IXIASOFT a attir\u00e9 l&rsquo;attention d\u2019IBM.  Notre r\u00e9dactrice technique, responsable de la documentation de TEXTML&nbsp;Server, a \u00e9t\u00e9 invit\u00e9e \u00e0 rejoindre un petit groupe d\u2019employ\u00e9s d\u2019IBM pour un projet personnel.  L\u2019objectif&nbsp;?  R\u00e9diger les premi\u00e8res sp\u00e9cifications de DITA&nbsp;1.0.<\/p>\n\n\n\n<p>Le reste, comme on dit, appartient \u00e0 l\u2019histoire.<\/p>\n\n\n\n<div class=\"wp-block-media-text alignwide has-media-on-the-right is-vertically-aligned-top is-style-layout-timeline\"><figure class=\"wp-block-media-text__media\"><img loading=\"lazy\" decoding=\"async\" width=\"555\" height=\"355\" src=\"https:\/\/www.ixiasoft.com\/wp-content\/uploads\/2017\/09\/Textml.jpg\" alt=\"TEXTML Server logo\" class=\"wp-image-2675 size-full\" srcset=\"https:\/\/www.ixiasoft.com\/wp-content\/uploads\/2017\/09\/Textml.jpg 555w, https:\/\/www.ixiasoft.com\/wp-content\/uploads\/2017\/09\/Textml-300x192.jpg 300w\" sizes=\"auto, (max-width: 555px) 100vw, 555px\" \/><\/figure><div class=\"wp-block-media-text__content\">\n\n<h2 class=\"has-text-align-right wp-block-heading\">1998<\/h2>\n\n\n<p class=\"has-text-align-right\"><span class=\"is-style-all-caps\"><strong><span style=\"color: #ff8c0a;\" class=\"stk-highlight\">Le d\u00e9but<\/span><\/strong><\/span><\/p>\n\n\n<p class=\"has-text-align-right\">IXIASOFT est fond\u00e9e sous la forme d\u2019une spin-off de CEDROM-SNi, dans le but de cr\u00e9er la premi\u00e8re base de donn\u00e9es&nbsp;XML.  En d\u00e9cembre 1999, TEXTML&nbsp;Server est officiellement lanc\u00e9.<\/p>\n\n<\/div><\/div>\n\n\n\n<div class=\"wp-block-media-text alignwide is-vertically-aligned-top is-style-layout-timeline\"><figure class=\"wp-block-media-text__media\"><img loading=\"lazy\" decoding=\"async\" width=\"555\" height=\"355\" src=\"https:\/\/www.ixiasoft.com\/wp-content\/uploads\/2017\/09\/ibm.jpg\" alt=\"IBM logo\" class=\"wp-image-2558 size-full\" srcset=\"https:\/\/www.ixiasoft.com\/wp-content\/uploads\/2017\/09\/ibm.jpg 555w, https:\/\/www.ixiasoft.com\/wp-content\/uploads\/2017\/09\/ibm-300x192.jpg 300w\" sizes=\"auto, (max-width: 555px) 100vw, 555px\" \/><\/figure><div class=\"wp-block-media-text__content\">\n\n<h2 class=\"has-text-align-left wp-block-heading\">2003<\/h2>\n\n\n<p class=\"has-text-align-left\"><span class=\"is-style-all-caps\"><strong><span style=\"color: #ff8c0a;\" class=\"stk-highlight\">Un projet personnel<\/span><\/strong><\/span><\/p>\n\n\n<p class=\"has-text-align-left\">France Baril, r\u00e9dactrice de la documentation technique chez IXIASOFT, est contact\u00e9e par Michael Priestley d\u2019IBM.  Elle rejoint un petit groupe de personnes charg\u00e9es de r\u00e9diger les sp\u00e9cifications de DITA&nbsp;1.0.<\/p>\n\n<\/div><\/div>\n\n\n\n<div class=\"wp-block-media-text alignwide has-media-on-the-right is-vertically-aligned-top is-style-layout-timeline\"><figure class=\"wp-block-media-text__media\"><img loading=\"lazy\" decoding=\"async\" width=\"555\" height=\"355\" src=\"https:\/\/www.ixiasoft.com\/wp-content\/uploads\/2017\/09\/dita.jpg\" alt=\"DITA logo\" class=\"wp-image-2513 size-full\" srcset=\"https:\/\/www.ixiasoft.com\/wp-content\/uploads\/2017\/09\/dita.jpg 555w, https:\/\/www.ixiasoft.com\/wp-content\/uploads\/2017\/09\/dita-300x192.jpg 300w\" sizes=\"auto, (max-width: 555px) 100vw, 555px\" \/><\/figure><div class=\"wp-block-media-text__content\">\n\n<h2 class=\"has-text-align-right wp-block-heading\">2005<\/h2>\n\n\n<p class=\"has-text-align-right\"><span class=\"is-style-all-caps\"><strong><span style=\"color: #ff8c0a;\" class=\"stk-highlight\">DITA 1.0<\/span><\/strong><\/span><\/p>\n\n\n<p class=\"has-text-align-right\">Apr\u00e8s deux&nbsp;ann\u00e9es de travail, de passion et de pers\u00e9v\u00e9rance, France et l\u2019\u00e9quipe IBM publient les sp\u00e9cifications officielles de DITA&nbsp;1.0.<\/p>\n\n<\/div><\/div>\n\n\n\n<div class=\"wp-block-media-text alignwide is-vertically-aligned-top is-style-layout-timeline\"><figure class=\"wp-block-media-text__media\"><img loading=\"lazy\" decoding=\"async\" width=\"555\" height=\"355\" src=\"https:\/\/www.ixiasoft.com\/wp-content\/uploads\/2017\/09\/ati.jpg\" alt=\"ATI logo\" class=\"wp-image-2492 size-full\" srcset=\"https:\/\/www.ixiasoft.com\/wp-content\/uploads\/2017\/09\/ati.jpg 555w, https:\/\/www.ixiasoft.com\/wp-content\/uploads\/2017\/09\/ati-300x192.jpg 300w\" sizes=\"auto, (max-width: 555px) 100vw, 555px\" \/><\/figure><div class=\"wp-block-media-text__content\">\n\n<h2 class=\"has-text-align-left wp-block-heading\">2006<\/h2>\n\n\n<p class=\"has-text-align-left\"><span class=\"is-style-all-caps\"><strong><span style=\"color: #ff8c0a;\" class=\"stk-highlight\">Premier lancement<\/span><\/strong><\/span><\/p>\n\n\n<p class=\"has-text-align-left\">Contact\u00e9e par l\u2019entreprise ATI Technologies de Toronto en 2005 pour d\u00e9velopper une application capable de g\u00e9rer le contenu&nbsp;DITA, IXIASOFT travaille sur une nouvelle solution.  Celle-ci prend la forme d\u2019une application DITA 1.0 enti\u00e8rement fonctionnelle. L\u2019application install\u00e9e sur le TEXTML&nbsp;Server d\u2019ATI facilite la r\u00e9vision, la traduction et la publication de contenu.<\/p>\n\n<\/div><\/div>\n\n\n\n<div class=\"wp-block-media-text alignwide has-media-on-the-right is-vertically-aligned-top is-style-layout-timeline\"><figure class=\"wp-block-media-text__media\"><img loading=\"lazy\" decoding=\"async\" width=\"555\" height=\"355\" src=\"https:\/\/www.ixiasoft.com\/wp-content\/uploads\/2017\/09\/SLOW-GROWTH.jpg\" alt=\"a growing plant\" class=\"wp-image-2720 size-full\" srcset=\"https:\/\/www.ixiasoft.com\/wp-content\/uploads\/2017\/09\/SLOW-GROWTH.jpg 555w, https:\/\/www.ixiasoft.com\/wp-content\/uploads\/2017\/09\/SLOW-GROWTH-300x192.jpg 300w\" sizes=\"auto, (max-width: 555px) 100vw, 555px\" \/><\/figure><div class=\"wp-block-media-text__content\">\n\n<h2 class=\"has-text-align-right wp-block-heading\">2007-2009<\/h2>\n\n\n<p class=\"has-text-align-right\"><span class=\"is-style-all-caps\"><strong><span style=\"color: #ff8c0a;\" class=\"stk-highlight\">Des pionniers<\/span><\/strong><\/span><\/p>\n\n\n<p class=\"has-text-align-right\">De 2007 \u00e0 2009, IXIASOFT embauche les pionniers et les premiers r\u00e9dacteurs techniques ayant une connaissance approfondie de DITA et un v\u00e9ritable int\u00e9r\u00eat pour ce nouveau standard.<\/p>\n\n<\/div><\/div>\n\n\n\n<div class=\"wp-block-media-text alignwide is-vertically-aligned-top is-style-layout-timeline\"><figure class=\"wp-block-media-text__media\"><img loading=\"lazy\" decoding=\"async\" width=\"555\" height=\"355\" src=\"https:\/\/www.ixiasoft.com\/wp-content\/uploads\/2017\/09\/ACCELERATED-GROWTH-1.jpg\" alt=\"A graphic to explain the accelerated growth\" class=\"wp-image-2456 size-full\" srcset=\"https:\/\/www.ixiasoft.com\/wp-content\/uploads\/2017\/09\/ACCELERATED-GROWTH-1.jpg 555w, https:\/\/www.ixiasoft.com\/wp-content\/uploads\/2017\/09\/ACCELERATED-GROWTH-1-300x192.jpg 300w\" sizes=\"auto, (max-width: 555px) 100vw, 555px\" \/><\/figure><div class=\"wp-block-media-text__content\">\n\n<h2 class=\"has-text-align-left wp-block-heading\">2010-2015<\/h2>\n\n\n<p class=\"has-text-align-left\"><span class=\"is-style-all-caps\"><strong><span style=\"color: #ff8c0a;\" class=\"stk-highlight\">Croissance acc\u00e9l\u00e9r\u00e9e<\/span><\/strong><\/span><\/p>\n\n\n<p class=\"has-text-align-left\">IXIASOFT DITA CMS poursuit son d\u00e9veloppement et les organisations clientes augmentent le nombre d&#8217;employ\u00e9s utilisant la solution.  DITA CMS est am\u00e9lior\u00e9 pour pouvoir prendre en charge des milliers d\u2019utilisateurs qui travaillent sur des millions de cartes, rubriques, images, etc.<\/p>\n\n<\/div><\/div>\n\n\n\n<div class=\"wp-block-media-text alignwide has-media-on-the-right is-vertically-aligned-top is-style-layout-timeline\"><figure class=\"wp-block-media-text__media\"><img loading=\"lazy\" decoding=\"async\" width=\"555\" height=\"355\" src=\"https:\/\/www.ixiasoft.com\/wp-content\/uploads\/2017\/09\/new-users2.jpg\" alt=\"a cloud\" class=\"wp-image-2639 size-full\" srcset=\"https:\/\/www.ixiasoft.com\/wp-content\/uploads\/2017\/09\/new-users2.jpg 555w, https:\/\/www.ixiasoft.com\/wp-content\/uploads\/2017\/09\/new-users2-300x192.jpg 300w\" sizes=\"auto, (max-width: 555px) 100vw, 555px\" \/><\/figure><div class=\"wp-block-media-text__content\">\n\n<h2 class=\"has-text-align-right wp-block-heading\">2019 et au-del\u00e0\u2026<\/h2>\n\n\n<p class=\"has-text-align-right\"><span class=\"is-style-all-caps\"><strong><span style=\"color: #ff8c0a;\" class=\"stk-highlight\">Nouveaux utilisateurs<\/span><\/strong><\/span><\/p>\n\n\n<p class=\"has-text-align-right\">IXIASOFT remarque une \u00e9volution dans le type d\u2019utilisateurs qui utilisent DITA CCMS, et s\u2019y adapte. De plus en plus d\u2019entreprises font appel \u00e0 des experts m\u00e9tier et \u00e0 des contributeurs occasionnels pour cr\u00e9er du contenu.  Le 10&nbsp;juillet&nbsp;2018, IXIASOFT commercialise IXIASOFT CCMS&nbsp;5.0, une solution riche en fonctionnalit\u00e9s et pens\u00e9e pour tous les r\u00e9dacteurs.  Avec une exp\u00e9rience utilisateur am\u00e9lior\u00e9e et des nouvelles fonctionnalit\u00e9s de bureau, ce syst\u00e8me de gestion de contenu est con\u00e7u pour un public encore plus large.  Aujourd\u2019hui, les utilisateurs peuvent cr\u00e9er, r\u00e9viser et publier du contenu de mani\u00e8re autonome ou en collaboration avec d&rsquo;autres utilisateurs.<\/p>\n\n<\/div><\/div>\n<\/div><\/div>\n\n\n\n<div class=\"wp-block-group has-theme-white-background-color has-background\"><div class=\"wp-block-group__inner-container is-layout-flow wp-block-group-is-layout-flow\">\n<h2 class=\"wp-block-heading has-text-align-center is-style-heading-style-1\">Internet des objets<\/h2>\n\n\n\n<p class=\"has-text-align-center\">Chez MadCap Software, nous publions des contenus courts sur certains sujets ou appareils sp\u00e9cifiques.  Nous croyons \u00e0 <a href=\"https:\/\/www.ixiasoft.com\/blog\/the-path-to-information-4-0\/\"><\/a><a class=\"rank-math-link\" href=\"https:\/\/www.ixiasoft.com\/the-path-to-information-4-0\/\">un futur o\u00f9 toutes les parties seront connect\u00e9es<\/a>&nbsp;: l\u2019Internet des objets.  L&rsquo;Internet des objets est un syst\u00e8me dans lequel tout objet dot\u00e9 d&rsquo;un interrupteur de marche\/arr\u00eat peut \u00eatre connect\u00e9 \u00e0 Internet. Ce vaste r\u00e9seau d&rsquo;objets connect\u00e9s peut \u00e9galement inclure des personnes.&nbsp;<a href=\"https:\/\/www.ixiasoft.com\/learning-support\/product-documentation\/documentation\/?lang=fr\" data-type=\"page\" data-id=\"45051\"><\/a><a class=\"rank-math-link\" href=\"https:\/\/www.ixiasoft.com\/fr\/apprentissage-et-support\/documentation-guide\/\" data-type=\"page\" data-id=\"52668\">Les futures versions de notre CCMS<\/a> sont ax\u00e9es sur le passage d&rsquo;un client local \u00e0 une solution 100&nbsp;% web.  Les utilisateurs DITA pourront travailler l\u00e0 o\u00f9 un navigateur est disponible.<\/p>\n<\/div><\/div>\n","protected":false},"excerpt":{"rendered":"<p>IXIASOFT ET DITA, UNE LONGUE HISTOIRE Notre histoire commence avec TEXTML&nbsp;Server. Avant DITA, IXIASOFT \u00e9tait d\u00e9j\u00e0 un acteur majeur sur&#8230;<\/p>\n","protected":false},"author":26,"featured_media":0,"parent":53517,"menu_order":0,"comment_status":"closed","ping_status":"closed","template":"","meta":{"footnotes":""},"class_list":["post-51182","page","type-page","status-publish","hentry"],"mb":[],"featured_image_urls":{"full":"","thumbnail":"","medium":"","medium_large":"","large":"","1536x1536":"","2048x2048":"","ultp_layout_landscape_large":"","ultp_layout_landscape":"","ultp_layout_portrait":"","ultp_layout_square":""},"post_excerpt_stackable":"<p>POURQUOI IXIA CCMS&nbsp;? IXIA CCMS et DITA Le pass\u00e9, le pr\u00e9sent et l\u2019avenir d\u2019IXIA CCMS. IXIASOFT ET DITA, UNE LONGUE HISTOIRE Notre histoire commence avec TEXTML&nbsp;Server. Avant DITA, IXIASOFT \u00e9tait d\u00e9j\u00e0 un acteur majeur sur le march\u00e9 de la documentation XML, fournissant des logiciels TEXTML&nbsp;Server aux \u00e9diteurs de journaux et de p\u00e9riodiques. &nbsp;Lorsque TEXTML&nbsp;Server a commenc\u00e9 \u00e0 s\u2019imposer, IXIASOFT a attir\u00e9 l&rsquo;attention d\u2019IBM. Notre r\u00e9dactrice technique, responsable de la documentation de TEXTML&nbsp;Server, a \u00e9t\u00e9 invit\u00e9e \u00e0 rejoindre un petit groupe d\u2019employ\u00e9s d\u2019IBM pour un projet personnel. L\u2019objectif&nbsp;? R\u00e9diger les premi\u00e8res sp\u00e9cifications de DITA&nbsp;1.0. Le reste, comme on dit, appartient \u00e0\u2026<\/p>\n","category_list":"","author_info":{"name":"MadCap IT","url":"https:\/\/www.ixiasoft.com\/fr\/author\/madcap_it\/"},"comments_num":"0 commentaire","featured_image_urls_v2":{"full":"","thumbnail":"","medium":"","medium_large":"","large":"","1536x1536":"","2048x2048":"","ultp_layout_landscape_large":"","ultp_layout_landscape":"","ultp_layout_portrait":"","ultp_layout_square":""},"post_excerpt_stackable_v2":"<p>POURQUOI IXIA CCMS&nbsp;? IXIA CCMS et DITA Le pass\u00e9, le pr\u00e9sent et l\u2019avenir d\u2019IXIA CCMS. IXIASOFT ET DITA, UNE LONGUE HISTOIRE Notre histoire commence avec TEXTML&nbsp;Server. Avant DITA, IXIASOFT \u00e9tait d\u00e9j\u00e0 un acteur majeur sur le march\u00e9 de la documentation XML, fournissant des logiciels TEXTML&nbsp;Server aux \u00e9diteurs de journaux et de p\u00e9riodiques. &nbsp;Lorsque TEXTML&nbsp;Server a commenc\u00e9 \u00e0 s\u2019imposer, IXIASOFT a attir\u00e9 l&rsquo;attention d\u2019IBM. Notre r\u00e9dactrice technique, responsable de la documentation de TEXTML&nbsp;Server, a \u00e9t\u00e9 invit\u00e9e \u00e0 rejoindre un petit groupe d\u2019employ\u00e9s d\u2019IBM pour un projet personnel. L\u2019objectif&nbsp;? R\u00e9diger les premi\u00e8res sp\u00e9cifications de DITA&nbsp;1.0. Le reste, comme on dit, appartient \u00e0\u2026<\/p>\n","category_list_v2":"","author_info_v2":{"name":"MadCap IT","url":"https:\/\/www.ixiasoft.com\/fr\/author\/madcap_it\/"},"comments_num_v2":"0 commentaire","mfb_rest_fields":["title","featured_image_urls","post_excerpt_stackable","category_list","author_info","comments_num","featured_image_urls_v2","post_excerpt_stackable_v2","category_list_v2","author_info_v2","comments_num_v2"],"_links":{"self":[{"href":"https:\/\/www.ixiasoft.com\/fr\/wp-json\/wp\/v2\/pages\/51182","targetHints":{"allow":["GET"]}}],"collection":[{"href":"https:\/\/www.ixiasoft.com\/fr\/wp-json\/wp\/v2\/pages"}],"about":[{"href":"https:\/\/www.ixiasoft.com\/fr\/wp-json\/wp\/v2\/types\/page"}],"author":[{"embeddable":true,"href":"https:\/\/www.ixiasoft.com\/fr\/wp-json\/wp\/v2\/users\/26"}],"replies":[{"embeddable":true,"href":"https:\/\/www.ixiasoft.com\/fr\/wp-json\/wp\/v2\/comments?post=51182"}],"version-history":[{"count":23,"href":"https:\/\/www.ixiasoft.com\/fr\/wp-json\/wp\/v2\/pages\/51182\/revisions"}],"predecessor-version":[{"id":60795,"href":"https:\/\/www.ixiasoft.com\/fr\/wp-json\/wp\/v2\/pages\/51182\/revisions\/60795"}],"up":[{"embeddable":true,"href":"https:\/\/www.ixiasoft.com\/fr\/wp-json\/wp\/v2\/pages\/53517"}],"wp:attachment":[{"href":"https:\/\/www.ixiasoft.com\/fr\/wp-json\/wp\/v2\/media?parent=51182"}],"curies":[{"name":"wp","href":"https:\/\/api.w.org\/{rel}","templated":true}]}}