{"id":51184,"date":"2021-03-19T08:31:23","date_gmt":"2021-03-19T12:31:23","guid":{"rendered":"https:\/\/www.ixiasoft.com\/contact\/"},"modified":"2025-10-13T17:37:29","modified_gmt":"2025-10-13T21:37:29","slug":"contact","status":"publish","type":"page","link":"https:\/\/www.ixiasoft.com\/fr\/a-propos-de-nous\/contact\/","title":{"rendered":"Contact"},"content":{"rendered":"\n<div class=\"wp-block-cover alignfull is-light\" style=\"min-height:257px;aspect-ratio:unset;\"><img loading=\"lazy\" decoding=\"async\" width=\"2048\" height=\"350\" class=\"wp-block-cover__image-background wp-image-1311\" alt=\"\" src=\"https:\/\/www.ixiasoft.com\/wp-content\/uploads\/2020\/11\/contact-us-1.jpg\" data-object-fit=\"cover\" srcset=\"https:\/\/www.ixiasoft.com\/wp-content\/uploads\/2020\/11\/contact-us-1.jpg 2048w, https:\/\/www.ixiasoft.com\/wp-content\/uploads\/2020\/11\/contact-us-1-300x51.jpg 300w, https:\/\/www.ixiasoft.com\/wp-content\/uploads\/2020\/11\/contact-us-1-1024x175.jpg 1024w, https:\/\/www.ixiasoft.com\/wp-content\/uploads\/2020\/11\/contact-us-1-768x131.jpg 768w, https:\/\/www.ixiasoft.com\/wp-content\/uploads\/2020\/11\/contact-us-1-1536x263.jpg 1536w\" sizes=\"auto, (max-width: 2048px) 100vw, 2048px\" \/><span aria-hidden=\"true\" class=\"wp-block-cover__background has-background-dim-0 has-background-dim\"><\/span><div class=\"wp-block-cover__inner-container is-layout-flow wp-block-cover-is-layout-flow\">\n<p class=\"has-text-align-center has-large-font-size\"><\/p>\n<\/div><\/div>\n\n\n\n<div class=\"wp-block-group alignfull has-theme-white-background-color has-background\"><div class=\"wp-block-group__inner-container is-layout-flow wp-block-group-is-layout-flow\">\n<h2 class=\"wp-block-heading has-text-align-center is-style-heading-style-1\">CONTACTER l&rsquo;\u00e9quipe IXIA CCMS<\/h2>\n\n\n\n<p class=\"has-text-align-center has-para-lead-font-size\"><span class=\"is-style-font-weight-light\">Pr\u00eat \u00e0 transformer votre exp\u00e9rience client&nbsp;? Contactez sans attendre les experts IXIA CCMS pour d\u00e9marrer la discussion.<\/span><\/p>\n<\/div><\/div>\n\n\n\n<div class=\"wp-block-columns is-style-default is-layout-flex wp-container-core-columns-is-layout-9d6595d7 wp-block-columns-is-layout-flex\">\n<div class=\"wp-block-column is-layout-flow wp-block-column-is-layout-flow\" style=\"flex-basis:33.33%\">\n<p class=\"has-lead-font-size\"><span class=\"is-style-font-weight-light\">Nos r\u00e9gions<\/span><\/p>\n\n\n\n<p class=\"is-style-mb-0 has-theme-secondary-color has-text-color has-body-font-size\"><strong>US &amp; CANADA<\/strong><\/p>\n\n\n\n<p><strong>MadCap Software, Canada Office<br><\/strong>1350-1010 De la Gaucheti\u00e8re Ouest<br>Montr\u00e9al, Qu\u00e9bec H3B 2B2<br>Canada<br>T\u00e9l.&nbsp;:&nbsp;<a href=\"tel:15142794942\">+1 514 279 4942<\/a><br>Fax&nbsp;:&nbsp;+1 514 279 3947<br>N\u00b0 gratuit&nbsp;:&nbsp;<a href=\"tel:18772794942\">+1 877 279 4942<\/a><\/p>\n\n\n\n<p><strong>MadCap Software (bureau de Toronto)<\/strong><br>96 Spadina Ave.,<br>Suite 302<br>Toronto, ON<br>Canada, M5V 2J6<br>N\u00b0 gratuit&nbsp;:&nbsp;<a href=\"tel:18772794942\">+1 877 279 4942<\/a><\/p>\n\n\n\n<p class=\"is-style-mb-0 has-theme-secondary-color has-text-color\"><strong>EUROPE<\/strong><\/p>\n\n\n\n<p><strong><strong>MadCap Software<\/strong> (Europe)<\/strong><br>Hahnstra\u00dfe 68-70, 60528 Frankfurt<br>Allemagne<br>T\u00e9l.&nbsp;:&nbsp;<a href=\"tel:4961066398392\">+49 6106 639 8392<\/a><br>Fax&nbsp;:+49 6106 626 9579<\/p>\n\n\n\n<p class=\"is-style-mb-0 has-theme-secondary-color has-text-color\"><strong>JAPON<\/strong><\/p>\n\n\n\n<p><strong>IXIASOFT K.K. (Bureau de Tokyo)<\/strong><br>22F Shibuya Mark City West<br>1-12-1 Dogenzaka, Shibuya-ku,<br>Tokyo 150-0043<br>Japon<br>T\u00e9l.&nbsp;:&nbsp;<a href=\"tel:810363206488\">+81 (0)3 6320 6488<\/a><\/p>\n\n\n\n<p><strong><span class=\"is-style-all-caps\"><span style=\"color: #ff8c0a;\" class=\"stk-highlight\">si\u00e8ge social<br><\/span><\/span>MadCap Software Inc.<\/strong><br>1660, 17th Street Suite 201<br>Denver, CO 80202<br>Sans Frais (US\/Canada): +1 888-MADCAP1<br>Direct: +1 858-320-0387<br><a href=\"https:\/\/www.madcapsoftware.com\/\" target=\"_blank\" rel=\"noreferrer noopener\">www.madcapsoftware.com<\/a><\/p>\n<\/div>\n\n\n\n<div class=\"wp-block-column is-layout-flow wp-block-column-is-layout-flow\" style=\"flex-basis:66.66%\">\n<p class=\"has-lead-font-size\"><span class=\"is-style-font-weight-light\">N\u2019h\u00e9sitez pas \u00e0 nous contacter.<\/span><\/p>\n\n\n\n<link\n  rel=\"stylesheet\"\n  type=\"text\/css\"\n  href=\"https:\/\/www.madcapsoftware.com\/sass\/css\/responsive-bootstrap4\/madForm-hubSpot.min.css\"\n\/>\n\n<style>\n    .madForm {\n        max-width: 800px;\n        margin-left: auto;\n        margin-right: auto;\n        padding-bottom: 60px;\n    }\n\n    .hs-form-radio {\n        list-style: none;\n    }\n\n    .hs-form-radio .hs-input {\n        margin-right: 5px;\n    }\n\n    .hs-fieldtype-radio ul.inputs-list.multi-container {\n        padding: 0;\n    }\n\n    .hs-error-msgs {\n        padding: 0;\n    }\n    .hs-fieldtype-booleancheckbox .input .inputs-list {\n        padding: 0;\n    }\n\n    .gdprText {\n        margin-bottom: 20px;\n    }\n\n    .submitted-message {\n        background-image: none;\n    }\n<\/style>\n\n<script src=\"https:\/\/www.madcapsoftware.com\/Scripts\/hubSpotFormHelpers.min.js\"><\/script>\n\n<script\n  charset=\"utf-8\"\n  type=\"text\/javascript\"\n  src=\"\/\/js.hsforms.net\/forms\/embed\/v2.js\"\n><\/script>\n\n<div class=\"madForm\"><\/div>\n\n<script>\n  window.renderHubSpotForm({\n    formId: \"038b68aa-85e6-4fde-abc1-63db209bf164\",\n    confirmationPagePath: \"https:\/\/www.madcapsoftware.com\/confirmation\/contact-sales-ixiasoft\/\",\n    productCode: \"IX\",\n    formType: \"contact-sales\",\n    source: \"contact-sales-ixia\",\n    leadSourceBusinessUnit: \"IxiaSoft\",\n    leadSourceDescription: \"Please Contact Me Regarding MadCap IXIA CCMS\",\n  });\n<\/script>\n<\/div>\n<\/div>\n\n\n\n<div class=\"wp-block-group alignfull has-theme-light-background-color has-background\"><div class=\"wp-block-group__inner-container is-layout-flow wp-block-group-is-layout-flow\">\n<h2 class=\"wp-block-heading has-text-align-left is-style-heading-style-1 has-theme-secondary-color has-text-color\">liste de diffusion<\/h2>\n\n\n\n<p class=\"is-style-mb-0\"><strong>Rejoignez une communaut\u00e9 de leaders.&nbsp;<\/strong><br>Inscrivez-vous \u00e0 notre liste de diffusion exclusive.<br>Soyez les premiers \u00e0 recevoir des informations sur les nouveaux produits, des invitations \u00e0 des webinaires, des communiqu\u00e9s de presse, et bien plus encore.<\/p>\n\n\n\n<div class=\"wp-block-buttons is-layout-flex wp-block-buttons-is-layout-flex\">\n<div class=\"wp-block-button is-style-fill\"><a class=\"wp-block-button__link has-theme-white-color has-theme-secondary-background-color has-text-color has-background wp-element-button\" href=\"https:\/\/www.ixiasoft.com\/fr\/a-propos-de-nous\/contact\/mailing-list\/\" target=\"_blank\" rel=\"noreferrer noopener\">S&rsquo;inscrire<\/a><\/div>\n<\/div>\n<\/div><\/div>\n","protected":false},"excerpt":{"rendered":"<p>CONTACTER l&rsquo;\u00e9quipe IXIA CCMS Pr\u00eat \u00e0 transformer votre exp\u00e9rience client&nbsp;? Contactez sans attendre les experts IXIA CCMS pour d\u00e9marrer la&#8230;<\/p>\n","protected":false},"author":26,"featured_media":0,"parent":53302,"menu_order":0,"comment_status":"closed","ping_status":"closed","template":"","meta":{"footnotes":""},"class_list":["post-51184","page","type-page","status-publish","hentry"],"mb":[],"featured_image_urls":{"full":"","thumbnail":"","medium":"","medium_large":"","large":"","1536x1536":"","2048x2048":"","ultp_layout_landscape_large":"","ultp_layout_landscape":"","ultp_layout_portrait":"","ultp_layout_square":""},"post_excerpt_stackable":"<p>CONTACTER l&rsquo;\u00e9quipe IXIA CCMS Pr\u00eat \u00e0 transformer votre exp\u00e9rience client&nbsp;? Contactez sans attendre les experts IXIA CCMS pour d\u00e9marrer la discussion. Nos r\u00e9gions US &amp; CANADA MadCap Software, Canada Office1350-1010 De la Gaucheti\u00e8re OuestMontr\u00e9al, Qu\u00e9bec H3B 2B2CanadaT\u00e9l.&nbsp;:&nbsp;+1 514 279 4942Fax&nbsp;:&nbsp;+1 514 279 3947N\u00b0 gratuit&nbsp;:&nbsp;+1 877 279 4942 MadCap Software (bureau de Toronto)96 Spadina Ave.,Suite 302Toronto, ONCanada, M5V 2J6N\u00b0 gratuit&nbsp;:&nbsp;+1 877 279 4942 EUROPE MadCap Software (Europe)Hahnstra\u00dfe 68-70, 60528 FrankfurtAllemagneT\u00e9l.&nbsp;:&nbsp;+49 6106 639 8392Fax&nbsp;:+49 6106 626 9579 JAPON IXIASOFT K.K. (Bureau de Tokyo)22F Shibuya Mark City West1-12-1 Dogenzaka, Shibuya-ku,Tokyo 150-0043JaponT\u00e9l.&nbsp;:&nbsp;+81 (0)3 6320 6488 si\u00e8ge socialMadCap Software Inc.1660, 17th Street Suite 201Denver, CO\u2026<\/p>\n","category_list":"","author_info":{"name":"MadCap IT","url":"https:\/\/www.ixiasoft.com\/fr\/author\/madcap_it\/"},"comments_num":"0 commentaire","featured_image_urls_v2":{"full":"","thumbnail":"","medium":"","medium_large":"","large":"","1536x1536":"","2048x2048":"","ultp_layout_landscape_large":"","ultp_layout_landscape":"","ultp_layout_portrait":"","ultp_layout_square":""},"post_excerpt_stackable_v2":"<p>CONTACTER l&rsquo;\u00e9quipe IXIA CCMS Pr\u00eat \u00e0 transformer votre exp\u00e9rience client&nbsp;? Contactez sans attendre les experts IXIA CCMS pour d\u00e9marrer la discussion. Nos r\u00e9gions US &amp; CANADA MadCap Software, Canada Office1350-1010 De la Gaucheti\u00e8re OuestMontr\u00e9al, Qu\u00e9bec H3B 2B2CanadaT\u00e9l.&nbsp;:&nbsp;+1 514 279 4942Fax&nbsp;:&nbsp;+1 514 279 3947N\u00b0 gratuit&nbsp;:&nbsp;+1 877 279 4942 MadCap Software (bureau de Toronto)96 Spadina Ave.,Suite 302Toronto, ONCanada, M5V 2J6N\u00b0 gratuit&nbsp;:&nbsp;+1 877 279 4942 EUROPE MadCap Software (Europe)Hahnstra\u00dfe 68-70, 60528 FrankfurtAllemagneT\u00e9l.&nbsp;:&nbsp;+49 6106 639 8392Fax&nbsp;:+49 6106 626 9579 JAPON IXIASOFT K.K. (Bureau de Tokyo)22F Shibuya Mark City West1-12-1 Dogenzaka, Shibuya-ku,Tokyo 150-0043JaponT\u00e9l.&nbsp;:&nbsp;+81 (0)3 6320 6488 si\u00e8ge socialMadCap Software Inc.1660, 17th Street Suite 201Denver, CO\u2026<\/p>\n","category_list_v2":"","author_info_v2":{"name":"MadCap IT","url":"https:\/\/www.ixiasoft.com\/fr\/author\/madcap_it\/"},"comments_num_v2":"0 commentaire","mfb_rest_fields":["title","featured_image_urls","post_excerpt_stackable","category_list","author_info","comments_num","featured_image_urls_v2","post_excerpt_stackable_v2","category_list_v2","author_info_v2","comments_num_v2"],"_links":{"self":[{"href":"https:\/\/www.ixiasoft.com\/fr\/wp-json\/wp\/v2\/pages\/51184","targetHints":{"allow":["GET"]}}],"collection":[{"href":"https:\/\/www.ixiasoft.com\/fr\/wp-json\/wp\/v2\/pages"}],"about":[{"href":"https:\/\/www.ixiasoft.com\/fr\/wp-json\/wp\/v2\/types\/page"}],"author":[{"embeddable":true,"href":"https:\/\/www.ixiasoft.com\/fr\/wp-json\/wp\/v2\/users\/26"}],"replies":[{"embeddable":true,"href":"https:\/\/www.ixiasoft.com\/fr\/wp-json\/wp\/v2\/comments?post=51184"}],"version-history":[{"count":18,"href":"https:\/\/www.ixiasoft.com\/fr\/wp-json\/wp\/v2\/pages\/51184\/revisions"}],"predecessor-version":[{"id":61644,"href":"https:\/\/www.ixiasoft.com\/fr\/wp-json\/wp\/v2\/pages\/51184\/revisions\/61644"}],"up":[{"embeddable":true,"href":"https:\/\/www.ixiasoft.com\/fr\/wp-json\/wp\/v2\/pages\/53302"}],"wp:attachment":[{"href":"https:\/\/www.ixiasoft.com\/fr\/wp-json\/wp\/v2\/media?parent=51184"}],"curies":[{"name":"wp","href":"https:\/\/api.w.org\/{rel}","templated":true}]}}