{"id":51188,"date":"2021-03-19T08:31:35","date_gmt":"2021-03-19T12:31:35","guid":{"rendered":"https:\/\/www.ixiasoft.com\/a-propos-de-nous\/a-propos-de-nous\/"},"modified":"2023-09-29T08:45:22","modified_gmt":"2023-09-29T12:45:22","slug":"ixiasoft-en-bref","status":"publish","type":"page","link":"https:\/\/www.ixiasoft.com\/fr\/a-propos-de-nous\/ixiasoft-en-bref\/","title":{"rendered":"IXIASOFT en bref"},"content":{"rendered":"\n<div class=\"wp-block-cover alignfull is-light\"><span aria-hidden=\"true\" class=\"wp-block-cover__background has-background-dim-0 has-background-dim\"><\/span><img loading=\"lazy\" decoding=\"async\" width=\"1000\" height=\"435\" class=\"wp-block-cover__image-background wp-image-1335\" alt=\"\" src=\"https:\/\/www.ixiasoft.com\/wp-content\/uploads\/2020\/11\/about-banner.jpg\" data-object-fit=\"cover\" srcset=\"https:\/\/www.ixiasoft.com\/wp-content\/uploads\/2020\/11\/about-banner.jpg 1000w, https:\/\/www.ixiasoft.com\/wp-content\/uploads\/2020\/11\/about-banner-300x131.jpg 300w, https:\/\/www.ixiasoft.com\/wp-content\/uploads\/2020\/11\/about-banner-768x334.jpg 768w\" sizes=\"auto, (max-width: 1000px) 100vw, 1000px\" \/><div class=\"wp-block-cover__inner-container is-layout-flow wp-block-cover-is-layout-flow\">\n<p class=\"has-text-align-center is-style-subheading has-theme-secondary-dark-color has-text-color\"><span class=\"is-style-all-caps\">\u00c0 propos de nous<\/span><\/p>\n\n\n\n<h1 class=\"wp-block-heading has-text-align-center is-style-heading-style-primary has-theme-white-color has-text-color\">En bref<\/h1>\n\n\n\n<p class=\"has-text-align-center has-theme-white-color has-text-color has-medium-font-size\"><span class=\"is-style-font-weight-light\">Nous vous aidons \u00e0 distribuer du contenu exceptionnel.  Dans toutes les langues, sur n\u2019importe quel appareil.<\/span><\/p>\n<\/div><\/div>\n\n\n\n<div class=\"wp-block-group alignfull has-theme-white-background-color has-background\"><div class=\"wp-block-group__inner-container is-layout-flow wp-block-group-is-layout-flow\">\n<h2 class=\"wp-block-heading has-text-align-center is-style-heading-style-1\">NOS VALEURS<\/h2>\n\n\n\n<p class=\"has-text-align-center has-body-larger-font-size\">Nous ne sommes pas n\u2019importe quel \u00e9diteur de logiciels.<\/p>\n\n\n\n<div class=\"wp-block-columns is-style-default is-layout-flex wp-container-core-columns-is-layout-9d6595d7 wp-block-columns-is-layout-flex\">\n<div class=\"wp-block-column is-layout-flow wp-block-column-is-layout-flow\">\n<p class=\"is-style-mb-0\"><strong>Respect<\/strong><\/p>\n\n\n\n<p>Nous traitons tous les clients, partenaires et employ\u00e9s avec respect.  Qui que vous soyez, nous vous accueillons avec les bras ouverts et une tasse de caf\u00e9.  Nous reconnaissons (et valorisons) les diff\u00e9rences individuelles.<\/p>\n<\/div>\n\n\n\n<div class=\"wp-block-column is-layout-flow wp-block-column-is-layout-flow\">\n<p class=\"is-style-mb-0\"><strong>Fid\u00e9lit\u00e9<\/strong><\/p>\n\n\n\n<p>Notre but est de nouer des relations fortes et durables. Nous voulons conna\u00eetre ceux avec qui nous travaillons. Nous sommes du genre \u00e0 appeler et \u00e0 poser des questions, juste pour savoir comment vous allez.<\/p>\n<\/div>\n\n\n\n<div class=\"wp-block-column is-layout-flow wp-block-column-is-layout-flow\">\n<p class=\"is-style-mb-0\"><strong>Attention<\/strong><\/p>\n\n\n\n<p>L&rsquo;\u00e9coute est la cl\u00e9 de la r\u00e9ussite, et nous sommes tout ou\u00efe. Chaque client a sa propre histoire. Nos experts CCMS sont d\u00e9termin\u00e9s \u00e0 r\u00e9unir toutes les informations n\u00e9cessaires pour obtenir des r\u00e9sultats positifs sur chaque projet.<\/p>\n<\/div>\n\n\n\n<div class=\"wp-block-column is-layout-flow wp-block-column-is-layout-flow\">\n<p class=\"is-style-mb-0\"><strong>Transparence<\/strong><\/p>\n\n\n\n<p>La responsabilit\u00e9 personnelle est importante pour nous, et nous assumons pleinement toutes nos actions.  Nous travaillons en toute transparence. Les d\u00e9cisions prises sont meilleures lorsque toutes les informations sont sur la table.<\/p>\n<\/div>\n<\/div>\n\n\n\n<div class=\"wp-block-columns is-style-default is-layout-flex wp-container-core-columns-is-layout-9d6595d7 wp-block-columns-is-layout-flex\">\n<div class=\"wp-block-column is-layout-flow wp-block-column-is-layout-flow\">\n<figure class=\"wp-block-image size-large\"><img loading=\"lazy\" decoding=\"async\" width=\"1000\" height=\"667\" src=\"https:\/\/www.ixiasoft.com\/wp-content\/uploads\/2020\/11\/IJ_01195-ourMotto.jpg\" alt=\"Une personne qui sourit entour\u00e9e d\u2019autres personnes au bureau\" class=\"wp-image-1341\" srcset=\"https:\/\/www.ixiasoft.com\/wp-content\/uploads\/2020\/11\/IJ_01195-ourMotto.jpg 1000w, https:\/\/www.ixiasoft.com\/wp-content\/uploads\/2020\/11\/IJ_01195-ourMotto-300x200.jpg 300w, https:\/\/www.ixiasoft.com\/wp-content\/uploads\/2020\/11\/IJ_01195-ourMotto-768x512.jpg 768w\" sizes=\"auto, (max-width: 1000px) 100vw, 1000px\" \/><\/figure>\n\n\n\n<p class=\"is-style-default has-body-larger-font-size\">Notre credo<\/p>\n\n\n\n<p>Notre credo est simple&nbsp;: aider les clients \u00e0 r\u00e9ussir.  Gr\u00e2ce au d\u00e9veloppement permanent, \u00e0 l\u2019innovation et \u00e0 l\u2019am\u00e9lioration de nos technologies, produits et solutions, nos &nbsp;<a href=\"https:\/\/www.ixiasoft.com\/products-services\/services-expertise\/our-dita-expertise\/\"><\/a><a href=\"https:\/\/www.ixiasoft.com\/fr\/produits-et-services\/notre-expertise-dita\/\" data-type=\"page\" data-id=\"782\" class=\"rank-math-link\">experts CCMS<\/a>&nbsp; aident chaque client \u00e0 atteindre ses objectifs en termes de documentation technique.<\/p>\n<\/div>\n\n\n\n<div class=\"wp-block-column is-layout-flow wp-block-column-is-layout-flow\">\n<figure class=\"wp-block-image size-large\"><img loading=\"lazy\" decoding=\"async\" width=\"1000\" height=\"667\" src=\"https:\/\/www.ixiasoft.com\/wp-content\/uploads\/2020\/11\/ourPeople.jpg\" alt=\"Deux personnes qui trinquent avec une tasse de th\u00e9 et une tasse de caf\u00e9\" class=\"wp-image-1344\" srcset=\"https:\/\/www.ixiasoft.com\/wp-content\/uploads\/2020\/11\/ourPeople.jpg 1000w, https:\/\/www.ixiasoft.com\/wp-content\/uploads\/2020\/11\/ourPeople-300x200.jpg 300w, https:\/\/www.ixiasoft.com\/wp-content\/uploads\/2020\/11\/ourPeople-768x512.jpg 768w\" sizes=\"auto, (max-width: 1000px) 100vw, 1000px\" \/><\/figure>\n\n\n\n<p class=\"has-body-larger-font-size\">Notre \u00e9quipe<\/p>\n\n\n\n<p>Gr\u00e2ce au talent des membres de notre \u00e9quipe, nous cr\u00e9ons des technologies et des solutions incomparables.  D\u00e9bordant d&rsquo;\u00e9nergie et de talent, notre environnement de travail ne ressemble en rien \u00e0 un bureau traditionnel occup\u00e9 de 9h00 \u00e0 17h00.  C\u2019est davantage un espace ouvert con\u00e7u pour trouver des id\u00e9es, discuter strat\u00e9gie et cultiver nos passions.  Notre approche dynamique et agr\u00e9able transpara\u00eet dans nos pratiques commerciales, et c\u2019est la principale raison pour laquelle les clients choisissent MadCap Software.<\/p>\n<\/div>\n<\/div>\n<\/div><\/div>\n\n\n\n<div class=\"wp-block-group alignfull has-theme-light-background-color has-background\"><div class=\"wp-block-group__inner-container is-layout-flow wp-block-group-is-layout-flow\">\n<h2 class=\"wp-block-heading has-text-align-center is-style-heading-style-1\">NOTRE HISTOIRE<\/h2>\n\n\n\n<p>Depuis pratiquement 20&nbsp;ans, IXIASOFT fait figure de pionnier dans le domaine des logiciels de gestion de contenu. L&rsquo;entreprise fournit des solutions innovantes permettant de g\u00e9rer, partager et de distribuer un contenu d\u2019exception. Fond\u00e9e en 1998 comme spin-off de CEDROM-SNi, le leader de la diffusion d&rsquo;actualit\u00e9s au Canada et en France, IXIASOFT fournit aujourd\u2019hui des solutions logicielles de pointe \u00e0 des milliers d\u2019utilisateurs dans plus de 20&nbsp;pays.<\/p>\n\n\n\n<p>Notre premier produit, &nbsp;<a href=\"https:\/\/www.ixiasoft.com\/why-ixiasoft\/100-dita-compliant\/ixiasoft-dita-xml-marketplace\/\"><\/a><a href=\"https:\/\/www.ixiasoft.com\/fr\/produits-et-services\/base-de-donnees-xml-evolutive-textml-server\/\" data-type=\"page\" data-id=\"775\" class=\"rank-math-link\">TEXTML&nbsp;Server<\/a>, a \u00e9t\u00e9 cr\u00e9\u00e9 en r\u00e9ponse \u00e0 un besoin mondial en solutions capables de g\u00e9rer des volumes importants de documents. Depuis sa commercialisation, TEXTML&nbsp;Server est utilis\u00e9 dans le monde entier par des entreprises de premier plan, comme The Canadian Press, Reader\u2019s Digest et l\u2019Assembl\u00e9e Nationale.<\/p>\n\n\n\n<p>&nbsp;Aujourd\u2019hui, nous sommes les leaders mondiaux en d\u00e9veloppement et vente de solutions de documentation technique bas\u00e9es sur le standard DITA.  Gr\u00e2ce \u00e0 notre &nbsp;<a href=\"https:\/\/www.ixiasoft.com\/why-ixiasoft\/100-dita-compliant\/oasis-dita-committee\/\"><\/a><a href=\"https:\/\/www.ixiasoft.com\/fr\/pourquoi-ixiasoft\/comite-dita-doasis\/\" data-type=\"page\" data-id=\"1260\" class=\"rank-math-link\">participation continue au consortium OASIS<\/a>, nous travaillons activement et avec passion au d\u00e9veloppement et \u00e0 la g\u00e9n\u00e9ralisation du standard DITA.<\/p>\n\n\n\n<p>Outre son si\u00e8ge situ\u00e9 \u00e0 Montr\u00e9al, IXIASOFT poss\u00e8de une \u00a0<a href=\"https:\/\/www.ixiasoft.com\/about-us\/worldwide-company\/ccms-japan-ixiasoft-k-k\/\"><\/a><a class=\"rank-math-link\" href=\"https:\/\/www.ixiasoft.com\/fr\/a-propos-de-nous\/ixiasoft-k-k\/\" data-type=\"page\" data-id=\"1367\">filiale japonaise<\/a>, et une \u00a0<a href=\"https:\/\/www.ixiasoft.com\/about-us\/worldwide-company\/ccms-ixiasoft-in-europe\/\"><\/a><a class=\"rank-math-link\" href=\"https:\/\/www.ixiasoft.com\/fr\/a-propos-de-nous\/ixiasoft-en-europe\/\" data-type=\"page\" data-id=\"1382\">\u00e9quipe en Europe<\/a>.<\/p>\n<\/div><\/div>\n\n\n\n<div class=\"wp-block-group alignfull has-theme-white-background-color has-background\"><div class=\"wp-block-group__inner-container is-layout-flow wp-block-group-is-layout-flow\">\n<h2 class=\"wp-block-heading has-text-align-center is-style-heading-style-1\">COMMUNAUT\u00c9<\/h2>\n\n\n\n<p><\/p>\n<\/div><\/div>\n\n\n\n<div class=\"wp-block-columns are-vertically-aligned-bottom is-style-default is-layout-flex wp-container-core-columns-is-layout-9d6595d7 wp-block-columns-is-layout-flex\">\n<div class=\"wp-block-column is-vertically-aligned-bottom is-layout-flow wp-block-column-is-layout-flow\" style=\"flex-basis:33.33%\">\n<p>Nous sommes fier de soutenir Centraide dans le Grand Montr\u00e9al, par le biais de diff\u00e9rents \u00e9v\u00e9nements annuels destin\u00e9s \u00e0 lever des fonds, notamment des cyclothons, des concours d&rsquo;escalade, des tombolas et des repas d&rsquo;\u00e9quipe \u00ab\u00a0faits maison\u00a0\u00bb.<\/p>\n\n\n\n<p>R\u00e9cemment, nous avons mis sur pied notre propre \u00e9quipe de football.  Chaque mercredi, un groupe motiv\u00e9 se rend dans un parc local pour un match. Nous avons m\u00eame nos maillots&nbsp;!<\/p>\n\n\n\n<figure class=\"wp-block-image size-large\"><img loading=\"lazy\" decoding=\"async\" width=\"1024\" height=\"780\" src=\"https:\/\/www.ixiasoft.com\/wp-content\/uploads\/2020\/11\/Community2b.jpg\" alt=\"Des personnes en chaussettes \" class=\"wp-image-1357\" srcset=\"https:\/\/www.ixiasoft.com\/wp-content\/uploads\/2020\/11\/Community2b.jpg 1024w, https:\/\/www.ixiasoft.com\/wp-content\/uploads\/2020\/11\/Community2b-300x229.jpg 300w, https:\/\/www.ixiasoft.com\/wp-content\/uploads\/2020\/11\/Community2b-768x585.jpg 768w\" sizes=\"auto, (max-width: 1024px) 100vw, 1024px\" \/><\/figure>\n<\/div>\n\n\n\n<div class=\"wp-block-column is-vertically-aligned-bottom is-layout-flow wp-block-column-is-layout-flow\" style=\"flex-basis:66.66%\">\n<figure class=\"wp-block-image size-large\"><img loading=\"lazy\" decoding=\"async\" width=\"1024\" height=\"784\" src=\"https:\/\/www.ixiasoft.com\/wp-content\/uploads\/2020\/11\/Community4-1024x784.jpg\" alt=\"L\u2019\u00e9quipe de football d\u2019IXIASOFT - les membres de l\u2019\u00e9quipe prennent la pause\" class=\"wp-image-1360\" srcset=\"https:\/\/www.ixiasoft.com\/wp-content\/uploads\/2020\/11\/Community4-1024x784.jpg 1024w, https:\/\/www.ixiasoft.com\/wp-content\/uploads\/2020\/11\/Community4-300x230.jpg 300w, https:\/\/www.ixiasoft.com\/wp-content\/uploads\/2020\/11\/Community4-768x588.jpg 768w, https:\/\/www.ixiasoft.com\/wp-content\/uploads\/2020\/11\/Community4-1536x1176.jpg 1536w, https:\/\/www.ixiasoft.com\/wp-content\/uploads\/2020\/11\/Community4.jpg 2000w\" sizes=\"auto, (max-width: 1024px) 100vw, 1024px\" \/><\/figure>\n<\/div>\n<\/div>\n\n\n\n<div class=\"wp-block-group alignfull has-theme-light-background-color has-background\"><div class=\"wp-block-group__inner-container is-layout-flow wp-block-group-is-layout-flow\">\n<h2 class=\"wp-block-heading has-text-align-center is-style-heading-style-1\">NOTRE \u00c9QUIPE DE DIRECTION<\/h2>\n\n\n<div class=\"wp-block-cgb-team row is-style-default-width\"><div class=\"card-column col-lg-4 col-md-6\"><div class=\"card h-100\">\n\t\t\t\t\t\t\t<figure class=\"card-img-top\">\n\t\t\t\t\t\t\t\t<img decoding=\"async\" src=\"https:\/\/www.ixiasoft.com\/wp-content\/uploads\/2020\/11\/caroline-couvrette.jpg\"\n\t\t\t\t\t\t\t\t\tsrcset=\"https:\/\/www.ixiasoft.com\/wp-content\/uploads\/2020\/11\/caroline-couvrette.jpg 1000w, https:\/\/www.ixiasoft.com\/wp-content\/uploads\/2020\/11\/caroline-couvrette-300x300.jpg 300w, https:\/\/www.ixiasoft.com\/wp-content\/uploads\/2020\/11\/caroline-couvrette-150x150.jpg 150w, https:\/\/www.ixiasoft.com\/wp-content\/uploads\/2020\/11\/caroline-couvrette-768x768.jpg 768w\"\n\t\t\t\t\t\t\t\t\tsizes=\"(max-width: 50em) 100vw, 100%\" class=\"\" alt=\"Picture of Caroline Couvrette\">\n\t\t\t\t\t\t\t<\/figure>\n\t\t\t\t\t\t\t<div class=\"card-body\">\n\t\t\t\t\t\t\t\t\n\t\t\t\t\t\t\t\t<h3 class=\"card-title text-center\">Caroline Couvrette<\/h3><p class=\"card-text job-title text-center\">DVP des Op\u00e9rations<\/p><a href=\"https:\/\/ca.linkedin.com\/in\/caroline-couvrette-883184\" class=\"linkedin-href text-center\" target=\"_blank\" rel=\"noopener\"><i class=\"fab fa-linkedin\"><span class=\"sr-only\">Linkedin Icon<\/span><\/i><\/a><blockquote class=\"wp-block-quote is-style-default\"><p>Au lieu de convaincre le client d&rsquo;acheter un produit, mon \u00e9quipe \u00e9coute ce dont le client a besoin, puis propose une solution adapt\u00e9e \u00e0 sa vision. Notre but n\u2019est pas de pousser les gens dans une direction ou une autre, mais de faire preuve d\u2019ouverture d\u2019esprit.<\/p><\/blockquote>\n<p>Caroline travaille pour l&rsquo;\u00e9quipe MadCap IXIA CCMS depuis plus de 10&nbsp;ans. En tant que DVP des Op\u00e9rations, elle conna\u00eet bien les besoins des clients et sait parfaitement trouver le produit qui leur convient. Pour elle, l\u2019une des plus grandes satisfactions de travailler chez MadCap Software dans l&rsquo;\u00e9quipe IXIA CCMS, c\u2019est la relation \u00e0 long terme form\u00e9e avec les clients et les coll\u00e8gues.<\/p>\n\n\n\n<p>Dans son temps libre, Caroline pratique le golf, le ski et explore de nouveaux pays avec sa famille.<\/p>\n<\/div>\n\t\t\t\t\t\t\t\n\t\t\t\t\t\t\t\n\t\t\t\t\t\t<\/div><\/div><div class=\"card-column col-lg-4 col-md-6\"><div class=\"card h-100\">\n\t\t\t\t\t\t\t<figure class=\"card-img-top\">\n\t\t\t\t\t\t\t\t<img decoding=\"async\" src=\"https:\/\/www.ixiasoft.com\/wp-content\/uploads\/2020\/11\/IMG_9346-jf-V2.jpg\"\n\t\t\t\t\t\t\t\t\tsrcset=\"https:\/\/www.ixiasoft.com\/wp-content\/uploads\/2020\/11\/IMG_9346-jf-V2.jpg 1000w, https:\/\/www.ixiasoft.com\/wp-content\/uploads\/2020\/11\/IMG_9346-jf-V2-300x300.jpg 300w, https:\/\/www.ixiasoft.com\/wp-content\/uploads\/2020\/11\/IMG_9346-jf-V2-150x150.jpg 150w, https:\/\/www.ixiasoft.com\/wp-content\/uploads\/2020\/11\/IMG_9346-jf-V2-768x768.jpg 768w\"\n\t\t\t\t\t\t\t\t\tsizes=\"(max-width: 50em) 100vw, 100%\" class=\"\" alt=\"Picture of Jean-Fran\u00e7ois Ameye\">\n\t\t\t\t\t\t\t<\/figure>\n\t\t\t\t\t\t\t<div class=\"card-body\">\n\t\t\t\t\t\t\t\t\n\t\t\t\t\t\t\t\t<h3 class=\"card-title text-center\">Jean-Fran\u00e7ois Ameye<\/h3><p class=\"card-text job-title text-center\">Chef du Produit<\/p><a href=\"https:\/\/www.linkedin.com\/in\/jfameye\/\" class=\"linkedin-href text-center\" target=\"_blank\" rel=\"noopener\"><i class=\"fab fa-linkedin\"><span class=\"sr-only\">Linkedin Icon<\/span><\/i><\/a><blockquote class=\"wp-block-quote is-style-default\"><p>L\u2019un de mes points forts r\u00e9side dans ma capacit\u00e9 \u00e0 expliquer ou \u00e0 transmettre des informations techniques d&rsquo;une mani\u00e8re simple. Parfois, l\u2019utilisateur ne parle pas le langage technique, et c\u2019est mon travail de jeter un pont entre les deux.<\/p><\/blockquote>\n<p>Jean-Fran\u00e7ois est Chef du produit chez MadCap Software, et fait parti de l&rsquo;\u00e9quipe MadCap IXIA CCMS depuis\u00a01998. Il est notre sp\u00e9cialiste des produits et des solutions aux probl\u00e8mes. Il veille \u00e0 ce que la relation entre l\u2019utilisateur et le produit soit transparente. Pour avoir travaill\u00e9 directement avec la plupart de nos clients, il sait comment transformer un probl\u00e8me en solution.<br>Au bureau, Jean-Fran\u00e7ois utilise un ancien CD-ROM comme sous-verre. Quand il ne travaille pas (ce qui est rare), vous pouvez le trouver sur des skis, sur un v\u00e9lo ou sur un terrain de hockey.<\/p>\n<\/div>\n\t\t\t\t\t\t\t\n\t\t\t\t\t\t\t\n\t\t\t\t\t\t<\/div><\/div><div class=\"card-column col-lg-4 col-md-6\"><div class=\"card h-100\">\n\t\t\t\t\t\t\t<figure class=\"card-img-top\">\n\t\t\t\t\t\t\t\t<img decoding=\"async\" src=\"https:\/\/www.ixiasoft.com\/wp-content\/uploads\/2020\/11\/jean-pierre-lortie-2.jpg\"\n\t\t\t\t\t\t\t\t\tsrcset=\"https:\/\/www.ixiasoft.com\/wp-content\/uploads\/2020\/11\/jean-pierre-lortie-2.jpg 800w, https:\/\/www.ixiasoft.com\/wp-content\/uploads\/2020\/11\/jean-pierre-lortie-2-300x300.jpg 300w, https:\/\/www.ixiasoft.com\/wp-content\/uploads\/2020\/11\/jean-pierre-lortie-2-150x150.jpg 150w, https:\/\/www.ixiasoft.com\/wp-content\/uploads\/2020\/11\/jean-pierre-lortie-2-768x768.jpg 768w\"\n\t\t\t\t\t\t\t\t\tsizes=\"(max-width: 50em) 100vw, 100%\" class=\"\" alt=\"Picture of Jean-Pierre Lortie\">\n\t\t\t\t\t\t\t<\/figure>\n\t\t\t\t\t\t\t<div class=\"card-body\">\n\t\t\t\t\t\t\t\t\n\t\t\t\t\t\t\t\t<h3 class=\"card-title text-center\">Jean-Pierre Lortie<\/h3><p class=\"card-text job-title text-center\">VP, Dev Process<\/p><a href=\"https:\/\/ca.linkedin.com\/in\/jean-pierre-lortie-66356a44\" class=\"linkedin-href text-center\" target=\"_blank\" rel=\"noopener\"><i class=\"fab fa-linkedin\"><span class=\"sr-only\">Linkedin Icon<\/span><\/i><\/a><blockquote class=\"wp-block-quote is-style-default\"><p>Mon r\u00f4le est d\u2019insuffler de l\u2019harmonie. Je veux tirer le meilleur des gens, placer mon \u00e9quipe au c\u0153ur de la \u00ab zone \u00bb. Lorsque le personnel est concentr\u00e9, tout va plus vite. C\u2019est mon travail que de faire en sorte d\u2019y arriver. Avec ce genre d&rsquo;\u00e9nergie, nos r\u00e9sultats peuvent \u00eatre \u00e9blouissants.<\/p><\/blockquote>\n<p>En tant que VP Recherche et d\u00e9veloppement chez MadCap Software avec 25\u00a0ans d\u2019exp\u00e9rience dans l\u2019industrie du logiciel, Jean-Pierre apporte toute son expertise aux \u00e9quipes de R&amp;D, produit et de direction pour d\u00e9finir la vision, l\u2019architecture et l&rsquo;\u00e9volution technologique de MadCap IXIA CCMS.<br>Lorsqu\u2019il n\u2019est pas entour\u00e9 d\u2019ordinateurs, Jean-Pierre pratique le Cross\u00a0Fit, le v\u00e9lo, le ski ou joue du piano. <\/p>\n<\/div>\n\t\t\t\t\t\t\t\n\t\t\t\t\t\t\t\n\t\t\t\t\t\t<\/div><\/div><\/div><\/div><\/div>\n\n\n\n<div class=\"wp-block-group alignfull py-0 is-style-cta-group has-theme-white-color has-theme-primary-light-background-color has-text-color has-background\"><div class=\"wp-block-group__inner-container is-layout-flow wp-block-group-is-layout-flow\">\n<div class=\"wp-block-columns are-vertically-aligned-center is-style-mb-0 is-layout-flex wp-container-core-columns-is-layout-9d6595d7 wp-block-columns-is-layout-flex\">\n<div class=\"wp-block-column is-vertically-aligned-center is-layout-flow wp-block-column-is-layout-flow\" style=\"flex-basis:66.66%\">\n<p class=\"has-text-align-left mb-0\">Vous voulez en savoir plus sur IXIA CCMS\u00a0?  Contactez-nous sans attendre\u00a0!<\/p>\n<\/div>\n\n\n\n<div class=\"wp-block-column is-vertically-aligned-center is-layout-flow wp-block-column-is-layout-flow\" style=\"flex-basis:33.33%\">\n<div class=\"wp-block-buttons is-horizontal is-content-justification-right is-layout-flex wp-container-core-buttons-is-layout-ae2fe186 wp-block-buttons-is-layout-flex\">\n<div class=\"wp-block-button is-style-outline is-style-outline--1\"><a class=\"wp-block-button__link has-theme-white-color has-theme-primary-light-background-color has-text-color has-background wp-element-button\" href=\"https:\/\/www.ixiasoft.com\/fr\/a-propos-de-nous\/contact\/\">Nous contacter<\/a><\/div>\n<\/div>\n<\/div>\n<\/div>\n<\/div><\/div>\n","protected":false},"excerpt":{"rendered":"<p>NOS VALEURS Nous ne sommes pas n\u2019importe quel \u00e9diteur de logiciels. Respect Nous traitons tous les clients, partenaires et employ\u00e9s&#8230;<\/p>\n","protected":false},"author":26,"featured_media":0,"parent":53302,"menu_order":0,"comment_status":"closed","ping_status":"closed","template":"","meta":{"footnotes":""},"class_list":["post-51188","page","type-page","status-publish","hentry"],"mb":[],"featured_image_urls":{"full":"","thumbnail":"","medium":"","medium_large":"","large":"","1536x1536":"","2048x2048":"","ultp_layout_landscape_large":"","ultp_layout_landscape":"","ultp_layout_portrait":"","ultp_layout_square":""},"post_excerpt_stackable":"<p>\u00c0 propos de nous En bref Nous vous aidons \u00e0 distribuer du contenu exceptionnel. Dans toutes les langues, sur n\u2019importe quel appareil. NOS VALEURS Nous ne sommes pas n\u2019importe quel \u00e9diteur de logiciels. Respect Nous traitons tous les clients, partenaires et employ\u00e9s avec respect. Qui que vous soyez, nous vous accueillons avec les bras ouverts et une tasse de caf\u00e9. Nous reconnaissons (et valorisons) les diff\u00e9rences individuelles. Fid\u00e9lit\u00e9 Notre but est de nouer des relations fortes et durables. Nous voulons conna\u00eetre ceux avec qui nous travaillons. Nous sommes du genre \u00e0 appeler et \u00e0 poser des questions, juste pour savoir\u2026<\/p>\n","category_list":"","author_info":{"name":"MadCap IT","url":"https:\/\/www.ixiasoft.com\/fr\/author\/madcap_it\/"},"comments_num":"0 commentaire","featured_image_urls_v2":{"full":"","thumbnail":"","medium":"","medium_large":"","large":"","1536x1536":"","2048x2048":"","ultp_layout_landscape_large":"","ultp_layout_landscape":"","ultp_layout_portrait":"","ultp_layout_square":""},"post_excerpt_stackable_v2":"<p>\u00c0 propos de nous En bref Nous vous aidons \u00e0 distribuer du contenu exceptionnel. Dans toutes les langues, sur n\u2019importe quel appareil. NOS VALEURS Nous ne sommes pas n\u2019importe quel \u00e9diteur de logiciels. Respect Nous traitons tous les clients, partenaires et employ\u00e9s avec respect. Qui que vous soyez, nous vous accueillons avec les bras ouverts et une tasse de caf\u00e9. Nous reconnaissons (et valorisons) les diff\u00e9rences individuelles. Fid\u00e9lit\u00e9 Notre but est de nouer des relations fortes et durables. Nous voulons conna\u00eetre ceux avec qui nous travaillons. Nous sommes du genre \u00e0 appeler et \u00e0 poser des questions, juste pour savoir\u2026<\/p>\n","category_list_v2":"","author_info_v2":{"name":"MadCap IT","url":"https:\/\/www.ixiasoft.com\/fr\/author\/madcap_it\/"},"comments_num_v2":"0 commentaire","mfb_rest_fields":["title","featured_image_urls","post_excerpt_stackable","category_list","author_info","comments_num","featured_image_urls_v2","post_excerpt_stackable_v2","category_list_v2","author_info_v2","comments_num_v2"],"_links":{"self":[{"href":"https:\/\/www.ixiasoft.com\/fr\/wp-json\/wp\/v2\/pages\/51188","targetHints":{"allow":["GET"]}}],"collection":[{"href":"https:\/\/www.ixiasoft.com\/fr\/wp-json\/wp\/v2\/pages"}],"about":[{"href":"https:\/\/www.ixiasoft.com\/fr\/wp-json\/wp\/v2\/types\/page"}],"author":[{"embeddable":true,"href":"https:\/\/www.ixiasoft.com\/fr\/wp-json\/wp\/v2\/users\/26"}],"replies":[{"embeddable":true,"href":"https:\/\/www.ixiasoft.com\/fr\/wp-json\/wp\/v2\/comments?post=51188"}],"version-history":[{"count":31,"href":"https:\/\/www.ixiasoft.com\/fr\/wp-json\/wp\/v2\/pages\/51188\/revisions"}],"predecessor-version":[{"id":60804,"href":"https:\/\/www.ixiasoft.com\/fr\/wp-json\/wp\/v2\/pages\/51188\/revisions\/60804"}],"up":[{"embeddable":true,"href":"https:\/\/www.ixiasoft.com\/fr\/wp-json\/wp\/v2\/pages\/53302"}],"wp:attachment":[{"href":"https:\/\/www.ixiasoft.com\/fr\/wp-json\/wp\/v2\/media?parent=51188"}],"curies":[{"name":"wp","href":"https:\/\/api.w.org\/{rel}","templated":true}]}}