{"id":51190,"date":"2021-03-19T08:31:41","date_gmt":"2021-03-19T12:31:41","guid":{"rendered":"https:\/\/www.ixiasoft.com\/a-propos-de-nous\/ixiasoft-k-k\/"},"modified":"2023-09-29T10:52:27","modified_gmt":"2023-09-29T14:52:27","slug":"ixiasoft-k-k","status":"publish","type":"page","link":"https:\/\/www.ixiasoft.com\/fr\/a-propos-de-nous\/ixiasoft-k-k\/","title":{"rendered":"IXIASOFT K.K."},"content":{"rendered":"\n<div class=\"wp-block-cover alignfull is-light has-background-dim-10 has-background-dim\"><span aria-hidden=\"true\" class=\"wp-block-cover__background has-background-dim-10 has-background-dim\"><\/span><img loading=\"lazy\" decoding=\"async\" width=\"2560\" height=\"892\" class=\"wp-block-cover__image-background wp-image-1368\" alt=\"\" src=\"https:\/\/www.ixiasoft.com\/wp-content\/uploads\/2020\/11\/kk-4-scaled.jpg\" data-object-fit=\"cover\" srcset=\"https:\/\/www.ixiasoft.com\/wp-content\/uploads\/2020\/11\/kk-4-scaled.jpg 2560w, https:\/\/www.ixiasoft.com\/wp-content\/uploads\/2020\/11\/kk-4-300x105.jpg 300w, https:\/\/www.ixiasoft.com\/wp-content\/uploads\/2020\/11\/kk-4-1024x357.jpg 1024w, https:\/\/www.ixiasoft.com\/wp-content\/uploads\/2020\/11\/kk-4-768x268.jpg 768w, https:\/\/www.ixiasoft.com\/wp-content\/uploads\/2020\/11\/kk-4-1536x535.jpg 1536w, https:\/\/www.ixiasoft.com\/wp-content\/uploads\/2020\/11\/kk-4-2048x714.jpg 2048w\" sizes=\"auto, (max-width: 2560px) 100vw, 2560px\" \/><div class=\"wp-block-cover__inner-container is-layout-flow wp-block-cover-is-layout-flow\">\n<p class=\"has-text-align-center is-style-subheading has-theme-secondary-dark-color has-text-color\"><span class=\"is-style-all-caps\">\u00c0 propos de nous<\/span><\/p>\n\n\n\n<h1 class=\"wp-block-heading has-text-align-center is-style-heading-style-primary has-theme-white-color has-text-color\">IXIASOFT K.K.<\/h1>\n\n\n\n<p class=\"has-text-align-center has-theme-white-color has-text-color has-medium-font-size\"><span class=\"is-style-font-weight-light\">En savoir plus sur la filiale japonaise d&rsquo;IXIA CCMS.<\/span><\/p>\n<\/div><\/div>\n\n\n\n<div class=\"wp-block-group alignfull has-theme-white-background-color has-background\"><div class=\"wp-block-group__inner-container is-layout-flow wp-block-group-is-layout-flow\">\n<h2 class=\"wp-block-heading has-text-align-center is-style-heading-style-1\">IXIASOFT K.K.<\/h2>\n\n\n\n<p class=\"is-style-mb-0 has-body-larger-font-size\"><strong>Au Japon<\/strong><\/p>\n\n\n\n<p>IXIASOFT K.K. est la filiale japonaise de la soci\u00e9t\u00e9 de logiciels MadCap Software bas\u00e9e \u00e0 Montr\u00e9al. Fond\u00e9e en 2017, IXIASOFT K.K. promeut activement IXIA CCMS aupr\u00e8s de la communaut\u00e9 japonaise. Avec notre site web et des guides d&rsquo;utilisation disponibles en japonais, la solution CCMS de MadCap Software a \u00e9t\u00e9 remani\u00e9e pour r\u00e9pondre aux besoins uniques du march\u00e9 japonais.<\/p>\n\n\n\n<p>Anciennement appel\u00e9 IXIASOFT DITA CMS, IXIA CCMS est un syst\u00e8me professionnel de gestion de contenu par composant qui permet aux \u00e9quipes de communication technique de rationaliser leurs processus de production de contenu. IXIA CCMS constitue une solution de bout en bout id\u00e9ale de cr\u00e9ation et de diffusion de contenu dynamique sur n&rsquo;importe quelle plateforme ou dispositif.<\/p>\n\n\n\n<p class=\"is-style-mb-0 has-body-larger-font-size\"><strong>Participation active \u00e0 la communaut\u00e9 DITA<\/strong><\/p>\n\n\n\n<p>L&rsquo;architecture DITA conna\u00eet une demande accrue au niveau mondial. En Asie, c&rsquo;est au Japon que ce mouvement est le plus net, la base des r\u00e9dacteurs techniques et consultants en organisation montrant un int\u00e9r\u00eat croissant pour la norme DITA. De plus, les \u00e9quipes de r\u00e9daction de contenu bas\u00e9es en Am\u00e9rique du Nord et en Europe et issues d&rsquo;entreprises japonaises commencent \u00e0 adopter DITA.<\/p>\n\n\n\n<p>En tant que membre du consortium DITA Japon, et participant \u00e0 des \u00e9v\u00e9nements tels que le DITA Festa et le TC Symposium \u00e0 Kyoto et Tokyo, MadCap Software est \u00e0 l&rsquo;\u00e9coute de l&rsquo;industrie japonaise de communication technique.<\/p>\n\n\n<style>.carousel-inner { height:300px }.carousel-inner .carousel-item { height:300px }.carousel-inner figure img{ max-height:300px }@media (max-width: 1199px) {.carousel-inner { height:330px }.carousel-inner .carousel-item { height:330px }}@media (max-width: 991px) {.carousel-inner { height:300px }.carousel-inner .carousel-item { height:300px }@media (max-width: 767px) {.carousel-inner { height:360px }.carousel-inner .carousel-item { height:360px }}@media (max-width: 575px) {.carousel-inner { height:400px }.carousel-inner .carousel-item { height:400px }}<\/style><div id=\"carousel_omron\" class=\" carousel slide wp-carousel-block  wp-block-cgb-carousel\" data-ride=\"carousel\" data-interval=\"5000\" data-pause=\"hover\" role=\"complementary\" aria-labelledby=\"omron_title\" aria-describedby=\"omron_desc\">\n\t\t\t<h2 id=\"omron_title\" class=\"sr-only\">Omron &#8211; Carousel Display<\/h2>\n\t\t\t<p id=\"omron_desc\" class=\"sr-only\">This is the Omron &#8211; Carousel Display. The author has not provided a description.<\/p>\n\t<div class=\"carousel-inner \"><div class=\"carousel-item active\" role=\"tabpanel\" id=\"tabpanel-omron-0\" aria-labelledby=\"tab-omron-0\"><div class=\"auto-carousel-caption\">\n<blockquote class=\"wp-block-quote has-text-align-center is-style-large is-layout-flow wp-block-quote-is-layout-flow\"><p><em>La cr\u00e9ation et la gestion de contenu DITA a repr\u00e9sent\u00e9 un grand d\u00e9fi pour nous. L&rsquo;utilisation de CCMS \u00e9tant inexistante au Japon, la d\u00e9cision d&rsquo;adopter un CCMS a \u00e9t\u00e9 courageuse. D&rsquo;autant plus que notre langue de gestion, le japonais, pr\u00e9sente une structure diff\u00e9rente de celle des langues occidentales. Mais, gr\u00e2ce au soutien de l&rsquo;\u00e9quipe IXIASOFT Japon, nous avons pu mettre en \u0153uvre notre processus de documentation sans aucun incident, et r\u00e9duire consid\u00e9rablement les co\u00fbts de traduction. Arigato IXIASOFT&nbsp;!<\/em><\/p><cite><em>Masaki Hori &#8211; Responsable de la planification strat\u00e9gique chez Omron&nbsp;&#8211;&nbsp;https:\/\/www.omron.com\/<\/em><\/cite><\/blockquote>\n<\/div><\/div><\/div><\/div><\/div><\/div>\n\n\n\n<div class=\"wp-block-group alignfull has-theme-light-background-color has-background\"><div class=\"wp-block-group__inner-container is-layout-flow wp-block-group-is-layout-flow\">\n<h2 class=\"wp-block-heading has-text-align-center is-style-heading-style-1\">RENCONTREZ L&rsquo;\u00c9QUIPE AU JAPON<\/h2>\n\n\n<div class=\"wp-block-cgb-team row is-style-w-75 aligncenter\"><div class=\"card-column col-sm-6\"><div class=\"card h-100\">\n\t\t\t\t\t\t\t<figure class=\"card-img-top\">\n\t\t\t\t\t\t\t\t<img decoding=\"async\" src=\"https:\/\/www.ixiasoft.com\/wp-content\/uploads\/2018\/11\/nobu-1.jpg\"\n\t\t\t\t\t\t\t\t\tsrcset=\"https:\/\/www.ixiasoft.com\/wp-content\/uploads\/2018\/11\/nobu-1.jpg 512w, https:\/\/www.ixiasoft.com\/wp-content\/uploads\/2018\/11\/nobu-1-300x300.jpg 300w, https:\/\/www.ixiasoft.com\/wp-content\/uploads\/2018\/11\/nobu-1-150x150.jpg 150w\"\n\t\t\t\t\t\t\t\t\tsizes=\"(max-width: 50em) 100vw, 100%\" class=\"\" alt=\"Nobutoshi Murata - Representative Director at IXIASOFT K.K.\">\n\t\t\t\t\t\t\t<\/figure>\n\t\t\t\t\t\t\t<div class=\"card-body\">\n\t\t\t\t\t\t\t\t\n\t\t\t\t\t\t\t\t<h3 class=\"card-title text-center\">Nobutoshi Murata<\/h3><p class=\"card-text job-title text-center\">Representative Director &#8211; IXIASOFT K.K.<\/p><a href=\"https:\/\/www.linkedin.com\/in\/nobutoshi-murata-85bb89\/\" class=\"linkedin-href text-center\" target=\"_blank\" rel=\"noopener\"><i class=\"fab fa-linkedin\"><span class=\"sr-only\">Linkedin Icon<\/span><\/i><\/a><\/div>\n\t\t\t\t\t\t\t\n\t\t\t\t\t\t\t\n\t\t\t\t\t\t<\/div><\/div><\/div><\/div><\/div>\n\n\n\n<div class=\"wp-block-group alignfull py-0 is-style-cta-group has-theme-white-color has-theme-primary-light-background-color has-text-color has-background\"><div class=\"wp-block-group__inner-container is-layout-flow wp-block-group-is-layout-flow\">\n<div class=\"wp-block-columns are-vertically-aligned-center is-style-mb-0 is-layout-flex wp-container-core-columns-is-layout-9d6595d7 wp-block-columns-is-layout-flex\">\n<div class=\"wp-block-column is-vertically-aligned-center is-layout-flow wp-block-column-is-layout-flow\" style=\"flex-basis:66.66%\">\n<p class=\"has-text-align-left mb-0\">Contactez notre \u00e9quipe au Japon.<\/p>\n<\/div>\n\n\n\n<div class=\"wp-block-column is-vertically-aligned-center is-layout-flow wp-block-column-is-layout-flow\" style=\"flex-basis:33.33%\">\n<div class=\"wp-block-buttons is-horizontal is-content-justification-right is-layout-flex wp-container-core-buttons-is-layout-ae2fe186 wp-block-buttons-is-layout-flex\">\n<div class=\"wp-block-button is-style-outline is-style-outline--1\"><a class=\"wp-block-button__link has-theme-white-color has-theme-primary-light-background-color has-text-color has-background wp-element-button\" href=\"https:\/\/www.ixiasoft.com\/fr\/a-propos-de-nous\/contact\/\">Nous contacter<\/a><\/div>\n<\/div>\n<\/div>\n<\/div>\n<\/div><\/div>\n\n\n\n<figure class=\"wp-block-image alignfull size-large mb-0\"><img loading=\"lazy\" decoding=\"async\" width=\"1024\" height=\"250\" src=\"https:\/\/www.ixiasoft.com\/wp-content\/uploads\/2020\/11\/kk3-4-1024x250.jpg\" alt=\"Pictures of some places in Japan\" class=\"wp-image-1376\" srcset=\"https:\/\/www.ixiasoft.com\/wp-content\/uploads\/2020\/11\/kk3-4-1024x250.jpg 1024w, https:\/\/www.ixiasoft.com\/wp-content\/uploads\/2020\/11\/kk3-4-300x73.jpg 300w, https:\/\/www.ixiasoft.com\/wp-content\/uploads\/2020\/11\/kk3-4-768x188.jpg 768w, https:\/\/www.ixiasoft.com\/wp-content\/uploads\/2020\/11\/kk3-4-1536x375.jpg 1536w, https:\/\/www.ixiasoft.com\/wp-content\/uploads\/2020\/11\/kk3-4-2048x500.jpg 2048w\" sizes=\"auto, (max-width: 1024px) 100vw, 1024px\" \/><\/figure>\n","protected":false},"excerpt":{"rendered":"<p>IXIASOFT K.K. Au Japon IXIASOFT K.K. est la filiale japonaise de la soci\u00e9t\u00e9 de logiciels MadCap Software bas\u00e9e \u00e0 Montr\u00e9al&#8230;.<\/p>\n","protected":false},"author":26,"featured_media":0,"parent":53302,"menu_order":0,"comment_status":"closed","ping_status":"closed","template":"","meta":{"footnotes":""},"class_list":["post-51190","page","type-page","status-publish","hentry"],"mb":[],"featured_image_urls":{"full":"","thumbnail":"","medium":"","medium_large":"","large":"","1536x1536":"","2048x2048":"","ultp_layout_landscape_large":"","ultp_layout_landscape":"","ultp_layout_portrait":"","ultp_layout_square":""},"post_excerpt_stackable":"<p>\u00c0 propos de nous IXIASOFT K.K. En savoir plus sur la filiale japonaise d&rsquo;IXIA CCMS. IXIASOFT K.K. Au Japon IXIASOFT K.K. est la filiale japonaise de la soci\u00e9t\u00e9 de logiciels MadCap Software bas\u00e9e \u00e0 Montr\u00e9al. Fond\u00e9e en 2017, IXIASOFT K.K. promeut activement IXIA CCMS aupr\u00e8s de la communaut\u00e9 japonaise. Avec notre site web et des guides d&rsquo;utilisation disponibles en japonais, la solution CCMS de MadCap Software a \u00e9t\u00e9 remani\u00e9e pour r\u00e9pondre aux besoins uniques du march\u00e9 japonais. Anciennement appel\u00e9 IXIASOFT DITA CMS, IXIA CCMS est un syst\u00e8me professionnel de gestion de contenu par composant qui permet aux \u00e9quipes de communication\u2026<\/p>\n","category_list":"","author_info":{"name":"MadCap IT","url":"https:\/\/www.ixiasoft.com\/fr\/author\/madcap_it\/"},"comments_num":"0 commentaire","featured_image_urls_v2":{"full":"","thumbnail":"","medium":"","medium_large":"","large":"","1536x1536":"","2048x2048":"","ultp_layout_landscape_large":"","ultp_layout_landscape":"","ultp_layout_portrait":"","ultp_layout_square":""},"post_excerpt_stackable_v2":"<p>\u00c0 propos de nous IXIASOFT K.K. En savoir plus sur la filiale japonaise d&rsquo;IXIA CCMS. IXIASOFT K.K. Au Japon IXIASOFT K.K. est la filiale japonaise de la soci\u00e9t\u00e9 de logiciels MadCap Software bas\u00e9e \u00e0 Montr\u00e9al. Fond\u00e9e en 2017, IXIASOFT K.K. promeut activement IXIA CCMS aupr\u00e8s de la communaut\u00e9 japonaise. Avec notre site web et des guides d&rsquo;utilisation disponibles en japonais, la solution CCMS de MadCap Software a \u00e9t\u00e9 remani\u00e9e pour r\u00e9pondre aux besoins uniques du march\u00e9 japonais. Anciennement appel\u00e9 IXIASOFT DITA CMS, IXIA CCMS est un syst\u00e8me professionnel de gestion de contenu par composant qui permet aux \u00e9quipes de communication\u2026<\/p>\n","category_list_v2":"","author_info_v2":{"name":"MadCap IT","url":"https:\/\/www.ixiasoft.com\/fr\/author\/madcap_it\/"},"comments_num_v2":"0 commentaire","mfb_rest_fields":["title","featured_image_urls","post_excerpt_stackable","category_list","author_info","comments_num","featured_image_urls_v2","post_excerpt_stackable_v2","category_list_v2","author_info_v2","comments_num_v2"],"_links":{"self":[{"href":"https:\/\/www.ixiasoft.com\/fr\/wp-json\/wp\/v2\/pages\/51190","targetHints":{"allow":["GET"]}}],"collection":[{"href":"https:\/\/www.ixiasoft.com\/fr\/wp-json\/wp\/v2\/pages"}],"about":[{"href":"https:\/\/www.ixiasoft.com\/fr\/wp-json\/wp\/v2\/types\/page"}],"author":[{"embeddable":true,"href":"https:\/\/www.ixiasoft.com\/fr\/wp-json\/wp\/v2\/users\/26"}],"replies":[{"embeddable":true,"href":"https:\/\/www.ixiasoft.com\/fr\/wp-json\/wp\/v2\/comments?post=51190"}],"version-history":[{"count":18,"href":"https:\/\/www.ixiasoft.com\/fr\/wp-json\/wp\/v2\/pages\/51190\/revisions"}],"predecessor-version":[{"id":60821,"href":"https:\/\/www.ixiasoft.com\/fr\/wp-json\/wp\/v2\/pages\/51190\/revisions\/60821"}],"up":[{"embeddable":true,"href":"https:\/\/www.ixiasoft.com\/fr\/wp-json\/wp\/v2\/pages\/53302"}],"wp:attachment":[{"href":"https:\/\/www.ixiasoft.com\/fr\/wp-json\/wp\/v2\/media?parent=51190"}],"curies":[{"name":"wp","href":"https:\/\/api.w.org\/{rel}","templated":true}]}}