{"id":51194,"date":"2021-03-19T08:31:54","date_gmt":"2021-03-19T12:31:54","guid":{"rendered":"https:\/\/www.ixiasoft.com\/a-propos-de-nous\/ixiasoft-en-europe\/"},"modified":"2023-09-29T10:00:59","modified_gmt":"2023-09-29T14:00:59","slug":"ixiasoft-en-europe","status":"publish","type":"page","link":"https:\/\/www.ixiasoft.com\/fr\/a-propos-de-nous\/ixiasoft-en-europe\/","title":{"rendered":"En Europe"},"content":{"rendered":"\n<div class=\"wp-block-cover alignfull is-light has-background-dim-30 has-background-dim\"><span aria-hidden=\"true\" class=\"wp-block-cover__background has-background-dim-30 has-background-dim\"><\/span><img loading=\"lazy\" decoding=\"async\" width=\"2000\" height=\"697\" class=\"wp-block-cover__image-background wp-image-1384\" alt=\"\" src=\"https:\/\/www.ixiasoft.com\/wp-content\/uploads\/2020\/11\/Ixiasoft-in-Europe-2.jpg\" data-object-fit=\"cover\" srcset=\"https:\/\/www.ixiasoft.com\/wp-content\/uploads\/2020\/11\/Ixiasoft-in-Europe-2.jpg 2000w, https:\/\/www.ixiasoft.com\/wp-content\/uploads\/2020\/11\/Ixiasoft-in-Europe-2-300x105.jpg 300w, https:\/\/www.ixiasoft.com\/wp-content\/uploads\/2020\/11\/Ixiasoft-in-Europe-2-1024x357.jpg 1024w, https:\/\/www.ixiasoft.com\/wp-content\/uploads\/2020\/11\/Ixiasoft-in-Europe-2-768x268.jpg 768w, https:\/\/www.ixiasoft.com\/wp-content\/uploads\/2020\/11\/Ixiasoft-in-Europe-2-1536x535.jpg 1536w\" sizes=\"auto, (max-width: 2000px) 100vw, 2000px\" \/><div class=\"wp-block-cover__inner-container is-layout-flow wp-block-cover-is-layout-flow\">\n<p class=\"has-text-align-center is-style-subheading has-theme-secondary-dark-color has-text-color\"><span class=\"is-style-all-caps\">\u00c0 propos de nous<\/span><\/p>\n\n\n\n<h2 class=\"wp-block-heading has-text-align-center is-style-heading-style-primary has-theme-white-color has-text-color\">En Europe<\/h2>\n\n\n\n<p class=\"has-text-align-center has-theme-white-color has-text-color has-medium-font-size\"><span class=\"is-style-font-weight-light\">En savoir plus sur l&rsquo;\u00e9quipe europ\u00e9enne d&rsquo;IXIA CCMS.<\/span><\/p>\n<\/div><\/div>\n\n\n\n<div class=\"wp-block-group alignfull has-theme-white-background-color has-background\"><div class=\"wp-block-group__inner-container is-layout-flow wp-block-group-is-layout-flow\">\n<h2 class=\"wp-block-heading has-text-align-center is-style-heading-style-1\">IXIA CCMS EN EUROPE<\/h2>\n\n\n\n<p>MadCap Software est un leader mondial des solutions de documentation technique bas\u00e9e sur un contenu structur\u00e9. L&rsquo;\u00e9quipe europ\u00e9enne d&rsquo;IXIA CCMS appuie l&rsquo;int\u00e9r\u00eat et la demande croissants pour l&rsquo;architecture DITA en Europe. Les \u00e9quipes europ\u00e9ennes d&rsquo;IXIA CCMS assistent \u00e9galement un petit nombre de clients nord-am\u00e9ricains et japonais.<\/p>\n\n\n\n<p>L\u2019\u00e9quipe est form\u00e9e de Nolwenn Kerzreho, fran\u00e7aise, Robert Bredlau de nationalit\u00e9 allemande et bas\u00e9 \u00e0 Frankfurt, et Henrietta, britannique vivant en France, regroupant trois nationalit\u00e9s et quatre langues.<\/p>\n\n\n\n<p>\u00c0 ce jour, MadCap Software est enti\u00e8rement repr\u00e9sent\u00e9 par ses \u00e9quipes en Europe, Am\u00e9rique du Nord et au Japon.<\/p>\n\n\n\n<p>Jetez un \u0153il \u00e0 l&rsquo;\u00e9quipe europ\u00e9enne d&rsquo;IXIA CCMS\u00a0<a href=\"http:\/\/www.prweb.com\/releases\/ixiasoft_excited_to_announce_the_expansion_of_its_european_team\/prweb16058643.htm\" target=\"_blank\" rel=\"noreferrer noopener\">dans la presse.<\/a><\/p>\n<\/div><\/div>\n\n\n\n<div class=\"wp-block-group alignfull has-theme-light-background-color has-background\"><div class=\"wp-block-group__inner-container is-layout-flow wp-block-group-is-layout-flow\">\n<h2 class=\"wp-block-heading has-text-align-center is-style-heading-style-1\">RENCONTRER L&rsquo;\u00c9QUIPE EUROP\u00c9ENNE<\/h2>\n\n\n\n<p class=\"has-text-align-center\">L&rsquo;\u00e9quipe est compos\u00e9e de trois membres exp\u00e9riment\u00e9s de l&rsquo;industrie du contenu.<\/p>\n\n\n<div class=\"wp-block-cgb-team row is-style-default-width\"><div class=\"card-column col-lg-4 col-md-6\"><div class=\"card h-100\">\n\t\t\t\t\t\t\t<figure class=\"card-img-top\">\n\t\t\t\t\t\t\t\t<img decoding=\"async\" src=\"https:\/\/www.ixiasoft.com\/wp-content\/uploads\/2019\/01\/RobertBredlau-1.jpg\"\n\t\t\t\t\t\t\t\t\tsrcset=\"https:\/\/www.ixiasoft.com\/wp-content\/uploads\/2019\/01\/RobertBredlau-1.jpg 1000w, https:\/\/www.ixiasoft.com\/wp-content\/uploads\/2019\/01\/RobertBredlau-1-300x300.jpg 300w, https:\/\/www.ixiasoft.com\/wp-content\/uploads\/2019\/01\/RobertBredlau-1-150x150.jpg 150w, https:\/\/www.ixiasoft.com\/wp-content\/uploads\/2019\/01\/RobertBredlau-1-768x768.jpg 768w\"\n\t\t\t\t\t\t\t\t\tsizes=\"(max-width: 50em) 100vw, 100%\" class=\"\" alt=\"Picture of Robert Bredlau\">\n\t\t\t\t\t\t\t<\/figure>\n\t\t\t\t\t\t\t<div class=\"card-body\">\n\t\t\t\t\t\t\t\t\n\t\t\t\t\t\t\t\t<h3 class=\"card-title text-center\">Robert Bredlau<\/h3><p class=\"card-text job-title text-center\">Business Development Director &#8211; IXIASOFT Europe<\/p><a href=\"https:\/\/www.linkedin.com\/in\/rbredlau\/\" class=\"linkedin-href text-center\" target=\"_blank\" rel=\"noopener\"><i class=\"fab fa-linkedin\"><span class=\"sr-only\">Linkedin Icon<\/span><\/i><\/a>\n<p>Robert Bredlau est un sp\u00e9cialiste du d\u00e9veloppement strat\u00e9gique, domaine dans lequel il poss\u00e8de plus de 20 ans d&rsquo;exp\u00e9rience. Avant de rejoindre MadCap Software, il a fait partie de la direction d&rsquo;entreprises telles que Acrolinx, e-Spirit, et Day Software (rachet\u00e9e par Adobe), et a dirig\u00e9 la transformation d&rsquo;entreprises internationales en Europe et aux \u00c9tats-unis.<\/p>\n<\/div>\n\t\t\t\t\t\t\t\n\t\t\t\t\t\t\t\n\t\t\t\t\t\t<\/div><\/div><div class=\"card-column col-lg-4 col-md-6\"><div class=\"card h-100\">\n\t\t\t\t\t\t\t<figure class=\"card-img-top\">\n\t\t\t\t\t\t\t\t<img decoding=\"async\" src=\"https:\/\/www.ixiasoft.com\/wp-content\/uploads\/2020\/11\/Nolwenn-kerzreho-2.jpg\"\n\t\t\t\t\t\t\t\t\tsrcset=\"https:\/\/www.ixiasoft.com\/wp-content\/uploads\/2020\/11\/Nolwenn-kerzreho-2.jpg 600w, https:\/\/www.ixiasoft.com\/wp-content\/uploads\/2020\/11\/Nolwenn-kerzreho-2-300x300.jpg 300w, https:\/\/www.ixiasoft.com\/wp-content\/uploads\/2020\/11\/Nolwenn-kerzreho-2-150x150.jpg 150w\"\n\t\t\t\t\t\t\t\t\tsizes=\"(max-width: 50em) 100vw, 100%\" class=\"\" alt=\"Nolwenn Kerzreho\">\n\t\t\t\t\t\t\t<\/figure>\n\t\t\t\t\t\t\t<div class=\"card-body\">\n\t\t\t\t\t\t\t\t\n\t\t\t\t\t\t\t\t<h3 class=\"card-title text-center\">Nolwenn Kerzreho<\/h3><p class=\"card-text job-title text-center\">Technical Account Manager &#8211; IXIASOFT Europe<\/p><a href=\"https:\/\/www.linkedin.com\/in\/nolwennkerzreho\/\" class=\"linkedin-href text-center\" target=\"_blank\" rel=\"noopener\"><i class=\"fab fa-linkedin\"><span class=\"sr-only\">Linkedin Icon<\/span><\/i><\/a>\n<p>Nolwenn Kerzreho a rejoint IXIASOFT en 2015 en tant que responsable de compte technique est fait maintenant partie de l&rsquo;\u00e9quipe MadCap IXIA CCMS chez MadCap Software. Elle poss\u00e8de plus de 15&nbsp;ans d&rsquo;exp\u00e9rience dans le secteur des communications techniques. Elle a particip\u00e9 aux projets d&rsquo;IXIASOFT CCMS dans divers secteurs, notamment la fabrication d&rsquo;\u00e9quipements m\u00e9dicaux, les logiciels et les industries de haute technologie dans toute l&rsquo;Europe.<\/p>\n<\/div>\n\t\t\t\t\t\t\t\n\t\t\t\t\t\t\t\n\t\t\t\t\t\t<\/div><\/div><div class=\"card-column col-lg-4 col-md-6\"><div class=\"card h-100\">\n\t\t\t\t\t\t\t<figure class=\"card-img-top\">\n\t\t\t\t\t\t\t\t<img decoding=\"async\" src=\"https:\/\/www.ixiasoft.com\/wp-content\/uploads\/2019\/01\/Henrietta-Taylor.jpg\"\n\t\t\t\t\t\t\t\t\tsrcset=\"https:\/\/www.ixiasoft.com\/wp-content\/uploads\/2019\/01\/Henrietta-Taylor.jpg 1001w, https:\/\/www.ixiasoft.com\/wp-content\/uploads\/2019\/01\/Henrietta-Taylor-300x300.jpg 300w, https:\/\/www.ixiasoft.com\/wp-content\/uploads\/2019\/01\/Henrietta-Taylor-150x150.jpg 150w, https:\/\/www.ixiasoft.com\/wp-content\/uploads\/2019\/01\/Henrietta-Taylor-768x767.jpg 768w\"\n\t\t\t\t\t\t\t\t\tsizes=\"(max-width: 50em) 100vw, 100%\" class=\"\" alt=\"Picture of Henrietta Taylor\">\n\t\t\t\t\t\t\t<\/figure>\n\t\t\t\t\t\t\t<div class=\"card-body\">\n\t\t\t\t\t\t\t\t\n\t\t\t\t\t\t\t\t<h3 class=\"card-title text-center\">Henrietta Taylor<\/h3><p class=\"card-text job-title text-center\">DITA Specialist \u2013 IXIASOFT Europe<\/p>\n<p>Sp\u00e9cialiste DITA, Henrietta Taylor, a travaill\u00e9 en tant que sp\u00e9cialiste de la communication technique en Europe, fournissant des services de r\u00e9daction technique, de gestion de contenu multilingue et d&rsquo;administration de CCMS dans les secteurs de la robotique et des logiciels. Elle a \u00e9galement travaill\u00e9 comme consultante ind\u00e9pendante pour l&rsquo;int\u00e9gration de solutions de gestion de la documentation en milieu industriel.<\/p>\n<\/div>\n\t\t\t\t\t\t\t\n\t\t\t\t\t\t\t\n\t\t\t\t\t\t<\/div><\/div><\/div><\/div><\/div>\n\n\n\n<div class=\"wp-block-group alignfull py-0 is-style-cta-group has-theme-white-color has-theme-primary-light-background-color has-text-color has-background\"><div class=\"wp-block-group__inner-container is-layout-flow wp-block-group-is-layout-flow\">\n<div class=\"wp-block-columns are-vertically-aligned-center is-style-mb-0 is-layout-flex wp-container-core-columns-is-layout-9d6595d7 wp-block-columns-is-layout-flex\">\n<div class=\"wp-block-column is-vertically-aligned-center is-layout-flow wp-block-column-is-layout-flow\" style=\"flex-basis:66.66%\">\n<p class=\"has-text-align-left mb-0\">CONTACTEZ NOTRE \u00c9QUIPE EN EUROPE<\/p>\n<\/div>\n\n\n\n<div class=\"wp-block-column is-vertically-aligned-center is-layout-flow wp-block-column-is-layout-flow\" style=\"flex-basis:33.33%\">\n<div class=\"wp-block-buttons is-horizontal is-content-justification-right is-layout-flex wp-container-core-buttons-is-layout-ae2fe186 wp-block-buttons-is-layout-flex\">\n<div class=\"wp-block-button is-style-outline is-style-outline--1\"><a class=\"wp-block-button__link has-theme-white-color has-theme-primary-light-background-color has-text-color has-background wp-element-button\" href=\"https:\/\/www.ixiasoft.com\/fr\/a-propos-de-nous\/contact\/\">Nous contacter<\/a><\/div>\n<\/div>\n<\/div>\n<\/div>\n<\/div><\/div>\n\n\n\n<figure class=\"wp-block-image alignfull size-large mb-0\"><img loading=\"lazy\" decoding=\"async\" width=\"1024\" height=\"250\" src=\"https:\/\/www.ixiasoft.com\/wp-content\/uploads\/2020\/11\/Ixiasoft-in-Europe-2-1-1024x250.jpg\" alt=\"IXIASOFT CCMS structured data Europe - Pictures of many places in Europe\" class=\"wp-image-1387\" srcset=\"https:\/\/www.ixiasoft.com\/wp-content\/uploads\/2020\/11\/Ixiasoft-in-Europe-2-1-1024x250.jpg 1024w, https:\/\/www.ixiasoft.com\/wp-content\/uploads\/2020\/11\/Ixiasoft-in-Europe-2-1-300x73.jpg 300w, https:\/\/www.ixiasoft.com\/wp-content\/uploads\/2020\/11\/Ixiasoft-in-Europe-2-1-768x188.jpg 768w, https:\/\/www.ixiasoft.com\/wp-content\/uploads\/2020\/11\/Ixiasoft-in-Europe-2-1-1536x375.jpg 1536w, https:\/\/www.ixiasoft.com\/wp-content\/uploads\/2020\/11\/Ixiasoft-in-Europe-2-1-2048x500.jpg 2048w\" sizes=\"auto, (max-width: 1024px) 100vw, 1024px\" \/><\/figure>\n","protected":false},"excerpt":{"rendered":"<p>IXIA CCMS EN EUROPE MadCap Software est un leader mondial des solutions de documentation technique bas\u00e9e sur un contenu structur\u00e9&#8230;.<\/p>\n","protected":false},"author":26,"featured_media":0,"parent":53302,"menu_order":0,"comment_status":"closed","ping_status":"closed","template":"","meta":{"footnotes":""},"class_list":["post-51194","page","type-page","status-publish","hentry"],"mb":[],"featured_image_urls":{"full":"","thumbnail":"","medium":"","medium_large":"","large":"","1536x1536":"","2048x2048":"","ultp_layout_landscape_large":"","ultp_layout_landscape":"","ultp_layout_portrait":"","ultp_layout_square":""},"post_excerpt_stackable":"<p>\u00c0 propos de nous En Europe En savoir plus sur l&rsquo;\u00e9quipe europ\u00e9enne d&rsquo;IXIA CCMS. IXIA CCMS EN EUROPE MadCap Software est un leader mondial des solutions de documentation technique bas\u00e9e sur un contenu structur\u00e9. L&rsquo;\u00e9quipe europ\u00e9enne d&rsquo;IXIA CCMS appuie l&rsquo;int\u00e9r\u00eat et la demande croissants pour l&rsquo;architecture DITA en Europe. Les \u00e9quipes europ\u00e9ennes d&rsquo;IXIA CCMS assistent \u00e9galement un petit nombre de clients nord-am\u00e9ricains et japonais. L\u2019\u00e9quipe est form\u00e9e de Nolwenn Kerzreho, fran\u00e7aise, Robert Bredlau de nationalit\u00e9 allemande et bas\u00e9 \u00e0 Frankfurt, et Henrietta, britannique vivant en France, regroupant trois nationalit\u00e9s et quatre langues. \u00c0 ce jour, MadCap Software est enti\u00e8rement repr\u00e9sent\u00e9\u2026<\/p>\n","category_list":"","author_info":{"name":"MadCap IT","url":"https:\/\/www.ixiasoft.com\/fr\/author\/madcap_it\/"},"comments_num":"0 commentaire","featured_image_urls_v2":{"full":"","thumbnail":"","medium":"","medium_large":"","large":"","1536x1536":"","2048x2048":"","ultp_layout_landscape_large":"","ultp_layout_landscape":"","ultp_layout_portrait":"","ultp_layout_square":""},"post_excerpt_stackable_v2":"<p>\u00c0 propos de nous En Europe En savoir plus sur l&rsquo;\u00e9quipe europ\u00e9enne d&rsquo;IXIA CCMS. IXIA CCMS EN EUROPE MadCap Software est un leader mondial des solutions de documentation technique bas\u00e9e sur un contenu structur\u00e9. L&rsquo;\u00e9quipe europ\u00e9enne d&rsquo;IXIA CCMS appuie l&rsquo;int\u00e9r\u00eat et la demande croissants pour l&rsquo;architecture DITA en Europe. Les \u00e9quipes europ\u00e9ennes d&rsquo;IXIA CCMS assistent \u00e9galement un petit nombre de clients nord-am\u00e9ricains et japonais. L\u2019\u00e9quipe est form\u00e9e de Nolwenn Kerzreho, fran\u00e7aise, Robert Bredlau de nationalit\u00e9 allemande et bas\u00e9 \u00e0 Frankfurt, et Henrietta, britannique vivant en France, regroupant trois nationalit\u00e9s et quatre langues. \u00c0 ce jour, MadCap Software est enti\u00e8rement repr\u00e9sent\u00e9\u2026<\/p>\n","category_list_v2":"","author_info_v2":{"name":"MadCap IT","url":"https:\/\/www.ixiasoft.com\/fr\/author\/madcap_it\/"},"comments_num_v2":"0 commentaire","mfb_rest_fields":["title","featured_image_urls","post_excerpt_stackable","category_list","author_info","comments_num","featured_image_urls_v2","post_excerpt_stackable_v2","category_list_v2","author_info_v2","comments_num_v2"],"_links":{"self":[{"href":"https:\/\/www.ixiasoft.com\/fr\/wp-json\/wp\/v2\/pages\/51194","targetHints":{"allow":["GET"]}}],"collection":[{"href":"https:\/\/www.ixiasoft.com\/fr\/wp-json\/wp\/v2\/pages"}],"about":[{"href":"https:\/\/www.ixiasoft.com\/fr\/wp-json\/wp\/v2\/types\/page"}],"author":[{"embeddable":true,"href":"https:\/\/www.ixiasoft.com\/fr\/wp-json\/wp\/v2\/users\/26"}],"replies":[{"embeddable":true,"href":"https:\/\/www.ixiasoft.com\/fr\/wp-json\/wp\/v2\/comments?post=51194"}],"version-history":[{"count":19,"href":"https:\/\/www.ixiasoft.com\/fr\/wp-json\/wp\/v2\/pages\/51194\/revisions"}],"predecessor-version":[{"id":60816,"href":"https:\/\/www.ixiasoft.com\/fr\/wp-json\/wp\/v2\/pages\/51194\/revisions\/60816"}],"up":[{"embeddable":true,"href":"https:\/\/www.ixiasoft.com\/fr\/wp-json\/wp\/v2\/pages\/53302"}],"wp:attachment":[{"href":"https:\/\/www.ixiasoft.com\/fr\/wp-json\/wp\/v2\/media?parent=51194"}],"curies":[{"name":"wp","href":"https:\/\/api.w.org\/{rel}","templated":true}]}}