{"id":51196,"date":"2021-03-19T08:32:01","date_gmt":"2021-03-19T12:32:01","guid":{"rendered":"https:\/\/www.ixiasoft.com\/faq\/"},"modified":"2023-10-30T14:38:25","modified_gmt":"2023-10-30T18:38:25","slug":"faq","status":"publish","type":"page","link":"https:\/\/www.ixiasoft.com\/fr\/faq\/","title":{"rendered":"FAQ"},"content":{"rendered":"\n<div class=\"wp-block-cover alignfull\"><img loading=\"lazy\" decoding=\"async\" width=\"2048\" height=\"640\" class=\"wp-block-cover__image-background wp-image-1475\" alt=\"\" src=\"https:\/\/www.ixiasoft.com\/wp-content\/uploads\/2020\/11\/faq.jpg\" data-object-fit=\"cover\" srcset=\"https:\/\/www.ixiasoft.com\/wp-content\/uploads\/2020\/11\/faq.jpg 2048w, https:\/\/www.ixiasoft.com\/wp-content\/uploads\/2020\/11\/faq-300x94.jpg 300w, https:\/\/www.ixiasoft.com\/wp-content\/uploads\/2020\/11\/faq-1024x320.jpg 1024w, https:\/\/www.ixiasoft.com\/wp-content\/uploads\/2020\/11\/faq-768x240.jpg 768w, https:\/\/www.ixiasoft.com\/wp-content\/uploads\/2020\/11\/faq-1536x480.jpg 1536w\" sizes=\"auto, (max-width: 2048px) 100vw, 2048px\" \/><div class=\"wp-block-cover__inner-container is-layout-flow wp-block-cover-is-layout-flow\">\n\n<p class=\"has-text-align-center is-style-subheading has-theme-secondary-color has-text-color has-large-font-size\">IXIASOFT CCMS<\/p>\n\n\n<h1 class=\"has-text-align-center is-style-heading-style-primary has-theme-black-color has-text-color wp-block-heading\">FAQ<\/h1>\n\n\n<p class=\"has-text-align-center has-theme-black-color has-text-color has-medium-font-size\"><span class=\"is-style-font-weight-light\">Vous avez une question&nbsp;? Nous sommes heureux de vous aider.<\/span><\/p>\n\n<\/div><\/div>\n\n\n\n<div class=\"wp-block-group alignfull has-theme-white-background-color has-background\"><div class=\"wp-block-group__inner-container is-layout-flow wp-block-group-is-layout-flow\">\n<h2 class=\"wp-block-heading has-text-align-center is-style-heading-style-1\">QU\u2019EST-CE QU\u2019UN CCMS&nbsp;? TOUT CE QUE VOUS DEVEZ SAVOIR SUR IXIASOFT CCMS.<\/h2>\n\n\n\n<div class=\"wp-block-cgb-accordion accordion\" id=\"accordion_0d76af54-2264-4421-b00a-b5e0d2020d3e\">\n<div class=\"wp-block-cgb-accordion-collapse card\"><header class=\"card-header\" id=\"heading_eac103c6-e4b4-4652-a26a-decfce3154cd\"><h3 class=\"mb-0\"><button class=\"btn btn-link collapsed\" type=\"button\" data-toggle=\"collapse\" data-target=\"#collapse_eac103c6-e4b4-4652-a26a-decfce3154cd\" aria-expanded=\"true\" aria-controls=\"collapse_eac103c6-e4b4-4652-a26a-decfce3154cd\">Qu\u2019est-ce qu\u2019un CCMS\u00a0?<\/button><\/h3><\/header><div id=\"collapse_eac103c6-e4b4-4652-a26a-decfce3154cd\" class=\"collapse\" aria-labelledby=\"heading_eac103c6-e4b4-4652-a26a-decfce3154cd\" data-parent=\"#accordion_0d76af54-2264-4421-b00a-b5e0d2020d3e\"><div class=\"card-body card-body-padding\">\n<p>CCMS signifie Component Content Management Solution (solution de gestion de contenu par composant). IXIASOFT CCMS est con\u00e7u pour simplifier et rationaliser le processus de documentation technique d&rsquo;une entreprise en organisant le contenu (mots, phrases, photos et proc\u00e9dures) \u00e0 un niveau granulaire. Ces \u00e9l\u00e9ments de contenu, \u00e9galement appel\u00e9s \u00ab&nbsp;composants&nbsp;\u00bb, sont&nbsp;<a href=\"https:\/\/www.ixiasoft.com\/nos-clients\/norme-dita\/quest-ce-que-dita\/?lang=fr\"><\/a><a href=\"https:\/\/www.ixiasoft.com\/fr\/pourquoi-ixiasoft\/comite-dita-doasis\/\" data-type=\"page\" data-id=\"51180\" class=\"rank-math-link\">stock\u00e9s dans un r\u00e9pertoire centralis\u00e9<\/a>. Ils sont r\u00e9exploit\u00e9s \u00e0 des fins de publication sur diff\u00e9rents canaux dans toutes les langues.<\/p>\n<\/div><\/div><\/div>\n\n\n\n<div class=\"wp-block-cgb-accordion-collapse card\"><header class=\"card-header\" id=\"heading_e564e1e6-3b7a-4cc3-a755-70d55d36a1e4\"><h3 class=\"mb-0\"><button class=\"btn btn-link collapsed\" type=\"button\" data-toggle=\"collapse\" data-target=\"#collapse_e564e1e6-3b7a-4cc3-a755-70d55d36a1e4\" aria-expanded=\"true\" aria-controls=\"collapse_e564e1e6-3b7a-4cc3-a755-70d55d36a1e4\">Pourquoi choisir IXIASOFT\u00a0?<\/button><\/h3><\/header><div id=\"collapse_e564e1e6-3b7a-4cc3-a755-70d55d36a1e4\" class=\"collapse\" aria-labelledby=\"heading_e564e1e6-3b7a-4cc3-a755-70d55d36a1e4\" data-parent=\"#accordion_0d76af54-2264-4421-b00a-b5e0d2020d3e\"><div class=\"card-body card-body-padding\">\n<p>Notre solution est cr\u00e9\u00e9e&nbsp;&nbsp;<em>et<\/em>&nbsp; mise \u00e0 disposition par des experts de notre domaine. Les clients b\u00e9n\u00e9ficient d\u2019une solution professionnelle, riche en fonctionnalit\u00e9s et b\u00e9n\u00e9ficiant d\u2019un support client complet. Nous sommes extr\u00eamement fiers de notre solution, mais aussi des relations que nous entretenons avec nos clients, une relation qui remonte \u00e0 plus de 10 ans pour certains d\u2019entre eux. Vous voulez savoir ce que nos clients pensent d&rsquo;IXIASOFT CCMS&nbsp;? Consultez notre&nbsp;<a href=\"https:\/\/www.ixiasoft.com\/nos-clients\/notre-approche\/temoignages-dutilisateurs-des-cms\/?lang=fr\"><\/a><a href=\"https:\/\/www.ixiasoft.com\/fr\/pourquoi-ixiasoft\/temoignages-dutilisateurs-des-cms\/\" data-type=\"page\" data-id=\"51164\" class=\"rank-math-link\">page de t\u00e9moignages<\/a>.<\/p>\n<\/div><\/div><\/div>\n\n\n\n<div class=\"wp-block-cgb-accordion-collapse card\"><header class=\"card-header\" id=\"heading_4d33d33e-8e58-4837-b549-eecfe283c4f5\"><h3 class=\"mb-0\"><button class=\"btn btn-link collapsed\" type=\"button\" data-toggle=\"collapse\" data-target=\"#collapse_4d33d33e-8e58-4837-b549-eecfe283c4f5\" aria-expanded=\"true\" aria-controls=\"collapse_4d33d33e-8e58-4837-b549-eecfe283c4f5\">Quels sont les secteurs d\u2019activit\u00e9 qui utilisent un CCMS\u00a0?<\/button><\/h3><\/header><div id=\"collapse_4d33d33e-8e58-4837-b549-eecfe283c4f5\" class=\"collapse\" aria-labelledby=\"heading_4d33d33e-8e58-4837-b549-eecfe283c4f5\" data-parent=\"#accordion_0d76af54-2264-4421-b00a-b5e0d2020d3e\"><div class=\"card-body card-body-padding\">\n<p>IXIASOFT CCMS convient \u00e0 <a href=\"https:\/\/www.ixiasoft.com\/nos-clients\/notre-approche\/notre-approche-en-termes-de-solutions\/?lang=fr\"><\/a><a href=\"https:\/\/www.ixiasoft.com\/fr\/pourquoi-ixiasoft\/notre-approche-en-termes-de-solutions\/\" data-type=\"page\" data-id=\"51142\" class=\"rank-math-link\">diff\u00e9rents secteurs d\u2019activit\u00e9<\/a>, mais il pr\u00e9sente un int\u00e9r\u00eat particulier pour les entreprises qui r\u00e9utilisent de grandes quantit\u00e9s de contenu, qui publient sur plusieurs m\u00e9dias, et dans plusieurs langues. Actuellement, notre solution est utilis\u00e9e dans les secteurs du logiciel, des t\u00e9l\u00e9communications, des semi-conducteurs, des dispositifs m\u00e9dicaux et des fabricants d&rsquo;\u00e9quipements industriels.<\/p>\n<\/div><\/div><\/div>\n\n\n\n<div class=\"wp-block-cgb-accordion-collapse card\"><header class=\"card-header\" id=\"heading_3829b71b-8531-4ce0-9532-d433a6cf041d\"><h3 class=\"mb-0\"><button class=\"btn btn-link collapsed\" type=\"button\" data-toggle=\"collapse\" data-target=\"#collapse_3829b71b-8531-4ce0-9532-d433a6cf041d\" aria-expanded=\"true\" aria-controls=\"collapse_3829b71b-8531-4ce0-9532-d433a6cf041d\">IXIASOFT CCMS peut-il \u00eatre utilis\u00e9 sur mobile\u00a0?<\/button><\/h3><\/header><div id=\"collapse_3829b71b-8531-4ce0-9532-d433a6cf041d\" class=\"collapse\" aria-labelledby=\"heading_3829b71b-8531-4ce0-9532-d433a6cf041d\" data-parent=\"#accordion_0d76af54-2264-4421-b00a-b5e0d2020d3e\"><div class=\"card-body card-body-padding\">\n<p>Oui, IXIASOFT CCMS est accessible et peut s\u2019utiliser sur un PC de bureau, un ordinateur portable ou une tablette.<\/p>\n<\/div><\/div><\/div>\n\n\n\n<div class=\"wp-block-cgb-accordion-collapse card\"><header class=\"card-header\" id=\"heading_fca06543-f811-400e-b0a8-2d97603dca11\"><h3 class=\"mb-0\"><button class=\"btn btn-link collapsed\" type=\"button\" data-toggle=\"collapse\" data-target=\"#collapse_fca06543-f811-400e-b0a8-2d97603dca11\" aria-expanded=\"true\" aria-controls=\"collapse_fca06543-f811-400e-b0a8-2d97603dca11\">Qui peut utiliser CCMS\u00a0?<\/button><\/h3><\/header><div id=\"collapse_fca06543-f811-400e-b0a8-2d97603dca11\" class=\"collapse\" aria-labelledby=\"heading_fca06543-f811-400e-b0a8-2d97603dca11\" data-parent=\"#accordion_0d76af54-2264-4421-b00a-b5e0d2020d3e\"><div class=\"card-body card-body-padding\">\n<p>IXIASOFT CCMS&nbsp;6.2 se distingue par sa polyvalence.  Con\u00e7ue pour l\u2019expert DITA et l\u2019utilisateur Lite, cette solution est accessible \u00e0 &nbsp;<a href=\"https:\/\/www.ixiasoft.com\/services\/ixiasoft-ccms\/presentation-de-dita-ccms\/?lang=fr\"><\/a><a href=\"https:\/\/www.ixiasoft.com\/fr\/produits-et-services\/presentation-de-dita-ccms\/\" data-type=\"page\" data-id=\"51149\" class=\"rank-math-link\">tous les membres de l&rsquo;\u00e9quipe<\/a>,&nbsp; y compris les experts m\u00e9tier, les chefs de projet et les administrateurs syst\u00e8me.<\/p>\n<\/div><\/div><\/div>\n\n\n\n<div class=\"wp-block-cgb-accordion-collapse card\"><header class=\"card-header\" id=\"heading_ddbedab9-7e72-4d23-a8c8-70a0002a9583\"><h3 class=\"mb-0\"><button class=\"btn btn-link collapsed\" type=\"button\" data-toggle=\"collapse\" data-target=\"#collapse_ddbedab9-7e72-4d23-a8c8-70a0002a9583\" aria-expanded=\"true\" aria-controls=\"collapse_ddbedab9-7e72-4d23-a8c8-70a0002a9583\">Combien de temps faut-il pour installer CCMS\u00a0?<\/button><\/h3><\/header><div id=\"collapse_ddbedab9-7e72-4d23-a8c8-70a0002a9583\" class=\"collapse\" aria-labelledby=\"heading_ddbedab9-7e72-4d23-a8c8-70a0002a9583\" data-parent=\"#accordion_0d76af54-2264-4421-b00a-b5e0d2020d3e\"><div class=\"card-body card-body-padding\">\n<p>Le temps d\u2019int\u00e9gration complet de CCMS d\u00e9pend totalement de la taille et du type de l\u2019organisation. Du d\u00e9but \u00e0 la fin, la mise en place d\u2019un CCMS prend en moyenne six&nbsp;mois.<\/p>\n<\/div><\/div><\/div>\n\n\n\n<div class=\"wp-block-cgb-accordion-collapse card\"><header class=\"card-header\" id=\"heading_a925f3fa-2049-49c4-9e7c-64f0d2a4ca39\"><h3 class=\"mb-0\"><button class=\"btn btn-link collapsed\" type=\"button\" data-toggle=\"collapse\" data-target=\"#collapse_a925f3fa-2049-49c4-9e7c-64f0d2a4ca39\" aria-expanded=\"true\" aria-controls=\"collapse_a925f3fa-2049-49c4-9e7c-64f0d2a4ca39\">Quel type de formation est offert pour le CCMS\u00a0?<\/button><\/h3><\/header><div id=\"collapse_a925f3fa-2049-49c4-9e7c-64f0d2a4ca39\" class=\"collapse\" aria-labelledby=\"heading_a925f3fa-2049-49c4-9e7c-64f0d2a4ca39\" data-parent=\"#accordion_0d76af54-2264-4421-b00a-b5e0d2020d3e\"><div class=\"card-body card-body-padding\">\n<p>IXIASOFT veille \u00e0 ce que chaque organisation suive une formation compl\u00e8te avant et pendant la mise en place du CCMS. Que les clients choisissent un d\u00e9ploiement de type SaaS d\u00e9di\u00e9 ou sur site, notre \u00e9quipe dispense une formation approfondie pour vous \u00e9viter tout retard dans les op\u00e9rations quotidiennes.<\/p>\n<\/div><\/div><\/div>\n\n\n\n<div class=\"wp-block-cgb-accordion-collapse card\"><header class=\"card-header\" id=\"heading_7dc50a6c-347b-4ea0-8bfc-1ae6dad2492c\"><h3 class=\"mb-0\"><button class=\"btn btn-link collapsed\" type=\"button\" data-toggle=\"collapse\" data-target=\"#collapse_7dc50a6c-347b-4ea0-8bfc-1ae6dad2492c\" aria-expanded=\"true\" aria-controls=\"collapse_7dc50a6c-347b-4ea0-8bfc-1ae6dad2492c\">Quelles sont les principales diff\u00e9rences entre CCMS Web et CCMS Desktop\u00a0?<\/button><\/h3><\/header><div id=\"collapse_7dc50a6c-347b-4ea0-8bfc-1ae6dad2492c\" class=\"collapse\" aria-labelledby=\"heading_7dc50a6c-347b-4ea0-8bfc-1ae6dad2492c\" data-parent=\"#accordion_0d76af54-2264-4421-b00a-b5e0d2020d3e\"><div class=\"card-body card-body-padding\">\n<p>Les principales diff\u00e9rences entre CCMS Web et CCMS Desktop sont les suivantes&nbsp;:<\/p>\n\n\n\n<p><strong>Web&nbsp;<\/strong><\/p>\n\n\n\n<ul class=\"wp-block-list\">\n<li>Les utilisateurs Lite peuvent \u00eatre des r\u00e9dacteurs, et ainsi cr\u00e9er et modifier une rubrique ou une carte.<\/li>\n\n\n\n<li>Les utilisateurs Lite peuvent assigner des rubriques ou des cartes.<\/li>\n\n\n\n<li>Le panneau lat\u00e9ral oXygen affiche les propri\u00e9t\u00e9s CCMS des rubriques.<\/li>\n\n\n\n<li>Les architectes de l\u2019information peuvent cr\u00e9er des mod\u00e8les et les associer \u00e0 un r\u00f4le.<\/li>\n\n\n\n<li>S\u00e9curit\u00e9 du niveau de contenu&nbsp;: les architectes de l\u2019information peuvent octroyer \u00e0 des groupes d&rsquo;utilisateurs un acc\u00e8s en lecture et \u00e9criture \u00e0 des produits ou des biblioth\u00e8ques&nbsp;DRM.<\/li>\n\n\n\n<li>Accessible sur tous les appareils.<\/li>\n<\/ul>\n\n\n\n<p class=\"is-style-default\"><strong>Desktop&nbsp;<\/strong><\/p>\n\n\n\n<ul class=\"wp-block-list\">\n<li>Les Build Manifest sont des objets DRM. Les nouvelles instances sont cr\u00e9\u00e9es \u00e0 partir de nouvelles instances de leur carte.<\/li>\n\n\n\n<li>Les Ditaval sont des objets CCMS, avec des statuts et un historique des r\u00e9visions.<\/li>\n\n\n\n<li>Possibilit\u00e9 de limiter la recherche \u00e0 la version DRM actuelle<\/li>\n\n\n\n<li>Prise en charge de l\u2019ID externe lors de l&rsquo;importation<\/li>\n\n\n\n<li>Solution bas\u00e9e sur Eclipse&nbsp;4.7.3<\/li>\n<\/ul>\n<\/div><\/div><\/div>\n<\/div>\n<\/div><\/div>\n","protected":false},"excerpt":{"rendered":"<p>QU\u2019EST-CE QU\u2019UN CCMS&nbsp;? TOUT CE QUE VOUS DEVEZ SAVOIR SUR IXIASOFT CCMS.<\/p>\n","protected":false},"author":26,"featured_media":0,"parent":0,"menu_order":0,"comment_status":"closed","ping_status":"closed","template":"","meta":{"footnotes":""},"class_list":["post-51196","page","type-page","status-publish","hentry"],"mb":[],"featured_image_urls":{"full":"","thumbnail":"","medium":"","medium_large":"","large":"","1536x1536":"","2048x2048":"","ultp_layout_landscape_large":"","ultp_layout_landscape":"","ultp_layout_portrait":"","ultp_layout_square":""},"post_excerpt_stackable":"<p>IXIASOFT CCMS FAQ Vous avez une question&nbsp;? Nous sommes heureux de vous aider. QU\u2019EST-CE QU\u2019UN CCMS&nbsp;? TOUT CE QUE VOUS DEVEZ SAVOIR SUR IXIASOFT CCMS. Qu\u2019est-ce qu\u2019un CCMS\u00a0? CCMS signifie Component Content Management Solution (solution de gestion de contenu par composant). IXIASOFT CCMS est con\u00e7u pour simplifier et rationaliser le processus de documentation technique d&rsquo;une entreprise en organisant le contenu (mots, phrases, photos et proc\u00e9dures) \u00e0 un niveau granulaire. Ces \u00e9l\u00e9ments de contenu, \u00e9galement appel\u00e9s \u00ab&nbsp;composants&nbsp;\u00bb, sont&nbsp;stock\u00e9s dans un r\u00e9pertoire centralis\u00e9. Ils sont r\u00e9exploit\u00e9s \u00e0 des fins de publication sur diff\u00e9rents canaux dans toutes les langues. Pourquoi choisir IXIASOFT\u00a0? Notre\u2026<\/p>\n","category_list":"","author_info":{"name":"MadCap IT","url":"https:\/\/www.ixiasoft.com\/fr\/author\/madcap_it\/"},"comments_num":"0 commentaire","featured_image_urls_v2":{"full":"","thumbnail":"","medium":"","medium_large":"","large":"","1536x1536":"","2048x2048":"","ultp_layout_landscape_large":"","ultp_layout_landscape":"","ultp_layout_portrait":"","ultp_layout_square":""},"post_excerpt_stackable_v2":"<p>IXIASOFT CCMS FAQ Vous avez une question&nbsp;? Nous sommes heureux de vous aider. QU\u2019EST-CE QU\u2019UN CCMS&nbsp;? TOUT CE QUE VOUS DEVEZ SAVOIR SUR IXIASOFT CCMS. Qu\u2019est-ce qu\u2019un CCMS\u00a0? CCMS signifie Component Content Management Solution (solution de gestion de contenu par composant). IXIASOFT CCMS est con\u00e7u pour simplifier et rationaliser le processus de documentation technique d&rsquo;une entreprise en organisant le contenu (mots, phrases, photos et proc\u00e9dures) \u00e0 un niveau granulaire. Ces \u00e9l\u00e9ments de contenu, \u00e9galement appel\u00e9s \u00ab&nbsp;composants&nbsp;\u00bb, sont&nbsp;stock\u00e9s dans un r\u00e9pertoire centralis\u00e9. Ils sont r\u00e9exploit\u00e9s \u00e0 des fins de publication sur diff\u00e9rents canaux dans toutes les langues. Pourquoi choisir IXIASOFT\u00a0? Notre\u2026<\/p>\n","category_list_v2":"","author_info_v2":{"name":"MadCap IT","url":"https:\/\/www.ixiasoft.com\/fr\/author\/madcap_it\/"},"comments_num_v2":"0 commentaire","mfb_rest_fields":["title","featured_image_urls","post_excerpt_stackable","category_list","author_info","comments_num","featured_image_urls_v2","post_excerpt_stackable_v2","category_list_v2","author_info_v2","comments_num_v2"],"_links":{"self":[{"href":"https:\/\/www.ixiasoft.com\/fr\/wp-json\/wp\/v2\/pages\/51196","targetHints":{"allow":["GET"]}}],"collection":[{"href":"https:\/\/www.ixiasoft.com\/fr\/wp-json\/wp\/v2\/pages"}],"about":[{"href":"https:\/\/www.ixiasoft.com\/fr\/wp-json\/wp\/v2\/types\/page"}],"author":[{"embeddable":true,"href":"https:\/\/www.ixiasoft.com\/fr\/wp-json\/wp\/v2\/users\/26"}],"replies":[{"embeddable":true,"href":"https:\/\/www.ixiasoft.com\/fr\/wp-json\/wp\/v2\/comments?post=51196"}],"version-history":[{"count":12,"href":"https:\/\/www.ixiasoft.com\/fr\/wp-json\/wp\/v2\/pages\/51196\/revisions"}],"predecessor-version":[{"id":60942,"href":"https:\/\/www.ixiasoft.com\/fr\/wp-json\/wp\/v2\/pages\/51196\/revisions\/60942"}],"wp:attachment":[{"href":"https:\/\/www.ixiasoft.com\/fr\/wp-json\/wp\/v2\/media?parent=51196"}],"curies":[{"name":"wp","href":"https:\/\/api.w.org\/{rel}","templated":true}]}}