{"id":51198,"date":"2021-03-19T08:32:08","date_gmt":"2021-03-19T12:32:08","guid":{"rendered":"https:\/\/www.ixiasoft.com\/politique-de-confidentialite\/"},"modified":"2021-03-29T11:24:28","modified_gmt":"2021-03-29T15:24:28","slug":"politique-de-confidentialite","status":"publish","type":"page","link":"https:\/\/www.ixiasoft.com\/fr\/politique-de-confidentialite\/","title":{"rendered":"Politique de confidentialit\u00e9"},"content":{"rendered":"\n<div class=\"wp-block-cover alignfull\" style=\"background-image:url(https:\/\/www.ixiasoft.com\/wp-content\/uploads\/2020\/11\/Privacy.jpg)\"><div class=\"wp-block-cover__inner-container is-layout-flow wp-block-cover-is-layout-flow\">\n<h1 class=\"has-text-align-center is-style-heading-style-primary has-theme-black-color has-text-color wp-block-heading\">Politique de confidentialit\u00e9<\/h1>\n\n\n\n<p class=\"has-text-align-center has-theme-black-color has-text-color has-medium-font-size\"><span class=\"is-style-font-weight-light\">Cette politique de confidentialit\u00e9 a \u00e9t\u00e9 modifi\u00e9e pour la derni\u00e8re fois en 2020.<\/span><\/p>\n<\/div><\/div>\n\n\n\n<div class=\"wp-block-group alignfull has-theme-white-background-color has-background\"><div class=\"wp-block-group__inner-container is-layout-flow wp-block-group-is-layout-flow\">\n<p>IXIASOFT prend les mesures n\u00e9cessaires pour garantir la confidentialit\u00e9 et la protection des donn\u00e9es personnelles en sa possession, conform\u00e9ment \u00e0 la politique de protection des donn\u00e9es.<\/p>\n\n\n\n<p>Lorsque vous interagissez avec le site web d\u2019IXIASOFT, nous utilisons votre adresse&nbsp;IP et des cookies pour offrir certaines fonctionnalit\u00e9s qui nous permettent de comprendre comment nos services sont utilis\u00e9s et comment am\u00e9liorer l\u2019exp\u00e9rience utilisateur. La plupart des sites&nbsp;web utilisent des cookies pour am\u00e9liorer l\u2019exp\u00e9rience utilisateur en autorisant le site&nbsp;web \u00e0 se rappeler de vous pendant la dur\u00e9e de votre visite (\u00e0 l&rsquo;aide d\u2019un \u00ab&nbsp;cookie de session&nbsp;\u00bb) ou pendant toutes vos visites (\u00e0 l\u2019aide d\u2019un \u00ab&nbsp;cookie permanent&nbsp;\u00bb).<\/p>\n\n\n\n<p>Nous ne vendons pas et ne communiquons pas vos donn\u00e9es personnelles \u00e0 des tiers. Cependant, nous nous r\u00e9servons le droit de les envoyer \u00e0 des auteurs ou des \u00e9diteurs de documents obtenus par l&rsquo;interm\u00e9diaire d\u2019IXIASOFT sous la forme de donn\u00e9es anonymis\u00e9es et exclusivement \u00e0 des fins d\u2019\u00e9tude ou d\u2019analyse.<\/p>\n\n\n\n<p>Aucun message non sollicit\u00e9 ne vous sera envoy\u00e9.<\/p>\n\n\n\n<p>Les informations collect\u00e9es dans le cadre de ce service sont confidentielles, \u00e0 l\u2019exception de celles rep\u00e9r\u00e9es par un ast\u00e9risque. Les demandes d&rsquo;acc\u00e8s \u00e0 ou de modifications de ces informations doivent \u00eatre envoy\u00e9es \u00e0 l\u2019adresse&nbsp;:<\/p>\n\n\n\n<p>45 Chemin Bates, Suite 220<br>Montr\u00e9al, Qu\u00e9bec H2V 1A6<br>Canada<\/p>\n<\/div><\/div>\n","protected":false},"excerpt":{"rendered":"<p>IXIASOFT prend les mesures n\u00e9cessaires pour garantir la confidentialit\u00e9 et la protection des donn\u00e9es personnelles en sa possession, conform\u00e9ment \u00e0&#8230;<\/p>\n","protected":false},"author":26,"featured_media":0,"parent":0,"menu_order":0,"comment_status":"closed","ping_status":"closed","template":"","meta":{"footnotes":""},"class_list":["post-51198","page","type-page","status-publish","hentry"],"mb":[],"featured_image_urls":{"full":"","thumbnail":"","medium":"","medium_large":"","large":"","1536x1536":"","2048x2048":"","ultp_layout_landscape_large":"","ultp_layout_landscape":"","ultp_layout_portrait":"","ultp_layout_square":""},"post_excerpt_stackable":"<p>Politique de confidentialit\u00e9 Cette politique de confidentialit\u00e9 a \u00e9t\u00e9 modifi\u00e9e pour la derni\u00e8re fois en 2020. IXIASOFT prend les mesures n\u00e9cessaires pour garantir la confidentialit\u00e9 et la protection des donn\u00e9es personnelles en sa possession, conform\u00e9ment \u00e0 la politique de protection des donn\u00e9es. Lorsque vous interagissez avec le site web d\u2019IXIASOFT, nous utilisons votre adresse&nbsp;IP et des cookies pour offrir certaines fonctionnalit\u00e9s qui nous permettent de comprendre comment nos services sont utilis\u00e9s et comment am\u00e9liorer l\u2019exp\u00e9rience utilisateur. La plupart des sites&nbsp;web utilisent des cookies pour am\u00e9liorer l\u2019exp\u00e9rience utilisateur en autorisant le site&nbsp;web \u00e0 se rappeler de vous pendant la dur\u00e9e de\u2026<\/p>\n","category_list":"","author_info":{"name":"MadCap IT","url":"https:\/\/www.ixiasoft.com\/fr\/author\/madcap_it\/"},"comments_num":"0 commentaire","featured_image_urls_v2":{"full":"","thumbnail":"","medium":"","medium_large":"","large":"","1536x1536":"","2048x2048":"","ultp_layout_landscape_large":"","ultp_layout_landscape":"","ultp_layout_portrait":"","ultp_layout_square":""},"post_excerpt_stackable_v2":"<p>Politique de confidentialit\u00e9 Cette politique de confidentialit\u00e9 a \u00e9t\u00e9 modifi\u00e9e pour la derni\u00e8re fois en 2020. IXIASOFT prend les mesures n\u00e9cessaires pour garantir la confidentialit\u00e9 et la protection des donn\u00e9es personnelles en sa possession, conform\u00e9ment \u00e0 la politique de protection des donn\u00e9es. Lorsque vous interagissez avec le site web d\u2019IXIASOFT, nous utilisons votre adresse&nbsp;IP et des cookies pour offrir certaines fonctionnalit\u00e9s qui nous permettent de comprendre comment nos services sont utilis\u00e9s et comment am\u00e9liorer l\u2019exp\u00e9rience utilisateur. La plupart des sites&nbsp;web utilisent des cookies pour am\u00e9liorer l\u2019exp\u00e9rience utilisateur en autorisant le site&nbsp;web \u00e0 se rappeler de vous pendant la dur\u00e9e de\u2026<\/p>\n","category_list_v2":"","author_info_v2":{"name":"MadCap IT","url":"https:\/\/www.ixiasoft.com\/fr\/author\/madcap_it\/"},"comments_num_v2":"0 commentaire","mfb_rest_fields":["title","featured_image_urls","post_excerpt_stackable","category_list","author_info","comments_num","featured_image_urls_v2","post_excerpt_stackable_v2","category_list_v2","author_info_v2","comments_num_v2"],"_links":{"self":[{"href":"https:\/\/www.ixiasoft.com\/fr\/wp-json\/wp\/v2\/pages\/51198","targetHints":{"allow":["GET"]}}],"collection":[{"href":"https:\/\/www.ixiasoft.com\/fr\/wp-json\/wp\/v2\/pages"}],"about":[{"href":"https:\/\/www.ixiasoft.com\/fr\/wp-json\/wp\/v2\/types\/page"}],"author":[{"embeddable":true,"href":"https:\/\/www.ixiasoft.com\/fr\/wp-json\/wp\/v2\/users\/26"}],"replies":[{"embeddable":true,"href":"https:\/\/www.ixiasoft.com\/fr\/wp-json\/wp\/v2\/comments?post=51198"}],"version-history":[{"count":2,"href":"https:\/\/www.ixiasoft.com\/fr\/wp-json\/wp\/v2\/pages\/51198\/revisions"}],"predecessor-version":[{"id":51296,"href":"https:\/\/www.ixiasoft.com\/fr\/wp-json\/wp\/v2\/pages\/51198\/revisions\/51296"}],"wp:attachment":[{"href":"https:\/\/www.ixiasoft.com\/fr\/wp-json\/wp\/v2\/media?parent=51198"}],"curies":[{"name":"wp","href":"https:\/\/api.w.org\/{rel}","templated":true}]}}