{"id":51214,"date":"2021-03-19T08:34:11","date_gmt":"2021-03-19T12:34:11","guid":{"rendered":"https:\/\/www.ixiasoft.com\/positionnement\/"},"modified":"2023-09-28T15:32:51","modified_gmt":"2023-09-28T19:32:51","slug":"positionnement","status":"publish","type":"page","link":"https:\/\/www.ixiasoft.com\/fr\/pourquoi-ixiasoft\/positionnement\/","title":{"rendered":"Positionnement"},"content":{"rendered":"\n<div class=\"wp-block-cover alignfull has-background-dim-10 has-background-dim\"><span aria-hidden=\"true\" class=\"wp-block-cover__background has-background-dim-10 has-background-dim\"><\/span><img loading=\"lazy\" decoding=\"async\" width=\"2048\" height=\"640\" class=\"wp-block-cover__image-background wp-image-56185\" alt=\"\" src=\"https:\/\/www.ixiasoft.com\/wp-content\/uploads\/2021\/10\/MarketLandscapeNew.jpg\" data-object-fit=\"cover\" srcset=\"https:\/\/www.ixiasoft.com\/wp-content\/uploads\/2021\/10\/MarketLandscapeNew.jpg 2048w, https:\/\/www.ixiasoft.com\/wp-content\/uploads\/2021\/10\/MarketLandscapeNew-300x94.jpg 300w, https:\/\/www.ixiasoft.com\/wp-content\/uploads\/2021\/10\/MarketLandscapeNew-1024x320.jpg 1024w, https:\/\/www.ixiasoft.com\/wp-content\/uploads\/2021\/10\/MarketLandscapeNew-768x240.jpg 768w, https:\/\/www.ixiasoft.com\/wp-content\/uploads\/2021\/10\/MarketLandscapeNew-1536x480.jpg 1536w, https:\/\/www.ixiasoft.com\/wp-content\/uploads\/2021\/10\/MarketLandscapeNew-500x156.jpg 500w\" sizes=\"auto, (max-width: 2048px) 100vw, 2048px\" \/><div class=\"wp-block-cover__inner-container is-layout-flow wp-block-cover-is-layout-flow\">\n<p class=\"has-text-align-center is-style-subheading has-theme-white-color has-text-color\"><span class=\"is-style-all-caps\">Pourquoi IXIA CCMS?<\/span><\/p>\n\n\n\n<h1 class=\"wp-block-heading has-text-align-center is-style-heading-style-primary has-theme-black-color has-text-color\"><span style=\"color: #fff;\" class=\"ugb-highlight\">IXIA CCMS Market Position<\/span><\/h1>\n\n\n\n<p class=\"has-text-align-center has-theme-black-color has-text-color has-medium-font-size\"><span class=\"is-style-font-weight-light\"><span style=\"color: #fff;\" class=\"ugb-highlight\">MadCap Software is a Leading Global Enterprise-Class CCMS Provider\u200b<\/span><\/span><\/p>\n<\/div><\/div>\n\n\n\n<div class=\"wp-block-group has-theme-white-background-color has-background\"><div class=\"wp-block-group__inner-container is-layout-flow wp-block-group-is-layout-flow\">\n<h2 class=\"wp-block-heading has-text-align-center is-style-heading-style-1\">POSITIONNEMENT<\/h2>\n\n\n\n<p>MadCap Software est un \u00e9diteur de logiciels professionnels, qui propose une solution de <a href=\"https:\/\/www.ixiasoft.com\/learning-support\/product-documentation\/documentation\/?lang=fr\"><\/a><a class=\"rank-math-link\" href=\"https:\/\/www.ixiasoft.com\/fr\/pourquoi-ixiasoft\/quest-ce-que-dita\/\" data-type=\"page\" data-id=\"51145\">documentation technique DITA<\/a> de bout en bout. Par la livraison de contenu Agile, nous am\u00e9liorons et transformons votre exp\u00e9rience client sur n\u2019importe quelle plateforme ou n\u2019importe quel appareil. Avec plus de 20 ans d&rsquo;exp\u00e9rience dans le domaine de la documentation technique, notre produit phare IXIA CCMS s&rsquo;appuie sur une \u00e9quipe d&rsquo;experts de renomm\u00e9e mondiale ainsi que sur nos\u00a0<a href=\"https:\/\/www.ixiasoft.com\/nos-clients\/notre-approche\/nos-partenaires\/?lang=fr\"><\/a><a class=\"rank-math-link\" href=\"https:\/\/www.ixiasoft.com\/fr\/pourquoi-ixiasoft\/nos-partenaires\/\" data-type=\"page\" data-id=\"51205\">partenaires<\/a>.<\/p>\n\n\n\n<p>Notre CCMS de premier plan assiste les entreprises du Fortune 500 dans le domaine des logiciels, de la fabrication d&rsquo;\u00e9quipements industriels, de la fabrication d&rsquo;\u00e9quipements m\u00e9dicaux, des t\u00e9l\u00e9communications, des semi-conducteurs, et plus encore. D\u00e9couvrez ce qui nous distingue des autres.<\/p>\n<\/div><\/div>\n\n\n\n<div class=\"wp-block-group alignfull has-theme-light-background-color has-background\"><div class=\"wp-block-group__inner-container is-layout-flow wp-block-group-is-layout-flow\">\n<h2 class=\"wp-block-heading has-text-align-center is-style-heading-style-1\">CE QUI NOUS DIFF\u00c9RENCIE<\/h2>\n\n\n\n<p class=\"has-text-align-center has-para-lead-font-size\">100&nbsp;% DITA<\/p>\n\n\n\n<div style=\"height:32px\" aria-hidden=\"true\" class=\"wp-block-spacer\"><\/div>\n\n\n\n<div class=\"wp-block-columns is-style-mobile-stack-sm is-style-align-stretch is-layout-flex wp-container-core-columns-is-layout-9d6595d7 wp-block-columns-is-layout-flex\">\n<div class=\"wp-block-column is-layout-flow wp-block-column-is-layout-flow\">\n<div class=\"wp-block-group has-theme-white-background-color has-background\"><div class=\"wp-block-group__inner-container is-layout-flow wp-block-group-is-layout-flow\">\n<div class=\"wp-block-cgb-icon-button undefined is-style-icon-md has-picton-blue-color is-style-offset-top is-style-icon-fill\"><div class=\"icon-button link-disabled\"><i class=\"fa fas\"><span class=\"sr-only\">Etoile<\/span>\uf005<\/i><\/div><\/div>\n\n\n\n<div style=\"height:16px\" aria-hidden=\"true\" class=\"wp-block-spacer\"><\/div>\n\n\n\n<p class=\"has-text-align-center\">IXIA CCMS a \u00e9t\u00e9 le premier syst\u00e8me de gestion de contenu DITA bas\u00e9 sur une base de donn\u00e9es&nbsp;XML disponible sur le march\u00e9.<\/p>\n<\/div><\/div>\n<\/div>\n\n\n\n<div class=\"wp-block-column is-layout-flow wp-block-column-is-layout-flow\">\n<div class=\"wp-block-group has-theme-white-background-color has-background\"><div class=\"wp-block-group__inner-container is-layout-flow wp-block-group-is-layout-flow\">\n<div class=\"wp-block-cgb-icon-button undefined is-style-icon-md has-lochinvar-color is-style-offset-top is-style-icon-fill\"><div class=\"icon-button link-disabled\"><i class=\"fa fas\"><span class=\"sr-only\">Check<\/span>\uf00c<\/i><\/div><\/div>\n\n\n\n<div style=\"height:16px\" aria-hidden=\"true\" class=\"wp-block-spacer\"><\/div>\n\n\n\n<p class=\"has-text-align-center\">Le contenu produit avec IXIA CCMS est 100&nbsp;% DITA &#8211; il n&rsquo;est pas la propri\u00e9t\u00e9 de MadCap Software.<\/p>\n<\/div><\/div>\n<\/div>\n\n\n\n<div class=\"wp-block-column is-layout-flow wp-block-column-is-layout-flow\">\n<div class=\"wp-block-group has-theme-white-background-color has-background\"><div class=\"wp-block-group__inner-container is-layout-flow wp-block-group-is-layout-flow\">\n<div class=\"wp-block-cgb-icon-button undefined is-style-icon-md has-eucalyptus-color is-style-offset-top is-style-icon-fill\"><div class=\"icon-button link-disabled\"><i class=\"fa fas\"><span class=\"sr-only\">Ampoule<\/span>\uf0eb<\/i><\/div><\/div>\n\n\n\n<div style=\"height:16px\" aria-hidden=\"true\" class=\"wp-block-spacer\"><\/div>\n\n\n\n<p class=\"has-text-align-center\">Notre processus de documentation rationalis\u00e9 permet aux r\u00e9dacteurs de se recentrer sur le plus important&nbsp;: cr\u00e9er et fournir du contenu exceptionnel.<\/p>\n<\/div><\/div>\n<\/div>\n<\/div>\n\n\n\n<div style=\"height:40px\" aria-hidden=\"true\" class=\"wp-block-spacer\"><\/div>\n\n\n\n<p class=\"has-text-align-center has-para-lead-font-size\">Expertise de l&rsquo;\u00e9quipe<\/p>\n\n\n\n<div style=\"height:32px\" aria-hidden=\"true\" class=\"wp-block-spacer\"><\/div>\n\n\n\n<div class=\"wp-block-columns is-style-mobile-stack-sm is-style-align-stretch is-layout-flex wp-container-core-columns-is-layout-9d6595d7 wp-block-columns-is-layout-flex\">\n<div class=\"wp-block-column is-layout-flow wp-block-column-is-layout-flow\">\n<div class=\"wp-block-group has-theme-white-background-color has-background\"><div class=\"wp-block-group__inner-container is-layout-flow wp-block-group-is-layout-flow\">\n<div class=\"wp-block-cgb-icon-button undefined is-style-icon-md has-eucalyptus-color is-style-offset-top is-style-icon-fill\"><div class=\"icon-button link-disabled\"><i class=\"fa fas\"><span class=\"sr-only\">maison<\/span>\uf19c<\/i><\/div><\/div>\n\n\n\n<div style=\"height:16px\" aria-hidden=\"true\" class=\"wp-block-spacer\"><\/div>\n\n\n\n<p class=\"has-text-align-center\">L\u2019expertise DITA de MadCap Software inclut l&rsquo;avant-vente, la vente, la cr\u00e9ation, le concept et le d\u00e9veloppement, la direction et la conception de produits.<\/p>\n<\/div><\/div>\n<\/div>\n\n\n\n<div class=\"wp-block-column is-layout-flow wp-block-column-is-layout-flow\">\n<div class=\"wp-block-group has-theme-white-background-color has-background\"><div class=\"wp-block-group__inner-container is-layout-flow wp-block-group-is-layout-flow\">\n<div class=\"wp-block-cgb-icon-button undefined is-style-icon-md has-picton-blue-color is-style-offset-top is-style-icon-fill\"><div class=\"icon-button link-disabled\"><i class=\"fa fas\"><span class=\"sr-only\">cl\u00e9 \u00e0 molette<\/span>\uf0ad<\/i><\/div><\/div>\n\n\n\n<div style=\"height:16px\" aria-hidden=\"true\" class=\"wp-block-spacer\"><\/div>\n\n\n\n<p class=\"has-text-align-center\">Notre \u00e9quipe IXIA CCMS est compos\u00e9e de personnes talentueuses bas\u00e9es en Am\u00e9rique du Nord, en Europe et au Japon, dont beaucoup travaillent pour nous depuis plus de 10&nbsp;ans.<\/p>\n<\/div><\/div>\n<\/div>\n\n\n\n<div class=\"wp-block-column is-layout-flow wp-block-column-is-layout-flow\">\n<div class=\"wp-block-group has-theme-white-background-color has-background\"><div class=\"wp-block-group__inner-container is-layout-flow wp-block-group-is-layout-flow\">\n<div class=\"wp-block-cgb-icon-button undefined is-style-icon-md has-theme-secondary-color is-style-offset-top is-style-icon-fill\"><div class=\"icon-button link-disabled\"><i class=\"fa fab\"><span class=\"sr-only\">Pile de document<\/span>\uf16c<\/i><\/div><\/div>\n\n\n\n<div style=\"height:16px\" aria-hidden=\"true\" class=\"wp-block-spacer\"><\/div>\n\n\n\n<p class=\"has-text-align-center\">Nous sommes fiers d\u2019\u00eatre membres du consortium OASIS et de contribuer activement aux discussions sur l&rsquo;avenir de la documentation DITA.<\/p>\n<\/div><\/div>\n<\/div>\n<\/div>\n\n\n\n<div style=\"height:40px\" aria-hidden=\"true\" class=\"wp-block-spacer\"><\/div>\n\n\n\n<p class=\"has-text-align-center has-para-lead-font-size\">\u00c9volutivit\u00e9<\/p>\n\n\n\n<div style=\"height:32px\" aria-hidden=\"true\" class=\"wp-block-spacer\"><\/div>\n\n\n\n<div class=\"wp-block-columns is-style-mobile-stack-sm is-style-align-stretch is-layout-flex wp-container-core-columns-is-layout-9d6595d7 wp-block-columns-is-layout-flex\">\n<div class=\"wp-block-column is-layout-flow wp-block-column-is-layout-flow\">\n<div class=\"wp-block-group has-theme-white-background-color has-background\"><div class=\"wp-block-group__inner-container is-layout-flow wp-block-group-is-layout-flow\">\n<div class=\"wp-block-cgb-icon-button undefined is-style-icon-md has-purple-color is-style-offset-top is-style-icon-fill\"><div class=\"icon-button link-disabled\"><i class=\"fa fas\"><span class=\"sr-only\">Fl\u00e8che vers le haut<\/span>\uf062<\/i><\/div><\/div>\n\n\n\n<div style=\"height:16px\" aria-hidden=\"true\" class=\"wp-block-spacer\"><\/div>\n\n\n\n<p class=\"has-text-align-center\">Notre produit est con\u00e7u pour accompagner le d\u00e9veloppement de votre activit\u00e9, quelle que soit l&rsquo;\u00e9volution de vos besoins en documentation technique.<\/p>\n<\/div><\/div>\n<\/div>\n\n\n\n<div class=\"wp-block-column is-layout-flow wp-block-column-is-layout-flow\">\n<div class=\"wp-block-group has-theme-white-background-color has-background\"><div class=\"wp-block-group__inner-container is-layout-flow wp-block-group-is-layout-flow\">\n<div class=\"wp-block-cgb-icon-button undefined is-style-icon-md has-theme-secondary-dark-color is-style-offset-top is-style-icon-fill\"><div class=\"icon-button link-disabled\"><i class=\"fa fas\"><span class=\"sr-only\">Horloge et fl\u00e8che<\/span>\uf1da<\/i><\/div><\/div>\n\n\n\n<div style=\"height:16px\" aria-hidden=\"true\" class=\"wp-block-spacer\"><\/div>\n\n\n\n<p class=\"has-text-align-center\">Nous d\u00e9veloppons en permanence des modules compl\u00e9mentaires innovants pour aider les entreprises \u00e0 rationaliser leur processus de communication technique. Pour n\u2019en citer que quelques-uns&nbsp;: packs de localisation, r\u00e9plication de site, option de gestion dynamique de version (DRM), et plus.<\/p>\n<\/div><\/div>\n<\/div>\n\n\n\n<div class=\"wp-block-column is-layout-flow wp-block-column-is-layout-flow\">\n<div class=\"wp-block-group has-theme-white-background-color has-background\"><div class=\"wp-block-group__inner-container is-layout-flow wp-block-group-is-layout-flow\">\n<div class=\"wp-block-cgb-icon-button undefined is-style-icon-md has-trinidad-color is-style-offset-top is-style-icon-fill\"><div class=\"icon-button link-disabled\"><i class=\"fa fas\"><span class=\"sr-only\">Attach\u00e9-case<\/span>\uf0b1<\/i><\/div><\/div>\n\n\n\n<div style=\"height:16px\" aria-hidden=\"true\" class=\"wp-block-spacer\"><\/div>\n\n\n\n<p class=\"has-text-align-center\">Notre solution CCMS autorise une collaboration entre tous les membres de l&rsquo;\u00e9quipe&nbsp;: experts m\u00e9tier, architectes de l\u2019information, r\u00e9viseurs et responsables de localisation.<\/p>\n<\/div><\/div>\n<\/div>\n<\/div>\n\n\n\n<div style=\"height:40px\" aria-hidden=\"true\" class=\"wp-block-spacer\"><\/div>\n\n\n\n<p class=\"has-text-align-center has-para-lead-font-size\">Centr\u00e9e client<\/p>\n\n\n\n<div style=\"height:32px\" aria-hidden=\"true\" class=\"wp-block-spacer\"><\/div>\n\n\n\n<div class=\"wp-block-columns is-style-mobile-stack-sm is-style-align-stretch is-layout-flex wp-container-core-columns-is-layout-9d6595d7 wp-block-columns-is-layout-flex\">\n<div class=\"wp-block-column is-layout-flow wp-block-column-is-layout-flow\">\n<div class=\"wp-block-group has-theme-white-background-color has-background\"><div class=\"wp-block-group__inner-container is-layout-flow wp-block-group-is-layout-flow\">\n<div class=\"wp-block-cgb-icon-button undefined is-style-icon-md has-lochinvar-color is-style-offset-top is-style-icon-fill\"><div class=\"icon-button link-disabled\"><i class=\"fa fas\"><span class=\"sr-only\">Rouages<\/span>\uf085<\/i><\/div><\/div>\n\n\n\n<div style=\"height:16px\" aria-hidden=\"true\" class=\"wp-block-spacer\"><\/div>\n\n\n\n<p class=\"has-text-align-center\">Le responsable de la r\u00e9ussite client d\u00e9di\u00e9 de MadCap Software s&rsquo;assure que les clients re\u00e7oivent les outils et le soutien n\u00e9cessaires pour atteindre leurs objectifs.<\/p>\n<\/div><\/div>\n<\/div>\n\n\n\n<div class=\"wp-block-column is-layout-flow wp-block-column-is-layout-flow\">\n<div class=\"wp-block-group has-theme-white-background-color has-background\"><div class=\"wp-block-group__inner-container is-layout-flow wp-block-group-is-layout-flow\">\n<div class=\"wp-block-cgb-icon-button undefined is-style-icon-md has-lightning-yellow-color is-style-offset-top is-style-icon-fill\"><div class=\"icon-button link-disabled\"><i class=\"fa fas\"><span class=\"sr-only\">microphone<\/span>\uf130<\/i><\/div><\/div>\n\n\n\n<div style=\"height:16px\" aria-hidden=\"true\" class=\"wp-block-spacer\"><\/div>\n\n\n\n<p class=\"has-text-align-center\">Chaque ann\u00e9e, IXIA CCMS organise la conf\u00e9rence des utilisateurs de CCMS Link. C&rsquo;est une occasion unique de communiquer avec la communaut\u00e9 techcomm et de cr\u00e9er des liens avec d&rsquo;autres clients.<\/p>\n<\/div><\/div>\n<\/div>\n\n\n\n<div class=\"wp-block-column is-layout-flow wp-block-column-is-layout-flow\">\n<div class=\"wp-block-group has-theme-white-background-color has-background\"><div class=\"wp-block-group__inner-container is-layout-flow wp-block-group-is-layout-flow\">\n<div class=\"wp-block-cgb-icon-button undefined is-style-icon-md has-picton-blue-color is-style-offset-top is-style-icon-fill\"><div class=\"icon-button link-disabled\"><i class=\"fa fas\"><span class=\"sr-only\">Casque d&rsquo;\u00e9coute<\/span>\uf025<\/i><\/div><\/div>\n\n\n\n<div style=\"height:16px\" aria-hidden=\"true\" class=\"wp-block-spacer\"><\/div>\n\n\n\n<p class=\"has-text-align-center\"><br>MadCap Software organise une s\u00e9rie de webinaires p\u00e9riodiques appel\u00e9s IXIAtalks. MadCap Software invite des conf\u00e9renciers experts du domaine \u00e0 partager leurs connaissances avec nos clients.<\/p>\n<\/div><\/div>\n<\/div>\n<\/div>\n\n\n\n<p><\/p>\n<\/div><\/div>\n\n\n\n<div class=\"wp-block-group alignfull py-0 is-style-cta-group has-theme-white-color has-theme-primary-light-background-color has-text-color has-background\"><div class=\"wp-block-group__inner-container is-layout-flow wp-block-group-is-layout-flow\">\n<div class=\"wp-block-columns are-vertically-aligned-center is-style-mb-0 is-layout-flex wp-container-core-columns-is-layout-9d6595d7 wp-block-columns-is-layout-flex\">\n<div class=\"wp-block-column is-vertically-aligned-center is-layout-flow wp-block-column-is-layout-flow\" style=\"flex-basis:66.66%\">\n<p class=\"has-text-align-left mb-0\">D\u00e9couvrez notre solution professionnelle de gestion de contenu par composant&nbsp;: IXIA CCMS<\/p>\n<\/div>\n\n\n\n<div class=\"wp-block-column is-vertically-aligned-center is-layout-flow wp-block-column-is-layout-flow\" style=\"flex-basis:33.33%\">\n<div class=\"wp-block-buttons is-horizontal is-content-justification-right is-layout-flex wp-container-core-buttons-is-layout-ae2fe186 wp-block-buttons-is-layout-flex\">\n<div class=\"wp-block-button is-style-outline is-style-outline--1\"><a class=\"wp-block-button__link has-theme-white-color has-theme-primary-light-background-color has-text-color has-background wp-element-button\" href=\"https:\/\/www.ixiasoft.com\/fr\/produits-et-services\/presentation-de-dita-ccms\/\">IXIA CCMS<\/a><\/div>\n<\/div>\n<\/div>\n<\/div>\n<\/div><\/div>\n","protected":false},"excerpt":{"rendered":"<p>POSITIONNEMENT MadCap Software est un \u00e9diteur de logiciels professionnels, qui propose une solution de documentation technique DITA de bout en&#8230;<\/p>\n","protected":false},"author":26,"featured_media":0,"parent":53517,"menu_order":0,"comment_status":"closed","ping_status":"closed","template":"","meta":{"footnotes":""},"class_list":["post-51214","page","type-page","status-publish","hentry"],"mb":[],"featured_image_urls":{"full":"","thumbnail":"","medium":"","medium_large":"","large":"","1536x1536":"","2048x2048":"","ultp_layout_landscape_large":"","ultp_layout_landscape":"","ultp_layout_portrait":"","ultp_layout_square":""},"post_excerpt_stackable":"<p>Pourquoi IXIA CCMS? IXIA CCMS Market Position MadCap Software is a Leading Global Enterprise-Class CCMS Provider\u200b POSITIONNEMENT MadCap Software est un \u00e9diteur de logiciels professionnels, qui propose une solution de documentation technique DITA de bout en bout. Par la livraison de contenu Agile, nous am\u00e9liorons et transformons votre exp\u00e9rience client sur n\u2019importe quelle plateforme ou n\u2019importe quel appareil. Avec plus de 20 ans d&rsquo;exp\u00e9rience dans le domaine de la documentation technique, notre produit phare IXIA CCMS s&rsquo;appuie sur une \u00e9quipe d&rsquo;experts de renomm\u00e9e mondiale ainsi que sur nos\u00a0partenaires. Notre CCMS de premier plan assiste les entreprises du Fortune 500 dans\u2026<\/p>\n","category_list":"","author_info":{"name":"MadCap IT","url":"https:\/\/www.ixiasoft.com\/fr\/author\/madcap_it\/"},"comments_num":"0 commentaire","featured_image_urls_v2":{"full":"","thumbnail":"","medium":"","medium_large":"","large":"","1536x1536":"","2048x2048":"","ultp_layout_landscape_large":"","ultp_layout_landscape":"","ultp_layout_portrait":"","ultp_layout_square":""},"post_excerpt_stackable_v2":"<p>Pourquoi IXIA CCMS? IXIA CCMS Market Position MadCap Software is a Leading Global Enterprise-Class CCMS Provider\u200b POSITIONNEMENT MadCap Software est un \u00e9diteur de logiciels professionnels, qui propose une solution de documentation technique DITA de bout en bout. Par la livraison de contenu Agile, nous am\u00e9liorons et transformons votre exp\u00e9rience client sur n\u2019importe quelle plateforme ou n\u2019importe quel appareil. Avec plus de 20 ans d&rsquo;exp\u00e9rience dans le domaine de la documentation technique, notre produit phare IXIA CCMS s&rsquo;appuie sur une \u00e9quipe d&rsquo;experts de renomm\u00e9e mondiale ainsi que sur nos\u00a0partenaires. Notre CCMS de premier plan assiste les entreprises du Fortune 500 dans\u2026<\/p>\n","category_list_v2":"","author_info_v2":{"name":"MadCap IT","url":"https:\/\/www.ixiasoft.com\/fr\/author\/madcap_it\/"},"comments_num_v2":"0 commentaire","mfb_rest_fields":["title","featured_image_urls","post_excerpt_stackable","category_list","author_info","comments_num","featured_image_urls_v2","post_excerpt_stackable_v2","category_list_v2","author_info_v2","comments_num_v2"],"_links":{"self":[{"href":"https:\/\/www.ixiasoft.com\/fr\/wp-json\/wp\/v2\/pages\/51214","targetHints":{"allow":["GET"]}}],"collection":[{"href":"https:\/\/www.ixiasoft.com\/fr\/wp-json\/wp\/v2\/pages"}],"about":[{"href":"https:\/\/www.ixiasoft.com\/fr\/wp-json\/wp\/v2\/types\/page"}],"author":[{"embeddable":true,"href":"https:\/\/www.ixiasoft.com\/fr\/wp-json\/wp\/v2\/users\/26"}],"replies":[{"embeddable":true,"href":"https:\/\/www.ixiasoft.com\/fr\/wp-json\/wp\/v2\/comments?post=51214"}],"version-history":[{"count":32,"href":"https:\/\/www.ixiasoft.com\/fr\/wp-json\/wp\/v2\/pages\/51214\/revisions"}],"predecessor-version":[{"id":60779,"href":"https:\/\/www.ixiasoft.com\/fr\/wp-json\/wp\/v2\/pages\/51214\/revisions\/60779"}],"up":[{"embeddable":true,"href":"https:\/\/www.ixiasoft.com\/fr\/wp-json\/wp\/v2\/pages\/53517"}],"wp:attachment":[{"href":"https:\/\/www.ixiasoft.com\/fr\/wp-json\/wp\/v2\/media?parent=51214"}],"curies":[{"name":"wp","href":"https:\/\/api.w.org\/{rel}","templated":true}]}}