{"id":51232,"date":"2021-03-19T08:38:35","date_gmt":"2021-03-19T12:38:35","guid":{"rendered":"https:\/\/www.ixiasoft.com\/ixiasoft-ccms\/licence-utilisateur\/contributeur\/"},"modified":"2023-09-29T12:26:03","modified_gmt":"2023-09-29T16:26:03","slug":"contributeur","status":"publish","type":"page","link":"https:\/\/www.ixiasoft.com\/fr\/produits-et-services\/tarifs\/contributeur\/","title":{"rendered":"Contributeur"},"content":{"rendered":"\n<div class=\"wp-block-cover alignfull is-light is-style-hero-no-image\"><span aria-hidden=\"true\" class=\"wp-block-cover__background has-theme-white-background-color has-background-dim-100 has-background-dim\"><\/span><div class=\"wp-block-cover__inner-container is-layout-flow wp-block-cover-is-layout-flow\">\n<p class=\"has-text-align-center is-style-subheading has-theme-secondary-dark-color has-text-color\"><span class=\"is-style-all-caps\">LICENCE UTILISATEUR<\/span><\/p>\n\n\n\n<h1 class=\"wp-block-heading has-text-align-center is-style-heading-style-primary has-theme-dark-color has-text-color\">Contributeur<\/h1>\n\n\n\n<p class=\"has-text-align-center mb-0 has-theme-dark-color has-text-color has-medium-font-size\"><span class=\"is-style-font-weight-light\">D\u00e9couvrez la possibilit\u00e9 pour l&rsquo;expert m\u00e9tier de cr\u00e9er du contenu avec IXIA CCMS.<\/span><\/p>\n<\/div><\/div>\n\n\n\n<div class=\"wp-block-group alignfull is-style-p-0 has-purple-background-color has-background\"><div class=\"wp-block-group__inner-container is-layout-flow wp-block-group-is-layout-flow\"><div class=\"wp-block-image\">\n<figure class=\"aligncenter size-full is-resized\"><img loading=\"lazy\" decoding=\"async\" src=\"https:\/\/www.ixiasoft.com\/wp-content\/uploads\/2023\/09\/Contributor2.png\" alt=\"\" class=\"wp-image-60854\" width=\"258\" height=\"84\" srcset=\"https:\/\/www.ixiasoft.com\/wp-content\/uploads\/2023\/09\/Contributor2.png 1033w, https:\/\/www.ixiasoft.com\/wp-content\/uploads\/2023\/09\/Contributor2-300x97.png 300w, https:\/\/www.ixiasoft.com\/wp-content\/uploads\/2023\/09\/Contributor2-1024x331.png 1024w, https:\/\/www.ixiasoft.com\/wp-content\/uploads\/2023\/09\/Contributor2-768x248.png 768w\" sizes=\"auto, (max-width: 258px) 100vw, 258px\" \/><\/figure>\n<\/div><\/div><\/div>\n\n\n\n<div class=\"wp-block-group alignfull has-theme-white-background-color has-background\"><div class=\"wp-block-group__inner-container is-layout-flow wp-block-group-is-layout-flow\">\n<p class=\"has-text-align-center has-body-lead-font-size\">Outil de cr\u00e9ation intuitif pour faciliter la cr\u00e9ation et la r\u00e9vision de contenu \u2013 Collaboration \u00e0 \u00e9chelle de l&rsquo;entreprise \u2013 Align\u00e9 sur les meilleures pratiques de d\u00e9veloppement de contenu agile<\/p>\n\n\n\n<hr class=\"wp-block-separator has-text-color has-theme-medium-light-color has-css-opacity has-theme-medium-light-background-color has-background is-style-full-line\"\/>\n<\/div><\/div>\n\n\n\n<figure class=\"wp-block-gallery has-nested-images columns-1 is-cropped is-style-gallery-carousel-desktop wp-block-gallery-1 is-layout-flex wp-block-gallery-is-layout-flex\">\n<figure class=\"wp-block-image size-large\"><img loading=\"lazy\" decoding=\"async\" width=\"1024\" height=\"778\" data-id=\"4198\" src=\"https:\/\/www.ixiasoft.com\/wp-content\/uploads\/2019\/05\/Screenshot-ImagePicker-1024x778.png\" alt=\"\" class=\"wp-image-4198\" srcset=\"https:\/\/www.ixiasoft.com\/wp-content\/uploads\/2019\/05\/Screenshot-ImagePicker-1024x778.png 1024w, https:\/\/www.ixiasoft.com\/wp-content\/uploads\/2019\/05\/Screenshot-ImagePicker-300x228.png 300w, https:\/\/www.ixiasoft.com\/wp-content\/uploads\/2019\/05\/Screenshot-ImagePicker-768x583.png 768w, https:\/\/www.ixiasoft.com\/wp-content\/uploads\/2019\/05\/Screenshot-ImagePicker-1536x1167.png 1536w, https:\/\/www.ixiasoft.com\/wp-content\/uploads\/2019\/05\/Screenshot-ImagePicker-2048x1556.png 2048w\" sizes=\"auto, (max-width: 1024px) 100vw, 1024px\" \/><\/figure>\n\n\n\n<figure class=\"wp-block-image size-large\"><img loading=\"lazy\" decoding=\"async\" width=\"1024\" height=\"455\" data-id=\"49190\" src=\"https:\/\/www.ixiasoft.com\/wp-content\/uploads\/2020\/11\/Content-ViewTopic-1024x455.jpg\" alt=\"\" class=\"wp-image-49190\" srcset=\"https:\/\/www.ixiasoft.com\/wp-content\/uploads\/2020\/11\/Content-ViewTopic-1024x455.jpg 1024w, https:\/\/www.ixiasoft.com\/wp-content\/uploads\/2020\/11\/Content-ViewTopic-300x133.jpg 300w, https:\/\/www.ixiasoft.com\/wp-content\/uploads\/2020\/11\/Content-ViewTopic-768x342.jpg 768w, https:\/\/www.ixiasoft.com\/wp-content\/uploads\/2020\/11\/Content-ViewTopic-1536x683.jpg 1536w, https:\/\/www.ixiasoft.com\/wp-content\/uploads\/2020\/11\/Content-ViewTopic-2048x911.jpg 2048w\" sizes=\"auto, (max-width: 1024px) 100vw, 1024px\" \/><\/figure>\n\n\n\n<figure class=\"wp-block-image size-large\"><img loading=\"lazy\" decoding=\"async\" width=\"1024\" height=\"680\" data-id=\"4081\" src=\"https:\/\/www.ixiasoft.com\/wp-content\/uploads\/2019\/04\/05_NewTopic-Template-Select-1024x680.png\" alt=\"\" class=\"wp-image-4081\" srcset=\"https:\/\/www.ixiasoft.com\/wp-content\/uploads\/2019\/04\/05_NewTopic-Template-Select-1024x680.png 1024w, https:\/\/www.ixiasoft.com\/wp-content\/uploads\/2019\/04\/05_NewTopic-Template-Select-300x199.png 300w, https:\/\/www.ixiasoft.com\/wp-content\/uploads\/2019\/04\/05_NewTopic-Template-Select-768x510.png 768w, https:\/\/www.ixiasoft.com\/wp-content\/uploads\/2019\/04\/05_NewTopic-Template-Select-1536x1020.png 1536w, https:\/\/www.ixiasoft.com\/wp-content\/uploads\/2019\/04\/05_NewTopic-Template-Select-2048x1360.png 2048w\" sizes=\"auto, (max-width: 1024px) 100vw, 1024px\" \/><\/figure>\n\n\n\n<figure class=\"wp-block-image size-large\"><img loading=\"lazy\" decoding=\"async\" width=\"1024\" height=\"680\" data-id=\"4069\" src=\"https:\/\/www.ixiasoft.com\/wp-content\/uploads\/2019\/04\/01-TopicEdit_OpenPanel_TopicEditOpenPanel_TopicEditOpenPanel-1024x680.png\" alt=\"\" class=\"wp-image-4069\" srcset=\"https:\/\/www.ixiasoft.com\/wp-content\/uploads\/2019\/04\/01-TopicEdit_OpenPanel_TopicEditOpenPanel_TopicEditOpenPanel-1024x680.png 1024w, https:\/\/www.ixiasoft.com\/wp-content\/uploads\/2019\/04\/01-TopicEdit_OpenPanel_TopicEditOpenPanel_TopicEditOpenPanel-300x199.png 300w, https:\/\/www.ixiasoft.com\/wp-content\/uploads\/2019\/04\/01-TopicEdit_OpenPanel_TopicEditOpenPanel_TopicEditOpenPanel-768x510.png 768w, https:\/\/www.ixiasoft.com\/wp-content\/uploads\/2019\/04\/01-TopicEdit_OpenPanel_TopicEditOpenPanel_TopicEditOpenPanel-1536x1020.png 1536w, https:\/\/www.ixiasoft.com\/wp-content\/uploads\/2019\/04\/01-TopicEdit_OpenPanel_TopicEditOpenPanel_TopicEditOpenPanel-2048x1360.png 2048w\" sizes=\"auto, (max-width: 1024px) 100vw, 1024px\" \/><\/figure>\n<\/figure>\n\n\n\n<div class=\"wp-block-group alignfull has-theme-white-background-color has-background\"><div class=\"wp-block-group__inner-container is-layout-flow wp-block-group-is-layout-flow\">\n<div class=\"wp-block-columns are-vertically-aligned-top is-layout-flex wp-container-core-columns-is-layout-9d6595d7 wp-block-columns-is-layout-flex\">\n<div class=\"wp-block-column is-vertically-aligned-top is-layout-flow wp-block-column-is-layout-flow\" style=\"flex-basis:66.66%\">\n<p><strong>Un \u00e9diteur web intuitif et facile \u00e0 utiliser pour ceux qui ne connaissent pas DITA<\/strong><\/p>\n\n\n\n<p>Les experts m\u00e9tiers sont essentiels au processus de documentation De plus en plus, les contributeurs tels que les experts m\u00e9tiers, les ing\u00e9nieurs produits et logiciels, les experts en r\u00e9glementation, les sp\u00e9cialistes de l&rsquo;assurance et le personnel m\u00e9dical, deviennent les principaux auteurs du contenu technique. Ils poss\u00e8dent les connaissances n\u00e9cessaires pour produire une documentation pr\u00e9cise et de qualit\u00e9.&nbsp;<em>Mais ils ne connaissent pas n\u00e9cessairement&nbsp;DITA.<\/em><\/p>\n\n\n\n<p>Gr\u00e2ce \u00e0 l&rsquo;interface simple \u00e0 utiliser d&rsquo;IXIA CCMS, la courbe d&rsquo;apprentissage n&rsquo;est pas trop abrupte pour les contributeurs n&rsquo;ayant pas d&rsquo;exp\u00e9rience de DITA. Dot\u00e9 d&rsquo;une interface WYSIWYG conviviale et d&rsquo;un outil d&rsquo;\u00e9dition de type Word, l&rsquo;outil de cr\u00e9ation intuitif du CCMS ne n\u00e9cessite aucune formation suppl\u00e9mentaire. L&rsquo;aide en ligne est accessible directement depuis le syst\u00e8me, et fournit aux utilisateurs une aide \u00e0 la cr\u00e9ation de mod\u00e8les et de formulaires web.<\/p>\n\n\n\n<p><strong>Un syst\u00e8me centralis\u00e9 pour une \u00e9quipe dispers\u00e9e&nbsp;<\/strong><\/p>\n\n\n\n<p>IXIA CCMS permet de r\u00e9unir tous les membres de l&rsquo;\u00e9quipe. L&rsquo;outil offre un syst\u00e8me centralis\u00e9 aux \u00e9quipes s\u00e9par\u00e9es g\u00e9ographiquement et permet la collaboration des experts m\u00e9tier.<\/p>\n<\/div>\n\n\n\n<div class=\"wp-block-column is-vertically-aligned-top is-layout-flow wp-block-column-is-layout-flow\" style=\"flex-basis:33.33%\">\n<p class=\"is-style-mb-0 has-theme-secondary-color has-text-color\"><strong>PRINCIPALES FONCTIONNALIT\u00c9S&nbsp;:<\/strong><\/p>\n\n\n\n<ul class=\"wp-block-list\">\n<li>\u00c9diteur Web WYSIWYG<\/li>\n\n\n\n<li>Cr\u00e9er des rubriques et des cartes<\/li>\n\n\n\n<li>Ins\u00e9rer des images et des tables<\/li>\n\n\n\n<li>Collaborer avec d&rsquo;autres contributeurs<\/li>\n\n\n\n<li>Les administrateurs ont la possibilit\u00e9 de d\u00e9finir des mod\u00e8les\/formulaires et des r\u00e8gles de validation afin de simplifier et de guider l&rsquo;activit\u00e9 de mise \u00e0 jour<\/li>\n\n\n\n<li>Suivez les documents et commentaires du d\u00e9but \u00e0 la fin gr\u00e2ce \u00e0 la r\u00e9vision avec suivi des modifications, exactement comme dans Word<\/li>\n\n\n\n<li>100&nbsp;% compatible avec DITA<\/li>\n<\/ul>\n<\/div>\n<\/div>\n<\/div><\/div>\n\n\n\n<div class=\"wp-block-group alignfull is-style-default has-theme-medium-light-background-color has-background\"><div class=\"wp-block-group__inner-container is-layout-flow wp-block-group-is-layout-flow\">\n<h2 class=\"wp-block-heading has-text-align-center is-style-heading-style-1\">VOTRE ABONNEMENT VOUS PERMET D&rsquo;AJOUTER DES LICENCES UTILISATEUR DE TYPE CONTRIBUTEUR ET R\u00c9VISEUR.<\/h2>\n\n\n\n<div style=\"height:50px\" aria-hidden=\"true\" class=\"wp-block-spacer\"><\/div>\n\n\n\n<div class=\"wp-block-columns is-layout-flex wp-container-core-columns-is-layout-9d6595d7 wp-block-columns-is-layout-flex\">\n<div class=\"wp-block-column is-layout-flow wp-block-column-is-layout-flow\" style=\"flex-basis:25%\"><\/div>\n\n\n\n<div class=\"wp-block-column is-layout-flow wp-block-column-is-layout-flow\">\n<div class=\"wp-block-cgb-card undefined card wp-block-group is-style-p-0 has-theme-white-background-color has-background\">\n<div class=\"wp-block-cgb-card-body undefined card-body\"><div class=\"wp-block-image card-image is-style-offset-top\">\n<figure class=\"aligncenter size-large is-resized\"><img loading=\"lazy\" decoding=\"async\" src=\"https:\/\/www.ixiasoft.com\/wp-content\/uploads\/2020\/11\/Reviewer2-150x150.png\" alt=\"Reviewer illustration\" class=\"wp-image-5000\" width=\"150\" height=\"150\" srcset=\"https:\/\/www.ixiasoft.com\/wp-content\/uploads\/2020\/11\/Reviewer2-150x150.png 150w, https:\/\/www.ixiasoft.com\/wp-content\/uploads\/2020\/11\/Reviewer2.png 300w\" sizes=\"auto, (max-width: 150px) 100vw, 150px\" \/><\/figure>\n<\/div>\n\n\n<h3 class=\"wp-block-heading has-text-align-center card-title has-lightning-yellow-color has-text-color has-body-larger-font-size\"><strong>R\u00c9VISEUR<\/strong><\/h3>\n\n\n\n<p class=\"has-text-align-center card-text\">La r\u00e9vision du contenu est une \u00e9tape essentielle de la production d&rsquo;un contenu de qualit\u00e9. Dans IXIA CCMS, plusieurs r\u00e9viseurs peuvent commenter les m\u00eames rubriques simultan\u00e9ment. Enfin un outil qui vous permet de r\u00e9viser et d&rsquo;annoter le contenu comme s&rsquo;il s&rsquo;agissait du document final&nbsp;!<\/p>\n<\/div>\n\n\n\n\n<div class=\"wp-block-buttons card-footer is-layout-flex wp-block-buttons-is-layout-flex\">\n<div class=\"wp-block-button aligncenter\"><a class=\"wp-block-button__link has-theme-white-color has-lightning-yellow-background-color has-text-color has-background no-border-radius wp-element-button\" href=\"\/fr\/produits-et-services\/tarifs\/reviseur\/\">Licences d&rsquo;utilisateur de type R\u00e9viseur<\/a><\/div>\n<\/div>\n\n<\/div>\n<\/div>\n\n\n\n<div class=\"wp-block-column is-layout-flow wp-block-column-is-layout-flow\" style=\"flex-basis:25%\"><\/div>\n<\/div>\n<\/div><\/div>\n\n\n\n<div class=\"wp-block-group alignfull py-0 is-style-cta-group has-theme-white-color has-theme-primary-light-background-color has-text-color has-background\"><div class=\"wp-block-group__inner-container is-layout-flow wp-block-group-is-layout-flow\">\n<div class=\"wp-block-columns are-vertically-aligned-center is-style-mb-0 is-layout-flex wp-container-core-columns-is-layout-9d6595d7 wp-block-columns-is-layout-flex\">\n<div class=\"wp-block-column is-vertically-aligned-center is-layout-flow wp-block-column-is-layout-flow\" style=\"flex-basis:66.66%\">\n<p class=\"has-text-align-left mb-0\">Contactez-nous pour savoir quelle option r\u00e9pond le mieux \u00e0 vos besoins et \u00e0 ceux de votre \u00e9quipe de communication technique.<\/p>\n<\/div>\n\n\n\n<div class=\"wp-block-column is-vertically-aligned-center is-layout-flow wp-block-column-is-layout-flow\" style=\"flex-basis:33.33%\">\n<div class=\"wp-block-buttons is-horizontal is-content-justification-right is-layout-flex wp-container-core-buttons-is-layout-ae2fe186 wp-block-buttons-is-layout-flex\">\n<div class=\"wp-block-button is-style-outline is-style-outline--2\"><a class=\"wp-block-button__link has-theme-white-color has-theme-primary-light-background-color has-text-color has-background wp-element-button\" href=\"\/fr\/a-propos-de-nous\/contact\/\">Nous contacter<\/a><\/div>\n<\/div>\n<\/div>\n<\/div>\n<\/div><\/div>\n\n\n\n<div class=\"wp-block-buttons is-horizontal is-content-justification-center is-layout-flex wp-container-core-buttons-is-layout-499968f5 wp-block-buttons-is-layout-flex\">\n<div class=\"wp-block-button is-style-outline is-style-outline--3\"><a class=\"wp-block-button__link has-theme-white-color has-theme-secondary-background-color has-text-color has-background wp-element-button\" href=\"\/fr\/produits-et-services\/tarifs\/\">PRIX<\/a><\/div>\n<\/div>\n","protected":false},"excerpt":{"rendered":"<p>Outil de cr\u00e9ation intuitif pour faciliter la cr\u00e9ation et la r\u00e9vision de contenu \u2013 Collaboration \u00e0 \u00e9chelle de l&rsquo;entreprise \u2013&#8230;<\/p>\n","protected":false},"author":26,"featured_media":0,"parent":51153,"menu_order":0,"comment_status":"closed","ping_status":"closed","template":"","meta":{"footnotes":""},"class_list":["post-51232","page","type-page","status-publish","hentry"],"mb":[],"featured_image_urls":{"full":"","thumbnail":"","medium":"","medium_large":"","large":"","1536x1536":"","2048x2048":"","ultp_layout_landscape_large":"","ultp_layout_landscape":"","ultp_layout_portrait":"","ultp_layout_square":""},"post_excerpt_stackable":"<p>LICENCE UTILISATEUR Contributeur D\u00e9couvrez la possibilit\u00e9 pour l&rsquo;expert m\u00e9tier de cr\u00e9er du contenu avec IXIA CCMS. Outil de cr\u00e9ation intuitif pour faciliter la cr\u00e9ation et la r\u00e9vision de contenu \u2013 Collaboration \u00e0 \u00e9chelle de l&rsquo;entreprise \u2013 Align\u00e9 sur les meilleures pratiques de d\u00e9veloppement de contenu agile Un \u00e9diteur web intuitif et facile \u00e0 utiliser pour ceux qui ne connaissent pas DITA Les experts m\u00e9tiers sont essentiels au processus de documentation De plus en plus, les contributeurs tels que les experts m\u00e9tiers, les ing\u00e9nieurs produits et logiciels, les experts en r\u00e9glementation, les sp\u00e9cialistes de l&rsquo;assurance et le personnel m\u00e9dical, deviennent les\u2026<\/p>\n","category_list":"","author_info":{"name":"MadCap IT","url":"https:\/\/www.ixiasoft.com\/fr\/author\/madcap_it\/"},"comments_num":"0 commentaire","featured_image_urls_v2":{"full":"","thumbnail":"","medium":"","medium_large":"","large":"","1536x1536":"","2048x2048":"","ultp_layout_landscape_large":"","ultp_layout_landscape":"","ultp_layout_portrait":"","ultp_layout_square":""},"post_excerpt_stackable_v2":"<p>LICENCE UTILISATEUR Contributeur D\u00e9couvrez la possibilit\u00e9 pour l&rsquo;expert m\u00e9tier de cr\u00e9er du contenu avec IXIA CCMS. Outil de cr\u00e9ation intuitif pour faciliter la cr\u00e9ation et la r\u00e9vision de contenu \u2013 Collaboration \u00e0 \u00e9chelle de l&rsquo;entreprise \u2013 Align\u00e9 sur les meilleures pratiques de d\u00e9veloppement de contenu agile Un \u00e9diteur web intuitif et facile \u00e0 utiliser pour ceux qui ne connaissent pas DITA Les experts m\u00e9tiers sont essentiels au processus de documentation De plus en plus, les contributeurs tels que les experts m\u00e9tiers, les ing\u00e9nieurs produits et logiciels, les experts en r\u00e9glementation, les sp\u00e9cialistes de l&rsquo;assurance et le personnel m\u00e9dical, deviennent les\u2026<\/p>\n","category_list_v2":"","author_info_v2":{"name":"MadCap IT","url":"https:\/\/www.ixiasoft.com\/fr\/author\/madcap_it\/"},"comments_num_v2":"0 commentaire","mfb_rest_fields":["title","featured_image_urls","post_excerpt_stackable","category_list","author_info","comments_num","featured_image_urls_v2","post_excerpt_stackable_v2","category_list_v2","author_info_v2","comments_num_v2"],"_links":{"self":[{"href":"https:\/\/www.ixiasoft.com\/fr\/wp-json\/wp\/v2\/pages\/51232","targetHints":{"allow":["GET"]}}],"collection":[{"href":"https:\/\/www.ixiasoft.com\/fr\/wp-json\/wp\/v2\/pages"}],"about":[{"href":"https:\/\/www.ixiasoft.com\/fr\/wp-json\/wp\/v2\/types\/page"}],"author":[{"embeddable":true,"href":"https:\/\/www.ixiasoft.com\/fr\/wp-json\/wp\/v2\/users\/26"}],"replies":[{"embeddable":true,"href":"https:\/\/www.ixiasoft.com\/fr\/wp-json\/wp\/v2\/comments?post=51232"}],"version-history":[{"count":12,"href":"https:\/\/www.ixiasoft.com\/fr\/wp-json\/wp\/v2\/pages\/51232\/revisions"}],"predecessor-version":[{"id":60857,"href":"https:\/\/www.ixiasoft.com\/fr\/wp-json\/wp\/v2\/pages\/51232\/revisions\/60857"}],"up":[{"embeddable":true,"href":"https:\/\/www.ixiasoft.com\/fr\/wp-json\/wp\/v2\/pages\/51153"}],"wp:attachment":[{"href":"https:\/\/www.ixiasoft.com\/fr\/wp-json\/wp\/v2\/media?parent=51232"}],"curies":[{"name":"wp","href":"https:\/\/api.w.org\/{rel}","templated":true}]}}