{"id":51234,"date":"2021-03-19T08:38:58","date_gmt":"2021-03-19T12:38:58","guid":{"rendered":"https:\/\/www.ixiasoft.com\/ixiasoft-ccms\/licence-utilisateur\/reviseur\/"},"modified":"2023-09-29T12:27:49","modified_gmt":"2023-09-29T16:27:49","slug":"reviseur","status":"publish","type":"page","link":"https:\/\/www.ixiasoft.com\/fr\/produits-et-services\/tarifs\/reviseur\/","title":{"rendered":"R\u00e9viseur"},"content":{"rendered":"\n<div class=\"wp-block-cover alignfull is-light\"><span aria-hidden=\"true\" class=\"wp-block-cover__background has-theme-white-background-color has-background-dim-100 has-background-dim\"><\/span><div class=\"wp-block-cover__inner-container is-layout-flow wp-block-cover-is-layout-flow\">\n<p class=\"has-text-align-center is-style-subheading has-theme-secondary-dark-color has-text-color\"><span class=\"is-style-all-caps\">Licence utilisateur<\/span><\/p>\n\n\n\n<h1 class=\"wp-block-heading has-text-align-center is-style-heading-style-primary has-theme-dark-color has-text-color\">R\u00e9viseur<\/h1>\n\n\n\n<p class=\"has-text-align-center mb-0 has-theme-dark-color has-text-color has-medium-font-size\"><span class=\"is-style-font-weight-light\">Une bonne r\u00e9vision de contenu = un produit de qualit\u00e9<\/span><\/p>\n<\/div><\/div>\n\n\n\n<div class=\"wp-block-group alignfull is-style-p-0 has-lightning-yellow-background-color has-background\"><div class=\"wp-block-group__inner-container is-layout-flow wp-block-group-is-layout-flow\"><div class=\"wp-block-image\">\n<figure class=\"aligncenter size-full is-resized\"><img loading=\"lazy\" decoding=\"async\" src=\"https:\/\/www.ixiasoft.com\/wp-content\/uploads\/2023\/09\/Reviewer2.png\" alt=\"\" class=\"wp-image-60858\" width=\"258\" height=\"84\" srcset=\"https:\/\/www.ixiasoft.com\/wp-content\/uploads\/2023\/09\/Reviewer2.png 1033w, https:\/\/www.ixiasoft.com\/wp-content\/uploads\/2023\/09\/Reviewer2-300x97.png 300w, https:\/\/www.ixiasoft.com\/wp-content\/uploads\/2023\/09\/Reviewer2-1024x331.png 1024w, https:\/\/www.ixiasoft.com\/wp-content\/uploads\/2023\/09\/Reviewer2-768x248.png 768w\" sizes=\"auto, (max-width: 258px) 100vw, 258px\" \/><\/figure>\n<\/div><\/div><\/div>\n\n\n\n<div class=\"wp-block-group alignfull has-theme-white-background-color has-background\"><div class=\"wp-block-group__inner-container is-layout-flow wp-block-group-is-layout-flow\">\n<p class=\"has-text-align-center has-body-lead-font-size\">IU intuitive \u2013 Acc\u00e9l\u00e8re la r\u00e9vision du contenu \u2013 Int\u00e9gr\u00e9 au processus de documentation \u2013 Fournit un contenu de qualit\u00e9 \u2013 Accessible de n&rsquo;importe quel appareil<\/p>\n\n\n\n<hr class=\"wp-block-separator has-text-color has-theme-medium-light-color has-css-opacity has-theme-medium-light-background-color has-background is-style-full-line\"\/>\n<\/div><\/div>\n\n\n\n<figure class=\"wp-block-gallery has-nested-images columns-1 is-cropped is-style-gallery-carousel-desktop wp-block-gallery-1 is-layout-flex wp-block-gallery-is-layout-flex\">\n<figure class=\"wp-block-image size-large\"><img loading=\"lazy\" decoding=\"async\" width=\"1024\" height=\"778\" data-id=\"4198\" src=\"https:\/\/www.ixiasoft.com\/wp-content\/uploads\/2019\/05\/Screenshot-ImagePicker-1024x778.png\" alt=\"\" class=\"wp-image-4198\" srcset=\"https:\/\/www.ixiasoft.com\/wp-content\/uploads\/2019\/05\/Screenshot-ImagePicker-1024x778.png 1024w, https:\/\/www.ixiasoft.com\/wp-content\/uploads\/2019\/05\/Screenshot-ImagePicker-300x228.png 300w, https:\/\/www.ixiasoft.com\/wp-content\/uploads\/2019\/05\/Screenshot-ImagePicker-768x583.png 768w, https:\/\/www.ixiasoft.com\/wp-content\/uploads\/2019\/05\/Screenshot-ImagePicker-1536x1167.png 1536w, https:\/\/www.ixiasoft.com\/wp-content\/uploads\/2019\/05\/Screenshot-ImagePicker-2048x1556.png 2048w\" sizes=\"auto, (max-width: 1024px) 100vw, 1024px\" \/><\/figure>\n\n\n\n<figure class=\"wp-block-image size-large\"><img loading=\"lazy\" decoding=\"async\" width=\"1024\" height=\"455\" data-id=\"49190\" src=\"https:\/\/www.ixiasoft.com\/wp-content\/uploads\/2020\/11\/Content-ViewTopic-1024x455.jpg\" alt=\"\" class=\"wp-image-49190\" srcset=\"https:\/\/www.ixiasoft.com\/wp-content\/uploads\/2020\/11\/Content-ViewTopic-1024x455.jpg 1024w, https:\/\/www.ixiasoft.com\/wp-content\/uploads\/2020\/11\/Content-ViewTopic-300x133.jpg 300w, https:\/\/www.ixiasoft.com\/wp-content\/uploads\/2020\/11\/Content-ViewTopic-768x342.jpg 768w, https:\/\/www.ixiasoft.com\/wp-content\/uploads\/2020\/11\/Content-ViewTopic-1536x683.jpg 1536w, https:\/\/www.ixiasoft.com\/wp-content\/uploads\/2020\/11\/Content-ViewTopic-2048x911.jpg 2048w\" sizes=\"auto, (max-width: 1024px) 100vw, 1024px\" \/><\/figure>\n\n\n\n<figure class=\"wp-block-image size-large\"><img loading=\"lazy\" decoding=\"async\" width=\"1024\" height=\"680\" data-id=\"4081\" src=\"https:\/\/www.ixiasoft.com\/wp-content\/uploads\/2019\/04\/05_NewTopic-Template-Select-1024x680.png\" alt=\"\" class=\"wp-image-4081\" srcset=\"https:\/\/www.ixiasoft.com\/wp-content\/uploads\/2019\/04\/05_NewTopic-Template-Select-1024x680.png 1024w, https:\/\/www.ixiasoft.com\/wp-content\/uploads\/2019\/04\/05_NewTopic-Template-Select-300x199.png 300w, https:\/\/www.ixiasoft.com\/wp-content\/uploads\/2019\/04\/05_NewTopic-Template-Select-768x510.png 768w, https:\/\/www.ixiasoft.com\/wp-content\/uploads\/2019\/04\/05_NewTopic-Template-Select-1536x1020.png 1536w, https:\/\/www.ixiasoft.com\/wp-content\/uploads\/2019\/04\/05_NewTopic-Template-Select-2048x1360.png 2048w\" sizes=\"auto, (max-width: 1024px) 100vw, 1024px\" \/><\/figure>\n\n\n\n<figure class=\"wp-block-image size-large\"><img loading=\"lazy\" decoding=\"async\" width=\"1024\" height=\"680\" data-id=\"4069\" src=\"https:\/\/www.ixiasoft.com\/wp-content\/uploads\/2019\/04\/01-TopicEdit_OpenPanel_TopicEditOpenPanel_TopicEditOpenPanel-1024x680.png\" alt=\"\" class=\"wp-image-4069\" srcset=\"https:\/\/www.ixiasoft.com\/wp-content\/uploads\/2019\/04\/01-TopicEdit_OpenPanel_TopicEditOpenPanel_TopicEditOpenPanel-1024x680.png 1024w, https:\/\/www.ixiasoft.com\/wp-content\/uploads\/2019\/04\/01-TopicEdit_OpenPanel_TopicEditOpenPanel_TopicEditOpenPanel-300x199.png 300w, https:\/\/www.ixiasoft.com\/wp-content\/uploads\/2019\/04\/01-TopicEdit_OpenPanel_TopicEditOpenPanel_TopicEditOpenPanel-768x510.png 768w, https:\/\/www.ixiasoft.com\/wp-content\/uploads\/2019\/04\/01-TopicEdit_OpenPanel_TopicEditOpenPanel_TopicEditOpenPanel-1536x1020.png 1536w, https:\/\/www.ixiasoft.com\/wp-content\/uploads\/2019\/04\/01-TopicEdit_OpenPanel_TopicEditOpenPanel_TopicEditOpenPanel-2048x1360.png 2048w\" sizes=\"auto, (max-width: 1024px) 100vw, 1024px\" \/><\/figure>\n<\/figure>\n\n\n\n<div class=\"wp-block-group alignfull has-theme-white-background-color has-background\"><div class=\"wp-block-group__inner-container is-layout-flow wp-block-group-is-layout-flow\">\n<div class=\"wp-block-columns are-vertically-aligned-top is-layout-flex wp-container-core-columns-is-layout-9d6595d7 wp-block-columns-is-layout-flex\">\n<div class=\"wp-block-column is-vertically-aligned-top is-layout-flow wp-block-column-is-layout-flow\" style=\"flex-basis:66.66%\">\n<p>La r\u00e9vision du contenu est une t\u00e2che essentielle des \u00e9quipes de documentation. Avec un outil intuitif et facile \u00e0 utiliser tel que IXIA CCMS, vous avez l&rsquo;assurance d&rsquo;obtenir un contenu d&rsquo;une qualit\u00e9 irr\u00e9prochable.<\/p>\n\n\n\n<p>\u00c0 l&rsquo;instar des r\u00e9viseurs, plusieurs experts m\u00e9tiers peuvent effectuer des commentaires simultan\u00e9ment avec le contexte d&rsquo;une carte. Avec la fonctionnalit\u00e9 de r\u00e9vision collaborative, les utilisateurs ne modifient pas directement le contenu. Ils commentent ou \u00ab&nbsp;annotent&nbsp;\u00bb ce qui leur est pr\u00e9sent\u00e9. Les experts m\u00e9tier peuvent parcourir le contenu qu&rsquo;ils ont la charge de r\u00e9viser et commenter ce qui doit \u00eatre modifi\u00e9 ou ajout\u00e9. Les annotations sont affich\u00e9es en lien avec la rubrique correspondante dans nos outils de r\u00e9daction.<\/p>\n\n\n\n<p><em>* Les licences utilisateurs de type R\u00e9viseur sont disponibles sous forme de licence d&rsquo;utilisateur nomm\u00e9 ou flottantes.<\/em><\/p>\n<\/div>\n\n\n\n<div class=\"wp-block-column is-vertically-aligned-top is-layout-flow wp-block-column-is-layout-flow\" style=\"flex-basis:33.33%\">\n<p class=\"is-style-mb-0 has-theme-secondary-color has-text-color\"><strong>PRINCIPALES FONCTIONNALIT\u00c9S&nbsp;:<\/strong><\/p>\n\n\n\n<ul class=\"wp-block-list\">\n<li>Les utilisateurs annotent le contenu qui leur a \u00e9t\u00e9 assign\u00e9<\/li>\n\n\n\n<li>Outil d&rsquo;annotation bas\u00e9 sur le navigateur&nbsp;: utilisation facile et intuitive<\/li>\n\n\n\n<li>Plusieurs utilisateurs peuvent r\u00e9viser le m\u00eame contenu simultan\u00e9ment<\/li>\n\n\n\n<li>Les commentaires des autres r\u00e9viseurs s&rsquo;affichent dans le volet lat\u00e9ral<\/li>\n\n\n\n<li>Les utilisateurs peuvent r\u00e9pondre aux commentaires des autres utilisateurs<\/li>\n\n\n\n<li>Un processus configurable permettant de r\u00e9viser le contenu comme s&rsquo;il s&rsquo;agissait du document final<\/li>\n<\/ul>\n<\/div>\n<\/div>\n<\/div><\/div>\n\n\n\n<h2 class=\"wp-block-heading has-text-align-center is-style-heading-style-1\">LES UTILISATEURS DE TYPE R\u00c9VISEUR PEUVENT \u00caTRE AUTORIS\u00c9S \u00c0 METTRE \u00c0 JOUR OU APPROUVER DU CONTENU<\/h2>\n\n\n\n<div class=\"wp-block-columns is-layout-flex wp-container-core-columns-is-layout-9d6595d7 wp-block-columns-is-layout-flex\">\n<div class=\"wp-block-column is-layout-flow wp-block-column-is-layout-flow\">\n<div class=\"wp-block-group\"><div class=\"wp-block-group__inner-container is-layout-flow wp-block-group-is-layout-flow\">\n<div class=\"wp-block-cgb-icon-button alignleft undefined is-style-icon-md has-theme-secondary-color  is-style-icon-fill\"><div class=\"icon-button link-disabled\"><i class=\"fa fas\"><span class=\"sr-only\">R\u00e9viseur + Fonction de mise \u00e0 jour<\/span>\uf040<\/i><\/div><\/div>\n<\/div><\/div>\n\n\n\n<p class=\"mb-0 has-theme-secondary-color has-text-color\"><span class=\"is-style-all-caps\">R\u00e9viseur + fonction de mise \u00e0 jour<\/span><\/p>\n\n\n\n<ul class=\"wp-block-list\">\n<li>Les utilisateurs mettent \u00e0 jour le contenu dont on leur a confi\u00e9 la r\u00e9vision, avec un mode de suivi des modifications impos\u00e9<\/li>\n\n\n\n<li>La solution suit toutes les modifications<\/li>\n\n\n\n<li>Tous les commentaires sont stock\u00e9s dans le contenu source pour une tra\u00e7abilit\u00e9 totale<\/li>\n\n\n\n<li>Les auteurs ont la possibilit\u00e9 de voir les r\u00e9visions<\/li>\n\n\n\n<li>Rationnalise encore davantage le processus de r\u00e9vision en permettant une r\u00e9vision par rubrique<\/li>\n<\/ul>\n<\/div>\n\n\n\n<div class=\"wp-block-column is-layout-flow wp-block-column-is-layout-flow\">\n<div class=\"wp-block-group\"><div class=\"wp-block-group__inner-container is-layout-flow wp-block-group-is-layout-flow\">\n<div class=\"wp-block-cgb-icon-button alignleft undefined is-style-icon-md has-theme-secondary-color  is-style-icon-fill\"><div class=\"icon-button link-disabled\"><i class=\"fa fas\"><span class=\"sr-only\">R\u00e9viseur + Fonction d&rsquo;approbation<\/span>\uf086<\/i><\/div><\/div>\n<\/div><\/div>\n\n\n\n<p class=\"mb-0 has-theme-secondary-color has-text-color\">R\u00c9VISEUR + FONCTION D&rsquo;APPROBATION<\/p>\n\n\n\n<ul class=\"wp-block-list\">\n<li>Le contenu re\u00e7oit l&rsquo;approbation finale une fois toutes les r\u00e9visions termin\u00e9es<\/li>\n\n\n\n<li>Permet d&rsquo;avoir plusieurs approbateurs<\/li>\n\n\n\n<li>Possibilit\u00e9 de requ\u00e9rir une double authentification pour l&rsquo;approbation<\/li>\n\n\n\n<li>Processus d&rsquo;approbation configurable<\/li>\n\n\n\n<li>Permet aux organismes r\u00e9glement\u00e9s par la FDA de mettre en \u0153uvre des contr\u00f4les des enregistrements \u00e9lectroniques en conformit\u00e9 avec les exigences de la r\u00e9glementation 21 CFR Part 11 de la FDA<\/li>\n<\/ul>\n<\/div>\n<\/div>\n\n\n\n<div class=\"wp-block-group alignfull has-theme-light-background-color has-background\"><div class=\"wp-block-group__inner-container is-layout-flow wp-block-group-is-layout-flow\">\n<h2 class=\"wp-block-heading has-text-align-center is-style-heading-style-1\">VOTRE ABONNEMENT VOUS PERMET D&rsquo;AJOUTER DES LICENCES UTILISATEUR DE TYPE CONTRIBUTEUR ET R\u00c9VISEUR. PLUS D&rsquo;INFORMATIONS SUR LES FONCTIONNALIT\u00c9S ACCORD\u00c9ES AUX CONTRIBUTEURS<\/h2>\n\n\n\n<div style=\"height:50px\" aria-hidden=\"true\" class=\"wp-block-spacer\"><\/div>\n\n\n\n<div class=\"wp-block-columns is-layout-flex wp-container-core-columns-is-layout-9d6595d7 wp-block-columns-is-layout-flex\">\n<div class=\"wp-block-column is-layout-flow wp-block-column-is-layout-flow\" style=\"flex-basis:25%\"><\/div>\n\n\n\n<div class=\"wp-block-column is-layout-flow wp-block-column-is-layout-flow\">\n<div class=\"wp-block-cgb-card undefined card wp-block-group is-style-p-0 has-theme-white-background-color has-background\">\n<div class=\"wp-block-cgb-card-body undefined card-body\"><div class=\"wp-block-image card-image is-style-offset-top\">\n<figure class=\"aligncenter size-large is-resized\"><img loading=\"lazy\" decoding=\"async\" src=\"https:\/\/www.ixiasoft.com\/wp-content\/uploads\/2019\/03\/LiteUser-150x150.png\" alt=\"Contributor illustration\" class=\"wp-image-4025\" width=\"150\" height=\"150\" srcset=\"https:\/\/www.ixiasoft.com\/wp-content\/uploads\/2019\/03\/LiteUser-150x150.png 150w, https:\/\/www.ixiasoft.com\/wp-content\/uploads\/2019\/03\/LiteUser.png 300w\" sizes=\"auto, (max-width: 150px) 100vw, 150px\" \/><\/figure>\n<\/div>\n\n\n<h3 class=\"wp-block-heading has-text-align-center card-title has-purple-color has-text-color has-body-larger-font-size\"><strong>CONTRIBUTEUR<\/strong><\/h3>\n\n\n\n<p class=\"has-text-align-center card-text\">Participez-vous au processus de cr\u00e9ation ou de r\u00e9vision de la documentation technique\u00a0? IXIA CCMS fournit des outils faciles \u00e0 utiliser aux contributeurs, lesquels ne sont pas n\u00e9cessairement familiaris\u00e9s avec DITA, afin de les int\u00e9grer au processus de communication technique. D\u00e9couvrez nos licences d&rsquo;utilisateur pour en savoir plus sur le processus de cr\u00e9ation des experts m\u00e9tier dans notre CCMS.<\/p>\n<\/div>\n\n\n\n\n<div class=\"wp-block-buttons card-footer is-layout-flex wp-block-buttons-is-layout-flex\">\n<div class=\"wp-block-button aligncenter\"><a class=\"wp-block-button__link has-theme-white-color has-purple-background-color has-text-color has-background no-border-radius wp-element-button\" href=\"\/fr\/produits-et-services\/tarifs\/contributeur\/\">Licences d&rsquo;utilisateur de type Contributeur<\/a><\/div>\n<\/div>\n\n<\/div>\n<\/div>\n\n\n\n<div class=\"wp-block-column is-layout-flow wp-block-column-is-layout-flow\" style=\"flex-basis:25%\"><\/div>\n<\/div>\n<\/div><\/div>\n\n\n\n<div class=\"wp-block-group alignfull py-0 is-style-cta-group has-theme-white-color has-theme-primary-light-background-color has-text-color has-background\"><div class=\"wp-block-group__inner-container is-layout-flow wp-block-group-is-layout-flow\">\n<div class=\"wp-block-columns are-vertically-aligned-center is-style-mb-0 is-layout-flex wp-container-core-columns-is-layout-9d6595d7 wp-block-columns-is-layout-flex\">\n<div class=\"wp-block-column is-vertically-aligned-center is-layout-flow wp-block-column-is-layout-flow\" style=\"flex-basis:66.66%\">\n<p class=\"has-text-align-left mb-0\">Contactez-nous pour savoir quelle option r\u00e9pond le mieux \u00e0 vos besoins et \u00e0 ceux de votre \u00e9quipe de communication technique.<\/p>\n<\/div>\n\n\n\n<div class=\"wp-block-column is-vertically-aligned-center is-layout-flow wp-block-column-is-layout-flow\" style=\"flex-basis:33.33%\">\n<div class=\"wp-block-buttons is-horizontal is-content-justification-right is-layout-flex wp-container-core-buttons-is-layout-ae2fe186 wp-block-buttons-is-layout-flex\">\n<div class=\"wp-block-button is-style-outline is-style-outline--2\"><a class=\"wp-block-button__link has-theme-white-color has-theme-primary-light-background-color has-text-color has-background wp-element-button\" href=\"\/fr\/a-propos-de-nous\/contact\/\">Nous contacter<\/a><\/div>\n<\/div>\n<\/div>\n<\/div>\n<\/div><\/div>\n\n\n\n<div class=\"wp-block-buttons is-horizontal is-content-justification-center is-layout-flex wp-container-core-buttons-is-layout-499968f5 wp-block-buttons-is-layout-flex\">\n<div class=\"wp-block-button is-style-fill\"><a class=\"wp-block-button__link has-theme-white-color has-theme-secondary-background-color has-text-color has-background wp-element-button\" href=\"\/fr\/produits-et-services\/tarifs\/\">PRIX<\/a><\/div>\n<\/div>\n","protected":false},"excerpt":{"rendered":"<p>IU intuitive \u2013 Acc\u00e9l\u00e8re la r\u00e9vision du contenu \u2013 Int\u00e9gr\u00e9 au processus de documentation \u2013 Fournit un contenu de qualit\u00e9&#8230;<\/p>\n","protected":false},"author":26,"featured_media":0,"parent":51153,"menu_order":0,"comment_status":"closed","ping_status":"closed","template":"","meta":{"footnotes":""},"class_list":["post-51234","page","type-page","status-publish","hentry"],"mb":[],"featured_image_urls":{"full":"","thumbnail":"","medium":"","medium_large":"","large":"","1536x1536":"","2048x2048":"","ultp_layout_landscape_large":"","ultp_layout_landscape":"","ultp_layout_portrait":"","ultp_layout_square":""},"post_excerpt_stackable":"<p>Licence utilisateur R\u00e9viseur Une bonne r\u00e9vision de contenu = un produit de qualit\u00e9 IU intuitive \u2013 Acc\u00e9l\u00e8re la r\u00e9vision du contenu \u2013 Int\u00e9gr\u00e9 au processus de documentation \u2013 Fournit un contenu de qualit\u00e9 \u2013 Accessible de n&rsquo;importe quel appareil La r\u00e9vision du contenu est une t\u00e2che essentielle des \u00e9quipes de documentation. Avec un outil intuitif et facile \u00e0 utiliser tel que IXIA CCMS, vous avez l&rsquo;assurance d&rsquo;obtenir un contenu d&rsquo;une qualit\u00e9 irr\u00e9prochable. \u00c0 l&rsquo;instar des r\u00e9viseurs, plusieurs experts m\u00e9tiers peuvent effectuer des commentaires simultan\u00e9ment avec le contexte d&rsquo;une carte. Avec la fonctionnalit\u00e9 de r\u00e9vision collaborative, les utilisateurs ne modifient pas\u2026<\/p>\n","category_list":"","author_info":{"name":"MadCap IT","url":"https:\/\/www.ixiasoft.com\/fr\/author\/madcap_it\/"},"comments_num":"0 commentaire","featured_image_urls_v2":{"full":"","thumbnail":"","medium":"","medium_large":"","large":"","1536x1536":"","2048x2048":"","ultp_layout_landscape_large":"","ultp_layout_landscape":"","ultp_layout_portrait":"","ultp_layout_square":""},"post_excerpt_stackable_v2":"<p>Licence utilisateur R\u00e9viseur Une bonne r\u00e9vision de contenu = un produit de qualit\u00e9 IU intuitive \u2013 Acc\u00e9l\u00e8re la r\u00e9vision du contenu \u2013 Int\u00e9gr\u00e9 au processus de documentation \u2013 Fournit un contenu de qualit\u00e9 \u2013 Accessible de n&rsquo;importe quel appareil La r\u00e9vision du contenu est une t\u00e2che essentielle des \u00e9quipes de documentation. Avec un outil intuitif et facile \u00e0 utiliser tel que IXIA CCMS, vous avez l&rsquo;assurance d&rsquo;obtenir un contenu d&rsquo;une qualit\u00e9 irr\u00e9prochable. \u00c0 l&rsquo;instar des r\u00e9viseurs, plusieurs experts m\u00e9tiers peuvent effectuer des commentaires simultan\u00e9ment avec le contexte d&rsquo;une carte. Avec la fonctionnalit\u00e9 de r\u00e9vision collaborative, les utilisateurs ne modifient pas\u2026<\/p>\n","category_list_v2":"","author_info_v2":{"name":"MadCap IT","url":"https:\/\/www.ixiasoft.com\/fr\/author\/madcap_it\/"},"comments_num_v2":"0 commentaire","mfb_rest_fields":["title","featured_image_urls","post_excerpt_stackable","category_list","author_info","comments_num","featured_image_urls_v2","post_excerpt_stackable_v2","category_list_v2","author_info_v2","comments_num_v2"],"_links":{"self":[{"href":"https:\/\/www.ixiasoft.com\/fr\/wp-json\/wp\/v2\/pages\/51234","targetHints":{"allow":["GET"]}}],"collection":[{"href":"https:\/\/www.ixiasoft.com\/fr\/wp-json\/wp\/v2\/pages"}],"about":[{"href":"https:\/\/www.ixiasoft.com\/fr\/wp-json\/wp\/v2\/types\/page"}],"author":[{"embeddable":true,"href":"https:\/\/www.ixiasoft.com\/fr\/wp-json\/wp\/v2\/users\/26"}],"replies":[{"embeddable":true,"href":"https:\/\/www.ixiasoft.com\/fr\/wp-json\/wp\/v2\/comments?post=51234"}],"version-history":[{"count":7,"href":"https:\/\/www.ixiasoft.com\/fr\/wp-json\/wp\/v2\/pages\/51234\/revisions"}],"predecessor-version":[{"id":60862,"href":"https:\/\/www.ixiasoft.com\/fr\/wp-json\/wp\/v2\/pages\/51234\/revisions\/60862"}],"up":[{"embeddable":true,"href":"https:\/\/www.ixiasoft.com\/fr\/wp-json\/wp\/v2\/pages\/51153"}],"wp:attachment":[{"href":"https:\/\/www.ixiasoft.com\/fr\/wp-json\/wp\/v2\/media?parent=51234"}],"curies":[{"name":"wp","href":"https:\/\/api.w.org\/{rel}","templated":true}]}}