{"id":51237,"date":"2021-03-19T08:39:23","date_gmt":"2021-03-19T12:39:23","guid":{"rendered":"https:\/\/www.ixiasoft.com\/carrieres\/"},"modified":"2023-09-29T11:21:06","modified_gmt":"2023-09-29T15:21:06","slug":"carrieres","status":"publish","type":"page","link":"https:\/\/www.ixiasoft.com\/fr\/a-propos-de-nous\/carrieres\/","title":{"rendered":"Carri\u00e8res"},"content":{"rendered":"\n<div class=\"wp-block-cover alignfull is-light\"><span aria-hidden=\"true\" class=\"wp-block-cover__background has-background-dim-0 has-background-dim\"><\/span><img loading=\"lazy\" decoding=\"async\" width=\"2048\" height=\"640\" class=\"wp-block-cover__image-background wp-image-2701\" alt=\"\" src=\"https:\/\/www.ixiasoft.com\/wp-content\/uploads\/2017\/09\/rawpixel-323215-unsplash.jpg\" data-object-fit=\"cover\" srcset=\"https:\/\/www.ixiasoft.com\/wp-content\/uploads\/2017\/09\/rawpixel-323215-unsplash.jpg 2048w, https:\/\/www.ixiasoft.com\/wp-content\/uploads\/2017\/09\/rawpixel-323215-unsplash-300x94.jpg 300w, https:\/\/www.ixiasoft.com\/wp-content\/uploads\/2017\/09\/rawpixel-323215-unsplash-1024x320.jpg 1024w, https:\/\/www.ixiasoft.com\/wp-content\/uploads\/2017\/09\/rawpixel-323215-unsplash-768x240.jpg 768w, https:\/\/www.ixiasoft.com\/wp-content\/uploads\/2017\/09\/rawpixel-323215-unsplash-1536x480.jpg 1536w\" sizes=\"auto, (max-width: 2048px) 100vw, 2048px\" \/><div class=\"wp-block-cover__inner-container is-layout-flow wp-block-cover-is-layout-flow\">\n<p class=\"has-text-align-center is-style-subheading has-theme-secondary-dark-color has-text-color\"><span class=\"is-style-all-caps\">\u00c0 propos de nous<\/span><\/p>\n\n\n\n<h1 class=\"wp-block-heading has-text-align-center is-style-heading-style-primary has-theme-white-color has-text-color\">Carri\u00e8res<\/h1>\n\n\n\n<p class=\"has-text-align-center has-theme-white-color has-text-color has-medium-font-size\"><span class=\"is-style-font-weight-light\">Envie de travailler dans le domaine des communications techniques&nbsp;? D\u00e9couvrez nos opportunit\u00e9s de carri\u00e8re&nbsp;!<\/span><\/p>\n<\/div><\/div>\n\n\n\n<div class=\"wp-block-group alignfull has-theme-white-background-color has-background\"><div class=\"wp-block-group__inner-container is-layout-flow wp-block-group-is-layout-flow\">\n<p>Rejoindre MadCap Software, c\u2019est faire partie d\u2019une \u00e9quipe engag\u00e9e et innovante. Nos bureaux offrent un espace de travail stimulant et positif o\u00f9 la cr\u00e9ativit\u00e9 peut s&rsquo;\u00e9panouir. Entreprise en pleine croissance, MadCap Software offre de nombreuses possibilit\u00e9s de d\u00e9velopper votre carri\u00e8re.<\/p>\n\n\n\n<p>Int\u00e9ress\u00e9(e)&nbsp;?  Consultez nos postes vacants ci-dessous&nbsp;:<\/p>\n\n\n\n<div class=\"wp-block-columns is-style-card-deck is-layout-flex wp-container-core-columns-is-layout-9d6595d7 wp-block-columns-is-layout-flex\">\n<div class=\"wp-block-column is-layout-flow wp-block-column-is-layout-flow\">\n<figure class=\"wp-block-image size-large\"><img loading=\"lazy\" decoding=\"async\" width=\"1024\" height=\"643\" src=\"https:\/\/www.ixiasoft.com\/wp-content\/uploads\/2023\/09\/LifeofOrganization-1024x643.png\" alt=\"\" class=\"wp-image-60830\" srcset=\"https:\/\/www.ixiasoft.com\/wp-content\/uploads\/2023\/09\/LifeofOrganization-1024x643.png 1024w, https:\/\/www.ixiasoft.com\/wp-content\/uploads\/2023\/09\/LifeofOrganization-300x188.png 300w, https:\/\/www.ixiasoft.com\/wp-content\/uploads\/2023\/09\/LifeofOrganization-768x482.png 768w, https:\/\/www.ixiasoft.com\/wp-content\/uploads\/2023\/09\/LifeofOrganization-1536x964.png 1536w, https:\/\/www.ixiasoft.com\/wp-content\/uploads\/2023\/09\/LifeofOrganization-2048x1285.png 2048w\" sizes=\"auto, (max-width: 1024px) 100vw, 1024px\" \/><\/figure>\n<\/div>\n\n\n\n<div class=\"wp-block-column is-layout-flow wp-block-column-is-layout-flow\">\n<figure class=\"wp-block-image size-large\"><img loading=\"lazy\" decoding=\"async\" width=\"1024\" height=\"643\" src=\"https:\/\/www.ixiasoft.com\/wp-content\/uploads\/2023\/09\/JobPosts-1024x643.png\" alt=\"\" class=\"wp-image-60827\" srcset=\"https:\/\/www.ixiasoft.com\/wp-content\/uploads\/2023\/09\/JobPosts-1024x643.png 1024w, https:\/\/www.ixiasoft.com\/wp-content\/uploads\/2023\/09\/JobPosts-300x188.png 300w, https:\/\/www.ixiasoft.com\/wp-content\/uploads\/2023\/09\/JobPosts-768x482.png 768w, https:\/\/www.ixiasoft.com\/wp-content\/uploads\/2023\/09\/JobPosts-1536x964.png 1536w, https:\/\/www.ixiasoft.com\/wp-content\/uploads\/2023\/09\/JobPosts-2048x1285.png 2048w\" sizes=\"auto, (max-width: 1024px) 100vw, 1024px\" \/><\/figure>\n<\/div>\n<\/div>\n<\/div><\/div>\n\n\n\n<div class=\"wp-block-group alignfull has-theme-light-background-color has-background\"><div class=\"wp-block-group__inner-container is-layout-flow wp-block-group-is-layout-flow\">\n<h2 class=\"wp-block-heading has-text-align-center is-style-heading-style-1\">POURQUOI CHOISIR Madcap Software&nbsp;?<\/h2>\n\n\n\n<div class=\"wp-block-columns is-style-card-deck is-style-default is-layout-flex wp-container-core-columns-is-layout-9d6595d7 wp-block-columns-is-layout-flex\">\n<div class=\"wp-block-column is-layout-flow wp-block-column-is-layout-flow\">\n<p class=\"is-style-mb-0 has-body-larger-font-size\"><strong>Les avantages<\/strong><\/p>\n\n\n\n<p>Situ\u00e9 dans l&rsquo;un des quartiers les plus verts de Montr\u00e9al, notre si\u00e8ge dispose d\u2019un mur d\u2019escalade, d\u2019une terrasse sur le toit et d\u2019une excellente machine \u00e0 caf\u00e9. Rejoignez MadCap Software, et profitez des nombreux avantages qu&rsquo;il y a \u00e0 travailler au sein d&rsquo;une petite \u00e9quipe tr\u00e8s soud\u00e9e.<\/p>\n<\/div>\n\n\n\n<div class=\"wp-block-column is-layout-flow wp-block-column-is-layout-flow\">\n<p class=\"is-style-mb-0 has-body-larger-font-size\"><strong>Nous avons l&rsquo;esprit d&rsquo;\u00e9quipe<\/strong><\/p>\n\n\n\n<p>Nous f\u00eatons les anniversaires, nous organisons des ap\u00e9ritifs et nous jouons au football tous les mercredis dans un parc. Nous sommes convaincus de l\u2019importance d\u2019un \u00e9quilibre entre travail et jeu. Trouvez la carri\u00e8re dont vous r\u00eaviez chez MadCap Software.<\/p>\n<\/div>\n\n\n\n<div class=\"wp-block-column is-layout-flow wp-block-column-is-layout-flow\">\n<p class=\"is-style-mb-0 has-body-larger-font-size\"><strong>Un environnement de travail souple<\/strong><\/p>\n\n\n\n<p>Avec une disposition ouverte et beaucoup de lumi\u00e8re naturelle, notre espace de travail est pens\u00e9 pour permettre \u00e0 l&rsquo;ing\u00e9niosit\u00e9 de s&rsquo;\u00e9panouir. Les horaires de travail sont flexibles et le port de chaussures facultatif (certains de nos meilleurs travaux ont \u00e9t\u00e9 r\u00e9alis\u00e9s en chaussettes).<\/p>\n<\/div>\n<\/div>\n\n\n\n<figure class=\"wp-block-gallery has-nested-images columns-default is-cropped columns-3 is-style-gallery-carousel wp-block-gallery-1 is-layout-flex wp-block-gallery-is-layout-flex\">\n<figure class=\"wp-block-image size-large\"><img loading=\"lazy\" decoding=\"async\" width=\"1024\" height=\"768\" data-id=\"3776\" src=\"https:\/\/www.ixiasoft.com\/wp-content\/uploads\/2018\/12\/zipline-1024x768.jpg\" alt=\"\" class=\"wp-image-3776\" srcset=\"https:\/\/www.ixiasoft.com\/wp-content\/uploads\/2018\/12\/zipline-1024x768.jpg 1024w, https:\/\/www.ixiasoft.com\/wp-content\/uploads\/2018\/12\/zipline-300x225.jpg 300w, https:\/\/www.ixiasoft.com\/wp-content\/uploads\/2018\/12\/zipline-768x576.jpg 768w, https:\/\/www.ixiasoft.com\/wp-content\/uploads\/2018\/12\/zipline.jpg 1367w\" sizes=\"auto, (max-width: 1024px) 100vw, 1024px\" \/><\/figure>\n\n\n\n<figure class=\"wp-block-image size-large\"><img loading=\"lazy\" decoding=\"async\" width=\"1024\" height=\"768\" data-id=\"3200\" src=\"https:\/\/www.ixiasoft.com\/wp-content\/uploads\/2018\/06\/photo_2018-02-26__9_09_06_am-1024x768.jpg\" alt=\"\" class=\"wp-image-3200\" srcset=\"https:\/\/www.ixiasoft.com\/wp-content\/uploads\/2018\/06\/photo_2018-02-26__9_09_06_am-1024x768.jpg 1024w, https:\/\/www.ixiasoft.com\/wp-content\/uploads\/2018\/06\/photo_2018-02-26__9_09_06_am-300x225.jpg 300w, https:\/\/www.ixiasoft.com\/wp-content\/uploads\/2018\/06\/photo_2018-02-26__9_09_06_am-768x576.jpg 768w, https:\/\/www.ixiasoft.com\/wp-content\/uploads\/2018\/06\/photo_2018-02-26__9_09_06_am.jpg 1367w\" sizes=\"auto, (max-width: 1024px) 100vw, 1024px\" \/><\/figure>\n\n\n\n<figure class=\"wp-block-image size-large\"><img loading=\"lazy\" decoding=\"async\" width=\"1024\" height=\"767\" data-id=\"3197\" src=\"https:\/\/www.ixiasoft.com\/wp-content\/uploads\/2018\/06\/Photo-2018-02-21-7-12-12-PM-1024x767.jpg\" alt=\"\" class=\"wp-image-3197\" srcset=\"https:\/\/www.ixiasoft.com\/wp-content\/uploads\/2018\/06\/Photo-2018-02-21-7-12-12-PM-1024x767.jpg 1024w, https:\/\/www.ixiasoft.com\/wp-content\/uploads\/2018\/06\/Photo-2018-02-21-7-12-12-PM-300x225.jpg 300w, https:\/\/www.ixiasoft.com\/wp-content\/uploads\/2018\/06\/Photo-2018-02-21-7-12-12-PM-768x575.jpg 768w, https:\/\/www.ixiasoft.com\/wp-content\/uploads\/2018\/06\/Photo-2018-02-21-7-12-12-PM.jpg 1368w\" sizes=\"auto, (max-width: 1024px) 100vw, 1024px\" \/><\/figure>\n\n\n\n<figure class=\"wp-block-image size-large\"><img loading=\"lazy\" decoding=\"async\" width=\"1024\" height=\"682\" data-id=\"3182\" src=\"https:\/\/www.ixiasoft.com\/wp-content\/uploads\/2018\/06\/img_2048-1024x682.jpg\" alt=\"\" class=\"wp-image-3182\" srcset=\"https:\/\/www.ixiasoft.com\/wp-content\/uploads\/2018\/06\/img_2048-1024x682.jpg 1024w, https:\/\/www.ixiasoft.com\/wp-content\/uploads\/2018\/06\/img_2048-300x200.jpg 300w, https:\/\/www.ixiasoft.com\/wp-content\/uploads\/2018\/06\/img_2048-768x512.jpg 768w, https:\/\/www.ixiasoft.com\/wp-content\/uploads\/2018\/06\/img_2048-1536x1024.jpg 1536w, https:\/\/www.ixiasoft.com\/wp-content\/uploads\/2018\/06\/img_2048.jpg 1538w\" sizes=\"auto, (max-width: 1024px) 100vw, 1024px\" \/><\/figure>\n\n\n\n<figure class=\"wp-block-image size-large\"><img loading=\"lazy\" decoding=\"async\" width=\"1024\" height=\"768\" data-id=\"3179\" src=\"https:\/\/www.ixiasoft.com\/wp-content\/uploads\/2018\/06\/image_uploaded_from_ios4-1024x768.jpg\" alt=\"\" class=\"wp-image-3179\" srcset=\"https:\/\/www.ixiasoft.com\/wp-content\/uploads\/2018\/06\/image_uploaded_from_ios4-1024x768.jpg 1024w, https:\/\/www.ixiasoft.com\/wp-content\/uploads\/2018\/06\/image_uploaded_from_ios4-300x225.jpg 300w, https:\/\/www.ixiasoft.com\/wp-content\/uploads\/2018\/06\/image_uploaded_from_ios4-768x576.jpg 768w, https:\/\/www.ixiasoft.com\/wp-content\/uploads\/2018\/06\/image_uploaded_from_ios4.jpg 1367w\" sizes=\"auto, (max-width: 1024px) 100vw, 1024px\" \/><\/figure>\n\n\n\n<figure class=\"wp-block-image size-large\"><img loading=\"lazy\" decoding=\"async\" width=\"1024\" height=\"768\" data-id=\"3176\" src=\"https:\/\/www.ixiasoft.com\/wp-content\/uploads\/2018\/06\/image_uploaded_from_ios3-1024x768.jpg\" alt=\"\" class=\"wp-image-3176\" srcset=\"https:\/\/www.ixiasoft.com\/wp-content\/uploads\/2018\/06\/image_uploaded_from_ios3-1024x768.jpg 1024w, https:\/\/www.ixiasoft.com\/wp-content\/uploads\/2018\/06\/image_uploaded_from_ios3-300x225.jpg 300w, https:\/\/www.ixiasoft.com\/wp-content\/uploads\/2018\/06\/image_uploaded_from_ios3-768x576.jpg 768w, https:\/\/www.ixiasoft.com\/wp-content\/uploads\/2018\/06\/image_uploaded_from_ios3.jpg 1367w\" sizes=\"auto, (max-width: 1024px) 100vw, 1024px\" \/><\/figure>\n\n\n\n<figure class=\"wp-block-image size-large\"><img loading=\"lazy\" decoding=\"async\" width=\"492\" height=\"1024\" data-id=\"3173\" src=\"https:\/\/www.ixiasoft.com\/wp-content\/uploads\/2018\/06\/image_uploaded_from_ios2-492x1024.jpg\" alt=\"\" class=\"wp-image-3173\" srcset=\"https:\/\/www.ixiasoft.com\/wp-content\/uploads\/2018\/06\/image_uploaded_from_ios2-492x1024.jpg 492w, https:\/\/www.ixiasoft.com\/wp-content\/uploads\/2018\/06\/image_uploaded_from_ios2-144x300.jpg 144w, https:\/\/www.ixiasoft.com\/wp-content\/uploads\/2018\/06\/image_uploaded_from_ios2.jpg 576w\" sizes=\"auto, (max-width: 492px) 100vw, 492px\" \/><\/figure>\n\n\n\n<figure class=\"wp-block-image size-large\"><img loading=\"lazy\" decoding=\"async\" width=\"1024\" height=\"576\" data-id=\"3170\" src=\"https:\/\/www.ixiasoft.com\/wp-content\/uploads\/2018\/06\/image_uploaded_from_ios-1024x576.jpg\" alt=\"\" class=\"wp-image-3170\" srcset=\"https:\/\/www.ixiasoft.com\/wp-content\/uploads\/2018\/06\/image_uploaded_from_ios-1024x576.jpg 1024w, https:\/\/www.ixiasoft.com\/wp-content\/uploads\/2018\/06\/image_uploaded_from_ios-300x169.jpg 300w, https:\/\/www.ixiasoft.com\/wp-content\/uploads\/2018\/06\/image_uploaded_from_ios-768x432.jpg 768w, https:\/\/www.ixiasoft.com\/wp-content\/uploads\/2018\/06\/image_uploaded_from_ios-1536x864.jpg 1536w, https:\/\/www.ixiasoft.com\/wp-content\/uploads\/2018\/06\/image_uploaded_from_ios.jpg 1822w\" sizes=\"auto, (max-width: 1024px) 100vw, 1024px\" \/><\/figure>\n\n\n\n<figure class=\"wp-block-image size-large\"><img loading=\"lazy\" decoding=\"async\" width=\"1024\" height=\"683\" data-id=\"2543\" src=\"https:\/\/www.ixiasoft.com\/wp-content\/uploads\/2017\/09\/FullSizeRender-1024x683.jpg\" alt=\"\" class=\"wp-image-2543\" srcset=\"https:\/\/www.ixiasoft.com\/wp-content\/uploads\/2017\/09\/FullSizeRender-1024x683.jpg 1024w, https:\/\/www.ixiasoft.com\/wp-content\/uploads\/2017\/09\/FullSizeRender-300x200.jpg 300w, https:\/\/www.ixiasoft.com\/wp-content\/uploads\/2017\/09\/FullSizeRender-768x512.jpg 768w, https:\/\/www.ixiasoft.com\/wp-content\/uploads\/2017\/09\/FullSizeRender-1536x1024.jpg 1536w, https:\/\/www.ixiasoft.com\/wp-content\/uploads\/2017\/09\/FullSizeRender.jpg 1620w\" sizes=\"auto, (max-width: 1024px) 100vw, 1024px\" \/><\/figure>\n<\/figure>\n<\/div><\/div>\n","protected":false},"excerpt":{"rendered":"<p>Rejoindre MadCap Software, c\u2019est faire partie d\u2019une \u00e9quipe engag\u00e9e et innovante. Nos bureaux offrent un espace de travail stimulant et&#8230;<\/p>\n","protected":false},"author":26,"featured_media":0,"parent":53302,"menu_order":0,"comment_status":"closed","ping_status":"closed","template":"","meta":{"footnotes":""},"class_list":["post-51237","page","type-page","status-publish","hentry"],"mb":[],"featured_image_urls":{"full":"","thumbnail":"","medium":"","medium_large":"","large":"","1536x1536":"","2048x2048":"","ultp_layout_landscape_large":"","ultp_layout_landscape":"","ultp_layout_portrait":"","ultp_layout_square":""},"post_excerpt_stackable":"<p>\u00c0 propos de nous Carri\u00e8res Envie de travailler dans le domaine des communications techniques&nbsp;? D\u00e9couvrez nos opportunit\u00e9s de carri\u00e8re&nbsp;! Rejoindre MadCap Software, c\u2019est faire partie d\u2019une \u00e9quipe engag\u00e9e et innovante. Nos bureaux offrent un espace de travail stimulant et positif o\u00f9 la cr\u00e9ativit\u00e9 peut s&rsquo;\u00e9panouir. Entreprise en pleine croissance, MadCap Software offre de nombreuses possibilit\u00e9s de d\u00e9velopper votre carri\u00e8re. Int\u00e9ress\u00e9(e)&nbsp;? Consultez nos postes vacants ci-dessous&nbsp;: POURQUOI CHOISIR Madcap Software&nbsp;? Les avantages Situ\u00e9 dans l&rsquo;un des quartiers les plus verts de Montr\u00e9al, notre si\u00e8ge dispose d\u2019un mur d\u2019escalade, d\u2019une terrasse sur le toit et d\u2019une excellente machine \u00e0 caf\u00e9. Rejoignez MadCap\u2026<\/p>\n","category_list":"","author_info":{"name":"MadCap IT","url":"https:\/\/www.ixiasoft.com\/fr\/author\/madcap_it\/"},"comments_num":"0 commentaire","featured_image_urls_v2":{"full":"","thumbnail":"","medium":"","medium_large":"","large":"","1536x1536":"","2048x2048":"","ultp_layout_landscape_large":"","ultp_layout_landscape":"","ultp_layout_portrait":"","ultp_layout_square":""},"post_excerpt_stackable_v2":"<p>\u00c0 propos de nous Carri\u00e8res Envie de travailler dans le domaine des communications techniques&nbsp;? D\u00e9couvrez nos opportunit\u00e9s de carri\u00e8re&nbsp;! Rejoindre MadCap Software, c\u2019est faire partie d\u2019une \u00e9quipe engag\u00e9e et innovante. Nos bureaux offrent un espace de travail stimulant et positif o\u00f9 la cr\u00e9ativit\u00e9 peut s&rsquo;\u00e9panouir. Entreprise en pleine croissance, MadCap Software offre de nombreuses possibilit\u00e9s de d\u00e9velopper votre carri\u00e8re. Int\u00e9ress\u00e9(e)&nbsp;? Consultez nos postes vacants ci-dessous&nbsp;: POURQUOI CHOISIR Madcap Software&nbsp;? Les avantages Situ\u00e9 dans l&rsquo;un des quartiers les plus verts de Montr\u00e9al, notre si\u00e8ge dispose d\u2019un mur d\u2019escalade, d\u2019une terrasse sur le toit et d\u2019une excellente machine \u00e0 caf\u00e9. Rejoignez MadCap\u2026<\/p>\n","category_list_v2":"","author_info_v2":{"name":"MadCap IT","url":"https:\/\/www.ixiasoft.com\/fr\/author\/madcap_it\/"},"comments_num_v2":"0 commentaire","mfb_rest_fields":["title","featured_image_urls","post_excerpt_stackable","category_list","author_info","comments_num","featured_image_urls_v2","post_excerpt_stackable_v2","category_list_v2","author_info_v2","comments_num_v2"],"_links":{"self":[{"href":"https:\/\/www.ixiasoft.com\/fr\/wp-json\/wp\/v2\/pages\/51237","targetHints":{"allow":["GET"]}}],"collection":[{"href":"https:\/\/www.ixiasoft.com\/fr\/wp-json\/wp\/v2\/pages"}],"about":[{"href":"https:\/\/www.ixiasoft.com\/fr\/wp-json\/wp\/v2\/types\/page"}],"author":[{"embeddable":true,"href":"https:\/\/www.ixiasoft.com\/fr\/wp-json\/wp\/v2\/users\/26"}],"replies":[{"embeddable":true,"href":"https:\/\/www.ixiasoft.com\/fr\/wp-json\/wp\/v2\/comments?post=51237"}],"version-history":[{"count":22,"href":"https:\/\/www.ixiasoft.com\/fr\/wp-json\/wp\/v2\/pages\/51237\/revisions"}],"predecessor-version":[{"id":60835,"href":"https:\/\/www.ixiasoft.com\/fr\/wp-json\/wp\/v2\/pages\/51237\/revisions\/60835"}],"up":[{"embeddable":true,"href":"https:\/\/www.ixiasoft.com\/fr\/wp-json\/wp\/v2\/pages\/53302"}],"wp:attachment":[{"href":"https:\/\/www.ixiasoft.com\/fr\/wp-json\/wp\/v2\/media?parent=51237"}],"curies":[{"name":"wp","href":"https:\/\/api.w.org\/{rel}","templated":true}]}}